{"id":4958,"date":"2015-10-16T14:37:55","date_gmt":"2015-10-16T14:37:55","guid":{"rendered":"http:\/\/www.kunnskap.de\/?page_id=4958"},"modified":"2022-11-23T10:06:08","modified_gmt":"2022-11-23T09:06:08","slug":"nachteile-einer-starken-wahrung","status":"publish","type":"page","link":"https:\/\/prudentwater.com\/en\/nachteile-einer-starken-wahrung\/","title":{"rendered":"Nachteile einer starken W\u00e4hrung"},"content":{"rendered":"<p>Obwohl mit einer Aufwertung der heimischen W\u00e4hrung meistens auch eine wirtschaftliche und \/ oder politische Stabilit\u00e4t einhergeht und dies zun\u00e4chst als positiv angesehen wird, kann eine W\u00e4hrungsaufwertung auch folgende Nachteile f\u00fcr Land, Unternehmen und B\u00fcrger mit sich bringen:<\/p>\n<h3>R\u00fcckgang der Exporteinnahmen<\/h3>\n<p>Der gr\u00f6\u00dfte Nachteil einer aufwertenden W\u00e4hrung ist die dadurch resultierende abnehmende Wettbewerbsf\u00e4higkeit auf den internationalen Weltm\u00e4rkten. Eine starke und aufwertende W\u00e4hrung f\u00fchrt dazu, dass weniger an Waren und Dienstleistungen in andere L\u00e4nder exportiert wird. Durch eine aufwertende W\u00e4hrung werden n\u00e4mlich die exportierten G\u00fcter f\u00fcr die K\u00e4ufer im Ausland teurer und somit unattraktiver. Folglich kann sich die Ausfuhr von Waren und Dienstleistungen eines Landes mit einer starken W\u00e4hrung verringern, da schlicht die Nachfrage r\u00fcckl\u00e4ufig ist.<br \/>\n<div class=\"perfect-pullquote vcard pullquote-align-full pullquote-border-placement-left\" style=\"border-color:#abb8c3 !important;font-size:21px !important;\"><blockquote><p style=\"font-size:21px !important;\">Eine starke W\u00e4hrung wirkt sich negativ auf die Einnahmen von Konzernen mit internationalem Gesch\u00e4ften aus, da dies den Wert ihrer Auslandseinnahmen verringert und ihre Produkte gegen\u00fcber den lokalen Konkurrenten weniger wettbewerbsf\u00e4hig macht.<\/p><\/blockquote><\/div>Exporte werden nun f\u00fcr die K\u00e4ufer im Ausland teurer, da ihre eigene W\u00e4hrung gegen\u00fcber der starken W\u00e4hrung des Exporteurs abwertet. Diese W\u00e4hrungsabwertung der eigenen W\u00e4hrung m\u00fcsste nun von den Abnehmern im Ausland durch einen h\u00f6heren Geldbetrag in heimischer W\u00e4hrung ausgeglichen werden, um weiterhin die Waren und Dienstleistungen zu kaufen. Durch den internationalen Wettbewerb auf den Weltm\u00e4rkten k\u00f6nnen die K\u00e4ufer jetzt jedoch ihre Importe von einem anderen Land oder aber aus dem Inland zu besseren Konditionen her beziehen. Ebenso aber auch k\u00f6nnte das Land mit der aufwertenden W\u00e4hrung (Exporteur) die Preise senken, dann bleibt die Nachfrage zwar gleich, allerdings leidet darunter dann die Gewinnmarge.<\/p>\n<h3>Verluste bei Geldanlagen in Fremdw\u00e4hrungen<\/h3>\n<p>Anleger und Investoren, die in eine Geldanlage investiert haben, die auf eine Fremdw\u00e4hrung lautet (bspw. in eine Fremdw\u00e4hrungsanleihe), erleiden durch die Aufwertung der heimischen W\u00e4hrung einen W\u00e4hrungsverlust. Der Nominalwert ihrer Geldanlage hat nach R\u00fcckabwicklung in die heimische W\u00e4hrung durch die zwischenzeitliche Aufwertung der heimischen W\u00e4hrung einen geringeren Wert. Dies gilt sowohl f\u00fcr Anleihen, Aktien aber auch alle anderen Wertpapiere, die urspr\u00fcnglich in einer aus der Sicht des Anlegers Fremdw\u00e4hrung notieren. Gleiches gilt f\u00fcr die Geldanlage in Gold, da dieses Edelmetall weltweit in US-Dollar gehandelt wird. Kauft ein Anleger au\u00dferhalb des USD-Raumes Gold, so ist die Wertentwicklung seiner Geldanlage vom Goldpreis als auch von der Entwicklung seiner heimischen W\u00e4hrung gegen\u00fcber des US-Dollars abh\u00e4ngig. Wertet seine heimische W\u00e4hrung gegen\u00fcber dem US-Dollar w\u00e4hrend der Zeit der Anlage in Gold auf, so beeinflusst dies negativ die Wertentwicklung seiner Goldanlage, wertet sie jedoch gegen\u00fcber dem USD ab, so beeinflusst dies positiv seine Geldanlage in Gold.<\/p>\n<h3>Das Deflationsrisiko steigt<\/h3>\n<p>Eine starke W\u00e4hrung kann deflation\u00e4re Tendenzen ausl\u00f6sen. Da durch eine W\u00e4hrungsaufwertung die Exporte zur\u00fcckgehen und gleichzeitig sich die Preise f\u00fcr Importe verringern, flie\u00dft dem Land zum einen weniger Geld zu, zum anderen dr\u00fcckt dies jedoch vor allem die Preise im Inland. Dies liegt daran, da die Importe nun g\u00fcnstiger geworden sind und folglich in einer freien Marktwirtschaft nun die Firmen die g\u00fcnstigeren Preise an ihre Kunden weiterleiten k\u00f6nnen.<\/p>\n","protected":false},"excerpt":{"rendered":"<p>Obwohl mit einer Aufwertung der heimischen W\u00e4hrung meistens auch eine wirtschaftliche und \/ oder politische Stabilit\u00e4t einhergeht und dies zun\u00e4chst als positiv angesehen wird, kann eine W\u00e4hrungsaufwertung auch folgende Nachteile f\u00fcr Land, Unternehmen und B\u00fcrger mit sich bringen: R\u00fcckgang der Exporteinnahmen Der gr\u00f6\u00dfte Nachteil einer aufwertenden W\u00e4hrung ist die dadurch resultierende abnehmende Wettbewerbsf\u00e4higkeit auf den [&hellip;]<\/p>\n","protected":false},"author":1,"featured_media":0,"parent":0,"menu_order":0,"comment_status":"closed","ping_status":"closed","template":"","meta":{"site-sidebar-layout":"default","site-content-layout":"","ast-site-content-layout":"","site-content-style":"default","site-sidebar-style":"default","ast-global-header-display":"","ast-banner-title-visibility":"","ast-main-header-display":"","ast-hfb-above-header-display":"","ast-hfb-below-header-display":"","ast-hfb-mobile-header-display":"","site-post-title":"","ast-breadcrumbs-content":"","ast-featured-img":"","footer-sml-layout":"","theme-transparent-header-meta":"","adv-header-id-meta":"","stick-header-meta":"","header-above-stick-meta":"","header-main-stick-meta":"","header-below-stick-meta":"","astra-migrate-meta-layouts":"default","ast-page-background-enabled":"default","ast-page-background-meta":{"desktop":{"background-color":"","background-image":"","background-repeat":"repeat","background-position":"center center","background-size":"auto","background-attachment":"scroll","background-type":"","background-media":"","overlay-type":"","overlay-color":"","overlay-opacity":"","overlay-gradient":""},"tablet":{"background-color":"","background-image":"","background-repeat":"repeat","background-position":"center center","background-size":"auto","background-attachment":"scroll","background-type":"","background-media":"","overlay-type":"","overlay-color":"","overlay-opacity":"","overlay-gradient":""},"mobile":{"background-color":"","background-image":"","background-repeat":"repeat","background-position":"center center","background-size":"auto","background-attachment":"scroll","background-type":"","background-media":"","overlay-type":"","overlay-color":"","overlay-opacity":"","overlay-gradient":""}},"ast-content-background-meta":{"desktop":{"background-color":"var(--ast-global-color-5)","background-image":"","background-repeat":"repeat","background-position":"center center","background-size":"auto","background-attachment":"scroll","background-type":"","background-media":"","overlay-type":"","overlay-color":"","overlay-opacity":"","overlay-gradient":""},"tablet":{"background-color":"var(--ast-global-color-5)","background-image":"","background-repeat":"repeat","background-position":"center center","background-size":"auto","background-attachment":"scroll","background-type":"","background-media":"","overlay-type":"","overlay-color":"","overlay-opacity":"","overlay-gradient":""},"mobile":{"background-color":"var(--ast-global-color-5)","background-image":"","background-repeat":"repeat","background-position":"center center","background-size":"auto","background-attachment":"scroll","background-type":"","background-media":"","overlay-type":"","overlay-color":"","overlay-opacity":"","overlay-gradient":""}},"footnotes":""},"class_list":["post-4958","page","type-page","status-publish","hentry"],"translation":{"provider":"WPGlobus","version":"3.0.2","language":"en","enabled_languages":["de","en"],"languages":{"de":{"title":true,"content":true,"excerpt":false},"en":{"title":false,"content":false,"excerpt":false}}},"featured_image_urls_v2":{"full":"","thumbnail":"","medium":"","medium_large":"","large":"","1536x1536":"","2048x2048":""},"post_excerpt_stackable_v2":"<p>Obwohl mit einer Aufwertung der heimischen W\u00e4hrung meistens auch eine wirtschaftliche und \/ oder politische Stabilit\u00e4t einhergeht und dies zun\u00e4chst als positiv angesehen wird, kann eine W\u00e4hrungsaufwertung auch folgende Nachteile f\u00fcr Land, Unternehmen und B\u00fcrger mit sich bringen: R\u00fcckgang der Exporteinnahmen Der gr\u00f6\u00dfte Nachteil einer aufwertenden W\u00e4hrung ist die dadurch resultierende abnehmende Wettbewerbsf\u00e4higkeit auf den internationalen Weltm\u00e4rkten. Eine starke und aufwertende W\u00e4hrung f\u00fchrt dazu, dass weniger an Waren und Dienstleistungen in andere L\u00e4nder exportiert wird. Durch eine aufwertende W\u00e4hrung werden n\u00e4mlich die exportierten G\u00fcter f\u00fcr die K\u00e4ufer im Ausland teurer und somit unattraktiver. Folglich kann sich die Ausfuhr von Waren&hellip;<\/p>\n","category_list_v2":"","author_info_v2":{"name":"PrudentWater","url":"https:\/\/prudentwater.com\/en\/author\/niklas33\/"},"comments_num_v2":"0 comments","_links":{"self":[{"href":"https:\/\/prudentwater.com\/en\/wp-json\/wp\/v2\/pages\/4958","targetHints":{"allow":["GET"]}}],"collection":[{"href":"https:\/\/prudentwater.com\/en\/wp-json\/wp\/v2\/pages"}],"about":[{"href":"https:\/\/prudentwater.com\/en\/wp-json\/wp\/v2\/types\/page"}],"author":[{"embeddable":true,"href":"https:\/\/prudentwater.com\/en\/wp-json\/wp\/v2\/users\/1"}],"replies":[{"embeddable":true,"href":"https:\/\/prudentwater.com\/en\/wp-json\/wp\/v2\/comments?post=4958"}],"version-history":[{"count":0,"href":"https:\/\/prudentwater.com\/en\/wp-json\/wp\/v2\/pages\/4958\/revisions"}],"wp:attachment":[{"href":"https:\/\/prudentwater.com\/en\/wp-json\/wp\/v2\/media?parent=4958"}],"curies":[{"name":"wp","href":"https:\/\/api.w.org\/{rel}","templated":true}]}}