{"id":4973,"date":"2015-10-21T19:41:35","date_gmt":"2015-10-21T19:41:35","guid":{"rendered":"http:\/\/www.kunnskap.de\/?page_id=4973"},"modified":"2021-06-25T12:49:01","modified_gmt":"2021-06-25T10:49:01","slug":"fremdwahrungsanleihe","status":"publish","type":"page","link":"https:\/\/prudentwater.com\/en\/fremdwahrungsanleihe\/","title":{"rendered":"Fremdw\u00e4hrungsanleihe"},"content":{"rendered":"<p>engl. <b>Foreign Currency Bond<\/b><\/p>\n<p>Eine Fremdw\u00e4hrungsanleihe notiert in einer aus der Sicht des Investors fremden W\u00e4hrung. Weiter gefasst handelt es sich bei einer Fremdw\u00e4hrungsanleihe um alle Anleihen, die nicht in der Heimatw\u00e4hrung des Investors notieren. In diesem Fall kauft der Investor aus Deutschland mit der Heimatw\u00e4hrung Euro eine Fremdw\u00e4hrungsanleihe, sobald er beispielsweise eine von einem Schweizer Unternehmen emittierte Anleihe kauft, welche in der W\u00e4hrung Schweizer Franken notiert. Die Zinsen werden ebenfalls in Schweizer Franken ausgezahlt. Der R\u00fcckzahlungsbetrag seines investierten Kapitals ist von nun mit an die Wertentwicklung der Fremdw\u00e4hrung gebunden.<\/p>\n<h3>Vor- und Nachteile der Fremdw\u00e4hrungsanleihe<\/h3>\n<p>Bei einer Fremdw\u00e4hrungsanleihe kann das h\u00f6here Zinsniveau der jeweiligen W\u00e4hrung ausgenutzt werden. Dies spiegelt sich dann in dem h\u00f6heren Kupon wider, welchen die Anleihe gegen\u00fcber einer herk\u00f6mmlichen Anleihe bietet. Den h\u00f6heren Kupon gibt es bei einer Fremdw\u00e4hrungsanleihe jedoch nicht ohne Grund und zus\u00e4tzlichem Risiko. Bei einer Fremdw\u00e4hrungsanleihe besteht n\u00e4mlich immer ein sogenanntes Wechselkursrisiko. Dies ist nat\u00fcrlich auch von der W\u00e4hrung abh\u00e4ngig, in der die Anleihe notiert. Grob l\u00e4sst sich jedoch danach richten, dass umso h\u00f6her der Kupon im Vergleich zu einer herk\u00f6mmlichen Anleihe, desto gr\u00f6\u00dfer auch das W\u00e4hrungsrisiko. Wertet n\u00e4mlich die W\u00e4hrung, in der die Anleihe notiert, gegen\u00fcber der Heimatw\u00e4hrung des Anlegers ab, so erleidet der Anleger W\u00e4hrungsverluste. Bei F\u00e4lligkeit oder vorzeitigem Verkauf erh\u00e4lt er dann f\u00fcr die Fremdw\u00e4hrung einen geringeren Betrag in seiner Heimatw\u00e4hrung zur\u00fcck als urspr\u00fcnglich investiert. Ebenso kann der Anleger jedoch von der Wechselkursver\u00e4nderung profitieren. Wertet die Fremdw\u00e4hrung von Kauf bis Verkauf der Anleihe gegen\u00fcber der Heimatw\u00e4hrung auf, so erzielt der Anleger neben den Kuponzahlungen zus\u00e4tzlich W\u00e4hrungsgewinne. Der Breakeven-Wechselkurs ist dabei jener Wechselkurs, bei dem der Inhaber einer Fremdw\u00e4hrungsanleihe weder einen zus\u00e4tzlichen Gewinn erzielt noch einen Verlust erleidet gegen\u00fcber einer in seiner Heimatw\u00e4hrung verzinslichen Anleihe mit selber Bonit\u00e4t und Laufzeit. Ein weiter Nachteil von Fremdw\u00e4hrungsanleihen liegt jedoch darin, dass abh\u00e4ngig von der W\u00e4hrung das Handelsvolumen der Fremdw\u00e4hrungsanleihe an der heimischen B\u00f6rse geringer ist. Dies kann zu h\u00f6heren Market Impact-Kosten f\u00fchren, dies h\u00e4ngt jedoch wie erw\u00e4hnt von der W\u00e4hrung der Anleihe ab. Je exotischer die W\u00e4hrung oder aber auch der Emittent, desto geringer wohl auch das Handelsvolumen der Fremdw\u00e4hrungsanleihe.<\/p>\n","protected":false},"excerpt":{"rendered":"<p>engl. Foreign Currency Bond Eine Fremdw\u00e4hrungsanleihe notiert in einer aus der Sicht des Investors fremden W\u00e4hrung. Weiter gefasst handelt es sich bei einer Fremdw\u00e4hrungsanleihe um alle Anleihen, die nicht in der Heimatw\u00e4hrung des Investors notieren. In diesem Fall kauft der Investor aus Deutschland mit der Heimatw\u00e4hrung Euro eine Fremdw\u00e4hrungsanleihe, sobald er beispielsweise eine von einem [&hellip;]<\/p>\n","protected":false},"author":1,"featured_media":0,"parent":0,"menu_order":0,"comment_status":"closed","ping_status":"closed","template":"","meta":{"site-sidebar-layout":"default","site-content-layout":"","ast-site-content-layout":"","site-content-style":"default","site-sidebar-style":"default","ast-global-header-display":"","ast-banner-title-visibility":"","ast-main-header-display":"","ast-hfb-above-header-display":"","ast-hfb-below-header-display":"","ast-hfb-mobile-header-display":"","site-post-title":"","ast-breadcrumbs-content":"","ast-featured-img":"","footer-sml-layout":"","theme-transparent-header-meta":"","adv-header-id-meta":"","stick-header-meta":"","header-above-stick-meta":"","header-main-stick-meta":"","header-below-stick-meta":"","astra-migrate-meta-layouts":"default","ast-page-background-enabled":"default","ast-page-background-meta":{"desktop":{"background-color":"","background-image":"","background-repeat":"repeat","background-position":"center center","background-size":"auto","background-attachment":"scroll","background-type":"","background-media":"","overlay-type":"","overlay-color":"","overlay-opacity":"","overlay-gradient":""},"tablet":{"background-color":"","background-image":"","background-repeat":"repeat","background-position":"center center","background-size":"auto","background-attachment":"scroll","background-type":"","background-media":"","overlay-type":"","overlay-color":"","overlay-opacity":"","overlay-gradient":""},"mobile":{"background-color":"","background-image":"","background-repeat":"repeat","background-position":"center center","background-size":"auto","background-attachment":"scroll","background-type":"","background-media":"","overlay-type":"","overlay-color":"","overlay-opacity":"","overlay-gradient":""}},"ast-content-background-meta":{"desktop":{"background-color":"var(--ast-global-color-5)","background-image":"","background-repeat":"repeat","background-position":"center center","background-size":"auto","background-attachment":"scroll","background-type":"","background-media":"","overlay-type":"","overlay-color":"","overlay-opacity":"","overlay-gradient":""},"tablet":{"background-color":"var(--ast-global-color-5)","background-image":"","background-repeat":"repeat","background-position":"center center","background-size":"auto","background-attachment":"scroll","background-type":"","background-media":"","overlay-type":"","overlay-color":"","overlay-opacity":"","overlay-gradient":""},"mobile":{"background-color":"var(--ast-global-color-5)","background-image":"","background-repeat":"repeat","background-position":"center center","background-size":"auto","background-attachment":"scroll","background-type":"","background-media":"","overlay-type":"","overlay-color":"","overlay-opacity":"","overlay-gradient":""}},"footnotes":""},"class_list":["post-4973","page","type-page","status-publish","hentry"],"translation":{"provider":"WPGlobus","version":"3.0.2","language":"en","enabled_languages":["de","en"],"languages":{"de":{"title":true,"content":true,"excerpt":false},"en":{"title":false,"content":false,"excerpt":false}}},"featured_image_urls_v2":{"full":"","thumbnail":"","medium":"","medium_large":"","large":"","1536x1536":"","2048x2048":""},"post_excerpt_stackable_v2":"<p>engl. Foreign Currency Bond Eine Fremdw\u00e4hrungsanleihe notiert in einer aus der Sicht des Investors fremden W\u00e4hrung. Weiter gefasst handelt es sich bei einer Fremdw\u00e4hrungsanleihe um alle Anleihen, die nicht in der Heimatw\u00e4hrung des Investors notieren. In diesem Fall kauft der Investor aus Deutschland mit der Heimatw\u00e4hrung Euro eine Fremdw\u00e4hrungsanleihe, sobald er beispielsweise eine von einem Schweizer Unternehmen emittierte Anleihe kauft, welche in der W\u00e4hrung Schweizer Franken notiert. Die Zinsen werden ebenfalls in Schweizer Franken ausgezahlt. Der R\u00fcckzahlungsbetrag seines investierten Kapitals ist von nun mit an die Wertentwicklung der Fremdw\u00e4hrung gebunden. Vor- und Nachteile der Fremdw\u00e4hrungsanleihe Bei einer Fremdw\u00e4hrungsanleihe kann das&hellip;<\/p>\n","category_list_v2":"","author_info_v2":{"name":"PrudentWater","url":"https:\/\/prudentwater.com\/en\/author\/niklas33\/"},"comments_num_v2":"0 comments","_links":{"self":[{"href":"https:\/\/prudentwater.com\/en\/wp-json\/wp\/v2\/pages\/4973","targetHints":{"allow":["GET"]}}],"collection":[{"href":"https:\/\/prudentwater.com\/en\/wp-json\/wp\/v2\/pages"}],"about":[{"href":"https:\/\/prudentwater.com\/en\/wp-json\/wp\/v2\/types\/page"}],"author":[{"embeddable":true,"href":"https:\/\/prudentwater.com\/en\/wp-json\/wp\/v2\/users\/1"}],"replies":[{"embeddable":true,"href":"https:\/\/prudentwater.com\/en\/wp-json\/wp\/v2\/comments?post=4973"}],"version-history":[{"count":0,"href":"https:\/\/prudentwater.com\/en\/wp-json\/wp\/v2\/pages\/4973\/revisions"}],"wp:attachment":[{"href":"https:\/\/prudentwater.com\/en\/wp-json\/wp\/v2\/media?parent=4973"}],"curies":[{"name":"wp","href":"https:\/\/api.w.org\/{rel}","templated":true}]}}