{"id":4996,"date":"2015-10-28T10:09:36","date_gmt":"2015-10-28T10:09:36","guid":{"rendered":"http:\/\/www.kunnskap.de\/?page_id=4996"},"modified":"2021-09-26T21:06:15","modified_gmt":"2021-09-26T19:06:15","slug":"beta-faktor","status":"publish","type":"page","link":"https:\/\/prudentwater.com\/en\/beta-faktor\/","title":{"rendered":"Beta Faktor"},"content":{"rendered":"<p><div class=\"perfect-pullquote vcard pullquote-align-full pullquote-border-placement-top\" style=\"font-size:21px !important;\"><blockquote><p style=\"font-size:21px !important;\">Der Beta Faktor dr\u00fcckt aus, wie sensibel die jeweilige Aktie auf die Bewegungen des Gesamtmarktes bzw. eines bestimmten Index reagiert. Der Beta Faktor zeigt somit auf, in welchem Ausma\u00df die Aktie die Bewegung des Gesamtmarktes nachvollzieht.<\/p><\/blockquote><\/div>Betr\u00e4gt der Beta Faktor 1.0, so ist die Kursentwicklung der Aktie identisch mit der Kursentwicklung des Index bzw. der Entwicklung des Gesamtmarktes. Ist der Beta Faktor kleiner als 1.0, so verl\u00e4uft die Kursentwicklung der Aktie unterproportional zum Gesamtmarkt. Ist der Beta Faktor gr\u00f6\u00dfer als 1.0, so verl\u00e4uft die Entwicklung der Aktie \u00fcberproportional zum Gesamtmarkt. Ein negatives Beta beschreibt eine gegenl\u00e4ufige Kursentwicklung der Aktie zur Gesamtmarktentwicklung. Bei einem Beta von 0 ist keine Abh\u00e4ngigkeit von der Aktie zum Gesamtmarkt zu erkennen. Besitzt eine im DAX gelistete Aktie ein Beta von 0.8, so sollte die Aktie um 8 % steigen, wenn gleichzeitig der DAX um 10 % steigt. Besitzt die Aktie hingegen ein Beta von 1.3, so sollte die Aktie um 13 % steigen, wenn der DAX zeitgleich um 10 % steigt. Geht der Anleger davon aus, dass der DAX langfristig steigt, sollte man somit Aktien mit einem hohen Beta Faktor kaufen. Geht man jedoch davon aus, dass der DAX f\u00e4llt, sollte man Aktien mit einem niedrigen Beta Faktor kaufen. Antizyklische Investoren sollten hingegen Aktien mit einem negativen Beta Faktor ber\u00fccksichtigen.<\/p>\n","protected":false},"excerpt":{"rendered":"<p>Betr\u00e4gt der Beta Faktor 1.0, so ist die Kursentwicklung der Aktie identisch mit der Kursentwicklung des Index bzw. der Entwicklung des Gesamtmarktes. Ist der Beta Faktor kleiner als 1.0, so verl\u00e4uft die Kursentwicklung der Aktie unterproportional zum Gesamtmarkt. Ist der Beta Faktor gr\u00f6\u00dfer als 1.0, so verl\u00e4uft die Entwicklung der Aktie \u00fcberproportional zum Gesamtmarkt. Ein [&hellip;]<\/p>\n","protected":false},"author":1,"featured_media":0,"parent":0,"menu_order":0,"comment_status":"closed","ping_status":"closed","template":"","meta":{"site-sidebar-layout":"default","site-content-layout":"default","ast-site-content-layout":"","site-content-style":"default","site-sidebar-style":"default","ast-global-header-display":"","ast-banner-title-visibility":"","ast-main-header-display":"","ast-hfb-above-header-display":"","ast-hfb-below-header-display":"","ast-hfb-mobile-header-display":"","site-post-title":"","ast-breadcrumbs-content":"","ast-featured-img":"","footer-sml-layout":"","theme-transparent-header-meta":"default","adv-header-id-meta":"","stick-header-meta":"","header-above-stick-meta":"","header-main-stick-meta":"","header-below-stick-meta":"","astra-migrate-meta-layouts":"default","ast-page-background-enabled":"default","ast-page-background-meta":{"desktop":{"background-color":"","background-image":"","background-repeat":"repeat","background-position":"center center","background-size":"auto","background-attachment":"scroll","background-type":"","background-media":"","overlay-type":"","overlay-color":"","overlay-opacity":"","overlay-gradient":""},"tablet":{"background-color":"","background-image":"","background-repeat":"repeat","background-position":"center center","background-size":"auto","background-attachment":"scroll","background-type":"","background-media":"","overlay-type":"","overlay-color":"","overlay-opacity":"","overlay-gradient":""},"mobile":{"background-color":"","background-image":"","background-repeat":"repeat","background-position":"center center","background-size":"auto","background-attachment":"scroll","background-type":"","background-media":"","overlay-type":"","overlay-color":"","overlay-opacity":"","overlay-gradient":""}},"ast-content-background-meta":{"desktop":{"background-color":"var(--ast-global-color-5)","background-image":"","background-repeat":"repeat","background-position":"center center","background-size":"auto","background-attachment":"scroll","background-type":"","background-media":"","overlay-type":"","overlay-color":"","overlay-opacity":"","overlay-gradient":""},"tablet":{"background-color":"var(--ast-global-color-5)","background-image":"","background-repeat":"repeat","background-position":"center center","background-size":"auto","background-attachment":"scroll","background-type":"","background-media":"","overlay-type":"","overlay-color":"","overlay-opacity":"","overlay-gradient":""},"mobile":{"background-color":"var(--ast-global-color-5)","background-image":"","background-repeat":"repeat","background-position":"center center","background-size":"auto","background-attachment":"scroll","background-type":"","background-media":"","overlay-type":"","overlay-color":"","overlay-opacity":"","overlay-gradient":""}},"footnotes":""},"class_list":["post-4996","page","type-page","status-publish","hentry"],"translation":{"provider":"WPGlobus","version":"3.0.2","language":"en","enabled_languages":["de","en"],"languages":{"de":{"title":true,"content":true,"excerpt":false},"en":{"title":false,"content":false,"excerpt":false}}},"featured_image_urls_v2":{"full":"","thumbnail":"","medium":"","medium_large":"","large":"","1536x1536":"","2048x2048":""},"post_excerpt_stackable_v2":"<p>Der Beta Faktor dr\u00fcckt aus, wie sensibel die jeweilige Aktie auf die Bewegungen des Gesamtmarktes bzw. eines bestimmten Index reagiert. Der Beta Faktor zeigt somit auf, in welchem Ausma\u00df die Aktie die Bewegung des Gesamtmarktes nachvollzieht.Betr\u00e4gt der Beta Faktor 1.0, so ist die Kursentwicklung der Aktie identisch mit der Kursentwicklung des Index bzw. der Entwicklung des Gesamtmarktes. Ist der Beta Faktor kleiner als 1.0, so verl\u00e4uft die Kursentwicklung der Aktie unterproportional zum Gesamtmarkt. Ist der Beta Faktor gr\u00f6\u00dfer als 1.0, so verl\u00e4uft die Entwicklung der Aktie \u00fcberproportional zum Gesamtmarkt. Ein negatives Beta beschreibt eine gegenl\u00e4ufige Kursentwicklung der Aktie zur Gesamtmarktentwicklung.&hellip;<\/p>\n","category_list_v2":"","author_info_v2":{"name":"PrudentWater","url":"https:\/\/prudentwater.com\/en\/author\/niklas33\/"},"comments_num_v2":"0 comments","_links":{"self":[{"href":"https:\/\/prudentwater.com\/en\/wp-json\/wp\/v2\/pages\/4996","targetHints":{"allow":["GET"]}}],"collection":[{"href":"https:\/\/prudentwater.com\/en\/wp-json\/wp\/v2\/pages"}],"about":[{"href":"https:\/\/prudentwater.com\/en\/wp-json\/wp\/v2\/types\/page"}],"author":[{"embeddable":true,"href":"https:\/\/prudentwater.com\/en\/wp-json\/wp\/v2\/users\/1"}],"replies":[{"embeddable":true,"href":"https:\/\/prudentwater.com\/en\/wp-json\/wp\/v2\/comments?post=4996"}],"version-history":[{"count":0,"href":"https:\/\/prudentwater.com\/en\/wp-json\/wp\/v2\/pages\/4996\/revisions"}],"wp:attachment":[{"href":"https:\/\/prudentwater.com\/en\/wp-json\/wp\/v2\/media?parent=4996"}],"curies":[{"name":"wp","href":"https:\/\/api.w.org\/{rel}","templated":true}]}}