{"id":500,"date":"2014-08-28T14:26:00","date_gmt":"2014-08-28T14:26:00","guid":{"rendered":"http:\/\/www.kunnskap.de\/?page_id=500"},"modified":"2021-06-25T12:48:25","modified_gmt":"2021-06-25T10:48:25","slug":"deutscher-rentenindex-rex","status":"publish","type":"page","link":"https:\/\/prudentwater.com\/en\/deutscher-rentenindex-rex\/","title":{"rendered":"Deutscher Rentenindex"},"content":{"rendered":"<p>Auch <strong>REX<\/strong><\/p>\n<p>Der deutsche Rentenindex (REX) ist ein 1991 entwickelter Index, der die Wertentwicklung deutscher Staatsanleihen &#8211; also festverzinslicher Wertpapiere &#8211; misst. Im Index sind 30 idealtypische Anleihen enthalten. Die Laufzeiten der Anleihen liegen zwischen 1 bis 10 Jahren. Im REX sind drei verschiedene Kupontypen enthalten: 6 Prozent, 7,5 Prozent und 9 Prozent. Der deutsche Rentenindex wird einmal als Kursindex und einmal als Performanceindex von der Deutschen B\u00f6rse ermittelt. Beim REX Kursindex sind Zinsertr\u00e4ge nicht enthalten. Beim REX-Performanceindex werden Zinsertr\u00e4ge mitber\u00fccksichtigt. Hier wird angenommen, dass die Zinszahlungen wieder angelegt (reinvestiert) werden. Steigt der Rentenindex an, so f\u00e4llt die Effektivverzinsung der enthaltenen Anleihen. F\u00e4llt der REX hingegen, so steigt die Effektivverzinsung der Anleihen.<\/p>\n","protected":false},"excerpt":{"rendered":"<p>Auch REX Der deutsche Rentenindex (REX) ist ein 1991 entwickelter Index, der die Wertentwicklung deutscher Staatsanleihen &#8211; also festverzinslicher Wertpapiere &#8211; misst. Im Index sind 30 idealtypische Anleihen enthalten. Die Laufzeiten der Anleihen liegen zwischen 1 bis 10 Jahren. Im REX sind drei verschiedene Kupontypen enthalten: 6 Prozent, 7,5 Prozent und 9 Prozent. Der deutsche [&hellip;]<\/p>\n","protected":false},"author":1,"featured_media":0,"parent":0,"menu_order":0,"comment_status":"closed","ping_status":"closed","template":"","meta":{"site-sidebar-layout":"default","site-content-layout":"","ast-site-content-layout":"","site-content-style":"default","site-sidebar-style":"default","ast-global-header-display":"","ast-banner-title-visibility":"","ast-main-header-display":"","ast-hfb-above-header-display":"","ast-hfb-below-header-display":"","ast-hfb-mobile-header-display":"","site-post-title":"","ast-breadcrumbs-content":"","ast-featured-img":"","footer-sml-layout":"","theme-transparent-header-meta":"","adv-header-id-meta":"","stick-header-meta":"","header-above-stick-meta":"","header-main-stick-meta":"","header-below-stick-meta":"","astra-migrate-meta-layouts":"default","ast-page-background-enabled":"default","ast-page-background-meta":{"desktop":{"background-color":"","background-image":"","background-repeat":"repeat","background-position":"center center","background-size":"auto","background-attachment":"scroll","background-type":"","background-media":"","overlay-type":"","overlay-color":"","overlay-opacity":"","overlay-gradient":""},"tablet":{"background-color":"","background-image":"","background-repeat":"repeat","background-position":"center center","background-size":"auto","background-attachment":"scroll","background-type":"","background-media":"","overlay-type":"","overlay-color":"","overlay-opacity":"","overlay-gradient":""},"mobile":{"background-color":"","background-image":"","background-repeat":"repeat","background-position":"center center","background-size":"auto","background-attachment":"scroll","background-type":"","background-media":"","overlay-type":"","overlay-color":"","overlay-opacity":"","overlay-gradient":""}},"ast-content-background-meta":{"desktop":{"background-color":"var(--ast-global-color-5)","background-image":"","background-repeat":"repeat","background-position":"center center","background-size":"auto","background-attachment":"scroll","background-type":"","background-media":"","overlay-type":"","overlay-color":"","overlay-opacity":"","overlay-gradient":""},"tablet":{"background-color":"var(--ast-global-color-5)","background-image":"","background-repeat":"repeat","background-position":"center center","background-size":"auto","background-attachment":"scroll","background-type":"","background-media":"","overlay-type":"","overlay-color":"","overlay-opacity":"","overlay-gradient":""},"mobile":{"background-color":"var(--ast-global-color-5)","background-image":"","background-repeat":"repeat","background-position":"center center","background-size":"auto","background-attachment":"scroll","background-type":"","background-media":"","overlay-type":"","overlay-color":"","overlay-opacity":"","overlay-gradient":""}},"footnotes":""},"class_list":["post-500","page","type-page","status-publish","hentry"],"translation":{"provider":"WPGlobus","version":"3.0.2","language":"en","enabled_languages":["de","en"],"languages":{"de":{"title":true,"content":true,"excerpt":false},"en":{"title":false,"content":false,"excerpt":false}}},"featured_image_urls_v2":{"full":"","thumbnail":"","medium":"","medium_large":"","large":"","1536x1536":"","2048x2048":""},"post_excerpt_stackable_v2":"<p>Auch REX Der deutsche Rentenindex (REX) ist ein 1991 entwickelter Index, der die Wertentwicklung deutscher Staatsanleihen &#8211; also festverzinslicher Wertpapiere &#8211; misst. Im Index sind 30 idealtypische Anleihen enthalten. Die Laufzeiten der Anleihen liegen zwischen 1 bis 10 Jahren. Im REX sind drei verschiedene Kupontypen enthalten: 6 Prozent, 7,5 Prozent und 9 Prozent. Der deutsche Rentenindex wird einmal als Kursindex und einmal als Performanceindex von der Deutschen B\u00f6rse ermittelt. Beim REX Kursindex sind Zinsertr\u00e4ge nicht enthalten. Beim REX-Performanceindex werden Zinsertr\u00e4ge mitber\u00fccksichtigt. Hier wird angenommen, dass die Zinszahlungen wieder angelegt (reinvestiert) werden. Steigt der Rentenindex an, so f\u00e4llt die Effektivverzinsung der&hellip;<\/p>\n","category_list_v2":"","author_info_v2":{"name":"PrudentWater","url":"https:\/\/prudentwater.com\/en\/author\/niklas33\/"},"comments_num_v2":"0 comments","_links":{"self":[{"href":"https:\/\/prudentwater.com\/en\/wp-json\/wp\/v2\/pages\/500","targetHints":{"allow":["GET"]}}],"collection":[{"href":"https:\/\/prudentwater.com\/en\/wp-json\/wp\/v2\/pages"}],"about":[{"href":"https:\/\/prudentwater.com\/en\/wp-json\/wp\/v2\/types\/page"}],"author":[{"embeddable":true,"href":"https:\/\/prudentwater.com\/en\/wp-json\/wp\/v2\/users\/1"}],"replies":[{"embeddable":true,"href":"https:\/\/prudentwater.com\/en\/wp-json\/wp\/v2\/comments?post=500"}],"version-history":[{"count":0,"href":"https:\/\/prudentwater.com\/en\/wp-json\/wp\/v2\/pages\/500\/revisions"}],"wp:attachment":[{"href":"https:\/\/prudentwater.com\/en\/wp-json\/wp\/v2\/media?parent=500"}],"curies":[{"name":"wp","href":"https:\/\/api.w.org\/{rel}","templated":true}]}}