{"id":5057,"date":"2015-11-04T18:31:09","date_gmt":"2015-11-04T18:31:09","guid":{"rendered":"http:\/\/www.kunnskap.de\/?page_id=5057"},"modified":"2023-03-11T12:23:45","modified_gmt":"2023-03-11T11:23:45","slug":"preisgewichteter-index","status":"publish","type":"page","link":"https:\/\/prudentwater.com\/en\/preisgewichteter-index\/","title":{"rendered":"Preisgewichteter Index"},"content":{"rendered":"<p>engl. <b>Price-Weighted Index<\/b><\/p>\n<p>Ein preisgewichteter Index ist ein Aktienindex, bei dem zur Berechnung alle im Index enthaltenen Aktienkurse einzeln aufaddiert und anschlie\u00dfend durch die Anzahl der Aktientitel (Unternehmen) dividiert werden. Jede Aktie ist somit mit der gleichen St\u00fcckzahl vertreten, Aktien mit einem hohen Kurs erhalten dadurch jedoch ein st\u00e4rkeres Gewicht im Index als Aktien mit einem vergleichsweise niedrigeren Kurs. Der preisgewichtete Index legt das Gewicht jeder einzelnen Aktie somit anhand ihres B\u00f6rsenkurses fest und nicht anhand der Marktkapitalisierung, wie es ein kapitalisierungsgewichteter Index tut.<\/p>\n<hr>\n<p><b><small>Berechnung:<\/small><\/b><\/p>\n<p style=\"margin-bottom: 30px;\">\n<p><img decoding=\"async\" src=\"https:\/\/prudentwater.com\/wp-content\/uploads\/2021\/05\/Preisgewichteter-Index.png\" alt=\"Preisgewichteter Index\" class=\"aligncenter size-full wp-image-10791\" width=\"100%\" height=\"80\" title=\"\"><\/p>\n<hr>\n<p>Eine Aktie mit einem B\u00f6rsenkurs von 60 Euro hat somit einen dreimal h\u00f6heren Einfluss auf den Index als eine Aktie mit einem B\u00f6rsenkurs von 20 Euro. Somit entscheidet ausschlie\u00dflich der Kurs der Aktie \u00fcber die Gewichtung im Index. Je st\u00e4rker der Kurs der Aktie steigt, desto st\u00e4rker wird somit auch ihr Einfluss auf den Index. Diese Berechnung kann allerdings zu Verzerrungen am Markt f\u00fchren, wenn im Index vertretene Aktien aufgrund ihres hohen Kurses st\u00e4rker im Index vertreten sind als Aktien mit einem niedrigeren Kurs, obwohl diese jedoch eigentlich eine deutlich gr\u00f6\u00dfere Marktkapitalisierung aufweisen. Sowohl der Dow Jones Industrial Average als auch der Nikkei 225 sind preisgewichtete Indizes.<\/p>\n<h3>Fazit<\/h3>\n<p>Die Gewichtung der einzelnen Aktientitel im preisgewichteten Index wird aufgrund der einzelnen Aktienpreise berechnet und nicht anhand der Marktkapitalisierung der im Index enthaltenen Unternehmen. F\u00fchrt eine Aktiengesellschaft aus einem Kursindex einen Aktiensplit durch, so verringert sich dann auch die Gewichtung der Aktie im Index, da eben der nominale Kurswert der Aktie ausschlaggebend ist. Andere Werte aus dem Kursindex erfahren dann gleichzeitig jedoch eine Aufwertung in ihrer Gewichtung.<\/p>\n","protected":false},"excerpt":{"rendered":"<p>engl. Price-Weighted Index Ein preisgewichteter Index ist ein Aktienindex, bei dem zur Berechnung alle im Index enthaltenen Aktienkurse einzeln aufaddiert und anschlie\u00dfend durch die Anzahl der Aktientitel (Unternehmen) dividiert werden. Jede Aktie ist somit mit der gleichen St\u00fcckzahl vertreten, Aktien mit einem hohen Kurs erhalten dadurch jedoch ein st\u00e4rkeres Gewicht im Index als Aktien mit [&hellip;]<\/p>\n","protected":false},"author":1,"featured_media":0,"parent":0,"menu_order":0,"comment_status":"closed","ping_status":"closed","template":"","meta":{"site-sidebar-layout":"default","site-content-layout":"","ast-site-content-layout":"","site-content-style":"default","site-sidebar-style":"default","ast-global-header-display":"","ast-banner-title-visibility":"","ast-main-header-display":"","ast-hfb-above-header-display":"","ast-hfb-below-header-display":"","ast-hfb-mobile-header-display":"","site-post-title":"","ast-breadcrumbs-content":"","ast-featured-img":"","footer-sml-layout":"","theme-transparent-header-meta":"","adv-header-id-meta":"","stick-header-meta":"","header-above-stick-meta":"","header-main-stick-meta":"","header-below-stick-meta":"","astra-migrate-meta-layouts":"default","ast-page-background-enabled":"default","ast-page-background-meta":{"desktop":{"background-color":"","background-image":"","background-repeat":"repeat","background-position":"center center","background-size":"auto","background-attachment":"scroll","background-type":"","background-media":"","overlay-type":"","overlay-color":"","overlay-opacity":"","overlay-gradient":""},"tablet":{"background-color":"","background-image":"","background-repeat":"repeat","background-position":"center center","background-size":"auto","background-attachment":"scroll","background-type":"","background-media":"","overlay-type":"","overlay-color":"","overlay-opacity":"","overlay-gradient":""},"mobile":{"background-color":"","background-image":"","background-repeat":"repeat","background-position":"center center","background-size":"auto","background-attachment":"scroll","background-type":"","background-media":"","overlay-type":"","overlay-color":"","overlay-opacity":"","overlay-gradient":""}},"ast-content-background-meta":{"desktop":{"background-color":"var(--ast-global-color-5)","background-image":"","background-repeat":"repeat","background-position":"center center","background-size":"auto","background-attachment":"scroll","background-type":"","background-media":"","overlay-type":"","overlay-color":"","overlay-opacity":"","overlay-gradient":""},"tablet":{"background-color":"var(--ast-global-color-5)","background-image":"","background-repeat":"repeat","background-position":"center center","background-size":"auto","background-attachment":"scroll","background-type":"","background-media":"","overlay-type":"","overlay-color":"","overlay-opacity":"","overlay-gradient":""},"mobile":{"background-color":"var(--ast-global-color-5)","background-image":"","background-repeat":"repeat","background-position":"center center","background-size":"auto","background-attachment":"scroll","background-type":"","background-media":"","overlay-type":"","overlay-color":"","overlay-opacity":"","overlay-gradient":""}},"footnotes":""},"class_list":["post-5057","page","type-page","status-publish","hentry"],"translation":{"provider":"WPGlobus","version":"3.0.2","language":"en","enabled_languages":["de","en"],"languages":{"de":{"title":true,"content":true,"excerpt":false},"en":{"title":false,"content":false,"excerpt":false}}},"featured_image_urls_v2":{"full":"","thumbnail":"","medium":"","medium_large":"","large":"","1536x1536":"","2048x2048":""},"post_excerpt_stackable_v2":"<p>engl. Price-Weighted Index Ein preisgewichteter Index ist ein Aktienindex, bei dem zur Berechnung alle im Index enthaltenen Aktienkurse einzeln aufaddiert und anschlie\u00dfend durch die Anzahl der Aktientitel (Unternehmen) dividiert werden. Jede Aktie ist somit mit der gleichen St\u00fcckzahl vertreten, Aktien mit einem hohen Kurs erhalten dadurch jedoch ein st\u00e4rkeres Gewicht im Index als Aktien mit einem vergleichsweise niedrigeren Kurs. Der preisgewichtete Index legt das Gewicht jeder einzelnen Aktie somit anhand ihres B\u00f6rsenkurses fest und nicht anhand der Marktkapitalisierung, wie es ein kapitalisierungsgewichteter Index tut. Berechnung: Eine Aktie mit einem B\u00f6rsenkurs von 60 Euro hat somit einen dreimal h\u00f6heren Einfluss auf&hellip;<\/p>\n","category_list_v2":"","author_info_v2":{"name":"PrudentWater","url":"https:\/\/prudentwater.com\/en\/author\/niklas33\/"},"comments_num_v2":"0 comments","_links":{"self":[{"href":"https:\/\/prudentwater.com\/en\/wp-json\/wp\/v2\/pages\/5057","targetHints":{"allow":["GET"]}}],"collection":[{"href":"https:\/\/prudentwater.com\/en\/wp-json\/wp\/v2\/pages"}],"about":[{"href":"https:\/\/prudentwater.com\/en\/wp-json\/wp\/v2\/types\/page"}],"author":[{"embeddable":true,"href":"https:\/\/prudentwater.com\/en\/wp-json\/wp\/v2\/users\/1"}],"replies":[{"embeddable":true,"href":"https:\/\/prudentwater.com\/en\/wp-json\/wp\/v2\/comments?post=5057"}],"version-history":[{"count":0,"href":"https:\/\/prudentwater.com\/en\/wp-json\/wp\/v2\/pages\/5057\/revisions"}],"wp:attachment":[{"href":"https:\/\/prudentwater.com\/en\/wp-json\/wp\/v2\/media?parent=5057"}],"curies":[{"name":"wp","href":"https:\/\/api.w.org\/{rel}","templated":true}]}}