{"id":5086,"date":"2015-11-05T18:08:52","date_gmt":"2015-11-05T18:08:52","guid":{"rendered":"http:\/\/www.kunnskap.de\/?page_id=5086"},"modified":"2021-06-25T12:50:11","modified_gmt":"2021-06-25T10:50:11","slug":"sharpe-ratio","status":"publish","type":"page","link":"https:\/\/prudentwater.com\/en\/sharpe-ratio\/","title":{"rendered":"Sharpe Ratio"},"content":{"rendered":"<p>Die Sharpe Ratio ist eine Kennzahl, welche die Rendite eines Fonds unter Ber\u00fccksichtigung des eingegangenen Risikos ausdr\u00fcckt. Sie zeigt somit auf, mit welchem Risiko die Rendite des Fonds sozusagen &#8220;erkauft&#8221; wurde. Mit der Sharpe Ratio k\u00f6nnen vor allem Fonds untereinander verglichen werden.<br \/>\nDie Kennzahl dr\u00fcckt die zus\u00e4tzlich erwirtschaftete Rendite eines Fonds gegen\u00fcber einer fast risikolosen Geldmarktanlage unter Ber\u00fccksichtigung der Volatilit\u00e4t des Fonds aus. Erwirtschaftet ein Geldmarktpapier 1,5 %, der Fonds im gleichen Zeitraum 6 %, so hat der Fonds zwar 4,5 % mehr Rendite erzielt, nun muss diese zus\u00e4tzliche Rendite jedoch ins Verh\u00e4ltnis zum h\u00f6heren eingegangenen Risiko (Volatilit\u00e4t) gesetzt werden. Dazu wird nun die zur\u00fcckliegende Volatilit\u00e4t der letzten 365 Tage mitber\u00fccksichtigt.<br \/>\nJe h\u00f6her die Kennzahl ist, desto h\u00f6her ist auch die \u00dcberrendite, die der Anleger f\u00fcr das zus\u00e4tzliche Risiko erh\u00e4lt.<br \/>\nEine Sharpe Ratio gr\u00f6\u00dfer als null bedeutet demnach, dass der Fonds eine \u00dcberschussrendite im Vergleich zur risikolosen Anlage erzielen konnte. Jedoch erst wenn die Sharpe Ratio \u00fcber 1 liegt, hat der Fonds einen \u00dcberschuss erwirtschaftet, der das h\u00f6here Risiko des Fonds kompensiert. Liegt der Wert zwischen null und eins, entsprach diese nicht dem eingegangenen Risiko. Ist die Sharpe Ratio negativ, so hat der Fonds sogar eine schlechtere Verzinsung als das Geldmarktpapier erzielt. Die Sharpe Ratio wird immer f\u00fcr die vergangenen 365 Tage angezeigt. <\/p>\n","protected":false},"excerpt":{"rendered":"<p>Die Sharpe Ratio ist eine Kennzahl, welche die Rendite eines Fonds unter Ber\u00fccksichtigung des eingegangenen Risikos ausdr\u00fcckt. Sie zeigt somit auf, mit welchem Risiko die Rendite des Fonds sozusagen &#8220;erkauft&#8221; wurde. Mit der Sharpe Ratio k\u00f6nnen vor allem Fonds untereinander verglichen werden. Die Kennzahl dr\u00fcckt die zus\u00e4tzlich erwirtschaftete Rendite eines Fonds gegen\u00fcber einer fast risikolosen [&hellip;]<\/p>\n","protected":false},"author":1,"featured_media":0,"parent":0,"menu_order":0,"comment_status":"closed","ping_status":"closed","template":"","meta":{"site-sidebar-layout":"default","site-content-layout":"","ast-site-content-layout":"","site-content-style":"default","site-sidebar-style":"default","ast-global-header-display":"","ast-banner-title-visibility":"","ast-main-header-display":"","ast-hfb-above-header-display":"","ast-hfb-below-header-display":"","ast-hfb-mobile-header-display":"","site-post-title":"","ast-breadcrumbs-content":"","ast-featured-img":"","footer-sml-layout":"","theme-transparent-header-meta":"","adv-header-id-meta":"","stick-header-meta":"","header-above-stick-meta":"","header-main-stick-meta":"","header-below-stick-meta":"","astra-migrate-meta-layouts":"default","ast-page-background-enabled":"default","ast-page-background-meta":{"desktop":{"background-color":"","background-image":"","background-repeat":"repeat","background-position":"center center","background-size":"auto","background-attachment":"scroll","background-type":"","background-media":"","overlay-type":"","overlay-color":"","overlay-opacity":"","overlay-gradient":""},"tablet":{"background-color":"","background-image":"","background-repeat":"repeat","background-position":"center center","background-size":"auto","background-attachment":"scroll","background-type":"","background-media":"","overlay-type":"","overlay-color":"","overlay-opacity":"","overlay-gradient":""},"mobile":{"background-color":"","background-image":"","background-repeat":"repeat","background-position":"center center","background-size":"auto","background-attachment":"scroll","background-type":"","background-media":"","overlay-type":"","overlay-color":"","overlay-opacity":"","overlay-gradient":""}},"ast-content-background-meta":{"desktop":{"background-color":"var(--ast-global-color-5)","background-image":"","background-repeat":"repeat","background-position":"center center","background-size":"auto","background-attachment":"scroll","background-type":"","background-media":"","overlay-type":"","overlay-color":"","overlay-opacity":"","overlay-gradient":""},"tablet":{"background-color":"var(--ast-global-color-5)","background-image":"","background-repeat":"repeat","background-position":"center center","background-size":"auto","background-attachment":"scroll","background-type":"","background-media":"","overlay-type":"","overlay-color":"","overlay-opacity":"","overlay-gradient":""},"mobile":{"background-color":"var(--ast-global-color-5)","background-image":"","background-repeat":"repeat","background-position":"center center","background-size":"auto","background-attachment":"scroll","background-type":"","background-media":"","overlay-type":"","overlay-color":"","overlay-opacity":"","overlay-gradient":""}},"footnotes":""},"class_list":["post-5086","page","type-page","status-publish","hentry"],"translation":{"provider":"WPGlobus","version":"3.0.2","language":"en","enabled_languages":["de","en"],"languages":{"de":{"title":true,"content":true,"excerpt":false},"en":{"title":false,"content":false,"excerpt":false}}},"featured_image_urls_v2":{"full":"","thumbnail":"","medium":"","medium_large":"","large":"","1536x1536":"","2048x2048":""},"post_excerpt_stackable_v2":"<p>Die Sharpe Ratio ist eine Kennzahl, welche die Rendite eines Fonds unter Ber\u00fccksichtigung des eingegangenen Risikos ausdr\u00fcckt. Sie zeigt somit auf, mit welchem Risiko die Rendite des Fonds sozusagen &#8220;erkauft&#8221; wurde. Mit der Sharpe Ratio k\u00f6nnen vor allem Fonds untereinander verglichen werden. Die Kennzahl dr\u00fcckt die zus\u00e4tzlich erwirtschaftete Rendite eines Fonds gegen\u00fcber einer fast risikolosen Geldmarktanlage unter Ber\u00fccksichtigung der Volatilit\u00e4t des Fonds aus. Erwirtschaftet ein Geldmarktpapier 1,5 %, der Fonds im gleichen Zeitraum 6 %, so hat der Fonds zwar 4,5 % mehr Rendite erzielt, nun muss diese zus\u00e4tzliche Rendite jedoch ins Verh\u00e4ltnis zum h\u00f6heren eingegangenen Risiko (Volatilit\u00e4t) gesetzt werden.&hellip;<\/p>\n","category_list_v2":"","author_info_v2":{"name":"PrudentWater","url":"https:\/\/prudentwater.com\/en\/author\/niklas33\/"},"comments_num_v2":"0 comments","_links":{"self":[{"href":"https:\/\/prudentwater.com\/en\/wp-json\/wp\/v2\/pages\/5086","targetHints":{"allow":["GET"]}}],"collection":[{"href":"https:\/\/prudentwater.com\/en\/wp-json\/wp\/v2\/pages"}],"about":[{"href":"https:\/\/prudentwater.com\/en\/wp-json\/wp\/v2\/types\/page"}],"author":[{"embeddable":true,"href":"https:\/\/prudentwater.com\/en\/wp-json\/wp\/v2\/users\/1"}],"replies":[{"embeddable":true,"href":"https:\/\/prudentwater.com\/en\/wp-json\/wp\/v2\/comments?post=5086"}],"version-history":[{"count":0,"href":"https:\/\/prudentwater.com\/en\/wp-json\/wp\/v2\/pages\/5086\/revisions"}],"wp:attachment":[{"href":"https:\/\/prudentwater.com\/en\/wp-json\/wp\/v2\/media?parent=5086"}],"curies":[{"name":"wp","href":"https:\/\/api.w.org\/{rel}","templated":true}]}}