{"id":5108,"date":"2015-11-07T22:38:57","date_gmt":"2015-11-07T22:38:57","guid":{"rendered":"http:\/\/www.kunnskap.de\/?page_id=5108"},"modified":"2021-06-25T12:50:09","modified_gmt":"2021-06-25T10:50:09","slug":"rentenindex","status":"publish","type":"page","link":"https:\/\/prudentwater.com\/en\/rentenindex\/","title":{"rendered":"Rentenindex"},"content":{"rendered":"<p>Ein Rentenindex bildet den Gesamtmarkt f\u00fcr festverzinsliche Wertpapiere ab, \u00e4hnlich wie beispielsweise der DAX den Gesamtmarkt f\u00fcr die gr\u00f6\u00dften deutschen b\u00f6rsennotierten Unternehmen abbildet. Ebenso kann ein Rentenindex auch nur einen bestimmten Teilmarkt innerhalb der festverzinslichen Wertpapiere abbilden. So bildet der Deutsche Rentenindex die Wertentwicklung deutscher Staatsanleihen ab. Es gibt jedoch auch Rentenindizes, welche die Wertentwicklung von deutschen Hochzinsanleihen abbilden oder Rentenindizes, welche den Pfandbriefmarkt wiedergeben. Ziel eines Rentenindex ist es, den jeweiligen Markt f\u00fcr Anleihen m\u00f6glichst genau abzubilden, so wie es Ziel des Aktienindex DAX ist, den deutschen Aktienmarkt m\u00f6glichst repr\u00e4sentativ darzustellen und dessen Entwicklung wiederzugeben. Um dies zu erreichen, m\u00fcssen die Anleihen \u00fcber ein bestimmtes Emissionsvolumen verf\u00fcgen und eine Mindestliquidit\u00e4t aufweisen. Steigt der Kurs eines Rentenindex an, so f\u00e4llt der Effektivzins der im Index enthaltenen festverzinslichen Wertpapiere. F\u00e4llt jedoch der Kurs des Rentenindex, so steigt entsprechend der Effektivzins der im Index enthaltenen festverzinslichen Wertpapiere. Rentenindizes werden dar\u00fcber hinaus sowohl als Kursindex und als Performanceindex berechnet.<\/p>\n","protected":false},"excerpt":{"rendered":"<p>Ein Rentenindex bildet den Gesamtmarkt f\u00fcr festverzinsliche Wertpapiere ab, \u00e4hnlich wie beispielsweise der DAX den Gesamtmarkt f\u00fcr die gr\u00f6\u00dften deutschen b\u00f6rsennotierten Unternehmen abbildet. Ebenso kann ein Rentenindex auch nur einen bestimmten Teilmarkt innerhalb der festverzinslichen Wertpapiere abbilden. So bildet der Deutsche Rentenindex die Wertentwicklung deutscher Staatsanleihen ab. Es gibt jedoch auch Rentenindizes, welche die Wertentwicklung [&hellip;]<\/p>\n","protected":false},"author":1,"featured_media":0,"parent":0,"menu_order":0,"comment_status":"closed","ping_status":"closed","template":"","meta":{"site-sidebar-layout":"default","site-content-layout":"","ast-site-content-layout":"","site-content-style":"default","site-sidebar-style":"default","ast-global-header-display":"","ast-banner-title-visibility":"","ast-main-header-display":"","ast-hfb-above-header-display":"","ast-hfb-below-header-display":"","ast-hfb-mobile-header-display":"","site-post-title":"","ast-breadcrumbs-content":"","ast-featured-img":"","footer-sml-layout":"","theme-transparent-header-meta":"","adv-header-id-meta":"","stick-header-meta":"","header-above-stick-meta":"","header-main-stick-meta":"","header-below-stick-meta":"","astra-migrate-meta-layouts":"default","ast-page-background-enabled":"default","ast-page-background-meta":{"desktop":{"background-color":"","background-image":"","background-repeat":"repeat","background-position":"center center","background-size":"auto","background-attachment":"scroll","background-type":"","background-media":"","overlay-type":"","overlay-color":"","overlay-opacity":"","overlay-gradient":""},"tablet":{"background-color":"","background-image":"","background-repeat":"repeat","background-position":"center center","background-size":"auto","background-attachment":"scroll","background-type":"","background-media":"","overlay-type":"","overlay-color":"","overlay-opacity":"","overlay-gradient":""},"mobile":{"background-color":"","background-image":"","background-repeat":"repeat","background-position":"center center","background-size":"auto","background-attachment":"scroll","background-type":"","background-media":"","overlay-type":"","overlay-color":"","overlay-opacity":"","overlay-gradient":""}},"ast-content-background-meta":{"desktop":{"background-color":"var(--ast-global-color-5)","background-image":"","background-repeat":"repeat","background-position":"center center","background-size":"auto","background-attachment":"scroll","background-type":"","background-media":"","overlay-type":"","overlay-color":"","overlay-opacity":"","overlay-gradient":""},"tablet":{"background-color":"var(--ast-global-color-5)","background-image":"","background-repeat":"repeat","background-position":"center center","background-size":"auto","background-attachment":"scroll","background-type":"","background-media":"","overlay-type":"","overlay-color":"","overlay-opacity":"","overlay-gradient":""},"mobile":{"background-color":"var(--ast-global-color-5)","background-image":"","background-repeat":"repeat","background-position":"center center","background-size":"auto","background-attachment":"scroll","background-type":"","background-media":"","overlay-type":"","overlay-color":"","overlay-opacity":"","overlay-gradient":""}},"footnotes":""},"class_list":["post-5108","page","type-page","status-publish","hentry"],"translation":{"provider":"WPGlobus","version":"3.0.2","language":"en","enabled_languages":["de","en"],"languages":{"de":{"title":true,"content":true,"excerpt":false},"en":{"title":false,"content":false,"excerpt":false}}},"featured_image_urls_v2":{"full":"","thumbnail":"","medium":"","medium_large":"","large":"","1536x1536":"","2048x2048":""},"post_excerpt_stackable_v2":"<p>Ein Rentenindex bildet den Gesamtmarkt f\u00fcr festverzinsliche Wertpapiere ab, \u00e4hnlich wie beispielsweise der DAX den Gesamtmarkt f\u00fcr die gr\u00f6\u00dften deutschen b\u00f6rsennotierten Unternehmen abbildet. Ebenso kann ein Rentenindex auch nur einen bestimmten Teilmarkt innerhalb der festverzinslichen Wertpapiere abbilden. So bildet der Deutsche Rentenindex die Wertentwicklung deutscher Staatsanleihen ab. Es gibt jedoch auch Rentenindizes, welche die Wertentwicklung von deutschen Hochzinsanleihen abbilden oder Rentenindizes, welche den Pfandbriefmarkt wiedergeben. Ziel eines Rentenindex ist es, den jeweiligen Markt f\u00fcr Anleihen m\u00f6glichst genau abzubilden, so wie es Ziel des Aktienindex DAX ist, den deutschen Aktienmarkt m\u00f6glichst repr\u00e4sentativ darzustellen und dessen Entwicklung wiederzugeben. Um dies zu erreichen,&hellip;<\/p>\n","category_list_v2":"","author_info_v2":{"name":"PrudentWater","url":"https:\/\/prudentwater.com\/en\/author\/niklas33\/"},"comments_num_v2":"0 comments","_links":{"self":[{"href":"https:\/\/prudentwater.com\/en\/wp-json\/wp\/v2\/pages\/5108","targetHints":{"allow":["GET"]}}],"collection":[{"href":"https:\/\/prudentwater.com\/en\/wp-json\/wp\/v2\/pages"}],"about":[{"href":"https:\/\/prudentwater.com\/en\/wp-json\/wp\/v2\/types\/page"}],"author":[{"embeddable":true,"href":"https:\/\/prudentwater.com\/en\/wp-json\/wp\/v2\/users\/1"}],"replies":[{"embeddable":true,"href":"https:\/\/prudentwater.com\/en\/wp-json\/wp\/v2\/comments?post=5108"}],"version-history":[{"count":0,"href":"https:\/\/prudentwater.com\/en\/wp-json\/wp\/v2\/pages\/5108\/revisions"}],"wp:attachment":[{"href":"https:\/\/prudentwater.com\/en\/wp-json\/wp\/v2\/media?parent=5108"}],"curies":[{"name":"wp","href":"https:\/\/api.w.org\/{rel}","templated":true}]}}