{"id":5119,"date":"2015-11-09T08:28:18","date_gmt":"2015-11-09T08:28:18","guid":{"rendered":"http:\/\/www.kunnskap.de\/?page_id=5119"},"modified":"2022-10-27T16:05:28","modified_gmt":"2022-10-27T14:05:28","slug":"federal-funds-rate","status":"publish","type":"page","link":"https:\/\/prudentwater.com\/en\/federal-funds-rate\/","title":{"rendered":"Federal Funds Rate"},"content":{"rendered":"\n<div class=\"tradingview-widget-container\">\n  <div class=\"tradingview-widget-container__widget\"><\/div>\n  <div class=\"tradingview-widget-copyright\"><a href=\"https:\/\/de.tradingview.com\/symbols\/NYSE-WMS\/\" rel=\"noopener\" target=\"_blank\"><span class=\"blue-text\"><\/span><\/a><\/div>\n  <script type=\"text\/javascript\" src=\"https:\/\/s3.tradingview.com\/external-embedding\/embed-widget-symbol-info.js\" async=\"\">\n  {\n  \"symbol\": \"ECONOMICS:USINTR\",\n  \"width\": \"100%\",\n  \"locale\": \"de_DE\",\n  \"colorTheme\": \"light\",\n  \"isTransparent\": false,\n  \"largeChartUrl\": \"https:\/\/prudentwater.com\/\"\n}\n  <\/script>\n<\/div>\n<!-- TradingView Widget BEGIN -->\n<div class=\"tradingview-widget-container\">\n  <div id=\"tradingview_2cfc7\"><\/div>\n  <div class=\"tradingview-widget-copyright\"><a href=\"https:\/\/de.tradingview.com\/symbols\/ECONOMICS-USINTR\/\" rel=\"noopener\" target=\"_blank\"><span class=\"blue-text\"><\/span><\/a><\/div>\n  <script type=\"text\/javascript\" src=\"https:\/\/s3.tradingview.com\/tv.js\"><\/script>\n  <script type=\"text\/javascript\">\n  new TradingView.widget(\n  {\n  \"width\": \"100%\",\n  \"height\": \"580\",\n  \"symbol\": \"ECONOMICS:USINTR\",\n  \"interval\": \"D\",\n  \"timezone\": \"Europe\/Berlin\",\n  \"theme\": \"light\",\n  \"style\": \"2\",\n  \"locale\": \"de_DE\",\n  \"toolbar_bg\": \"#f1f3f6\",\n  \"enable_publishing\": false,\n  \"withdateranges\": true,\n  \"range\": \"ALL\",\n  \"allow_symbol_change\": true,\n  \"save_image\": false,\n  \"container_id\": \"tradingview_2cfc7\"\n}\n  );\n  <\/script>\n<\/div>\n<!-- TradingView Widget END -->\n\n\n<p style=\"margin-bottom: 30px;\">\n<\/p><p>Die Federal Funds Rate ist der Zinssatz, zu dem sich US-amerikanische Finanzinstitute untereinander mit der Dauer von einem Tag Geld leihen. Das Geld, welches sich die Banken untereinander \u00fcber Nacht ausleihen, wird dabei zur Deckung der Mindestreserveverpflichtungen genutzt. Die Federal Funds Rate ist der wichtigste Leitzins der US-amerikanischen Notenbank Federal Reserve System und wird von dem Federal Open Market Committee festgelegt. Das europ\u00e4ische Pendant zur Federal Funds Rate ist der Hauptrefinanzierungssatz der Europ\u00e4ischen Zentralbank.<br>\n<div class=\"perfect-pullquote vcard pullquote-align-full pullquote-border-placement-left\" style=\"border-color:#3A434F !important;font-size:22px !important;\"><blockquote><p style=\"font-size:22px !important;\">Ist in den Nachrichten von einer Leitzinserh\u00f6hung oder Leitzinssenkung in den USA die Rede, so ist damit die Federal Fund Rate gemeint.<\/p><\/blockquote><\/div>Die Entwicklung der Federal Funds Rate hat weitreichende Folgen f\u00fcr die gesamte Zinsentwicklung nicht nur in den USA, sondern weltweit. Steigt der Zinssatz, so steigt auch allgemein das Zinsniveau in den USA. Somit werden jedoch auch Kredite f\u00fcr Privatpersonen in den USA teurer, da die Federal Funds Rate als Referenzzinssatz gilt, also als eine Art Basiszinssatz, welcher das Level aller anderen Zinss\u00e4tze in der US-amerikanischen Wirtschaft bestimmt. Vor allem aber beeinflusst die Entwicklung der Federal Funds Rate die Emerging Markets-L\u00e4nder, da steigende US-Zinsen oftmals dazu f\u00fchren, dass Gelder aus den Emerging Markets-Anlagen abgezogen werden. Ebenso f\u00fchren steigende US-Zinsen generell zu einer Aufwertung des US-Dollars, dies wiederum erh\u00f6ht jedoch die Finanzierungskosten f\u00fcr Entwicklungsl\u00e4nder und f\u00fchrt dadurch folglich zu einem R\u00fcckgang der Investitionen in den jeweiligen Regionen.<\/p>","protected":false},"excerpt":{"rendered":"<p>Die Federal Funds Rate ist der Zinssatz, zu dem sich US-amerikanische Finanzinstitute untereinander mit der Dauer von einem Tag Geld leihen. Das Geld, welches sich die Banken untereinander \u00fcber Nacht ausleihen, wird dabei zur Deckung der Mindestreserveverpflichtungen genutzt. Die Federal Funds Rate ist der wichtigste Leitzins der US-amerikanischen Notenbank Federal Reserve System und wird von [&hellip;]<\/p>\n","protected":false},"author":1,"featured_media":0,"parent":0,"menu_order":0,"comment_status":"closed","ping_status":"closed","template":"","meta":{"site-sidebar-layout":"default","site-content-layout":"","ast-site-content-layout":"","site-content-style":"default","site-sidebar-style":"default","ast-global-header-display":"","ast-banner-title-visibility":"","ast-main-header-display":"","ast-hfb-above-header-display":"","ast-hfb-below-header-display":"","ast-hfb-mobile-header-display":"","site-post-title":"","ast-breadcrumbs-content":"","ast-featured-img":"","footer-sml-layout":"","theme-transparent-header-meta":"","adv-header-id-meta":"","stick-header-meta":"","header-above-stick-meta":"","header-main-stick-meta":"","header-below-stick-meta":"","astra-migrate-meta-layouts":"default","ast-page-background-enabled":"default","ast-page-background-meta":{"desktop":{"background-color":"","background-image":"","background-repeat":"repeat","background-position":"center center","background-size":"auto","background-attachment":"scroll","background-type":"","background-media":"","overlay-type":"","overlay-color":"","overlay-opacity":"","overlay-gradient":""},"tablet":{"background-color":"","background-image":"","background-repeat":"repeat","background-position":"center center","background-size":"auto","background-attachment":"scroll","background-type":"","background-media":"","overlay-type":"","overlay-color":"","overlay-opacity":"","overlay-gradient":""},"mobile":{"background-color":"","background-image":"","background-repeat":"repeat","background-position":"center center","background-size":"auto","background-attachment":"scroll","background-type":"","background-media":"","overlay-type":"","overlay-color":"","overlay-opacity":"","overlay-gradient":""}},"ast-content-background-meta":{"desktop":{"background-color":"var(--ast-global-color-5)","background-image":"","background-repeat":"repeat","background-position":"center center","background-size":"auto","background-attachment":"scroll","background-type":"","background-media":"","overlay-type":"","overlay-color":"","overlay-opacity":"","overlay-gradient":""},"tablet":{"background-color":"var(--ast-global-color-5)","background-image":"","background-repeat":"repeat","background-position":"center center","background-size":"auto","background-attachment":"scroll","background-type":"","background-media":"","overlay-type":"","overlay-color":"","overlay-opacity":"","overlay-gradient":""},"mobile":{"background-color":"var(--ast-global-color-5)","background-image":"","background-repeat":"repeat","background-position":"center center","background-size":"auto","background-attachment":"scroll","background-type":"","background-media":"","overlay-type":"","overlay-color":"","overlay-opacity":"","overlay-gradient":""}},"footnotes":""},"class_list":["post-5119","page","type-page","status-publish","hentry"],"translation":{"provider":"WPGlobus","version":"3.0.2","language":"en","enabled_languages":["de","en"],"languages":{"de":{"title":true,"content":true,"excerpt":false},"en":{"title":false,"content":false,"excerpt":false}}},"featured_image_urls_v2":{"full":"","thumbnail":"","medium":"","medium_large":"","large":"","1536x1536":"","2048x2048":""},"post_excerpt_stackable_v2":"<p>Die Federal Funds Rate ist der Zinssatz, zu dem sich US-amerikanische Finanzinstitute untereinander mit der Dauer von einem Tag Geld leihen. Das Geld, welches sich die Banken untereinander \u00fcber Nacht ausleihen, wird dabei zur Deckung der Mindestreserveverpflichtungen genutzt. Die Federal Funds Rate ist der wichtigste Leitzins der US-amerikanischen Notenbank Federal Reserve System und wird von dem Federal Open Market Committee festgelegt. Das europ\u00e4ische Pendant zur Federal Funds Rate ist der Hauptrefinanzierungssatz der Europ\u00e4ischen Zentralbank. Ist in den Nachrichten von einer Leitzinserh\u00f6hung oder Leitzinssenkung in den USA die Rede, so ist damit die Federal Fund Rate gemeint.Die Entwicklung der Federal Funds&hellip;<\/p>\n","category_list_v2":"","author_info_v2":{"name":"PrudentWater","url":"https:\/\/prudentwater.com\/en\/author\/niklas33\/"},"comments_num_v2":"0 comments","_links":{"self":[{"href":"https:\/\/prudentwater.com\/en\/wp-json\/wp\/v2\/pages\/5119","targetHints":{"allow":["GET"]}}],"collection":[{"href":"https:\/\/prudentwater.com\/en\/wp-json\/wp\/v2\/pages"}],"about":[{"href":"https:\/\/prudentwater.com\/en\/wp-json\/wp\/v2\/types\/page"}],"author":[{"embeddable":true,"href":"https:\/\/prudentwater.com\/en\/wp-json\/wp\/v2\/users\/1"}],"replies":[{"embeddable":true,"href":"https:\/\/prudentwater.com\/en\/wp-json\/wp\/v2\/comments?post=5119"}],"version-history":[{"count":0,"href":"https:\/\/prudentwater.com\/en\/wp-json\/wp\/v2\/pages\/5119\/revisions"}],"wp:attachment":[{"href":"https:\/\/prudentwater.com\/en\/wp-json\/wp\/v2\/media?parent=5119"}],"curies":[{"name":"wp","href":"https:\/\/api.w.org\/{rel}","templated":true}]}}