{"id":5126,"date":"2015-11-10T06:18:38","date_gmt":"2015-11-10T06:18:38","guid":{"rendered":"http:\/\/www.kunnskap.de\/?page_id=5126"},"modified":"2021-06-25T12:48:58","modified_gmt":"2021-06-25T10:48:58","slug":"eigene-aktie","status":"publish","type":"page","link":"https:\/\/prudentwater.com\/en\/eigene-aktie\/","title":{"rendered":"Eigene Aktien"},"content":{"rendered":"<p>engl. <strong>Treasury Stock<\/strong><br \/>\nAuch <strong>Eigene Anteile<\/strong><\/p>\n<p>Eigene Aktien sind jene Aktien, die sich im Besitz des emittierenden und somit im Besitz der eigenen Aktiengesellschaft befinden. Das Unternehmen h\u00e4lt also seine eigenen Aktien. Durch einen Aktienr\u00fcckkauf &#8216;entstehen&#8217; eigene Aktien und werden somit vom Markt genommen. Dadurch wird auch der Streubesitz der Aktien verringert. Durch den Aktienr\u00fcckkauf steigt in der Regel der Aktienkurs und damit gleichzeitig der Marktwert des Unternehmens. Des Weiteren erh\u00f6ht sich jedoch auch der Gewinn je Aktie, da nun der Gesamtgewinn des Unternehmens auf weniger Aktien verteilt wird. Die zur\u00fcckgekauften Aktien werden n\u00e4mlich anschlie\u00dfend eingezogen. Somit steigt auch gleichzeitig bei gleichbleibendem Gewinn die H\u00f6he der Dividende.<\/p>\n<p>Das Unternehmen kann jedoch dar\u00fcber entscheiden, was mit den zur\u00fcckgekauften Aktien geschehen soll. Sie k\u00f6nnen anschlie\u00dfend als Belegschaftsaktien dienen oder aber die Aktien werden eingezogen und anschlie\u00dfend vernichtet. Dies w\u00fcrde dann zu einem h\u00f6heren Gewinn bei den Aktion\u00e4ren f\u00fchren, da nun schlicht weniger Aktien vorhanden sind, auf welche die j\u00e4hrlichen Gewinne des Unternehmens in Form der Dividende verteilt werden k\u00f6nnen. Rein wirtschaftlich gesehen ist der Aktienr\u00fcckkauf eine Kapitalherabsetzung. Werden eigene Anteile jedoch nach einem sp\u00e4teren Zeitpunkt wieder verkauft und dies zu einem h\u00f6heren Kurs als sie damals gekauft wurden, so kommt dieser Vorgang einer Kapitalerh\u00f6hung gleich. Der positive Differenzbetrag zwischen Kauf- und Verkaufspreis muss dann den Kapitalr\u00fccklagen zugef\u00fchrt werden.<\/p>\n","protected":false},"excerpt":{"rendered":"<p>engl. Treasury Stock Auch Eigene Anteile Eigene Aktien sind jene Aktien, die sich im Besitz des emittierenden und somit im Besitz der eigenen Aktiengesellschaft befinden. Das Unternehmen h\u00e4lt also seine eigenen Aktien. Durch einen Aktienr\u00fcckkauf &#8216;entstehen&#8217; eigene Aktien und werden somit vom Markt genommen. Dadurch wird auch der Streubesitz der Aktien verringert. Durch den Aktienr\u00fcckkauf [&hellip;]<\/p>\n","protected":false},"author":1,"featured_media":0,"parent":0,"menu_order":0,"comment_status":"closed","ping_status":"closed","template":"","meta":{"site-sidebar-layout":"default","site-content-layout":"","ast-site-content-layout":"","site-content-style":"default","site-sidebar-style":"default","ast-global-header-display":"","ast-banner-title-visibility":"","ast-main-header-display":"","ast-hfb-above-header-display":"","ast-hfb-below-header-display":"","ast-hfb-mobile-header-display":"","site-post-title":"","ast-breadcrumbs-content":"","ast-featured-img":"","footer-sml-layout":"","theme-transparent-header-meta":"","adv-header-id-meta":"","stick-header-meta":"","header-above-stick-meta":"","header-main-stick-meta":"","header-below-stick-meta":"","astra-migrate-meta-layouts":"default","ast-page-background-enabled":"default","ast-page-background-meta":{"desktop":{"background-color":"","background-image":"","background-repeat":"repeat","background-position":"center center","background-size":"auto","background-attachment":"scroll","background-type":"","background-media":"","overlay-type":"","overlay-color":"","overlay-opacity":"","overlay-gradient":""},"tablet":{"background-color":"","background-image":"","background-repeat":"repeat","background-position":"center center","background-size":"auto","background-attachment":"scroll","background-type":"","background-media":"","overlay-type":"","overlay-color":"","overlay-opacity":"","overlay-gradient":""},"mobile":{"background-color":"","background-image":"","background-repeat":"repeat","background-position":"center center","background-size":"auto","background-attachment":"scroll","background-type":"","background-media":"","overlay-type":"","overlay-color":"","overlay-opacity":"","overlay-gradient":""}},"ast-content-background-meta":{"desktop":{"background-color":"var(--ast-global-color-5)","background-image":"","background-repeat":"repeat","background-position":"center center","background-size":"auto","background-attachment":"scroll","background-type":"","background-media":"","overlay-type":"","overlay-color":"","overlay-opacity":"","overlay-gradient":""},"tablet":{"background-color":"var(--ast-global-color-5)","background-image":"","background-repeat":"repeat","background-position":"center center","background-size":"auto","background-attachment":"scroll","background-type":"","background-media":"","overlay-type":"","overlay-color":"","overlay-opacity":"","overlay-gradient":""},"mobile":{"background-color":"var(--ast-global-color-5)","background-image":"","background-repeat":"repeat","background-position":"center center","background-size":"auto","background-attachment":"scroll","background-type":"","background-media":"","overlay-type":"","overlay-color":"","overlay-opacity":"","overlay-gradient":""}},"footnotes":""},"class_list":["post-5126","page","type-page","status-publish","hentry"],"translation":{"provider":"WPGlobus","version":"3.0.2","language":"en","enabled_languages":["de","en"],"languages":{"de":{"title":true,"content":true,"excerpt":false},"en":{"title":false,"content":false,"excerpt":false}}},"featured_image_urls_v2":{"full":"","thumbnail":"","medium":"","medium_large":"","large":"","1536x1536":"","2048x2048":""},"post_excerpt_stackable_v2":"<p>engl. Treasury Stock Auch Eigene Anteile Eigene Aktien sind jene Aktien, die sich im Besitz des emittierenden und somit im Besitz der eigenen Aktiengesellschaft befinden. Das Unternehmen h\u00e4lt also seine eigenen Aktien. Durch einen Aktienr\u00fcckkauf &#8216;entstehen&#8217; eigene Aktien und werden somit vom Markt genommen. Dadurch wird auch der Streubesitz der Aktien verringert. Durch den Aktienr\u00fcckkauf steigt in der Regel der Aktienkurs und damit gleichzeitig der Marktwert des Unternehmens. Des Weiteren erh\u00f6ht sich jedoch auch der Gewinn je Aktie, da nun der Gesamtgewinn des Unternehmens auf weniger Aktien verteilt wird. Die zur\u00fcckgekauften Aktien werden n\u00e4mlich anschlie\u00dfend eingezogen. Somit steigt auch gleichzeitig&hellip;<\/p>\n","category_list_v2":"","author_info_v2":{"name":"PrudentWater","url":"https:\/\/prudentwater.com\/en\/author\/niklas33\/"},"comments_num_v2":"0 comments","_links":{"self":[{"href":"https:\/\/prudentwater.com\/en\/wp-json\/wp\/v2\/pages\/5126","targetHints":{"allow":["GET"]}}],"collection":[{"href":"https:\/\/prudentwater.com\/en\/wp-json\/wp\/v2\/pages"}],"about":[{"href":"https:\/\/prudentwater.com\/en\/wp-json\/wp\/v2\/types\/page"}],"author":[{"embeddable":true,"href":"https:\/\/prudentwater.com\/en\/wp-json\/wp\/v2\/users\/1"}],"replies":[{"embeddable":true,"href":"https:\/\/prudentwater.com\/en\/wp-json\/wp\/v2\/comments?post=5126"}],"version-history":[{"count":0,"href":"https:\/\/prudentwater.com\/en\/wp-json\/wp\/v2\/pages\/5126\/revisions"}],"wp:attachment":[{"href":"https:\/\/prudentwater.com\/en\/wp-json\/wp\/v2\/media?parent=5126"}],"curies":[{"name":"wp","href":"https:\/\/api.w.org\/{rel}","templated":true}]}}