{"id":5134,"date":"2015-11-11T09:37:20","date_gmt":"2015-11-11T09:37:20","guid":{"rendered":"http:\/\/www.kunnskap.de\/?page_id=5134"},"modified":"2021-06-25T12:48:21","modified_gmt":"2021-06-25T10:48:21","slug":"bezugsrechtsemission","status":"publish","type":"page","link":"https:\/\/prudentwater.com\/en\/bezugsrechtsemission\/","title":{"rendered":"Bezugsrechtsemission"},"content":{"rendered":"<p>engl. <strong>Right Issue<\/strong><\/p>\n<p>Eine Bezugsrechtsemission stellt eine Kapitalerh\u00f6hung einer Aktiengesellschaft dar, bei der jedoch neue Aktien nur denjenigen angeboten werden, welche bereits Aktien des Unternehmens besitzen. Den Aktion\u00e4ren des Unternehmens wird somit ein Bezugsrecht einger\u00e4umt, neue Aktien in einem bestimmten Verh\u00e4ltnis zum bisherigen Aktienanteil zu erwerben. Diese Aktien werden den Aktion\u00e4ren dann in der Regel mit einem Rabatt zum aktuellen B\u00f6rsenkurs angeboten, um sie somit zu ermutigen, die Kapitalerh\u00f6hung mitzutragen. Die Aktion\u00e4re m\u00fcssen das Angebot jedoch nicht annehmen, sondern k\u00f6nnen ihre Bezugsrechte auch an der B\u00f6rse weiterverkaufen. Grund der Bezugsrechtsemission ist es einen sogenannten Verw\u00e4sserungseffekt f\u00fcr die Altaktion\u00e4re zu vermeiden, welcher eintreten w\u00fcrde, wenn Altaktion\u00e4re nicht die neu ausgegebenen Aktien im Verh\u00e4ltnis zum bisherigen Aktienanteil kaufen. Bezugsrechtsemissionen werden von Aktiengesellschaften vor allem dann durchgef\u00fchrt, wenn sich die finanzielle Stabilit\u00e4t des Unternehmens verschlechtert oder aber es zu einem Abschwung der Konjunktur kommt.<\/p>\n","protected":false},"excerpt":{"rendered":"<p>engl. Right Issue Eine Bezugsrechtsemission stellt eine Kapitalerh\u00f6hung einer Aktiengesellschaft dar, bei der jedoch neue Aktien nur denjenigen angeboten werden, welche bereits Aktien des Unternehmens besitzen. Den Aktion\u00e4ren des Unternehmens wird somit ein Bezugsrecht einger\u00e4umt, neue Aktien in einem bestimmten Verh\u00e4ltnis zum bisherigen Aktienanteil zu erwerben. Diese Aktien werden den Aktion\u00e4ren dann in der Regel [&hellip;]<\/p>\n","protected":false},"author":1,"featured_media":0,"parent":0,"menu_order":0,"comment_status":"closed","ping_status":"closed","template":"","meta":{"site-sidebar-layout":"default","site-content-layout":"","ast-site-content-layout":"","site-content-style":"default","site-sidebar-style":"default","ast-global-header-display":"","ast-banner-title-visibility":"","ast-main-header-display":"","ast-hfb-above-header-display":"","ast-hfb-below-header-display":"","ast-hfb-mobile-header-display":"","site-post-title":"","ast-breadcrumbs-content":"","ast-featured-img":"","footer-sml-layout":"","theme-transparent-header-meta":"","adv-header-id-meta":"","stick-header-meta":"","header-above-stick-meta":"","header-main-stick-meta":"","header-below-stick-meta":"","astra-migrate-meta-layouts":"default","ast-page-background-enabled":"default","ast-page-background-meta":{"desktop":{"background-color":"","background-image":"","background-repeat":"repeat","background-position":"center center","background-size":"auto","background-attachment":"scroll","background-type":"","background-media":"","overlay-type":"","overlay-color":"","overlay-opacity":"","overlay-gradient":""},"tablet":{"background-color":"","background-image":"","background-repeat":"repeat","background-position":"center center","background-size":"auto","background-attachment":"scroll","background-type":"","background-media":"","overlay-type":"","overlay-color":"","overlay-opacity":"","overlay-gradient":""},"mobile":{"background-color":"","background-image":"","background-repeat":"repeat","background-position":"center center","background-size":"auto","background-attachment":"scroll","background-type":"","background-media":"","overlay-type":"","overlay-color":"","overlay-opacity":"","overlay-gradient":""}},"ast-content-background-meta":{"desktop":{"background-color":"var(--ast-global-color-5)","background-image":"","background-repeat":"repeat","background-position":"center center","background-size":"auto","background-attachment":"scroll","background-type":"","background-media":"","overlay-type":"","overlay-color":"","overlay-opacity":"","overlay-gradient":""},"tablet":{"background-color":"var(--ast-global-color-5)","background-image":"","background-repeat":"repeat","background-position":"center center","background-size":"auto","background-attachment":"scroll","background-type":"","background-media":"","overlay-type":"","overlay-color":"","overlay-opacity":"","overlay-gradient":""},"mobile":{"background-color":"var(--ast-global-color-5)","background-image":"","background-repeat":"repeat","background-position":"center center","background-size":"auto","background-attachment":"scroll","background-type":"","background-media":"","overlay-type":"","overlay-color":"","overlay-opacity":"","overlay-gradient":""}},"footnotes":""},"class_list":["post-5134","page","type-page","status-publish","hentry"],"translation":{"provider":"WPGlobus","version":"3.0.2","language":"en","enabled_languages":["de","en"],"languages":{"de":{"title":true,"content":true,"excerpt":false},"en":{"title":false,"content":false,"excerpt":false}}},"featured_image_urls_v2":{"full":"","thumbnail":"","medium":"","medium_large":"","large":"","1536x1536":"","2048x2048":""},"post_excerpt_stackable_v2":"<p>engl. Right Issue Eine Bezugsrechtsemission stellt eine Kapitalerh\u00f6hung einer Aktiengesellschaft dar, bei der jedoch neue Aktien nur denjenigen angeboten werden, welche bereits Aktien des Unternehmens besitzen. Den Aktion\u00e4ren des Unternehmens wird somit ein Bezugsrecht einger\u00e4umt, neue Aktien in einem bestimmten Verh\u00e4ltnis zum bisherigen Aktienanteil zu erwerben. Diese Aktien werden den Aktion\u00e4ren dann in der Regel mit einem Rabatt zum aktuellen B\u00f6rsenkurs angeboten, um sie somit zu ermutigen, die Kapitalerh\u00f6hung mitzutragen. Die Aktion\u00e4re m\u00fcssen das Angebot jedoch nicht annehmen, sondern k\u00f6nnen ihre Bezugsrechte auch an der B\u00f6rse weiterverkaufen. Grund der Bezugsrechtsemission ist es einen sogenannten Verw\u00e4sserungseffekt f\u00fcr die Altaktion\u00e4re zu vermeiden,&hellip;<\/p>\n","category_list_v2":"","author_info_v2":{"name":"PrudentWater","url":"https:\/\/prudentwater.com\/en\/author\/niklas33\/"},"comments_num_v2":"0 comments","_links":{"self":[{"href":"https:\/\/prudentwater.com\/en\/wp-json\/wp\/v2\/pages\/5134","targetHints":{"allow":["GET"]}}],"collection":[{"href":"https:\/\/prudentwater.com\/en\/wp-json\/wp\/v2\/pages"}],"about":[{"href":"https:\/\/prudentwater.com\/en\/wp-json\/wp\/v2\/types\/page"}],"author":[{"embeddable":true,"href":"https:\/\/prudentwater.com\/en\/wp-json\/wp\/v2\/users\/1"}],"replies":[{"embeddable":true,"href":"https:\/\/prudentwater.com\/en\/wp-json\/wp\/v2\/comments?post=5134"}],"version-history":[{"count":0,"href":"https:\/\/prudentwater.com\/en\/wp-json\/wp\/v2\/pages\/5134\/revisions"}],"wp:attachment":[{"href":"https:\/\/prudentwater.com\/en\/wp-json\/wp\/v2\/media?parent=5134"}],"curies":[{"name":"wp","href":"https:\/\/api.w.org\/{rel}","templated":true}]}}