{"id":51497,"date":"2015-03-05T11:34:50","date_gmt":"2015-03-05T11:34:50","guid":{"rendered":"http:\/\/www.kunnskap.de\/?page_id=2997"},"modified":"2021-06-25T12:48:18","modified_gmt":"2021-06-25T10:48:18","slug":"anleihen-in-einer-deflation-und-inflation","status":"publish","type":"page","link":"https:\/\/prudentwater.com\/en\/anleihen-in-einer-deflation-und-inflation\/","title":{"rendered":"Anleihen in einer Deflation und Inflation"},"content":{"rendered":"<p>Anleihen in einer Inflation sind f\u00fcr den Anleger negativ, da der Kurswert der Anleihe f\u00e4llt, wohingegen Anleihen in einer Deflation profitabel sein k\u00f6nnen, da in diesem Szenario die Anleihenkurse oftmals steigen.<\/p>\n<h4>Anleihen in der Inflation<\/h4>\n<p>Liegt die j\u00e4hrliche Verzinsung der Anleihe unter der aktuellen Inflationsrate, so verliert der Anleger real Geld. Dies macht Anleihen in Zeiten von h\u00f6her ausfallenden als zuvor erwarteten Inflationsraten unattraktiv, wodurch die Nachfrage nach diesen Wertpapieren zur\u00fcckgeht und als Konsequenz die Kurse sinken. So k\u00f6nnen zus\u00e4tzlich noch Kursverluste entstehen, wenn die Anleihen dann vom Anleger verkauft werden m\u00f6chten, jedoch aufgrund der fallenden Kurse dann zu einem niedrigeren Kurs als eingekauft. Erwartet der Markt in Zukunft eine h\u00f6here Inflationsrate als bis dahin eingeplant, reagieren die Kurse von Anleihen oftmals sehr sensibel. Am st\u00e4rksten sinken dann die Kurse von Anleihen mit einer l\u00e4ngeren Laufzeit, wohingegen Anleihen mit einer kurzen Laufzeit (bis zu zwei Jahren) sich weiterhin relativ stabil verhalten. Der Anleger sollte bei seiner Anlageentscheidung in Anleihen somit stets mitber\u00fccksichtigen, dass Anleihen mit einer langen Laufzeit sensibler auf h\u00f6here Inflationsraten reagieren als Anleihen mit einer kurzen Laufzeit. Die inflationsindexierte Anleihe sch\u00fctzt den Anleger hingegen vor der Inflation.<\/p>\n<h4>Anleihen in der Deflation<\/h4>\n<p>Das Geld, welches w\u00e4hrend der Deflation in Anleihen investiert wird, hat bei R\u00fcckzahlung real betrachtet einen h\u00f6heren Wert. Bei Deflation oder minimaler Inflation steigen oftmals Anleihenkurse, da dann die Verzinsung der Anleihe h\u00f6her ist als die Preissteigerungsrate ausf\u00e4llt. Zus\u00e4tzlich besteht die M\u00f6glichkeit auf Kursgewinne, da Geldanlagen in Anleihen als attraktiv angesehen werden und somit die Nachfrage steigt. In einer Deflation steigt jedoch die reale Schuldenlast des Schuldners (Emittent der Anleihe), weshalb das jeweilige Unternehmen bzw. der jeweilige Staat in finanzielle Schwierigkeiten geraten kann und es letztendlich zu Verz\u00f6gerungen oder gar Aussetzungen bei der R\u00fcckzahlung der Anleihe kommen kann.<\/p>\n<hr>\n<h4>Fazit<\/h4>\n<p>Hierbei handelt es sich um die Theorie, welche wie bekanntlich, oftmals von der Realit\u00e4t abweichen kann. Zus\u00e4tzlich wurde das Szenario von relativen moderaten Deflationsraten bzw. Inflationsraten durchgespielt. In einer Hyperinflation oder Hyperdeflation gelten andere Szenarien. Des Weiteren hat die Bonit\u00e4t des Schuldners immer einen \u00fcbergeordneten Einfluss auf die Entwicklung einer Anleihe, weshalb Anleger zun\u00e4chst auf die Solvenz und Zahlungsf\u00e4higkeit des Emittenten schauen sollten und im zweiten Schritt die makro\u00f6konomischen Bedienungen zuziehen sollten.<\/p>\n","protected":false},"excerpt":{"rendered":"<p>Anleihen in einer Inflation sind f\u00fcr den Anleger negativ, da der Kurswert der Anleihe f\u00e4llt, wohingegen Anleihen in einer Deflation profitabel sein k\u00f6nnen, da in diesem Szenario die Anleihenkurse oftmals steigen. Anleihen in der Inflation Liegt die j\u00e4hrliche Verzinsung der Anleihe unter der aktuellen Inflationsrate, so verliert der Anleger real Geld. Dies macht Anleihen in [&hellip;]<\/p>\n","protected":false},"author":1,"featured_media":0,"parent":0,"menu_order":0,"comment_status":"closed","ping_status":"closed","template":"","meta":{"site-sidebar-layout":"default","site-content-layout":"","ast-site-content-layout":"","site-content-style":"default","site-sidebar-style":"default","ast-global-header-display":"","ast-banner-title-visibility":"","ast-main-header-display":"","ast-hfb-above-header-display":"","ast-hfb-below-header-display":"","ast-hfb-mobile-header-display":"","site-post-title":"","ast-breadcrumbs-content":"","ast-featured-img":"","footer-sml-layout":"","theme-transparent-header-meta":"","adv-header-id-meta":"","stick-header-meta":"","header-above-stick-meta":"","header-main-stick-meta":"","header-below-stick-meta":"","astra-migrate-meta-layouts":"default","ast-page-background-enabled":"default","ast-page-background-meta":{"desktop":{"background-color":"","background-image":"","background-repeat":"repeat","background-position":"center center","background-size":"auto","background-attachment":"scroll","background-type":"","background-media":"","overlay-type":"","overlay-color":"","overlay-opacity":"","overlay-gradient":""},"tablet":{"background-color":"","background-image":"","background-repeat":"repeat","background-position":"center center","background-size":"auto","background-attachment":"scroll","background-type":"","background-media":"","overlay-type":"","overlay-color":"","overlay-opacity":"","overlay-gradient":""},"mobile":{"background-color":"","background-image":"","background-repeat":"repeat","background-position":"center center","background-size":"auto","background-attachment":"scroll","background-type":"","background-media":"","overlay-type":"","overlay-color":"","overlay-opacity":"","overlay-gradient":""}},"ast-content-background-meta":{"desktop":{"background-color":"var(--ast-global-color-5)","background-image":"","background-repeat":"repeat","background-position":"center center","background-size":"auto","background-attachment":"scroll","background-type":"","background-media":"","overlay-type":"","overlay-color":"","overlay-opacity":"","overlay-gradient":""},"tablet":{"background-color":"var(--ast-global-color-5)","background-image":"","background-repeat":"repeat","background-position":"center center","background-size":"auto","background-attachment":"scroll","background-type":"","background-media":"","overlay-type":"","overlay-color":"","overlay-opacity":"","overlay-gradient":""},"mobile":{"background-color":"var(--ast-global-color-5)","background-image":"","background-repeat":"repeat","background-position":"center center","background-size":"auto","background-attachment":"scroll","background-type":"","background-media":"","overlay-type":"","overlay-color":"","overlay-opacity":"","overlay-gradient":""}},"footnotes":""},"class_list":["post-51497","page","type-page","status-publish","hentry"],"translation":{"provider":"WPGlobus","version":"3.0.2","language":"en","enabled_languages":["de","en"],"languages":{"de":{"title":true,"content":true,"excerpt":false},"en":{"title":false,"content":false,"excerpt":false}}},"featured_image_urls_v2":{"full":"","thumbnail":"","medium":"","medium_large":"","large":"","1536x1536":"","2048x2048":""},"post_excerpt_stackable_v2":"<p>Anleihen in einer Inflation sind f\u00fcr den Anleger negativ, da der Kurswert der Anleihe f\u00e4llt, wohingegen Anleihen in einer Deflation profitabel sein k\u00f6nnen, da in diesem Szenario die Anleihenkurse oftmals steigen. Anleihen in der Inflation Liegt die j\u00e4hrliche Verzinsung der Anleihe unter der aktuellen Inflationsrate, so verliert der Anleger real Geld. Dies macht Anleihen in Zeiten von h\u00f6her ausfallenden als zuvor erwarteten Inflationsraten unattraktiv, wodurch die Nachfrage nach diesen Wertpapieren zur\u00fcckgeht und als Konsequenz die Kurse sinken. So k\u00f6nnen zus\u00e4tzlich noch Kursverluste entstehen, wenn die Anleihen dann vom Anleger verkauft werden m\u00f6chten, jedoch aufgrund der fallenden Kurse dann zu einem&hellip;<\/p>\n","category_list_v2":"","author_info_v2":{"name":"PrudentWater","url":"https:\/\/prudentwater.com\/en\/author\/niklas33\/"},"comments_num_v2":"0 comments","_links":{"self":[{"href":"https:\/\/prudentwater.com\/en\/wp-json\/wp\/v2\/pages\/51497","targetHints":{"allow":["GET"]}}],"collection":[{"href":"https:\/\/prudentwater.com\/en\/wp-json\/wp\/v2\/pages"}],"about":[{"href":"https:\/\/prudentwater.com\/en\/wp-json\/wp\/v2\/types\/page"}],"author":[{"embeddable":true,"href":"https:\/\/prudentwater.com\/en\/wp-json\/wp\/v2\/users\/1"}],"replies":[{"embeddable":true,"href":"https:\/\/prudentwater.com\/en\/wp-json\/wp\/v2\/comments?post=51497"}],"version-history":[{"count":0,"href":"https:\/\/prudentwater.com\/en\/wp-json\/wp\/v2\/pages\/51497\/revisions"}],"wp:attachment":[{"href":"https:\/\/prudentwater.com\/en\/wp-json\/wp\/v2\/media?parent=51497"}],"curies":[{"name":"wp","href":"https:\/\/api.w.org\/{rel}","templated":true}]}}