{"id":51498,"date":"2015-03-05T22:04:30","date_gmt":"2015-03-05T22:04:30","guid":{"rendered":"http:\/\/www.kunnskap.de\/?page_id=3001"},"modified":"2022-08-28T15:53:07","modified_gmt":"2022-08-28T13:53:07","slug":"ausschuttungsart","status":"publish","type":"page","link":"https:\/\/prudentwater.com\/en\/ausschuttungsart\/","title":{"rendered":"Aussch\u00fcttungsart"},"content":{"rendered":"<p>Die Aussch\u00fcttungsart gibt an, wie der Fonds oder ETF mit den eingenommenen Dividenden, Zinsen (ordentliche Ertr\u00e4ge) oder mit den erzielten Gewinnen aus Wertpapierverk\u00e4ufen (au\u00dferordentliche Ertr\u00e4ge) umgeht. Dabei gibt es zwei verschiedene Aussch\u00fcttungsarten:<\/p>\n<ul>\n<h4>Aussch\u00fcttend &#8211; Ertr\u00e4ge werden ausgesch\u00fcttet<\/h4>\n<p>Die erzielten Ertr\u00e4ge werden an die Anteilseigner regelm\u00e4\u00dfig ausgesch\u00fcttet. Die Aussch\u00fcttung findet meistens j\u00e4hrlich statt und unterliegt der Abgeltungssteuer.<\/p>\n<hr>\n<h4>Thesaurierend &#8211; Ertr\u00e4ge werden vom Fonds \/ ETF einbehalten<\/h4>\n<p>Der Fonds \/ ETF beh\u00e4hlt die Ertr\u00e4ge ein. Diese werden anschlie\u00dfend reinvestiert (Thesaurierung). In diesem Fall profitiert der Anteilseigner vom \u00fcbertragbarem Zinseszinseffekt. Au\u00dferdem muss er sich so nicht selbst um die Reinvestierung der ausgesch\u00fctteten Ertr\u00e4ge k\u00fcmmern, sondern kann dies dem Fondsmanagement \u00fcberlassen.<\/ul>\n","protected":false},"excerpt":{"rendered":"<p>Die Aussch\u00fcttungsart gibt an, wie der Fonds oder ETF mit den eingenommenen Dividenden, Zinsen (ordentliche Ertr\u00e4ge) oder mit den erzielten Gewinnen aus Wertpapierverk\u00e4ufen (au\u00dferordentliche Ertr\u00e4ge) umgeht. Dabei gibt es zwei verschiedene Aussch\u00fcttungsarten: Aussch\u00fcttend &#8211; Ertr\u00e4ge werden ausgesch\u00fcttet Die erzielten Ertr\u00e4ge werden an die Anteilseigner regelm\u00e4\u00dfig ausgesch\u00fcttet. Die Aussch\u00fcttung findet meistens j\u00e4hrlich statt und unterliegt der [&hellip;]<\/p>\n","protected":false},"author":1,"featured_media":0,"parent":0,"menu_order":0,"comment_status":"closed","ping_status":"closed","template":"","meta":{"site-sidebar-layout":"default","site-content-layout":"","ast-site-content-layout":"","site-content-style":"default","site-sidebar-style":"default","ast-global-header-display":"","ast-banner-title-visibility":"","ast-main-header-display":"","ast-hfb-above-header-display":"","ast-hfb-below-header-display":"","ast-hfb-mobile-header-display":"","site-post-title":"","ast-breadcrumbs-content":"","ast-featured-img":"","footer-sml-layout":"","theme-transparent-header-meta":"","adv-header-id-meta":"","stick-header-meta":"","header-above-stick-meta":"","header-main-stick-meta":"","header-below-stick-meta":"","astra-migrate-meta-layouts":"default","ast-page-background-enabled":"default","ast-page-background-meta":{"desktop":{"background-color":"","background-image":"","background-repeat":"repeat","background-position":"center center","background-size":"auto","background-attachment":"scroll","background-type":"","background-media":"","overlay-type":"","overlay-color":"","overlay-opacity":"","overlay-gradient":""},"tablet":{"background-color":"","background-image":"","background-repeat":"repeat","background-position":"center center","background-size":"auto","background-attachment":"scroll","background-type":"","background-media":"","overlay-type":"","overlay-color":"","overlay-opacity":"","overlay-gradient":""},"mobile":{"background-color":"","background-image":"","background-repeat":"repeat","background-position":"center center","background-size":"auto","background-attachment":"scroll","background-type":"","background-media":"","overlay-type":"","overlay-color":"","overlay-opacity":"","overlay-gradient":""}},"ast-content-background-meta":{"desktop":{"background-color":"var(--ast-global-color-5)","background-image":"","background-repeat":"repeat","background-position":"center center","background-size":"auto","background-attachment":"scroll","background-type":"","background-media":"","overlay-type":"","overlay-color":"","overlay-opacity":"","overlay-gradient":""},"tablet":{"background-color":"var(--ast-global-color-5)","background-image":"","background-repeat":"repeat","background-position":"center center","background-size":"auto","background-attachment":"scroll","background-type":"","background-media":"","overlay-type":"","overlay-color":"","overlay-opacity":"","overlay-gradient":""},"mobile":{"background-color":"var(--ast-global-color-5)","background-image":"","background-repeat":"repeat","background-position":"center center","background-size":"auto","background-attachment":"scroll","background-type":"","background-media":"","overlay-type":"","overlay-color":"","overlay-opacity":"","overlay-gradient":""}},"footnotes":""},"class_list":["post-51498","page","type-page","status-publish","hentry"],"translation":{"provider":"WPGlobus","version":"3.0.2","language":"en","enabled_languages":["de","en"],"languages":{"de":{"title":true,"content":true,"excerpt":false},"en":{"title":false,"content":false,"excerpt":false}}},"featured_image_urls_v2":{"full":"","thumbnail":"","medium":"","medium_large":"","large":"","1536x1536":"","2048x2048":""},"post_excerpt_stackable_v2":"<p>Die Aussch\u00fcttungsart gibt an, wie der Fonds oder ETF mit den eingenommenen Dividenden, Zinsen (ordentliche Ertr\u00e4ge) oder mit den erzielten Gewinnen aus Wertpapierverk\u00e4ufen (au\u00dferordentliche Ertr\u00e4ge) umgeht. Dabei gibt es zwei verschiedene Aussch\u00fcttungsarten: Aussch\u00fcttend &#8211; Ertr\u00e4ge werden ausgesch\u00fcttet Die erzielten Ertr\u00e4ge werden an die Anteilseigner regelm\u00e4\u00dfig ausgesch\u00fcttet. Die Aussch\u00fcttung findet meistens j\u00e4hrlich statt und unterliegt der Abgeltungssteuer. Thesaurierend &#8211; Ertr\u00e4ge werden vom Fonds \/ ETF einbehalten Der Fonds \/ ETF beh\u00e4hlt die Ertr\u00e4ge ein. Diese werden anschlie\u00dfend reinvestiert (Thesaurierung). In diesem Fall profitiert der Anteilseigner vom \u00fcbertragbarem Zinseszinseffekt. Au\u00dferdem muss er sich so nicht selbst um die Reinvestierung der ausgesch\u00fctteten Ertr\u00e4ge&hellip;<\/p>\n","category_list_v2":"","author_info_v2":{"name":"PrudentWater","url":"https:\/\/prudentwater.com\/en\/author\/niklas33\/"},"comments_num_v2":"0 comments","_links":{"self":[{"href":"https:\/\/prudentwater.com\/en\/wp-json\/wp\/v2\/pages\/51498","targetHints":{"allow":["GET"]}}],"collection":[{"href":"https:\/\/prudentwater.com\/en\/wp-json\/wp\/v2\/pages"}],"about":[{"href":"https:\/\/prudentwater.com\/en\/wp-json\/wp\/v2\/types\/page"}],"author":[{"embeddable":true,"href":"https:\/\/prudentwater.com\/en\/wp-json\/wp\/v2\/users\/1"}],"replies":[{"embeddable":true,"href":"https:\/\/prudentwater.com\/en\/wp-json\/wp\/v2\/comments?post=51498"}],"version-history":[{"count":0,"href":"https:\/\/prudentwater.com\/en\/wp-json\/wp\/v2\/pages\/51498\/revisions"}],"wp:attachment":[{"href":"https:\/\/prudentwater.com\/en\/wp-json\/wp\/v2\/media?parent=51498"}],"curies":[{"name":"wp","href":"https:\/\/api.w.org\/{rel}","templated":true}]}}