{"id":5154,"date":"2015-11-12T20:42:26","date_gmt":"2015-11-12T20:42:26","guid":{"rendered":"http:\/\/www.kunnskap.de\/?page_id=5154"},"modified":"2021-06-25T12:50:09","modified_gmt":"2021-06-25T10:50:09","slug":"roll-over","status":"publish","type":"page","link":"https:\/\/prudentwater.com\/en\/roll-over\/","title":{"rendered":"Roll Over"},"content":{"rendered":"<p>Roll Over ist ein Begriff aus dem Futurehandel und beschreibt das Wechseln eines auslaufenden Kontraktes in einen neuen Kontrakt mit einer l\u00e4ngeren Laufzeit. Ein Future hat schlie\u00dflich immer nur eine begrenzte Laufzeit. M\u00f6chte der Anleger jedoch weiterhin an der Entwicklung des Basiswertes partizipieren, so muss er sein Future, welcher zu einem festgelegten Termin demn\u00e4chst ausl\u00e4uft, durch einen neuen Future ersetzen. Der neue Future weist dann dieselben Merkmale auf, hat jedoch eine l\u00e4ngere Laufzeit. Roll Over beschreibt somit, dass kurz vor dem Laufzeitende des einen Future, dieser verkauft wird und mit dem erzielten Geld in einen Future mit einer l\u00e4ngeren Laufzeit investiert wird. Somit kann auf Dauer an der Entwicklung des Basiswertes partizipiert werden. Future-Kontrakte verfallen am dritten Freitag der Monate M\u00e4rz, Juni, September und Dezember.<\/p>\n","protected":false},"excerpt":{"rendered":"<p>Roll Over ist ein Begriff aus dem Futurehandel und beschreibt das Wechseln eines auslaufenden Kontraktes in einen neuen Kontrakt mit einer l\u00e4ngeren Laufzeit. Ein Future hat schlie\u00dflich immer nur eine begrenzte Laufzeit. M\u00f6chte der Anleger jedoch weiterhin an der Entwicklung des Basiswertes partizipieren, so muss er sein Future, welcher zu einem festgelegten Termin demn\u00e4chst ausl\u00e4uft, [&hellip;]<\/p>\n","protected":false},"author":1,"featured_media":0,"parent":0,"menu_order":0,"comment_status":"closed","ping_status":"closed","template":"","meta":{"site-sidebar-layout":"default","site-content-layout":"","ast-site-content-layout":"","site-content-style":"default","site-sidebar-style":"default","ast-global-header-display":"","ast-banner-title-visibility":"","ast-main-header-display":"","ast-hfb-above-header-display":"","ast-hfb-below-header-display":"","ast-hfb-mobile-header-display":"","site-post-title":"","ast-breadcrumbs-content":"","ast-featured-img":"","footer-sml-layout":"","theme-transparent-header-meta":"","adv-header-id-meta":"","stick-header-meta":"","header-above-stick-meta":"","header-main-stick-meta":"","header-below-stick-meta":"","astra-migrate-meta-layouts":"default","ast-page-background-enabled":"default","ast-page-background-meta":{"desktop":{"background-color":"","background-image":"","background-repeat":"repeat","background-position":"center center","background-size":"auto","background-attachment":"scroll","background-type":"","background-media":"","overlay-type":"","overlay-color":"","overlay-opacity":"","overlay-gradient":""},"tablet":{"background-color":"","background-image":"","background-repeat":"repeat","background-position":"center center","background-size":"auto","background-attachment":"scroll","background-type":"","background-media":"","overlay-type":"","overlay-color":"","overlay-opacity":"","overlay-gradient":""},"mobile":{"background-color":"","background-image":"","background-repeat":"repeat","background-position":"center center","background-size":"auto","background-attachment":"scroll","background-type":"","background-media":"","overlay-type":"","overlay-color":"","overlay-opacity":"","overlay-gradient":""}},"ast-content-background-meta":{"desktop":{"background-color":"var(--ast-global-color-5)","background-image":"","background-repeat":"repeat","background-position":"center center","background-size":"auto","background-attachment":"scroll","background-type":"","background-media":"","overlay-type":"","overlay-color":"","overlay-opacity":"","overlay-gradient":""},"tablet":{"background-color":"var(--ast-global-color-5)","background-image":"","background-repeat":"repeat","background-position":"center center","background-size":"auto","background-attachment":"scroll","background-type":"","background-media":"","overlay-type":"","overlay-color":"","overlay-opacity":"","overlay-gradient":""},"mobile":{"background-color":"var(--ast-global-color-5)","background-image":"","background-repeat":"repeat","background-position":"center center","background-size":"auto","background-attachment":"scroll","background-type":"","background-media":"","overlay-type":"","overlay-color":"","overlay-opacity":"","overlay-gradient":""}},"footnotes":""},"class_list":["post-5154","page","type-page","status-publish","hentry"],"translation":{"provider":"WPGlobus","version":"3.0.2","language":"en","enabled_languages":["de","en"],"languages":{"de":{"title":true,"content":true,"excerpt":false},"en":{"title":false,"content":false,"excerpt":false}}},"featured_image_urls_v2":{"full":"","thumbnail":"","medium":"","medium_large":"","large":"","1536x1536":"","2048x2048":""},"post_excerpt_stackable_v2":"<p>Roll Over ist ein Begriff aus dem Futurehandel und beschreibt das Wechseln eines auslaufenden Kontraktes in einen neuen Kontrakt mit einer l\u00e4ngeren Laufzeit. Ein Future hat schlie\u00dflich immer nur eine begrenzte Laufzeit. M\u00f6chte der Anleger jedoch weiterhin an der Entwicklung des Basiswertes partizipieren, so muss er sein Future, welcher zu einem festgelegten Termin demn\u00e4chst ausl\u00e4uft, durch einen neuen Future ersetzen. Der neue Future weist dann dieselben Merkmale auf, hat jedoch eine l\u00e4ngere Laufzeit. Roll Over beschreibt somit, dass kurz vor dem Laufzeitende des einen Future, dieser verkauft wird und mit dem erzielten Geld in einen Future mit einer l\u00e4ngeren Laufzeit&hellip;<\/p>\n","category_list_v2":"","author_info_v2":{"name":"PrudentWater","url":"https:\/\/prudentwater.com\/en\/author\/niklas33\/"},"comments_num_v2":"0 comments","_links":{"self":[{"href":"https:\/\/prudentwater.com\/en\/wp-json\/wp\/v2\/pages\/5154","targetHints":{"allow":["GET"]}}],"collection":[{"href":"https:\/\/prudentwater.com\/en\/wp-json\/wp\/v2\/pages"}],"about":[{"href":"https:\/\/prudentwater.com\/en\/wp-json\/wp\/v2\/types\/page"}],"author":[{"embeddable":true,"href":"https:\/\/prudentwater.com\/en\/wp-json\/wp\/v2\/users\/1"}],"replies":[{"embeddable":true,"href":"https:\/\/prudentwater.com\/en\/wp-json\/wp\/v2\/comments?post=5154"}],"version-history":[{"count":0,"href":"https:\/\/prudentwater.com\/en\/wp-json\/wp\/v2\/pages\/5154\/revisions"}],"wp:attachment":[{"href":"https:\/\/prudentwater.com\/en\/wp-json\/wp\/v2\/media?parent=5154"}],"curies":[{"name":"wp","href":"https:\/\/api.w.org\/{rel}","templated":true}]}}