{"id":5161,"date":"2015-11-13T07:20:16","date_gmt":"2015-11-13T07:20:16","guid":{"rendered":"http:\/\/www.kunnskap.de\/?page_id=5161"},"modified":"2023-01-24T12:05:33","modified_gmt":"2023-01-24T11:05:33","slug":"backwardation","status":"publish","type":"page","link":"https:\/\/prudentwater.com\/en\/backwardation\/","title":{"rendered":"Backwardation"},"content":{"rendered":"<p>Backwardation beschreibt eine Preissituation am Warenterminmarkt und liegt dann vor, wenn ein Future mit einer l\u00e4ngeren Laufzeit aktuell g\u00fcnstiger ist als derselbe Future mit einer k\u00fcrzeren Laufzeit. Der Basiswert und alle anderen Ausstattungsmerkmale abgesehen von der Laufzeit sind dabei identisch. In der Backwardation-Preissituation ist der Kauf des Basiswertes zu einem sp\u00e4teren Zeitpunkt jedoch g\u00fcnstiger als im Vergleich zum sofortigen Kauf.<br \/>\n<center><img loading=\"lazy\" decoding=\"async\" src=\"https:\/\/prudentwater.com\/wp-content\/uploads\/2023\/01\/Backwardation.png\" alt=\"contango\" class=\"alignnone size-full wp-image-6845\" width=\"560\" height=\"26\" title=\"\"><\/center><br \/>\nEin Grund, warum der Rohstoff aktuell teurer ist als in der Zukunft, kann an der erh\u00f6hten aktuellen Nachfrage liegen. H\u00e4ndler ben\u00f6tigen den Rohstoff sofort und nicht erst in einigen Monaten. Somit steigt die Nachfrage nach einer sofortigen Lieferung des Basiswertes und folglich auch der zu zahlende Preis &#8211; so entsteht oftmals Backwardation am Terminmarkt.<div class=\"perfect-pullquote vcard pullquote-align-full pullquote-border-placement-left\" style=\"border-color:#9cd3db !important;font-size:22px !important;\"><blockquote><p style=\"font-size:22px !important;\">Backwardation am Warenterminmarkt signalisiert oftmals eine aktuelle Knappheit des zugrunde liegenden Rohstoffes.<\/p><\/blockquote><\/div>Die Terminkurve des Basiswertes hat w\u00e4hrend der Backwardation eine negative Neigung und die Terminkurse liegen umso niedriger, je l\u00e4nger die Laufzeit des Future ist. Contango ist das Gegenteil von Backwardation. Contango liegt am Terminmarkt vor, wenn ein Future mit einer l\u00e4ngeren Laufzeit teurer ist als ein Future mit einer k\u00fcrzeren Laufzeit. Contango ist der Normalfall am Terminmarkt, wohingegen Backwardation eher selten und au\u00dfergew\u00f6hnlich ist.<\/p>\n","protected":false},"excerpt":{"rendered":"<p>Backwardation beschreibt eine Preissituation am Warenterminmarkt und liegt dann vor, wenn ein Future mit einer l\u00e4ngeren Laufzeit aktuell g\u00fcnstiger ist als derselbe Future mit einer k\u00fcrzeren Laufzeit. Der Basiswert und alle anderen Ausstattungsmerkmale abgesehen von der Laufzeit sind dabei identisch. In der Backwardation-Preissituation ist der Kauf des Basiswertes zu einem sp\u00e4teren Zeitpunkt jedoch g\u00fcnstiger als [&hellip;]<\/p>\n","protected":false},"author":1,"featured_media":0,"parent":0,"menu_order":0,"comment_status":"closed","ping_status":"closed","template":"","meta":{"site-sidebar-layout":"default","site-content-layout":"","ast-site-content-layout":"","site-content-style":"default","site-sidebar-style":"default","ast-global-header-display":"","ast-banner-title-visibility":"","ast-main-header-display":"","ast-hfb-above-header-display":"","ast-hfb-below-header-display":"","ast-hfb-mobile-header-display":"","site-post-title":"","ast-breadcrumbs-content":"","ast-featured-img":"","footer-sml-layout":"","theme-transparent-header-meta":"","adv-header-id-meta":"","stick-header-meta":"","header-above-stick-meta":"","header-main-stick-meta":"","header-below-stick-meta":"","astra-migrate-meta-layouts":"default","ast-page-background-enabled":"default","ast-page-background-meta":{"desktop":{"background-color":"","background-image":"","background-repeat":"repeat","background-position":"center center","background-size":"auto","background-attachment":"scroll","background-type":"","background-media":"","overlay-type":"","overlay-color":"","overlay-opacity":"","overlay-gradient":""},"tablet":{"background-color":"","background-image":"","background-repeat":"repeat","background-position":"center center","background-size":"auto","background-attachment":"scroll","background-type":"","background-media":"","overlay-type":"","overlay-color":"","overlay-opacity":"","overlay-gradient":""},"mobile":{"background-color":"","background-image":"","background-repeat":"repeat","background-position":"center center","background-size":"auto","background-attachment":"scroll","background-type":"","background-media":"","overlay-type":"","overlay-color":"","overlay-opacity":"","overlay-gradient":""}},"ast-content-background-meta":{"desktop":{"background-color":"var(--ast-global-color-5)","background-image":"","background-repeat":"repeat","background-position":"center center","background-size":"auto","background-attachment":"scroll","background-type":"","background-media":"","overlay-type":"","overlay-color":"","overlay-opacity":"","overlay-gradient":""},"tablet":{"background-color":"var(--ast-global-color-5)","background-image":"","background-repeat":"repeat","background-position":"center center","background-size":"auto","background-attachment":"scroll","background-type":"","background-media":"","overlay-type":"","overlay-color":"","overlay-opacity":"","overlay-gradient":""},"mobile":{"background-color":"var(--ast-global-color-5)","background-image":"","background-repeat":"repeat","background-position":"center center","background-size":"auto","background-attachment":"scroll","background-type":"","background-media":"","overlay-type":"","overlay-color":"","overlay-opacity":"","overlay-gradient":""}},"footnotes":""},"class_list":["post-5161","page","type-page","status-publish","hentry"],"translation":{"provider":"WPGlobus","version":"3.0.2","language":"en","enabled_languages":["de","en"],"languages":{"de":{"title":true,"content":true,"excerpt":false},"en":{"title":false,"content":false,"excerpt":false}}},"featured_image_urls_v2":{"full":"","thumbnail":"","medium":"","medium_large":"","large":"","1536x1536":"","2048x2048":""},"post_excerpt_stackable_v2":"<p>Backwardation beschreibt eine Preissituation am Warenterminmarkt und liegt dann vor, wenn ein Future mit einer l\u00e4ngeren Laufzeit aktuell g\u00fcnstiger ist als derselbe Future mit einer k\u00fcrzeren Laufzeit. Der Basiswert und alle anderen Ausstattungsmerkmale abgesehen von der Laufzeit sind dabei identisch. In der Backwardation-Preissituation ist der Kauf des Basiswertes zu einem sp\u00e4teren Zeitpunkt jedoch g\u00fcnstiger als im Vergleich zum sofortigen Kauf. Ein Grund, warum der Rohstoff aktuell teurer ist als in der Zukunft, kann an der erh\u00f6hten aktuellen Nachfrage liegen. H\u00e4ndler ben\u00f6tigen den Rohstoff sofort und nicht erst in einigen Monaten. Somit steigt die Nachfrage nach einer sofortigen Lieferung des Basiswertes&hellip;<\/p>\n","category_list_v2":"","author_info_v2":{"name":"PrudentWater","url":"https:\/\/prudentwater.com\/en\/author\/niklas33\/"},"comments_num_v2":"0 comments","_links":{"self":[{"href":"https:\/\/prudentwater.com\/en\/wp-json\/wp\/v2\/pages\/5161","targetHints":{"allow":["GET"]}}],"collection":[{"href":"https:\/\/prudentwater.com\/en\/wp-json\/wp\/v2\/pages"}],"about":[{"href":"https:\/\/prudentwater.com\/en\/wp-json\/wp\/v2\/types\/page"}],"author":[{"embeddable":true,"href":"https:\/\/prudentwater.com\/en\/wp-json\/wp\/v2\/users\/1"}],"replies":[{"embeddable":true,"href":"https:\/\/prudentwater.com\/en\/wp-json\/wp\/v2\/comments?post=5161"}],"version-history":[{"count":0,"href":"https:\/\/prudentwater.com\/en\/wp-json\/wp\/v2\/pages\/5161\/revisions"}],"wp:attachment":[{"href":"https:\/\/prudentwater.com\/en\/wp-json\/wp\/v2\/media?parent=5161"}],"curies":[{"name":"wp","href":"https:\/\/api.w.org\/{rel}","templated":true}]}}