{"id":5172,"date":"2015-11-13T08:42:52","date_gmt":"2015-11-13T08:42:52","guid":{"rendered":"http:\/\/www.kunnskap.de\/?page_id=5172"},"modified":"2023-03-26T14:09:23","modified_gmt":"2023-03-26T12:09:23","slug":"rollgewinn","status":"publish","type":"page","link":"https:\/\/prudentwater.com\/en\/rollgewinn\/","title":{"rendered":"Rollgewinn"},"content":{"rendered":"<p>Ein Rollgewinn bezieht sich auf den Handel mit Futures und kann w\u00e4hrend des Roll Over-Vorganges entstehen. Rollgewinne entstehen in der Backwardation-Preissituation. Backwardation liegt am Terminmarkt vor, wenn der Future mit einer l\u00e4ngeren Laufzeit g\u00fcnstiger ist als der Future mit einer k\u00fcrzeren Laufzeit. Wird beim Rollen der in K\u00fcrze auslaufende Future verkauft, muss mit dem erl\u00f6sten Geld in einen neuen Future mit einer l\u00e4ngeren Laufzeit investiert werden, um weiterhin an der Kursentwicklung des zugrunde liegenden Basiswertes zu partizipieren. In einer Backwardation-Situation  liegt nun der Verkaufserl\u00f6s des abgelaufenen Future \u00fcber dem Kaufpreis des neuen Future mit einer l\u00e4ngeren Laufzeit. Somit entsteht ein Rollgewinn, da nun f\u00fcr den neuen Future weniger bezahlt werden muss als der Anleger f\u00fcr den Verkauf seines auslaufenden Future erhalten hat. Die Differenz zwischen den beiden Futures ist der Rollgewinn. Ob der Anleger in Zukunft einen Rollgewinn erwarten kann, wird anhand der Forward Curve eingesch\u00e4tzt. Je steiler die Forward Curve eines Rohstoffes nach unten zeigt, desto h\u00f6here Rollgewinne sind beim Wechsel des auslaufenden Kontraktes in den neuen Kontrakt zu erwarten. Die Forward Curve kann sich in ihrer Ausformung jedoch noch jederzeit \u00e4ndern, deshalb gibt sie zwar aussagekr\u00e4ftige Hinweise, diese m\u00fcssen sich jedoch in der Zukunft nicht unbedingt bewahrheiten.<\/p>\n","protected":false},"excerpt":{"rendered":"<p>Ein Rollgewinn bezieht sich auf den Handel mit Futures und kann w\u00e4hrend des Roll Over-Vorganges entstehen. Rollgewinne entstehen in der Backwardation-Preissituation. Backwardation liegt am Terminmarkt vor, wenn der Future mit einer l\u00e4ngeren Laufzeit g\u00fcnstiger ist als der Future mit einer k\u00fcrzeren Laufzeit. Wird beim Rollen der in K\u00fcrze auslaufende Future verkauft, muss mit dem erl\u00f6sten [&hellip;]<\/p>\n","protected":false},"author":1,"featured_media":0,"parent":0,"menu_order":0,"comment_status":"closed","ping_status":"closed","template":"","meta":{"site-sidebar-layout":"default","site-content-layout":"","ast-site-content-layout":"","site-content-style":"default","site-sidebar-style":"default","ast-global-header-display":"","ast-banner-title-visibility":"","ast-main-header-display":"","ast-hfb-above-header-display":"","ast-hfb-below-header-display":"","ast-hfb-mobile-header-display":"","site-post-title":"","ast-breadcrumbs-content":"","ast-featured-img":"","footer-sml-layout":"","theme-transparent-header-meta":"","adv-header-id-meta":"","stick-header-meta":"","header-above-stick-meta":"","header-main-stick-meta":"","header-below-stick-meta":"","astra-migrate-meta-layouts":"default","ast-page-background-enabled":"default","ast-page-background-meta":{"desktop":{"background-color":"","background-image":"","background-repeat":"repeat","background-position":"center center","background-size":"auto","background-attachment":"scroll","background-type":"","background-media":"","overlay-type":"","overlay-color":"","overlay-opacity":"","overlay-gradient":""},"tablet":{"background-color":"","background-image":"","background-repeat":"repeat","background-position":"center center","background-size":"auto","background-attachment":"scroll","background-type":"","background-media":"","overlay-type":"","overlay-color":"","overlay-opacity":"","overlay-gradient":""},"mobile":{"background-color":"","background-image":"","background-repeat":"repeat","background-position":"center center","background-size":"auto","background-attachment":"scroll","background-type":"","background-media":"","overlay-type":"","overlay-color":"","overlay-opacity":"","overlay-gradient":""}},"ast-content-background-meta":{"desktop":{"background-color":"var(--ast-global-color-5)","background-image":"","background-repeat":"repeat","background-position":"center center","background-size":"auto","background-attachment":"scroll","background-type":"","background-media":"","overlay-type":"","overlay-color":"","overlay-opacity":"","overlay-gradient":""},"tablet":{"background-color":"var(--ast-global-color-5)","background-image":"","background-repeat":"repeat","background-position":"center center","background-size":"auto","background-attachment":"scroll","background-type":"","background-media":"","overlay-type":"","overlay-color":"","overlay-opacity":"","overlay-gradient":""},"mobile":{"background-color":"var(--ast-global-color-5)","background-image":"","background-repeat":"repeat","background-position":"center center","background-size":"auto","background-attachment":"scroll","background-type":"","background-media":"","overlay-type":"","overlay-color":"","overlay-opacity":"","overlay-gradient":""}},"footnotes":""},"class_list":["post-5172","page","type-page","status-publish","hentry"],"translation":{"provider":"WPGlobus","version":"3.0.2","language":"en","enabled_languages":["de","en"],"languages":{"de":{"title":true,"content":true,"excerpt":false},"en":{"title":false,"content":false,"excerpt":false}}},"featured_image_urls_v2":{"full":"","thumbnail":"","medium":"","medium_large":"","large":"","1536x1536":"","2048x2048":""},"post_excerpt_stackable_v2":"<p>Ein Rollgewinn bezieht sich auf den Handel mit Futures und kann w\u00e4hrend des Roll Over-Vorganges entstehen. Rollgewinne entstehen in der Backwardation-Preissituation. Backwardation liegt am Terminmarkt vor, wenn der Future mit einer l\u00e4ngeren Laufzeit g\u00fcnstiger ist als der Future mit einer k\u00fcrzeren Laufzeit. Wird beim Rollen der in K\u00fcrze auslaufende Future verkauft, muss mit dem erl\u00f6sten Geld in einen neuen Future mit einer l\u00e4ngeren Laufzeit investiert werden, um weiterhin an der Kursentwicklung des zugrunde liegenden Basiswertes zu partizipieren. In einer Backwardation-Situation liegt nun der Verkaufserl\u00f6s des abgelaufenen Future \u00fcber dem Kaufpreis des neuen Future mit einer l\u00e4ngeren Laufzeit. Somit entsteht ein&hellip;<\/p>\n","category_list_v2":"","author_info_v2":{"name":"PrudentWater","url":"https:\/\/prudentwater.com\/en\/author\/niklas33\/"},"comments_num_v2":"0 comments","_links":{"self":[{"href":"https:\/\/prudentwater.com\/en\/wp-json\/wp\/v2\/pages\/5172","targetHints":{"allow":["GET"]}}],"collection":[{"href":"https:\/\/prudentwater.com\/en\/wp-json\/wp\/v2\/pages"}],"about":[{"href":"https:\/\/prudentwater.com\/en\/wp-json\/wp\/v2\/types\/page"}],"author":[{"embeddable":true,"href":"https:\/\/prudentwater.com\/en\/wp-json\/wp\/v2\/users\/1"}],"replies":[{"embeddable":true,"href":"https:\/\/prudentwater.com\/en\/wp-json\/wp\/v2\/comments?post=5172"}],"version-history":[{"count":0,"href":"https:\/\/prudentwater.com\/en\/wp-json\/wp\/v2\/pages\/5172\/revisions"}],"wp:attachment":[{"href":"https:\/\/prudentwater.com\/en\/wp-json\/wp\/v2\/media?parent=5172"}],"curies":[{"name":"wp","href":"https:\/\/api.w.org\/{rel}","templated":true}]}}