{"id":5195,"date":"2015-11-14T09:11:35","date_gmt":"2015-11-14T09:11:35","guid":{"rendered":"http:\/\/www.kunnskap.de\/?page_id=5195"},"modified":"2021-06-25T12:48:23","modified_gmt":"2021-06-25T10:48:23","slug":"collateral-yield","status":"publish","type":"page","link":"https:\/\/prudentwater.com\/en\/collateral-yield\/","title":{"rendered":"Collateral Yield"},"content":{"rendered":"<p>Collateral Yield bezeichnet eine bestimmte Renditekomponente im Handel mit Future-Kontrakten. Beim Future-Handel muss n\u00e4mlich zu Beginn Gesch\u00e4ftes lediglich eine geringe Sicherheitsleistung hinterlegt werden. Diese liegt zwischen 4-10 % des Gesch\u00e4ftswertes. Ein weiterer Kapitaleinsatz ist zun\u00e4chst nicht n\u00f6tig. Die Abrechnung, bei der der gesamte Geldbetrag im Austausch f\u00fcr den Basiswert gezahlt werden muss, erfolgt erst bei F\u00e4lligkeit des zugrunde liegenden Future. Somit kann der Anleger den Geldbetrag bis zur F\u00e4lligkeit anderweitig anlegen. Er kann ihn beispielsweise verzinslich am Geldmarkt anlegen. Die Verzinsung, die mit dem Geldbetrag abz\u00fcglich der Sicherheitsleistung erzielt wird, bezeichnet man Collateral Yield und ist ebenso eine Ertragskomponente eines Futuregesch\u00e4ftes.<\/p>\n","protected":false},"excerpt":{"rendered":"<p>Collateral Yield bezeichnet eine bestimmte Renditekomponente im Handel mit Future-Kontrakten. Beim Future-Handel muss n\u00e4mlich zu Beginn Gesch\u00e4ftes lediglich eine geringe Sicherheitsleistung hinterlegt werden. Diese liegt zwischen 4-10 % des Gesch\u00e4ftswertes. Ein weiterer Kapitaleinsatz ist zun\u00e4chst nicht n\u00f6tig. Die Abrechnung, bei der der gesamte Geldbetrag im Austausch f\u00fcr den Basiswert gezahlt werden muss, erfolgt erst bei [&hellip;]<\/p>\n","protected":false},"author":1,"featured_media":0,"parent":0,"menu_order":0,"comment_status":"closed","ping_status":"closed","template":"","meta":{"site-sidebar-layout":"default","site-content-layout":"","ast-site-content-layout":"","site-content-style":"default","site-sidebar-style":"default","ast-global-header-display":"","ast-banner-title-visibility":"","ast-main-header-display":"","ast-hfb-above-header-display":"","ast-hfb-below-header-display":"","ast-hfb-mobile-header-display":"","site-post-title":"","ast-breadcrumbs-content":"","ast-featured-img":"","footer-sml-layout":"","theme-transparent-header-meta":"","adv-header-id-meta":"","stick-header-meta":"","header-above-stick-meta":"","header-main-stick-meta":"","header-below-stick-meta":"","astra-migrate-meta-layouts":"default","ast-page-background-enabled":"default","ast-page-background-meta":{"desktop":{"background-color":"","background-image":"","background-repeat":"repeat","background-position":"center center","background-size":"auto","background-attachment":"scroll","background-type":"","background-media":"","overlay-type":"","overlay-color":"","overlay-opacity":"","overlay-gradient":""},"tablet":{"background-color":"","background-image":"","background-repeat":"repeat","background-position":"center center","background-size":"auto","background-attachment":"scroll","background-type":"","background-media":"","overlay-type":"","overlay-color":"","overlay-opacity":"","overlay-gradient":""},"mobile":{"background-color":"","background-image":"","background-repeat":"repeat","background-position":"center center","background-size":"auto","background-attachment":"scroll","background-type":"","background-media":"","overlay-type":"","overlay-color":"","overlay-opacity":"","overlay-gradient":""}},"ast-content-background-meta":{"desktop":{"background-color":"var(--ast-global-color-5)","background-image":"","background-repeat":"repeat","background-position":"center center","background-size":"auto","background-attachment":"scroll","background-type":"","background-media":"","overlay-type":"","overlay-color":"","overlay-opacity":"","overlay-gradient":""},"tablet":{"background-color":"var(--ast-global-color-5)","background-image":"","background-repeat":"repeat","background-position":"center center","background-size":"auto","background-attachment":"scroll","background-type":"","background-media":"","overlay-type":"","overlay-color":"","overlay-opacity":"","overlay-gradient":""},"mobile":{"background-color":"var(--ast-global-color-5)","background-image":"","background-repeat":"repeat","background-position":"center center","background-size":"auto","background-attachment":"scroll","background-type":"","background-media":"","overlay-type":"","overlay-color":"","overlay-opacity":"","overlay-gradient":""}},"footnotes":""},"class_list":["post-5195","page","type-page","status-publish","hentry"],"translation":{"provider":"WPGlobus","version":"3.0.2","language":"en","enabled_languages":["de","en"],"languages":{"de":{"title":true,"content":true,"excerpt":false},"en":{"title":false,"content":false,"excerpt":false}}},"featured_image_urls_v2":{"full":"","thumbnail":"","medium":"","medium_large":"","large":"","1536x1536":"","2048x2048":""},"post_excerpt_stackable_v2":"<p>Collateral Yield bezeichnet eine bestimmte Renditekomponente im Handel mit Future-Kontrakten. Beim Future-Handel muss n\u00e4mlich zu Beginn Gesch\u00e4ftes lediglich eine geringe Sicherheitsleistung hinterlegt werden. Diese liegt zwischen 4-10 % des Gesch\u00e4ftswertes. Ein weiterer Kapitaleinsatz ist zun\u00e4chst nicht n\u00f6tig. Die Abrechnung, bei der der gesamte Geldbetrag im Austausch f\u00fcr den Basiswert gezahlt werden muss, erfolgt erst bei F\u00e4lligkeit des zugrunde liegenden Future. Somit kann der Anleger den Geldbetrag bis zur F\u00e4lligkeit anderweitig anlegen. Er kann ihn beispielsweise verzinslich am Geldmarkt anlegen. Die Verzinsung, die mit dem Geldbetrag abz\u00fcglich der Sicherheitsleistung erzielt wird, bezeichnet man Collateral Yield und ist ebenso eine Ertragskomponente eines&hellip;<\/p>\n","category_list_v2":"","author_info_v2":{"name":"PrudentWater","url":"https:\/\/prudentwater.com\/en\/author\/niklas33\/"},"comments_num_v2":"0 comments","_links":{"self":[{"href":"https:\/\/prudentwater.com\/en\/wp-json\/wp\/v2\/pages\/5195","targetHints":{"allow":["GET"]}}],"collection":[{"href":"https:\/\/prudentwater.com\/en\/wp-json\/wp\/v2\/pages"}],"about":[{"href":"https:\/\/prudentwater.com\/en\/wp-json\/wp\/v2\/types\/page"}],"author":[{"embeddable":true,"href":"https:\/\/prudentwater.com\/en\/wp-json\/wp\/v2\/users\/1"}],"replies":[{"embeddable":true,"href":"https:\/\/prudentwater.com\/en\/wp-json\/wp\/v2\/comments?post=5195"}],"version-history":[{"count":0,"href":"https:\/\/prudentwater.com\/en\/wp-json\/wp\/v2\/pages\/5195\/revisions"}],"wp:attachment":[{"href":"https:\/\/prudentwater.com\/en\/wp-json\/wp\/v2\/media?parent=5195"}],"curies":[{"name":"wp","href":"https:\/\/api.w.org\/{rel}","templated":true}]}}