{"id":5203,"date":"2015-11-15T11:32:10","date_gmt":"2015-11-15T11:32:10","guid":{"rendered":"http:\/\/www.kunnskap.de\/?page_id=5203"},"modified":"2021-06-25T12:50:12","modified_gmt":"2021-06-25T10:50:12","slug":"spot-return","status":"publish","type":"page","link":"https:\/\/prudentwater.com\/en\/spot-return\/","title":{"rendered":"Spot Return"},"content":{"rendered":"<p>Spot Return ist eine von drei Methoden, um die Preisentwicklung eines Rohstoffindex zu berechnen. Bei der Spot Return Berechnungsmethode ber\u00fccksichtigt der Rohstoffindex immer nur die Preisentwicklung eines Future des zugrunde liegenden Rohstoffes mit der k\u00fcrzesten Laufzeit. Kurz bevor dieser Future dann verf\u00e4llt, wird in den Future mit der n\u00e4chstl\u00e4ngeren Laufzeit gewechselt. Die Preisdifferenz der beiden Futures wird bei der Berechnung jedoch nicht ber\u00fccksichtigt. Contango und Backwardation werden somit bei der Berechnung nicht ber\u00fccksichtigt.<br \/>\nDie Spot Return spiegelt somit die Spot Yield wider.<br \/>\nZwei weitere Berechnungsmethoden um die Entwicklung eines Rohstoffindex zu zeigen, ist die Excess Return und die Total Return Methode.<\/p>\n","protected":false},"excerpt":{"rendered":"<p>Spot Return ist eine von drei Methoden, um die Preisentwicklung eines Rohstoffindex zu berechnen. Bei der Spot Return Berechnungsmethode ber\u00fccksichtigt der Rohstoffindex immer nur die Preisentwicklung eines Future des zugrunde liegenden Rohstoffes mit der k\u00fcrzesten Laufzeit. Kurz bevor dieser Future dann verf\u00e4llt, wird in den Future mit der n\u00e4chstl\u00e4ngeren Laufzeit gewechselt. Die Preisdifferenz der beiden [&hellip;]<\/p>\n","protected":false},"author":1,"featured_media":0,"parent":0,"menu_order":0,"comment_status":"closed","ping_status":"closed","template":"","meta":{"site-sidebar-layout":"default","site-content-layout":"","ast-site-content-layout":"","site-content-style":"default","site-sidebar-style":"default","ast-global-header-display":"","ast-banner-title-visibility":"","ast-main-header-display":"","ast-hfb-above-header-display":"","ast-hfb-below-header-display":"","ast-hfb-mobile-header-display":"","site-post-title":"","ast-breadcrumbs-content":"","ast-featured-img":"","footer-sml-layout":"","theme-transparent-header-meta":"","adv-header-id-meta":"","stick-header-meta":"","header-above-stick-meta":"","header-main-stick-meta":"","header-below-stick-meta":"","astra-migrate-meta-layouts":"default","ast-page-background-enabled":"default","ast-page-background-meta":{"desktop":{"background-color":"","background-image":"","background-repeat":"repeat","background-position":"center center","background-size":"auto","background-attachment":"scroll","background-type":"","background-media":"","overlay-type":"","overlay-color":"","overlay-opacity":"","overlay-gradient":""},"tablet":{"background-color":"","background-image":"","background-repeat":"repeat","background-position":"center center","background-size":"auto","background-attachment":"scroll","background-type":"","background-media":"","overlay-type":"","overlay-color":"","overlay-opacity":"","overlay-gradient":""},"mobile":{"background-color":"","background-image":"","background-repeat":"repeat","background-position":"center center","background-size":"auto","background-attachment":"scroll","background-type":"","background-media":"","overlay-type":"","overlay-color":"","overlay-opacity":"","overlay-gradient":""}},"ast-content-background-meta":{"desktop":{"background-color":"var(--ast-global-color-5)","background-image":"","background-repeat":"repeat","background-position":"center center","background-size":"auto","background-attachment":"scroll","background-type":"","background-media":"","overlay-type":"","overlay-color":"","overlay-opacity":"","overlay-gradient":""},"tablet":{"background-color":"var(--ast-global-color-5)","background-image":"","background-repeat":"repeat","background-position":"center center","background-size":"auto","background-attachment":"scroll","background-type":"","background-media":"","overlay-type":"","overlay-color":"","overlay-opacity":"","overlay-gradient":""},"mobile":{"background-color":"var(--ast-global-color-5)","background-image":"","background-repeat":"repeat","background-position":"center center","background-size":"auto","background-attachment":"scroll","background-type":"","background-media":"","overlay-type":"","overlay-color":"","overlay-opacity":"","overlay-gradient":""}},"footnotes":""},"class_list":["post-5203","page","type-page","status-publish","hentry"],"translation":{"provider":"WPGlobus","version":"3.0.2","language":"en","enabled_languages":["de","en"],"languages":{"de":{"title":true,"content":true,"excerpt":false},"en":{"title":false,"content":false,"excerpt":false}}},"featured_image_urls_v2":{"full":"","thumbnail":"","medium":"","medium_large":"","large":"","1536x1536":"","2048x2048":""},"post_excerpt_stackable_v2":"<p>Spot Return ist eine von drei Methoden, um die Preisentwicklung eines Rohstoffindex zu berechnen. Bei der Spot Return Berechnungsmethode ber\u00fccksichtigt der Rohstoffindex immer nur die Preisentwicklung eines Future des zugrunde liegenden Rohstoffes mit der k\u00fcrzesten Laufzeit. Kurz bevor dieser Future dann verf\u00e4llt, wird in den Future mit der n\u00e4chstl\u00e4ngeren Laufzeit gewechselt. Die Preisdifferenz der beiden Futures wird bei der Berechnung jedoch nicht ber\u00fccksichtigt. Contango und Backwardation werden somit bei der Berechnung nicht ber\u00fccksichtigt. Die Spot Return spiegelt somit die Spot Yield wider. Zwei weitere Berechnungsmethoden um die Entwicklung eines Rohstoffindex zu zeigen, ist die Excess Return und die Total Return&hellip;<\/p>\n","category_list_v2":"","author_info_v2":{"name":"PrudentWater","url":"https:\/\/prudentwater.com\/en\/author\/niklas33\/"},"comments_num_v2":"0 comments","_links":{"self":[{"href":"https:\/\/prudentwater.com\/en\/wp-json\/wp\/v2\/pages\/5203","targetHints":{"allow":["GET"]}}],"collection":[{"href":"https:\/\/prudentwater.com\/en\/wp-json\/wp\/v2\/pages"}],"about":[{"href":"https:\/\/prudentwater.com\/en\/wp-json\/wp\/v2\/types\/page"}],"author":[{"embeddable":true,"href":"https:\/\/prudentwater.com\/en\/wp-json\/wp\/v2\/users\/1"}],"replies":[{"embeddable":true,"href":"https:\/\/prudentwater.com\/en\/wp-json\/wp\/v2\/comments?post=5203"}],"version-history":[{"count":0,"href":"https:\/\/prudentwater.com\/en\/wp-json\/wp\/v2\/pages\/5203\/revisions"}],"wp:attachment":[{"href":"https:\/\/prudentwater.com\/en\/wp-json\/wp\/v2\/media?parent=5203"}],"curies":[{"name":"wp","href":"https:\/\/api.w.org\/{rel}","templated":true}]}}