{"id":5207,"date":"2015-11-15T13:24:54","date_gmt":"2015-11-15T13:24:54","guid":{"rendered":"http:\/\/www.kunnskap.de\/?page_id=5207"},"modified":"2021-06-25T12:49:00","modified_gmt":"2021-06-25T10:49:00","slug":"excess-return","status":"publish","type":"page","link":"https:\/\/prudentwater.com\/en\/excess-return\/","title":{"rendered":"Excess Return"},"content":{"rendered":"<p>Excess Return ist eine von drei Methoden, um die Preisentwicklung eines Rohstoffindex zu berechnen. Bei der Excess Return Berechnungsmethode ber\u00fccksichtigt der Rohstoffindex immer nur die Preisentwicklung eines Future des zugrunde liegenden Rohstoffes mit der k\u00fcrzesten Laufzeit, jedoch wird, im Gegensatz zur Spot Return, der Gewinn oder Verlust beim Roll Over-Vorgang mitber\u00fccksichtigt. Kurz bevor der Future auf den Rohstoff verf\u00e4llt, wird in den Future mit der n\u00e4chstl\u00e4ngeren Laufzeit gewechselt. Die Preisdifferenz der beiden Futures wird bei der Berechnung ber\u00fccksichtigt. Contango und Backwardation flie\u00dfen somit bei der Bildung des Rohstoffindex ein. Allerdings werden Zinseinnahmen (Collateral Yield), die beim Futurehandel zus\u00e4tzlich erzielt werden k\u00f6nnen, nicht mitber\u00fccksichtigt.<br \/>\nDie Excess Return spiegelt somit die Spot Yield und die Roll Yield wider.<br \/>\nZwei weitere Berechnungsmethoden um die Entwicklung eines Rohstoffindex zu zeigen, ist die Spot Return und die Total Return Methode.<\/p>\n","protected":false},"excerpt":{"rendered":"<p>Excess Return ist eine von drei Methoden, um die Preisentwicklung eines Rohstoffindex zu berechnen. Bei der Excess Return Berechnungsmethode ber\u00fccksichtigt der Rohstoffindex immer nur die Preisentwicklung eines Future des zugrunde liegenden Rohstoffes mit der k\u00fcrzesten Laufzeit, jedoch wird, im Gegensatz zur Spot Return, der Gewinn oder Verlust beim Roll Over-Vorgang mitber\u00fccksichtigt. Kurz bevor der Future [&hellip;]<\/p>\n","protected":false},"author":1,"featured_media":0,"parent":0,"menu_order":0,"comment_status":"closed","ping_status":"closed","template":"","meta":{"site-sidebar-layout":"default","site-content-layout":"","ast-site-content-layout":"","site-content-style":"default","site-sidebar-style":"default","ast-global-header-display":"","ast-banner-title-visibility":"","ast-main-header-display":"","ast-hfb-above-header-display":"","ast-hfb-below-header-display":"","ast-hfb-mobile-header-display":"","site-post-title":"","ast-breadcrumbs-content":"","ast-featured-img":"","footer-sml-layout":"","theme-transparent-header-meta":"","adv-header-id-meta":"","stick-header-meta":"","header-above-stick-meta":"","header-main-stick-meta":"","header-below-stick-meta":"","astra-migrate-meta-layouts":"default","ast-page-background-enabled":"default","ast-page-background-meta":{"desktop":{"background-color":"","background-image":"","background-repeat":"repeat","background-position":"center center","background-size":"auto","background-attachment":"scroll","background-type":"","background-media":"","overlay-type":"","overlay-color":"","overlay-opacity":"","overlay-gradient":""},"tablet":{"background-color":"","background-image":"","background-repeat":"repeat","background-position":"center center","background-size":"auto","background-attachment":"scroll","background-type":"","background-media":"","overlay-type":"","overlay-color":"","overlay-opacity":"","overlay-gradient":""},"mobile":{"background-color":"","background-image":"","background-repeat":"repeat","background-position":"center center","background-size":"auto","background-attachment":"scroll","background-type":"","background-media":"","overlay-type":"","overlay-color":"","overlay-opacity":"","overlay-gradient":""}},"ast-content-background-meta":{"desktop":{"background-color":"var(--ast-global-color-5)","background-image":"","background-repeat":"repeat","background-position":"center center","background-size":"auto","background-attachment":"scroll","background-type":"","background-media":"","overlay-type":"","overlay-color":"","overlay-opacity":"","overlay-gradient":""},"tablet":{"background-color":"var(--ast-global-color-5)","background-image":"","background-repeat":"repeat","background-position":"center center","background-size":"auto","background-attachment":"scroll","background-type":"","background-media":"","overlay-type":"","overlay-color":"","overlay-opacity":"","overlay-gradient":""},"mobile":{"background-color":"var(--ast-global-color-5)","background-image":"","background-repeat":"repeat","background-position":"center center","background-size":"auto","background-attachment":"scroll","background-type":"","background-media":"","overlay-type":"","overlay-color":"","overlay-opacity":"","overlay-gradient":""}},"footnotes":""},"class_list":["post-5207","page","type-page","status-publish","hentry"],"translation":{"provider":"WPGlobus","version":"3.0.2","language":"en","enabled_languages":["de","en"],"languages":{"de":{"title":true,"content":true,"excerpt":false},"en":{"title":false,"content":false,"excerpt":false}}},"featured_image_urls_v2":{"full":"","thumbnail":"","medium":"","medium_large":"","large":"","1536x1536":"","2048x2048":""},"post_excerpt_stackable_v2":"<p>Excess Return ist eine von drei Methoden, um die Preisentwicklung eines Rohstoffindex zu berechnen. Bei der Excess Return Berechnungsmethode ber\u00fccksichtigt der Rohstoffindex immer nur die Preisentwicklung eines Future des zugrunde liegenden Rohstoffes mit der k\u00fcrzesten Laufzeit, jedoch wird, im Gegensatz zur Spot Return, der Gewinn oder Verlust beim Roll Over-Vorgang mitber\u00fccksichtigt. Kurz bevor der Future auf den Rohstoff verf\u00e4llt, wird in den Future mit der n\u00e4chstl\u00e4ngeren Laufzeit gewechselt. Die Preisdifferenz der beiden Futures wird bei der Berechnung ber\u00fccksichtigt. Contango und Backwardation flie\u00dfen somit bei der Bildung des Rohstoffindex ein. Allerdings werden Zinseinnahmen (Collateral Yield), die beim Futurehandel zus\u00e4tzlich erzielt werden&hellip;<\/p>\n","category_list_v2":"","author_info_v2":{"name":"PrudentWater","url":"https:\/\/prudentwater.com\/en\/author\/niklas33\/"},"comments_num_v2":"0 comments","_links":{"self":[{"href":"https:\/\/prudentwater.com\/en\/wp-json\/wp\/v2\/pages\/5207","targetHints":{"allow":["GET"]}}],"collection":[{"href":"https:\/\/prudentwater.com\/en\/wp-json\/wp\/v2\/pages"}],"about":[{"href":"https:\/\/prudentwater.com\/en\/wp-json\/wp\/v2\/types\/page"}],"author":[{"embeddable":true,"href":"https:\/\/prudentwater.com\/en\/wp-json\/wp\/v2\/users\/1"}],"replies":[{"embeddable":true,"href":"https:\/\/prudentwater.com\/en\/wp-json\/wp\/v2\/comments?post=5207"}],"version-history":[{"count":0,"href":"https:\/\/prudentwater.com\/en\/wp-json\/wp\/v2\/pages\/5207\/revisions"}],"wp:attachment":[{"href":"https:\/\/prudentwater.com\/en\/wp-json\/wp\/v2\/media?parent=5207"}],"curies":[{"name":"wp","href":"https:\/\/api.w.org\/{rel}","templated":true}]}}