{"id":5215,"date":"2015-11-15T13:38:58","date_gmt":"2015-11-15T13:38:58","guid":{"rendered":"http:\/\/www.kunnskap.de\/?page_id=5215"},"modified":"2021-06-25T12:50:14","modified_gmt":"2021-06-25T10:50:14","slug":"total-return","status":"publish","type":"page","link":"https:\/\/prudentwater.com\/en\/total-return\/","title":{"rendered":"Total Return"},"content":{"rendered":"<p>Auch <strong>TR<\/strong> oder <strong>Totalertrag<\/strong><\/p>\n<p>Die Total Return ist allgmein die Gesamtrendite einer Geldanlage und beinhaltet Kursgewinne \/ Kursverluste, Dividendenzahlungen sowie Zinszahlungen. Sie wird in Prozent angegeben.<\/p>\n<h4>Total Return bei Rohstoffindizes<\/h4>\n<p>Total Return ist eine von drei Methoden, um die Preisentwicklung eines Rohstoffindex zu berechnen. Bei der Total Return Berechnungsmethode ber\u00fccksichtigt der Rohstoffindex die Preisentwicklung eines Future des zugrunde liegenden Rohstoffes mit der k\u00fcrzesten Laufzeit, zus\u00e4tzlich wird jedoch auch der Rollgewinn oder Rollverlust beim Roll Over-Vorgang mitber\u00fccksichtigt und au\u00dferdem flie\u00dfen Zinseinnahmen, die beim Futurehandel erzielt werden k\u00f6nnen, in die Berechnung des Rohstoffindex ein. Kurz bevor der Future auf den Rohstoff verf\u00e4llt, wird in den Future mit der n\u00e4chstl\u00e4ngeren Laufzeit gewechselt. Die Preisdifferenz der beiden Futures wird bei der Berechnung ber\u00fccksichtigt. Contango und Backwardation flie\u00dfen somit bei der Bildung des Rohstoffindex ein. Beim Kauf eines Rohstoff-Future muss nicht der vollst\u00e4ndige Wert des Kontraktes an der Terminb\u00f6rse hinterlegt werden, sondern immer nur ein kleiner Teil. Der restliche Geldbetrag kann am Geldmarkt in festverzinsliche Wertpapiere investiert werden. Die Zinseinnahmen, welche dadurch erzielt werden, flie\u00dfen bei der Berechnung des Rohstoffindex mit ein. Die Total Return spiegelt somit die Spot Yield, die Roll Yield und die Collateral Yield wider. Zwei weitere Berechnungsmethoden um die Entwicklung eines Rohstoffindex zu zeigen, ist die Spot Return und die Excess Return Methode.<\/p>\n<h4>Total Return bei Aktienindizes<\/h4>\n<p>Ein Total Return Aktienindex setzt sich aus der Kursentwicklung der einzelnen Aktien zusammen sowie aus den jeweiligen Dividendenertr\u00e4gen. Diese Art von Index wird auch Performanceindex genannt.<\/p>\n<h4>Total Return als Anlagestrategie<\/h4>\n<p>Diese Strategie zielt darauf ab, den gr\u00f6\u00dft m\u00f6glichen Gewinn zu erzielen. Um dieses Ziel zu erreichen, werden auch sogenannte nicht-klassische Anlagen gew\u00e4hlt, wie zum Beispiel Devisentermingesch\u00e4fte oder Rohstoffgesch\u00e4fte. Jede M\u00f6glichkeit, die sich ergibt um Geld zu verdienen, wird bei der Total Return Anlagestrategie genutzt.<\/p>\n","protected":false},"excerpt":{"rendered":"<p>Auch TR oder Totalertrag Die Total Return ist allgmein die Gesamtrendite einer Geldanlage und beinhaltet Kursgewinne \/ Kursverluste, Dividendenzahlungen sowie Zinszahlungen. Sie wird in Prozent angegeben. Total Return bei Rohstoffindizes Total Return ist eine von drei Methoden, um die Preisentwicklung eines Rohstoffindex zu berechnen. Bei der Total Return Berechnungsmethode ber\u00fccksichtigt der Rohstoffindex die Preisentwicklung eines [&hellip;]<\/p>\n","protected":false},"author":1,"featured_media":0,"parent":0,"menu_order":0,"comment_status":"closed","ping_status":"closed","template":"","meta":{"site-sidebar-layout":"default","site-content-layout":"","ast-site-content-layout":"","site-content-style":"default","site-sidebar-style":"default","ast-global-header-display":"","ast-banner-title-visibility":"","ast-main-header-display":"","ast-hfb-above-header-display":"","ast-hfb-below-header-display":"","ast-hfb-mobile-header-display":"","site-post-title":"","ast-breadcrumbs-content":"","ast-featured-img":"","footer-sml-layout":"","theme-transparent-header-meta":"","adv-header-id-meta":"","stick-header-meta":"","header-above-stick-meta":"","header-main-stick-meta":"","header-below-stick-meta":"","astra-migrate-meta-layouts":"default","ast-page-background-enabled":"default","ast-page-background-meta":{"desktop":{"background-color":"","background-image":"","background-repeat":"repeat","background-position":"center center","background-size":"auto","background-attachment":"scroll","background-type":"","background-media":"","overlay-type":"","overlay-color":"","overlay-opacity":"","overlay-gradient":""},"tablet":{"background-color":"","background-image":"","background-repeat":"repeat","background-position":"center center","background-size":"auto","background-attachment":"scroll","background-type":"","background-media":"","overlay-type":"","overlay-color":"","overlay-opacity":"","overlay-gradient":""},"mobile":{"background-color":"","background-image":"","background-repeat":"repeat","background-position":"center center","background-size":"auto","background-attachment":"scroll","background-type":"","background-media":"","overlay-type":"","overlay-color":"","overlay-opacity":"","overlay-gradient":""}},"ast-content-background-meta":{"desktop":{"background-color":"var(--ast-global-color-5)","background-image":"","background-repeat":"repeat","background-position":"center center","background-size":"auto","background-attachment":"scroll","background-type":"","background-media":"","overlay-type":"","overlay-color":"","overlay-opacity":"","overlay-gradient":""},"tablet":{"background-color":"var(--ast-global-color-5)","background-image":"","background-repeat":"repeat","background-position":"center center","background-size":"auto","background-attachment":"scroll","background-type":"","background-media":"","overlay-type":"","overlay-color":"","overlay-opacity":"","overlay-gradient":""},"mobile":{"background-color":"var(--ast-global-color-5)","background-image":"","background-repeat":"repeat","background-position":"center center","background-size":"auto","background-attachment":"scroll","background-type":"","background-media":"","overlay-type":"","overlay-color":"","overlay-opacity":"","overlay-gradient":""}},"footnotes":""},"class_list":["post-5215","page","type-page","status-publish","hentry"],"translation":{"provider":"WPGlobus","version":"3.0.2","language":"en","enabled_languages":["de","en"],"languages":{"de":{"title":true,"content":true,"excerpt":false},"en":{"title":false,"content":false,"excerpt":false}}},"featured_image_urls_v2":{"full":"","thumbnail":"","medium":"","medium_large":"","large":"","1536x1536":"","2048x2048":""},"post_excerpt_stackable_v2":"<p>Auch TR oder Totalertrag Die Total Return ist allgmein die Gesamtrendite einer Geldanlage und beinhaltet Kursgewinne \/ Kursverluste, Dividendenzahlungen sowie Zinszahlungen. Sie wird in Prozent angegeben. Total Return bei Rohstoffindizes Total Return ist eine von drei Methoden, um die Preisentwicklung eines Rohstoffindex zu berechnen. Bei der Total Return Berechnungsmethode ber\u00fccksichtigt der Rohstoffindex die Preisentwicklung eines Future des zugrunde liegenden Rohstoffes mit der k\u00fcrzesten Laufzeit, zus\u00e4tzlich wird jedoch auch der Rollgewinn oder Rollverlust beim Roll Over-Vorgang mitber\u00fccksichtigt und au\u00dferdem flie\u00dfen Zinseinnahmen, die beim Futurehandel erzielt werden k\u00f6nnen, in die Berechnung des Rohstoffindex ein. Kurz bevor der Future auf den Rohstoff verf\u00e4llt,&hellip;<\/p>\n","category_list_v2":"","author_info_v2":{"name":"PrudentWater","url":"https:\/\/prudentwater.com\/en\/author\/niklas33\/"},"comments_num_v2":"0 comments","_links":{"self":[{"href":"https:\/\/prudentwater.com\/en\/wp-json\/wp\/v2\/pages\/5215","targetHints":{"allow":["GET"]}}],"collection":[{"href":"https:\/\/prudentwater.com\/en\/wp-json\/wp\/v2\/pages"}],"about":[{"href":"https:\/\/prudentwater.com\/en\/wp-json\/wp\/v2\/types\/page"}],"author":[{"embeddable":true,"href":"https:\/\/prudentwater.com\/en\/wp-json\/wp\/v2\/users\/1"}],"replies":[{"embeddable":true,"href":"https:\/\/prudentwater.com\/en\/wp-json\/wp\/v2\/comments?post=5215"}],"version-history":[{"count":0,"href":"https:\/\/prudentwater.com\/en\/wp-json\/wp\/v2\/pages\/5215\/revisions"}],"wp:attachment":[{"href":"https:\/\/prudentwater.com\/en\/wp-json\/wp\/v2\/media?parent=5215"}],"curies":[{"name":"wp","href":"https:\/\/api.w.org\/{rel}","templated":true}]}}