{"id":5238,"date":"2015-11-17T08:45:25","date_gmt":"2015-11-17T08:45:25","guid":{"rendered":"http:\/\/www.kunnskap.de\/?page_id=5238"},"modified":"2021-06-25T12:50:09","modified_gmt":"2021-06-25T10:50:09","slug":"merger-arbitrage-strategie","status":"publish","type":"page","link":"https:\/\/prudentwater.com\/en\/merger-arbitrage-strategie\/","title":{"rendered":"Risikoarbitrage"},"content":{"rendered":"<p>Auch <strong>Merger Arbitrage<\/strong><\/p>\n<p>Risikoarbitrage ist eine von Hedgefonds angewandte Strategie, die sich auf \u00dcbernahmen von Unternehmen konzentriert. Diese Strategie geht mit einem Leerverkauf einher. Der Anleger kauft dazu Aktien des Unternehmens, welches \u00fcbernommen werden soll und verkauft gleichzeitig Aktien des K\u00e4ufer-Unternehmens leer. Bei der Durchf\u00fchrung der \u00dcbernahme tauscht das K\u00e4ufer-Unternehmen dann eigene Aktien gegen Aktien des zu \u00fcbernehmenden Unternehmens. Der Anleger kann dann sein Leerverkauf glattstellen und erzielt in der Preisdifferenz einen Gewinn.<\/p>\n","protected":false},"excerpt":{"rendered":"<p>Auch Merger Arbitrage Risikoarbitrage ist eine von Hedgefonds angewandte Strategie, die sich auf \u00dcbernahmen von Unternehmen konzentriert. Diese Strategie geht mit einem Leerverkauf einher. Der Anleger kauft dazu Aktien des Unternehmens, welches \u00fcbernommen werden soll und verkauft gleichzeitig Aktien des K\u00e4ufer-Unternehmens leer. Bei der Durchf\u00fchrung der \u00dcbernahme tauscht das K\u00e4ufer-Unternehmen dann eigene Aktien gegen Aktien [&hellip;]<\/p>\n","protected":false},"author":1,"featured_media":0,"parent":0,"menu_order":0,"comment_status":"closed","ping_status":"closed","template":"","meta":{"site-sidebar-layout":"default","site-content-layout":"","ast-site-content-layout":"","site-content-style":"default","site-sidebar-style":"default","ast-global-header-display":"","ast-banner-title-visibility":"","ast-main-header-display":"","ast-hfb-above-header-display":"","ast-hfb-below-header-display":"","ast-hfb-mobile-header-display":"","site-post-title":"","ast-breadcrumbs-content":"","ast-featured-img":"","footer-sml-layout":"","theme-transparent-header-meta":"","adv-header-id-meta":"","stick-header-meta":"","header-above-stick-meta":"","header-main-stick-meta":"","header-below-stick-meta":"","astra-migrate-meta-layouts":"default","ast-page-background-enabled":"default","ast-page-background-meta":{"desktop":{"background-color":"","background-image":"","background-repeat":"repeat","background-position":"center center","background-size":"auto","background-attachment":"scroll","background-type":"","background-media":"","overlay-type":"","overlay-color":"","overlay-opacity":"","overlay-gradient":""},"tablet":{"background-color":"","background-image":"","background-repeat":"repeat","background-position":"center center","background-size":"auto","background-attachment":"scroll","background-type":"","background-media":"","overlay-type":"","overlay-color":"","overlay-opacity":"","overlay-gradient":""},"mobile":{"background-color":"","background-image":"","background-repeat":"repeat","background-position":"center center","background-size":"auto","background-attachment":"scroll","background-type":"","background-media":"","overlay-type":"","overlay-color":"","overlay-opacity":"","overlay-gradient":""}},"ast-content-background-meta":{"desktop":{"background-color":"var(--ast-global-color-5)","background-image":"","background-repeat":"repeat","background-position":"center center","background-size":"auto","background-attachment":"scroll","background-type":"","background-media":"","overlay-type":"","overlay-color":"","overlay-opacity":"","overlay-gradient":""},"tablet":{"background-color":"var(--ast-global-color-5)","background-image":"","background-repeat":"repeat","background-position":"center center","background-size":"auto","background-attachment":"scroll","background-type":"","background-media":"","overlay-type":"","overlay-color":"","overlay-opacity":"","overlay-gradient":""},"mobile":{"background-color":"var(--ast-global-color-5)","background-image":"","background-repeat":"repeat","background-position":"center center","background-size":"auto","background-attachment":"scroll","background-type":"","background-media":"","overlay-type":"","overlay-color":"","overlay-opacity":"","overlay-gradient":""}},"footnotes":""},"class_list":["post-5238","page","type-page","status-publish","hentry"],"translation":{"provider":"WPGlobus","version":"3.0.2","language":"en","enabled_languages":["de","en"],"languages":{"de":{"title":true,"content":true,"excerpt":false},"en":{"title":false,"content":false,"excerpt":false}}},"featured_image_urls_v2":{"full":"","thumbnail":"","medium":"","medium_large":"","large":"","1536x1536":"","2048x2048":""},"post_excerpt_stackable_v2":"<p>Auch Merger Arbitrage Risikoarbitrage ist eine von Hedgefonds angewandte Strategie, die sich auf \u00dcbernahmen von Unternehmen konzentriert. Diese Strategie geht mit einem Leerverkauf einher. Der Anleger kauft dazu Aktien des Unternehmens, welches \u00fcbernommen werden soll und verkauft gleichzeitig Aktien des K\u00e4ufer-Unternehmens leer. Bei der Durchf\u00fchrung der \u00dcbernahme tauscht das K\u00e4ufer-Unternehmen dann eigene Aktien gegen Aktien des zu \u00fcbernehmenden Unternehmens. Der Anleger kann dann sein Leerverkauf glattstellen und erzielt in der Preisdifferenz einen Gewinn.<\/p>\n","category_list_v2":"","author_info_v2":{"name":"PrudentWater","url":"https:\/\/prudentwater.com\/en\/author\/niklas33\/"},"comments_num_v2":"0 comments","_links":{"self":[{"href":"https:\/\/prudentwater.com\/en\/wp-json\/wp\/v2\/pages\/5238","targetHints":{"allow":["GET"]}}],"collection":[{"href":"https:\/\/prudentwater.com\/en\/wp-json\/wp\/v2\/pages"}],"about":[{"href":"https:\/\/prudentwater.com\/en\/wp-json\/wp\/v2\/types\/page"}],"author":[{"embeddable":true,"href":"https:\/\/prudentwater.com\/en\/wp-json\/wp\/v2\/users\/1"}],"replies":[{"embeddable":true,"href":"https:\/\/prudentwater.com\/en\/wp-json\/wp\/v2\/comments?post=5238"}],"version-history":[{"count":0,"href":"https:\/\/prudentwater.com\/en\/wp-json\/wp\/v2\/pages\/5238\/revisions"}],"wp:attachment":[{"href":"https:\/\/prudentwater.com\/en\/wp-json\/wp\/v2\/media?parent=5238"}],"curies":[{"name":"wp","href":"https:\/\/api.w.org\/{rel}","templated":true}]}}