{"id":528,"date":"2014-08-29T15:50:58","date_gmt":"2014-08-29T15:50:58","guid":{"rendered":"http:\/\/www.kunnskap.de\/?page_id=528"},"modified":"2021-06-25T12:50:15","modified_gmt":"2021-06-25T10:50:15","slug":"umlaufrendite","status":"publish","type":"page","link":"https:\/\/prudentwater.com\/en\/umlaufrendite\/","title":{"rendered":"Umlaufrendite"},"content":{"rendered":"<p>Auch <strong>Sekund\u00e4rmarktrendite<\/strong><\/p>\n<p>Die Umlaufrendite ist ein Ma\u00df f\u00fcr das durchschnittliche Zinsniveau am deutschen Rentenmarkt. Die Umlaufrendite zeigt die durchschnittliche Rendite aller deutschen Anleihen mit einer Restlaufzeit von \u00fcber 3 bis 30 Jahren an, wobei die Renditen nach dem Volumen der jeweiligen Anleihen gewichtet werden. Es werden nur auf \u201eEuro\u201c lautende Anleihen ber\u00fccksichtigt. Die Umlaufrendite spiegelt also den durchschnittlichen Zinssatz von prim\u00e4r Staatsanleihen wider, die bereits im Umlauf sind. Dar\u00fcber hinaus werden jedoch auch u. a. Obligationen und Schatzanweisungen des Bundes ber\u00fccksichtigt. Die Umlaufrendite kann als Gegenst\u00fcck zum DAX f\u00fcr den Rentenmarkt angesehen werden, da sie die Situation am Rentenmarkt zusammenfassend widerspiegelt.  <\/p>\n","protected":false},"excerpt":{"rendered":"<p>Auch Sekund\u00e4rmarktrendite Die Umlaufrendite ist ein Ma\u00df f\u00fcr das durchschnittliche Zinsniveau am deutschen Rentenmarkt. Die Umlaufrendite zeigt die durchschnittliche Rendite aller deutschen Anleihen mit einer Restlaufzeit von \u00fcber 3 bis 30 Jahren an, wobei die Renditen nach dem Volumen der jeweiligen Anleihen gewichtet werden. Es werden nur auf \u201eEuro\u201c lautende Anleihen ber\u00fccksichtigt. Die Umlaufrendite spiegelt [&hellip;]<\/p>\n","protected":false},"author":1,"featured_media":0,"parent":0,"menu_order":0,"comment_status":"closed","ping_status":"closed","template":"","meta":{"site-sidebar-layout":"default","site-content-layout":"","ast-site-content-layout":"","site-content-style":"default","site-sidebar-style":"default","ast-global-header-display":"","ast-banner-title-visibility":"","ast-main-header-display":"","ast-hfb-above-header-display":"","ast-hfb-below-header-display":"","ast-hfb-mobile-header-display":"","site-post-title":"","ast-breadcrumbs-content":"","ast-featured-img":"","footer-sml-layout":"","theme-transparent-header-meta":"","adv-header-id-meta":"","stick-header-meta":"","header-above-stick-meta":"","header-main-stick-meta":"","header-below-stick-meta":"","astra-migrate-meta-layouts":"default","ast-page-background-enabled":"default","ast-page-background-meta":{"desktop":{"background-color":"","background-image":"","background-repeat":"repeat","background-position":"center center","background-size":"auto","background-attachment":"scroll","background-type":"","background-media":"","overlay-type":"","overlay-color":"","overlay-opacity":"","overlay-gradient":""},"tablet":{"background-color":"","background-image":"","background-repeat":"repeat","background-position":"center center","background-size":"auto","background-attachment":"scroll","background-type":"","background-media":"","overlay-type":"","overlay-color":"","overlay-opacity":"","overlay-gradient":""},"mobile":{"background-color":"","background-image":"","background-repeat":"repeat","background-position":"center center","background-size":"auto","background-attachment":"scroll","background-type":"","background-media":"","overlay-type":"","overlay-color":"","overlay-opacity":"","overlay-gradient":""}},"ast-content-background-meta":{"desktop":{"background-color":"var(--ast-global-color-5)","background-image":"","background-repeat":"repeat","background-position":"center center","background-size":"auto","background-attachment":"scroll","background-type":"","background-media":"","overlay-type":"","overlay-color":"","overlay-opacity":"","overlay-gradient":""},"tablet":{"background-color":"var(--ast-global-color-5)","background-image":"","background-repeat":"repeat","background-position":"center center","background-size":"auto","background-attachment":"scroll","background-type":"","background-media":"","overlay-type":"","overlay-color":"","overlay-opacity":"","overlay-gradient":""},"mobile":{"background-color":"var(--ast-global-color-5)","background-image":"","background-repeat":"repeat","background-position":"center center","background-size":"auto","background-attachment":"scroll","background-type":"","background-media":"","overlay-type":"","overlay-color":"","overlay-opacity":"","overlay-gradient":""}},"footnotes":""},"class_list":["post-528","page","type-page","status-publish","hentry"],"translation":{"provider":"WPGlobus","version":"3.0.2","language":"en","enabled_languages":["de","en"],"languages":{"de":{"title":true,"content":true,"excerpt":false},"en":{"title":false,"content":false,"excerpt":false}}},"featured_image_urls_v2":{"full":"","thumbnail":"","medium":"","medium_large":"","large":"","1536x1536":"","2048x2048":""},"post_excerpt_stackable_v2":"<p>Auch Sekund\u00e4rmarktrendite Die Umlaufrendite ist ein Ma\u00df f\u00fcr das durchschnittliche Zinsniveau am deutschen Rentenmarkt. Die Umlaufrendite zeigt die durchschnittliche Rendite aller deutschen Anleihen mit einer Restlaufzeit von \u00fcber 3 bis 30 Jahren an, wobei die Renditen nach dem Volumen der jeweiligen Anleihen gewichtet werden. Es werden nur auf \u201eEuro\u201c lautende Anleihen ber\u00fccksichtigt. Die Umlaufrendite spiegelt also den durchschnittlichen Zinssatz von prim\u00e4r Staatsanleihen wider, die bereits im Umlauf sind. Dar\u00fcber hinaus werden jedoch auch u. a. Obligationen und Schatzanweisungen des Bundes ber\u00fccksichtigt. Die Umlaufrendite kann als Gegenst\u00fcck zum DAX f\u00fcr den Rentenmarkt angesehen werden, da sie die Situation am Rentenmarkt zusammenfassend&hellip;<\/p>\n","category_list_v2":"","author_info_v2":{"name":"PrudentWater","url":"https:\/\/prudentwater.com\/en\/author\/niklas33\/"},"comments_num_v2":"0 comments","_links":{"self":[{"href":"https:\/\/prudentwater.com\/en\/wp-json\/wp\/v2\/pages\/528","targetHints":{"allow":["GET"]}}],"collection":[{"href":"https:\/\/prudentwater.com\/en\/wp-json\/wp\/v2\/pages"}],"about":[{"href":"https:\/\/prudentwater.com\/en\/wp-json\/wp\/v2\/types\/page"}],"author":[{"embeddable":true,"href":"https:\/\/prudentwater.com\/en\/wp-json\/wp\/v2\/users\/1"}],"replies":[{"embeddable":true,"href":"https:\/\/prudentwater.com\/en\/wp-json\/wp\/v2\/comments?post=528"}],"version-history":[{"count":0,"href":"https:\/\/prudentwater.com\/en\/wp-json\/wp\/v2\/pages\/528\/revisions"}],"wp:attachment":[{"href":"https:\/\/prudentwater.com\/en\/wp-json\/wp\/v2\/media?parent=528"}],"curies":[{"name":"wp","href":"https:\/\/api.w.org\/{rel}","templated":true}]}}