{"id":5287,"date":"2015-11-18T20:42:02","date_gmt":"2015-11-18T20:42:02","guid":{"rendered":"http:\/\/www.kunnskap.de\/?page_id=5287"},"modified":"2021-06-25T12:50:16","modified_gmt":"2021-06-25T10:50:16","slug":"verwaltungsgebuhr","status":"publish","type":"page","link":"https:\/\/prudentwater.com\/en\/verwaltungsgebuhr\/","title":{"rendered":"Verwaltungsgeb\u00fchr"},"content":{"rendered":"<p>engl. <strong>Management Fee<\/strong><\/p>\n<p>Die Verwaltungsgeb\u00fchr ist bei einem Investmentfonds ein Teil der Total Expense Ratio und f\u00fcr die Leistung und den Aufwand der Fondsmanager zu entrichten. Sie setzt sich zusammen aus den Transaktionskosten und den Managementgeb\u00fchren. Bei einem ETF sind die Verwaltungsgeb\u00fchren deutlich geringer als bei einem Fonds, da ein ETF nicht aktiv, sondern passiv verwaltet wird. Die Verwaltungsgeb\u00fchr f\u00e4llt in beiden F\u00e4llen j\u00e4hrlich an und wird aus dem Fondsverm\u00f6gen (Sonderverm\u00f6gen) abgezogen. Dazu wird t\u00e4glich ein 365stel der Verwaltungsgeb\u00fchr vom Sonderverm\u00f6gen des Fonds \/ ETFs abgezogen. ETFs oder Fonds halten meist geringe Bargeldbest\u00e4nde vor, von denen sie dann t\u00e4glich die Verwaltungsgeb\u00fchr abziehen. Somit m\u00fcssen nicht erst Wertpapiere verkauft werden, um die Verwaltungsgeb\u00fchr zu erhalten. Diese Bargeldbest\u00e4nde f\u00fchren in steigenden M\u00e4rkten dann jedoch zu einer minimalen Underperformance des ETFs gegen\u00fcber dem Referenzindex und zu einer minimalen Outperformance in fallenden M\u00e4rkten. Bei einem ETF sind die Verwaltungsgeb\u00fchren umso h\u00f6her, je exotischer der Markt bzw. der Referenzindex ist, der vom ETF abgebildet wird.<\/p>\n","protected":false},"excerpt":{"rendered":"<p>engl. Management Fee Die Verwaltungsgeb\u00fchr ist bei einem Investmentfonds ein Teil der Total Expense Ratio und f\u00fcr die Leistung und den Aufwand der Fondsmanager zu entrichten. Sie setzt sich zusammen aus den Transaktionskosten und den Managementgeb\u00fchren. Bei einem ETF sind die Verwaltungsgeb\u00fchren deutlich geringer als bei einem Fonds, da ein ETF nicht aktiv, sondern passiv [&hellip;]<\/p>\n","protected":false},"author":1,"featured_media":0,"parent":0,"menu_order":0,"comment_status":"closed","ping_status":"closed","template":"","meta":{"site-sidebar-layout":"default","site-content-layout":"","ast-site-content-layout":"","site-content-style":"default","site-sidebar-style":"default","ast-global-header-display":"","ast-banner-title-visibility":"","ast-main-header-display":"","ast-hfb-above-header-display":"","ast-hfb-below-header-display":"","ast-hfb-mobile-header-display":"","site-post-title":"","ast-breadcrumbs-content":"","ast-featured-img":"","footer-sml-layout":"","theme-transparent-header-meta":"","adv-header-id-meta":"","stick-header-meta":"","header-above-stick-meta":"","header-main-stick-meta":"","header-below-stick-meta":"","astra-migrate-meta-layouts":"default","ast-page-background-enabled":"default","ast-page-background-meta":{"desktop":{"background-color":"","background-image":"","background-repeat":"repeat","background-position":"center center","background-size":"auto","background-attachment":"scroll","background-type":"","background-media":"","overlay-type":"","overlay-color":"","overlay-opacity":"","overlay-gradient":""},"tablet":{"background-color":"","background-image":"","background-repeat":"repeat","background-position":"center center","background-size":"auto","background-attachment":"scroll","background-type":"","background-media":"","overlay-type":"","overlay-color":"","overlay-opacity":"","overlay-gradient":""},"mobile":{"background-color":"","background-image":"","background-repeat":"repeat","background-position":"center center","background-size":"auto","background-attachment":"scroll","background-type":"","background-media":"","overlay-type":"","overlay-color":"","overlay-opacity":"","overlay-gradient":""}},"ast-content-background-meta":{"desktop":{"background-color":"var(--ast-global-color-5)","background-image":"","background-repeat":"repeat","background-position":"center center","background-size":"auto","background-attachment":"scroll","background-type":"","background-media":"","overlay-type":"","overlay-color":"","overlay-opacity":"","overlay-gradient":""},"tablet":{"background-color":"var(--ast-global-color-5)","background-image":"","background-repeat":"repeat","background-position":"center center","background-size":"auto","background-attachment":"scroll","background-type":"","background-media":"","overlay-type":"","overlay-color":"","overlay-opacity":"","overlay-gradient":""},"mobile":{"background-color":"var(--ast-global-color-5)","background-image":"","background-repeat":"repeat","background-position":"center center","background-size":"auto","background-attachment":"scroll","background-type":"","background-media":"","overlay-type":"","overlay-color":"","overlay-opacity":"","overlay-gradient":""}},"footnotes":""},"class_list":["post-5287","page","type-page","status-publish","hentry"],"translation":{"provider":"WPGlobus","version":"3.0.2","language":"en","enabled_languages":["de","en"],"languages":{"de":{"title":true,"content":true,"excerpt":false},"en":{"title":false,"content":false,"excerpt":false}}},"featured_image_urls_v2":{"full":"","thumbnail":"","medium":"","medium_large":"","large":"","1536x1536":"","2048x2048":""},"post_excerpt_stackable_v2":"<p>engl. Management Fee Die Verwaltungsgeb\u00fchr ist bei einem Investmentfonds ein Teil der Total Expense Ratio und f\u00fcr die Leistung und den Aufwand der Fondsmanager zu entrichten. Sie setzt sich zusammen aus den Transaktionskosten und den Managementgeb\u00fchren. Bei einem ETF sind die Verwaltungsgeb\u00fchren deutlich geringer als bei einem Fonds, da ein ETF nicht aktiv, sondern passiv verwaltet wird. Die Verwaltungsgeb\u00fchr f\u00e4llt in beiden F\u00e4llen j\u00e4hrlich an und wird aus dem Fondsverm\u00f6gen (Sonderverm\u00f6gen) abgezogen. Dazu wird t\u00e4glich ein 365stel der Verwaltungsgeb\u00fchr vom Sonderverm\u00f6gen des Fonds \/ ETFs abgezogen. ETFs oder Fonds halten meist geringe Bargeldbest\u00e4nde vor, von denen sie dann t\u00e4glich die&hellip;<\/p>\n","category_list_v2":"","author_info_v2":{"name":"PrudentWater","url":"https:\/\/prudentwater.com\/en\/author\/niklas33\/"},"comments_num_v2":"0 comments","_links":{"self":[{"href":"https:\/\/prudentwater.com\/en\/wp-json\/wp\/v2\/pages\/5287","targetHints":{"allow":["GET"]}}],"collection":[{"href":"https:\/\/prudentwater.com\/en\/wp-json\/wp\/v2\/pages"}],"about":[{"href":"https:\/\/prudentwater.com\/en\/wp-json\/wp\/v2\/types\/page"}],"author":[{"embeddable":true,"href":"https:\/\/prudentwater.com\/en\/wp-json\/wp\/v2\/users\/1"}],"replies":[{"embeddable":true,"href":"https:\/\/prudentwater.com\/en\/wp-json\/wp\/v2\/comments?post=5287"}],"version-history":[{"count":0,"href":"https:\/\/prudentwater.com\/en\/wp-json\/wp\/v2\/pages\/5287\/revisions"}],"wp:attachment":[{"href":"https:\/\/prudentwater.com\/en\/wp-json\/wp\/v2\/media?parent=5287"}],"curies":[{"name":"wp","href":"https:\/\/api.w.org\/{rel}","templated":true}]}}