{"id":5305,"date":"2015-11-19T15:40:13","date_gmt":"2015-11-19T15:40:13","guid":{"rendered":"http:\/\/www.kunnskap.de\/?page_id=5305"},"modified":"2022-10-12T21:09:42","modified_gmt":"2022-10-12T19:09:42","slug":"bruttosozialprodukt","status":"publish","type":"page","link":"https:\/\/prudentwater.com\/en\/bruttosozialprodukt\/","title":{"rendered":"Bruttosozialprodukt"},"content":{"rendered":"<p>Auch <strong>Bruttonationaleinkommen<\/strong><br \/>\nengl.<strong>Gross National Product (GNP)<\/strong><\/p>\n<p>Das Bruttosozialprodukt repr\u00e4sentiert den Wert aller G\u00fcter und Dienstleistungen, die in einer Volkswirtschaft innerhalb einer bestimmten Zeitperiode (i.d.R. 12 Monate) hergestellt wurden. Das Bruttosozialprodukt berechnet sich dabei jedoch nach dem Inl\u00e4nderprinzip. Dies bedeutet, dass im Gegensatz zum Bruttoinlandsprodukt auch alle ausl\u00e4ndischen Aktivit\u00e4ten von Inl\u00e4ndern bei der Berechnung ber\u00fccksichtigt werden. Daf\u00fcr jedoch fallen alle erwirtschafteten Einkommen, die ins Ausland geflossen sind, aus der Berechnung des Bruttosozialproduktes heraus. Das Bruttosozialprodukt wurde allerdings mittlerweile vom Bruttoinlandsprodukt gr\u00f6\u00dftenteils abgel\u00f6st.<\/p>\n","protected":false},"excerpt":{"rendered":"<p>Auch Bruttonationaleinkommen engl.Gross National Product (GNP) Das Bruttosozialprodukt repr\u00e4sentiert den Wert aller G\u00fcter und Dienstleistungen, die in einer Volkswirtschaft innerhalb einer bestimmten Zeitperiode (i.d.R. 12 Monate) hergestellt wurden. Das Bruttosozialprodukt berechnet sich dabei jedoch nach dem Inl\u00e4nderprinzip. Dies bedeutet, dass im Gegensatz zum Bruttoinlandsprodukt auch alle ausl\u00e4ndischen Aktivit\u00e4ten von Inl\u00e4ndern bei der Berechnung ber\u00fccksichtigt werden. [&hellip;]<\/p>\n","protected":false},"author":1,"featured_media":0,"parent":0,"menu_order":0,"comment_status":"closed","ping_status":"closed","template":"","meta":{"site-sidebar-layout":"default","site-content-layout":"","ast-site-content-layout":"","site-content-style":"default","site-sidebar-style":"default","ast-global-header-display":"","ast-banner-title-visibility":"","ast-main-header-display":"","ast-hfb-above-header-display":"","ast-hfb-below-header-display":"","ast-hfb-mobile-header-display":"","site-post-title":"","ast-breadcrumbs-content":"","ast-featured-img":"","footer-sml-layout":"","theme-transparent-header-meta":"","adv-header-id-meta":"","stick-header-meta":"","header-above-stick-meta":"","header-main-stick-meta":"","header-below-stick-meta":"","astra-migrate-meta-layouts":"default","ast-page-background-enabled":"default","ast-page-background-meta":{"desktop":{"background-color":"","background-image":"","background-repeat":"repeat","background-position":"center center","background-size":"auto","background-attachment":"scroll","background-type":"","background-media":"","overlay-type":"","overlay-color":"","overlay-opacity":"","overlay-gradient":""},"tablet":{"background-color":"","background-image":"","background-repeat":"repeat","background-position":"center center","background-size":"auto","background-attachment":"scroll","background-type":"","background-media":"","overlay-type":"","overlay-color":"","overlay-opacity":"","overlay-gradient":""},"mobile":{"background-color":"","background-image":"","background-repeat":"repeat","background-position":"center center","background-size":"auto","background-attachment":"scroll","background-type":"","background-media":"","overlay-type":"","overlay-color":"","overlay-opacity":"","overlay-gradient":""}},"ast-content-background-meta":{"desktop":{"background-color":"var(--ast-global-color-5)","background-image":"","background-repeat":"repeat","background-position":"center center","background-size":"auto","background-attachment":"scroll","background-type":"","background-media":"","overlay-type":"","overlay-color":"","overlay-opacity":"","overlay-gradient":""},"tablet":{"background-color":"var(--ast-global-color-5)","background-image":"","background-repeat":"repeat","background-position":"center center","background-size":"auto","background-attachment":"scroll","background-type":"","background-media":"","overlay-type":"","overlay-color":"","overlay-opacity":"","overlay-gradient":""},"mobile":{"background-color":"var(--ast-global-color-5)","background-image":"","background-repeat":"repeat","background-position":"center center","background-size":"auto","background-attachment":"scroll","background-type":"","background-media":"","overlay-type":"","overlay-color":"","overlay-opacity":"","overlay-gradient":""}},"footnotes":""},"class_list":["post-5305","page","type-page","status-publish","hentry"],"translation":{"provider":"WPGlobus","version":"3.0.2","language":"en","enabled_languages":["de","en"],"languages":{"de":{"title":true,"content":true,"excerpt":false},"en":{"title":false,"content":false,"excerpt":false}}},"featured_image_urls_v2":{"full":"","thumbnail":"","medium":"","medium_large":"","large":"","1536x1536":"","2048x2048":""},"post_excerpt_stackable_v2":"<p>Auch Bruttonationaleinkommen engl.Gross National Product (GNP) Das Bruttosozialprodukt repr\u00e4sentiert den Wert aller G\u00fcter und Dienstleistungen, die in einer Volkswirtschaft innerhalb einer bestimmten Zeitperiode (i.d.R. 12 Monate) hergestellt wurden. Das Bruttosozialprodukt berechnet sich dabei jedoch nach dem Inl\u00e4nderprinzip. Dies bedeutet, dass im Gegensatz zum Bruttoinlandsprodukt auch alle ausl\u00e4ndischen Aktivit\u00e4ten von Inl\u00e4ndern bei der Berechnung ber\u00fccksichtigt werden. Daf\u00fcr jedoch fallen alle erwirtschafteten Einkommen, die ins Ausland geflossen sind, aus der Berechnung des Bruttosozialproduktes heraus. Das Bruttosozialprodukt wurde allerdings mittlerweile vom Bruttoinlandsprodukt gr\u00f6\u00dftenteils abgel\u00f6st.<\/p>\n","category_list_v2":"","author_info_v2":{"name":"PrudentWater","url":"https:\/\/prudentwater.com\/en\/author\/niklas33\/"},"comments_num_v2":"0 comments","_links":{"self":[{"href":"https:\/\/prudentwater.com\/en\/wp-json\/wp\/v2\/pages\/5305","targetHints":{"allow":["GET"]}}],"collection":[{"href":"https:\/\/prudentwater.com\/en\/wp-json\/wp\/v2\/pages"}],"about":[{"href":"https:\/\/prudentwater.com\/en\/wp-json\/wp\/v2\/types\/page"}],"author":[{"embeddable":true,"href":"https:\/\/prudentwater.com\/en\/wp-json\/wp\/v2\/users\/1"}],"replies":[{"embeddable":true,"href":"https:\/\/prudentwater.com\/en\/wp-json\/wp\/v2\/comments?post=5305"}],"version-history":[{"count":0,"href":"https:\/\/prudentwater.com\/en\/wp-json\/wp\/v2\/pages\/5305\/revisions"}],"wp:attachment":[{"href":"https:\/\/prudentwater.com\/en\/wp-json\/wp\/v2\/media?parent=5305"}],"curies":[{"name":"wp","href":"https:\/\/api.w.org\/{rel}","templated":true}]}}