{"id":5321,"date":"2015-11-24T08:36:29","date_gmt":"2015-11-24T08:36:29","guid":{"rendered":"http:\/\/www.kunnskap.de\/?page_id=5321"},"modified":"2021-06-25T12:49:02","modified_gmt":"2021-06-25T10:49:02","slug":"full-replication","status":"publish","type":"page","link":"https:\/\/prudentwater.com\/en\/full-replication\/","title":{"rendered":"Full Replication"},"content":{"rendered":"<p>Full Replication ist eine physische Replikationsmethode, um die Entwicklung eines Index durch einen ETF nachzubilden. Bei der Full Replication-Methode findet die Nachbildung \u00fcber einen exakten Kauf der Indexzusammensetzung statt. Die Zusammensetzung bzw. Gewichtung des ETFs entspricht somit 1:1 der des zugrunde liegenden Index. Finden Ver\u00e4nderungen im Index statt, so werden diese auch 1:1 vom ETF \u00fcbernommen. Die Full-Replication-Methode ist mit h\u00f6heren Kosten verbunden als im Vergleich zu anderen Replikationsmethoden, bildet daf\u00fcr jedoch unter allen m\u00f6glichen Methoden den Index am genauesten ab. Der Tracking Error ist somit bei der Full Reolication-Methode oftmals am geringsten. <\/p>\n<p>Die Full Reolication-Methode st\u00f6\u00dft bei der exakten Nachbildung des jeweiligen Index jedoch schnell an ihre Grenzen, weshalb eine genaue Gewichtung aller Indextitel praktisch nicht m\u00f6glich ist. So muss die Ausgabe von Bezugsrechten und Dividendenzahlungen der Unternehmen von den ETF-Verwaltern koordiniert werden, Ver\u00e4nderungen in der Zusammenstellung des Index m\u00fcssen nachgebildet werden, ebenso wie Kapitalanpassungen bei einzelnen Unternehmen. Des Weiteren ist die Handhabung mit der Kommastellengewichtung nicht m\u00f6glich. Ein Unternehmen, welches mit beispielsweise 12,53 Prozent in einem Index gewichtet ist, kann dann nicht mehr exakt 1:1 vom ETF abgebildet werden und folglich kommt es zu einer (geringen) Abweichung. <\/p>\n","protected":false},"excerpt":{"rendered":"<p>Full Replication ist eine physische Replikationsmethode, um die Entwicklung eines Index durch einen ETF nachzubilden. Bei der Full Replication-Methode findet die Nachbildung \u00fcber einen exakten Kauf der Indexzusammensetzung statt. Die Zusammensetzung bzw. Gewichtung des ETFs entspricht somit 1:1 der des zugrunde liegenden Index. Finden Ver\u00e4nderungen im Index statt, so werden diese auch 1:1 vom ETF [&hellip;]<\/p>\n","protected":false},"author":1,"featured_media":0,"parent":0,"menu_order":0,"comment_status":"closed","ping_status":"closed","template":"","meta":{"site-sidebar-layout":"default","site-content-layout":"","ast-site-content-layout":"","site-content-style":"default","site-sidebar-style":"default","ast-global-header-display":"","ast-banner-title-visibility":"","ast-main-header-display":"","ast-hfb-above-header-display":"","ast-hfb-below-header-display":"","ast-hfb-mobile-header-display":"","site-post-title":"","ast-breadcrumbs-content":"","ast-featured-img":"","footer-sml-layout":"","theme-transparent-header-meta":"","adv-header-id-meta":"","stick-header-meta":"","header-above-stick-meta":"","header-main-stick-meta":"","header-below-stick-meta":"","astra-migrate-meta-layouts":"default","ast-page-background-enabled":"default","ast-page-background-meta":{"desktop":{"background-color":"","background-image":"","background-repeat":"repeat","background-position":"center center","background-size":"auto","background-attachment":"scroll","background-type":"","background-media":"","overlay-type":"","overlay-color":"","overlay-opacity":"","overlay-gradient":""},"tablet":{"background-color":"","background-image":"","background-repeat":"repeat","background-position":"center center","background-size":"auto","background-attachment":"scroll","background-type":"","background-media":"","overlay-type":"","overlay-color":"","overlay-opacity":"","overlay-gradient":""},"mobile":{"background-color":"","background-image":"","background-repeat":"repeat","background-position":"center center","background-size":"auto","background-attachment":"scroll","background-type":"","background-media":"","overlay-type":"","overlay-color":"","overlay-opacity":"","overlay-gradient":""}},"ast-content-background-meta":{"desktop":{"background-color":"var(--ast-global-color-5)","background-image":"","background-repeat":"repeat","background-position":"center center","background-size":"auto","background-attachment":"scroll","background-type":"","background-media":"","overlay-type":"","overlay-color":"","overlay-opacity":"","overlay-gradient":""},"tablet":{"background-color":"var(--ast-global-color-5)","background-image":"","background-repeat":"repeat","background-position":"center center","background-size":"auto","background-attachment":"scroll","background-type":"","background-media":"","overlay-type":"","overlay-color":"","overlay-opacity":"","overlay-gradient":""},"mobile":{"background-color":"var(--ast-global-color-5)","background-image":"","background-repeat":"repeat","background-position":"center center","background-size":"auto","background-attachment":"scroll","background-type":"","background-media":"","overlay-type":"","overlay-color":"","overlay-opacity":"","overlay-gradient":""}},"footnotes":""},"class_list":["post-5321","page","type-page","status-publish","hentry"],"translation":{"provider":"WPGlobus","version":"3.0.2","language":"en","enabled_languages":["de","en"],"languages":{"de":{"title":true,"content":true,"excerpt":false},"en":{"title":false,"content":false,"excerpt":false}}},"featured_image_urls_v2":{"full":"","thumbnail":"","medium":"","medium_large":"","large":"","1536x1536":"","2048x2048":""},"post_excerpt_stackable_v2":"<p>Full Replication ist eine physische Replikationsmethode, um die Entwicklung eines Index durch einen ETF nachzubilden. Bei der Full Replication-Methode findet die Nachbildung \u00fcber einen exakten Kauf der Indexzusammensetzung statt. Die Zusammensetzung bzw. Gewichtung des ETFs entspricht somit 1:1 der des zugrunde liegenden Index. Finden Ver\u00e4nderungen im Index statt, so werden diese auch 1:1 vom ETF \u00fcbernommen. Die Full-Replication-Methode ist mit h\u00f6heren Kosten verbunden als im Vergleich zu anderen Replikationsmethoden, bildet daf\u00fcr jedoch unter allen m\u00f6glichen Methoden den Index am genauesten ab. Der Tracking Error ist somit bei der Full Reolication-Methode oftmals am geringsten. Die Full Reolication-Methode st\u00f6\u00dft bei der exakten&hellip;<\/p>\n","category_list_v2":"","author_info_v2":{"name":"PrudentWater","url":"https:\/\/prudentwater.com\/en\/author\/niklas33\/"},"comments_num_v2":"0 comments","_links":{"self":[{"href":"https:\/\/prudentwater.com\/en\/wp-json\/wp\/v2\/pages\/5321","targetHints":{"allow":["GET"]}}],"collection":[{"href":"https:\/\/prudentwater.com\/en\/wp-json\/wp\/v2\/pages"}],"about":[{"href":"https:\/\/prudentwater.com\/en\/wp-json\/wp\/v2\/types\/page"}],"author":[{"embeddable":true,"href":"https:\/\/prudentwater.com\/en\/wp-json\/wp\/v2\/users\/1"}],"replies":[{"embeddable":true,"href":"https:\/\/prudentwater.com\/en\/wp-json\/wp\/v2\/comments?post=5321"}],"version-history":[{"count":0,"href":"https:\/\/prudentwater.com\/en\/wp-json\/wp\/v2\/pages\/5321\/revisions"}],"wp:attachment":[{"href":"https:\/\/prudentwater.com\/en\/wp-json\/wp\/v2\/media?parent=5321"}],"curies":[{"name":"wp","href":"https:\/\/api.w.org\/{rel}","templated":true}]}}