{"id":5323,"date":"2015-11-24T09:01:28","date_gmt":"2015-11-24T09:01:28","guid":{"rendered":"http:\/\/www.kunnskap.de\/?page_id=5323"},"modified":"2021-06-25T12:50:09","modified_gmt":"2021-06-25T10:50:09","slug":"representative-sampling","status":"publish","type":"page","link":"https:\/\/prudentwater.com\/en\/representative-sampling\/","title":{"rendered":"Representative Sampling"},"content":{"rendered":"<p>Representative Sampling ist eine physische Replikationsmethode, um die Entwicklung eines Index durch einen ETF nachzubilden. Bei der Representative Sampling-Methode wird nur ein Teil der im Index enthaltenen Wertpapiere gekauft. Anders als bei der Full Replication-Methode findet keine 1:1 Abbildung bez\u00fcglich Gewichtung und Zusammensetzung statt. Bei der Representative Sampling-Methode wird viel eher versucht eine m\u00f6glichst repr\u00e4sentative Auswahl der Wertpapiere des zugrunde liegenden Index zu kaufen, um damit den Index m\u00f6glichst genau abbilden zu k\u00f6nnen. In der Regel werden nur die wichtigsten und liquidesten Aktientitel mit der h\u00f6chsten Gewichtung im Index gekauft. Um die Kosten niedrig zu halten, werden illiquide Titel, die ohnehin nur einen geringen Prozentsatz in der Indexgewichtung haben, nicht gekauft. So kann das Fondsmanagement sich beispielsweise dazu entscheiden, nur die Indexmitglieder in den ETF aufzunehmen, die eine Gewichtung von mindestens 2,00 % haben. <\/p>\n","protected":false},"excerpt":{"rendered":"<p>Representative Sampling ist eine physische Replikationsmethode, um die Entwicklung eines Index durch einen ETF nachzubilden. Bei der Representative Sampling-Methode wird nur ein Teil der im Index enthaltenen Wertpapiere gekauft. Anders als bei der Full Replication-Methode findet keine 1:1 Abbildung bez\u00fcglich Gewichtung und Zusammensetzung statt. Bei der Representative Sampling-Methode wird viel eher versucht eine m\u00f6glichst repr\u00e4sentative [&hellip;]<\/p>\n","protected":false},"author":1,"featured_media":0,"parent":0,"menu_order":0,"comment_status":"closed","ping_status":"closed","template":"","meta":{"site-sidebar-layout":"default","site-content-layout":"","ast-site-content-layout":"","site-content-style":"default","site-sidebar-style":"default","ast-global-header-display":"","ast-banner-title-visibility":"","ast-main-header-display":"","ast-hfb-above-header-display":"","ast-hfb-below-header-display":"","ast-hfb-mobile-header-display":"","site-post-title":"","ast-breadcrumbs-content":"","ast-featured-img":"","footer-sml-layout":"","theme-transparent-header-meta":"","adv-header-id-meta":"","stick-header-meta":"","header-above-stick-meta":"","header-main-stick-meta":"","header-below-stick-meta":"","astra-migrate-meta-layouts":"default","ast-page-background-enabled":"default","ast-page-background-meta":{"desktop":{"background-color":"","background-image":"","background-repeat":"repeat","background-position":"center center","background-size":"auto","background-attachment":"scroll","background-type":"","background-media":"","overlay-type":"","overlay-color":"","overlay-opacity":"","overlay-gradient":""},"tablet":{"background-color":"","background-image":"","background-repeat":"repeat","background-position":"center center","background-size":"auto","background-attachment":"scroll","background-type":"","background-media":"","overlay-type":"","overlay-color":"","overlay-opacity":"","overlay-gradient":""},"mobile":{"background-color":"","background-image":"","background-repeat":"repeat","background-position":"center center","background-size":"auto","background-attachment":"scroll","background-type":"","background-media":"","overlay-type":"","overlay-color":"","overlay-opacity":"","overlay-gradient":""}},"ast-content-background-meta":{"desktop":{"background-color":"var(--ast-global-color-5)","background-image":"","background-repeat":"repeat","background-position":"center center","background-size":"auto","background-attachment":"scroll","background-type":"","background-media":"","overlay-type":"","overlay-color":"","overlay-opacity":"","overlay-gradient":""},"tablet":{"background-color":"var(--ast-global-color-5)","background-image":"","background-repeat":"repeat","background-position":"center center","background-size":"auto","background-attachment":"scroll","background-type":"","background-media":"","overlay-type":"","overlay-color":"","overlay-opacity":"","overlay-gradient":""},"mobile":{"background-color":"var(--ast-global-color-5)","background-image":"","background-repeat":"repeat","background-position":"center center","background-size":"auto","background-attachment":"scroll","background-type":"","background-media":"","overlay-type":"","overlay-color":"","overlay-opacity":"","overlay-gradient":""}},"footnotes":""},"class_list":["post-5323","page","type-page","status-publish","hentry"],"translation":{"provider":"WPGlobus","version":"3.0.2","language":"en","enabled_languages":["de","en"],"languages":{"de":{"title":true,"content":true,"excerpt":false},"en":{"title":false,"content":false,"excerpt":false}}},"featured_image_urls_v2":{"full":"","thumbnail":"","medium":"","medium_large":"","large":"","1536x1536":"","2048x2048":""},"post_excerpt_stackable_v2":"<p>Representative Sampling ist eine physische Replikationsmethode, um die Entwicklung eines Index durch einen ETF nachzubilden. Bei der Representative Sampling-Methode wird nur ein Teil der im Index enthaltenen Wertpapiere gekauft. Anders als bei der Full Replication-Methode findet keine 1:1 Abbildung bez\u00fcglich Gewichtung und Zusammensetzung statt. Bei der Representative Sampling-Methode wird viel eher versucht eine m\u00f6glichst repr\u00e4sentative Auswahl der Wertpapiere des zugrunde liegenden Index zu kaufen, um damit den Index m\u00f6glichst genau abbilden zu k\u00f6nnen. In der Regel werden nur die wichtigsten und liquidesten Aktientitel mit der h\u00f6chsten Gewichtung im Index gekauft. Um die Kosten niedrig zu halten, werden illiquide Titel, die&hellip;<\/p>\n","category_list_v2":"","author_info_v2":{"name":"PrudentWater","url":"https:\/\/prudentwater.com\/en\/author\/niklas33\/"},"comments_num_v2":"0 comments","_links":{"self":[{"href":"https:\/\/prudentwater.com\/en\/wp-json\/wp\/v2\/pages\/5323","targetHints":{"allow":["GET"]}}],"collection":[{"href":"https:\/\/prudentwater.com\/en\/wp-json\/wp\/v2\/pages"}],"about":[{"href":"https:\/\/prudentwater.com\/en\/wp-json\/wp\/v2\/types\/page"}],"author":[{"embeddable":true,"href":"https:\/\/prudentwater.com\/en\/wp-json\/wp\/v2\/users\/1"}],"replies":[{"embeddable":true,"href":"https:\/\/prudentwater.com\/en\/wp-json\/wp\/v2\/comments?post=5323"}],"version-history":[{"count":0,"href":"https:\/\/prudentwater.com\/en\/wp-json\/wp\/v2\/pages\/5323\/revisions"}],"wp:attachment":[{"href":"https:\/\/prudentwater.com\/en\/wp-json\/wp\/v2\/media?parent=5323"}],"curies":[{"name":"wp","href":"https:\/\/api.w.org\/{rel}","templated":true}]}}