{"id":534,"date":"2014-08-29T16:30:36","date_gmt":"2014-08-29T16:30:36","guid":{"rendered":"http:\/\/www.kunnskap.de\/?page_id=534"},"modified":"2021-06-25T12:50:09","modified_gmt":"2021-06-25T10:50:09","slug":"rentenmarkt","status":"publish","type":"page","link":"https:\/\/prudentwater.com\/en\/rentenmarkt\/","title":{"rendered":"Rentenmarkt"},"content":{"rendered":"<p>Auch <strong>Anleihenmarkt<\/strong><\/p>\n<p>Der Rentenmarkt ist ein Teil des Kapitalmarktes an dem festverzinsliche Wertpapiere wie Anleihen und Pfandbriefe staatlicher und privater Emittenten gehandelt werden. Der Rentenmarkt ist ein nicht lokalisierbarer Marktplatz, an dem Unternehmen und Staaten herantreten k\u00f6nnen, um Kapital f\u00fcr einen mittel- bis langfristigen Zeitpunkt aufzunehmen. Er bietet somit vor allem den Unternehmen eine Alternative zu dem herk\u00f6mmlichen Bankkredit. Dem Anleger bietet der Rentenmarkt die M\u00f6glichkeit, sein Geld verzinslich in verschiedene festverzinsliche Wertpapiere von Staaten und Unternehmen anzulegen und so f\u00fcr eine Diversifikation im Vergleich zum Bankkonto zu sorgen. Im Gegensatz zu Engagements am Aktienmarkt werden Investoren mit Geldanlagen am Rentenmarkt nicht zum Miteigent\u00fcmer des jeweiligen Unternehmens. Der Name &#8216;Rentenmarkt&#8217; stammt von dem Ursprung, dass festverzinsliche Wertpapiere \u00e4hnlich wie die Rente im Alter regelm\u00e4\u00dfige Eink\u00fcnfte erzielen. <\/p>\n","protected":false},"excerpt":{"rendered":"<p>Auch Anleihenmarkt Der Rentenmarkt ist ein Teil des Kapitalmarktes an dem festverzinsliche Wertpapiere wie Anleihen und Pfandbriefe staatlicher und privater Emittenten gehandelt werden. Der Rentenmarkt ist ein nicht lokalisierbarer Marktplatz, an dem Unternehmen und Staaten herantreten k\u00f6nnen, um Kapital f\u00fcr einen mittel- bis langfristigen Zeitpunkt aufzunehmen. Er bietet somit vor allem den Unternehmen eine Alternative [&hellip;]<\/p>\n","protected":false},"author":1,"featured_media":0,"parent":0,"menu_order":0,"comment_status":"closed","ping_status":"closed","template":"","meta":{"site-sidebar-layout":"default","site-content-layout":"","ast-site-content-layout":"","site-content-style":"default","site-sidebar-style":"default","ast-global-header-display":"","ast-banner-title-visibility":"","ast-main-header-display":"","ast-hfb-above-header-display":"","ast-hfb-below-header-display":"","ast-hfb-mobile-header-display":"","site-post-title":"","ast-breadcrumbs-content":"","ast-featured-img":"","footer-sml-layout":"","theme-transparent-header-meta":"","adv-header-id-meta":"","stick-header-meta":"","header-above-stick-meta":"","header-main-stick-meta":"","header-below-stick-meta":"","astra-migrate-meta-layouts":"default","ast-page-background-enabled":"default","ast-page-background-meta":{"desktop":{"background-color":"","background-image":"","background-repeat":"repeat","background-position":"center center","background-size":"auto","background-attachment":"scroll","background-type":"","background-media":"","overlay-type":"","overlay-color":"","overlay-opacity":"","overlay-gradient":""},"tablet":{"background-color":"","background-image":"","background-repeat":"repeat","background-position":"center center","background-size":"auto","background-attachment":"scroll","background-type":"","background-media":"","overlay-type":"","overlay-color":"","overlay-opacity":"","overlay-gradient":""},"mobile":{"background-color":"","background-image":"","background-repeat":"repeat","background-position":"center center","background-size":"auto","background-attachment":"scroll","background-type":"","background-media":"","overlay-type":"","overlay-color":"","overlay-opacity":"","overlay-gradient":""}},"ast-content-background-meta":{"desktop":{"background-color":"var(--ast-global-color-5)","background-image":"","background-repeat":"repeat","background-position":"center center","background-size":"auto","background-attachment":"scroll","background-type":"","background-media":"","overlay-type":"","overlay-color":"","overlay-opacity":"","overlay-gradient":""},"tablet":{"background-color":"var(--ast-global-color-5)","background-image":"","background-repeat":"repeat","background-position":"center center","background-size":"auto","background-attachment":"scroll","background-type":"","background-media":"","overlay-type":"","overlay-color":"","overlay-opacity":"","overlay-gradient":""},"mobile":{"background-color":"var(--ast-global-color-5)","background-image":"","background-repeat":"repeat","background-position":"center center","background-size":"auto","background-attachment":"scroll","background-type":"","background-media":"","overlay-type":"","overlay-color":"","overlay-opacity":"","overlay-gradient":""}},"footnotes":""},"class_list":["post-534","page","type-page","status-publish","hentry"],"translation":{"provider":"WPGlobus","version":"3.0.2","language":"en","enabled_languages":["de","en"],"languages":{"de":{"title":true,"content":true,"excerpt":false},"en":{"title":false,"content":false,"excerpt":false}}},"featured_image_urls_v2":{"full":"","thumbnail":"","medium":"","medium_large":"","large":"","1536x1536":"","2048x2048":""},"post_excerpt_stackable_v2":"<p>Auch Anleihenmarkt Der Rentenmarkt ist ein Teil des Kapitalmarktes an dem festverzinsliche Wertpapiere wie Anleihen und Pfandbriefe staatlicher und privater Emittenten gehandelt werden. Der Rentenmarkt ist ein nicht lokalisierbarer Marktplatz, an dem Unternehmen und Staaten herantreten k\u00f6nnen, um Kapital f\u00fcr einen mittel- bis langfristigen Zeitpunkt aufzunehmen. Er bietet somit vor allem den Unternehmen eine Alternative zu dem herk\u00f6mmlichen Bankkredit. Dem Anleger bietet der Rentenmarkt die M\u00f6glichkeit, sein Geld verzinslich in verschiedene festverzinsliche Wertpapiere von Staaten und Unternehmen anzulegen und so f\u00fcr eine Diversifikation im Vergleich zum Bankkonto zu sorgen. Im Gegensatz zu Engagements am Aktienmarkt werden Investoren mit Geldanlagen am&hellip;<\/p>\n","category_list_v2":"","author_info_v2":{"name":"PrudentWater","url":"https:\/\/prudentwater.com\/en\/author\/niklas33\/"},"comments_num_v2":"0 comments","_links":{"self":[{"href":"https:\/\/prudentwater.com\/en\/wp-json\/wp\/v2\/pages\/534","targetHints":{"allow":["GET"]}}],"collection":[{"href":"https:\/\/prudentwater.com\/en\/wp-json\/wp\/v2\/pages"}],"about":[{"href":"https:\/\/prudentwater.com\/en\/wp-json\/wp\/v2\/types\/page"}],"author":[{"embeddable":true,"href":"https:\/\/prudentwater.com\/en\/wp-json\/wp\/v2\/users\/1"}],"replies":[{"embeddable":true,"href":"https:\/\/prudentwater.com\/en\/wp-json\/wp\/v2\/comments?post=534"}],"version-history":[{"count":0,"href":"https:\/\/prudentwater.com\/en\/wp-json\/wp\/v2\/pages\/534\/revisions"}],"wp:attachment":[{"href":"https:\/\/prudentwater.com\/en\/wp-json\/wp\/v2\/media?parent=534"}],"curies":[{"name":"wp","href":"https:\/\/api.w.org\/{rel}","templated":true}]}}