{"id":5349,"date":"2015-12-02T14:27:16","date_gmt":"2015-12-02T14:27:16","guid":{"rendered":"http:\/\/www.kunnskap.de\/?page_id=5349"},"modified":"2021-06-25T12:50:13","modified_gmt":"2021-06-25T10:50:13","slug":"swap","status":"publish","type":"page","link":"https:\/\/prudentwater.com\/en\/swap\/","title":{"rendered":"Swap"},"content":{"rendered":"<p>Ein Swap ist ein Sammelbegriff f\u00fcr verschiedene derivative Finanzinstrumente, bei denen zuk\u00fcnftige Zahlungsstr\u00f6me zwischen zwei Vertragsparteien ausgetauscht werden. Der Sinn eines Swaps besteht darin, dass die zwei involvierenden Parteien die jeweiligen Kostenvorteile des Anderen nutzen, um sich so selber eine g\u00fcnstigere Finanzierung zu sichern.   Bei einem Swap vereinbaren somit die beiden Parteien, dass Zahlungsstr\u00f6me, welche in der Zukunft liegen, ausgetauscht werden. Dazu wird vorher festgelegt, wann die Zahlungen f\u00e4llig werden und wie die jeweilige Zahlung berechnet wird. Ein Swap kann als Tausch von Marktpreisrisiken durch einen Zinsswap, W\u00e4hrungsswap, Asset Swap, Equity Swap oder durch einen Devisenswap genutzt werden. Wesentlicher Bestandteil dieser Swapformen ist, dass die beiden Vertragsparteien ihre Finanzierungskonditionen untereinander austauschen, um so von den Kostenvorteilen des Gegen\u00fcbers zu profitieren.<br \/>\nUm ein bestimmtes Ausfallrisiko auszutauschen, kann wiederum ein Credit Default Swap genutzt werden, um Aktiva \/ Passiva auszutauschen, kann der sogenannte Debt Equity Swap genutzt werden. <\/p>\n","protected":false},"excerpt":{"rendered":"<p>Ein Swap ist ein Sammelbegriff f\u00fcr verschiedene derivative Finanzinstrumente, bei denen zuk\u00fcnftige Zahlungsstr\u00f6me zwischen zwei Vertragsparteien ausgetauscht werden. Der Sinn eines Swaps besteht darin, dass die zwei involvierenden Parteien die jeweiligen Kostenvorteile des Anderen nutzen, um sich so selber eine g\u00fcnstigere Finanzierung zu sichern. Bei einem Swap vereinbaren somit die beiden Parteien, dass Zahlungsstr\u00f6me, welche [&hellip;]<\/p>\n","protected":false},"author":1,"featured_media":0,"parent":0,"menu_order":0,"comment_status":"closed","ping_status":"closed","template":"","meta":{"site-sidebar-layout":"default","site-content-layout":"","ast-site-content-layout":"","site-content-style":"default","site-sidebar-style":"default","ast-global-header-display":"","ast-banner-title-visibility":"","ast-main-header-display":"","ast-hfb-above-header-display":"","ast-hfb-below-header-display":"","ast-hfb-mobile-header-display":"","site-post-title":"","ast-breadcrumbs-content":"","ast-featured-img":"","footer-sml-layout":"","theme-transparent-header-meta":"","adv-header-id-meta":"","stick-header-meta":"","header-above-stick-meta":"","header-main-stick-meta":"","header-below-stick-meta":"","astra-migrate-meta-layouts":"default","ast-page-background-enabled":"default","ast-page-background-meta":{"desktop":{"background-color":"","background-image":"","background-repeat":"repeat","background-position":"center center","background-size":"auto","background-attachment":"scroll","background-type":"","background-media":"","overlay-type":"","overlay-color":"","overlay-opacity":"","overlay-gradient":""},"tablet":{"background-color":"","background-image":"","background-repeat":"repeat","background-position":"center center","background-size":"auto","background-attachment":"scroll","background-type":"","background-media":"","overlay-type":"","overlay-color":"","overlay-opacity":"","overlay-gradient":""},"mobile":{"background-color":"","background-image":"","background-repeat":"repeat","background-position":"center center","background-size":"auto","background-attachment":"scroll","background-type":"","background-media":"","overlay-type":"","overlay-color":"","overlay-opacity":"","overlay-gradient":""}},"ast-content-background-meta":{"desktop":{"background-color":"var(--ast-global-color-5)","background-image":"","background-repeat":"repeat","background-position":"center center","background-size":"auto","background-attachment":"scroll","background-type":"","background-media":"","overlay-type":"","overlay-color":"","overlay-opacity":"","overlay-gradient":""},"tablet":{"background-color":"var(--ast-global-color-5)","background-image":"","background-repeat":"repeat","background-position":"center center","background-size":"auto","background-attachment":"scroll","background-type":"","background-media":"","overlay-type":"","overlay-color":"","overlay-opacity":"","overlay-gradient":""},"mobile":{"background-color":"var(--ast-global-color-5)","background-image":"","background-repeat":"repeat","background-position":"center center","background-size":"auto","background-attachment":"scroll","background-type":"","background-media":"","overlay-type":"","overlay-color":"","overlay-opacity":"","overlay-gradient":""}},"footnotes":""},"class_list":["post-5349","page","type-page","status-publish","hentry"],"translation":{"provider":"WPGlobus","version":"3.0.2","language":"en","enabled_languages":["de","en"],"languages":{"de":{"title":true,"content":true,"excerpt":false},"en":{"title":false,"content":false,"excerpt":false}}},"featured_image_urls_v2":{"full":"","thumbnail":"","medium":"","medium_large":"","large":"","1536x1536":"","2048x2048":""},"post_excerpt_stackable_v2":"<p>Ein Swap ist ein Sammelbegriff f\u00fcr verschiedene derivative Finanzinstrumente, bei denen zuk\u00fcnftige Zahlungsstr\u00f6me zwischen zwei Vertragsparteien ausgetauscht werden. Der Sinn eines Swaps besteht darin, dass die zwei involvierenden Parteien die jeweiligen Kostenvorteile des Anderen nutzen, um sich so selber eine g\u00fcnstigere Finanzierung zu sichern. Bei einem Swap vereinbaren somit die beiden Parteien, dass Zahlungsstr\u00f6me, welche in der Zukunft liegen, ausgetauscht werden. Dazu wird vorher festgelegt, wann die Zahlungen f\u00e4llig werden und wie die jeweilige Zahlung berechnet wird. Ein Swap kann als Tausch von Marktpreisrisiken durch einen Zinsswap, W\u00e4hrungsswap, Asset Swap, Equity Swap oder durch einen Devisenswap genutzt werden. Wesentlicher Bestandteil&hellip;<\/p>\n","category_list_v2":"","author_info_v2":{"name":"PrudentWater","url":"https:\/\/prudentwater.com\/en\/author\/niklas33\/"},"comments_num_v2":"0 comments","_links":{"self":[{"href":"https:\/\/prudentwater.com\/en\/wp-json\/wp\/v2\/pages\/5349","targetHints":{"allow":["GET"]}}],"collection":[{"href":"https:\/\/prudentwater.com\/en\/wp-json\/wp\/v2\/pages"}],"about":[{"href":"https:\/\/prudentwater.com\/en\/wp-json\/wp\/v2\/types\/page"}],"author":[{"embeddable":true,"href":"https:\/\/prudentwater.com\/en\/wp-json\/wp\/v2\/users\/1"}],"replies":[{"embeddable":true,"href":"https:\/\/prudentwater.com\/en\/wp-json\/wp\/v2\/comments?post=5349"}],"version-history":[{"count":0,"href":"https:\/\/prudentwater.com\/en\/wp-json\/wp\/v2\/pages\/5349\/revisions"}],"wp:attachment":[{"href":"https:\/\/prudentwater.com\/en\/wp-json\/wp\/v2\/media?parent=5349"}],"curies":[{"name":"wp","href":"https:\/\/api.w.org\/{rel}","templated":true}]}}