{"id":5425,"date":"2015-12-10T15:25:44","date_gmt":"2015-12-10T15:25:44","guid":{"rendered":"http:\/\/www.kunnskap.de\/?page_id=5425"},"modified":"2021-06-25T12:49:33","modified_gmt":"2021-06-25T10:49:33","slug":"kredit-etf","status":"publish","type":"page","link":"https:\/\/prudentwater.com\/en\/kredit-etf\/","title":{"rendered":"Kredit-ETF"},"content":{"rendered":"<p>Ein Kredit-ETF bietet dem Anleger die M\u00f6glichkeit, Kreditrisiken von Schuldnern, wie beispielsweise die von einzelnen Unternehmen, zu handeln. Ein Kredit-ETF bildet die Wertentwicklung der Absicherungskosten f\u00fcr Forderungen gegen\u00fcber den in dem ETF enthaltenen Unternehmen ab. Bei dem Index, welcher vom ETF abgebildet wird, kann es sich zum Beispiel um den iTraxx Europe handeln. Dieser misst die Ver\u00e4nderung und Entwicklung der Risikopr\u00e4mien auf bestimmte Schuldner. Um das Kreditrisiko handelbar zu machen, werden Credit Default Swaps eingesetzt. Ein Credit Default Swap ist ein Kreditderivat und Kreditversicherung, mit der sich der Gl\u00e4ubiger gegen eine m\u00f6gliche Zahlungsunf\u00e4higkeit des Schuldners absichern kann. Steigt nun der Wert eines Long-Kredit-ETFs an, verbessert sich die Bonit\u00e4t der Schuldner im Index und das Kreditrisiko geht zur\u00fcck. Ein Long-Kredit-ETF dient also dazu, auf eine finanzielle Verbesserung der im Index enthaltenen Unternehmen zu spekulieren. Mit einem Short-Kredit-ETf spekuliert der Anleger hingegen darauf, dass das Kreditrisiko steigt und somit sich die finanzielle Situation der Unternehmen verschlechtert. Verschlechtert sich die Bonit\u00e4t, so steigt der Short-Kredit-ETF im Kurs an. Bei einem Short-ETF muss jedoch stets die Pfadabh\u00e4ngigkeit als zus\u00e4tzliche Wert\u00e4nderungsgr\u00f6\u00dfe des ETFs ber\u00fccksichtigt werden, sprich, ein Short-ETF kann unter Umst\u00e4nden den zugrunde liegenden Index nicht exakt 1:1 abbilden. <\/p>\n","protected":false},"excerpt":{"rendered":"<p>Ein Kredit-ETF bietet dem Anleger die M\u00f6glichkeit, Kreditrisiken von Schuldnern, wie beispielsweise die von einzelnen Unternehmen, zu handeln. Ein Kredit-ETF bildet die Wertentwicklung der Absicherungskosten f\u00fcr Forderungen gegen\u00fcber den in dem ETF enthaltenen Unternehmen ab. Bei dem Index, welcher vom ETF abgebildet wird, kann es sich zum Beispiel um den iTraxx Europe handeln. Dieser misst [&hellip;]<\/p>\n","protected":false},"author":1,"featured_media":0,"parent":0,"menu_order":0,"comment_status":"closed","ping_status":"closed","template":"","meta":{"site-sidebar-layout":"default","site-content-layout":"","ast-site-content-layout":"","site-content-style":"default","site-sidebar-style":"default","ast-global-header-display":"","ast-banner-title-visibility":"","ast-main-header-display":"","ast-hfb-above-header-display":"","ast-hfb-below-header-display":"","ast-hfb-mobile-header-display":"","site-post-title":"","ast-breadcrumbs-content":"","ast-featured-img":"","footer-sml-layout":"","theme-transparent-header-meta":"","adv-header-id-meta":"","stick-header-meta":"","header-above-stick-meta":"","header-main-stick-meta":"","header-below-stick-meta":"","astra-migrate-meta-layouts":"default","ast-page-background-enabled":"default","ast-page-background-meta":{"desktop":{"background-color":"","background-image":"","background-repeat":"repeat","background-position":"center center","background-size":"auto","background-attachment":"scroll","background-type":"","background-media":"","overlay-type":"","overlay-color":"","overlay-opacity":"","overlay-gradient":""},"tablet":{"background-color":"","background-image":"","background-repeat":"repeat","background-position":"center center","background-size":"auto","background-attachment":"scroll","background-type":"","background-media":"","overlay-type":"","overlay-color":"","overlay-opacity":"","overlay-gradient":""},"mobile":{"background-color":"","background-image":"","background-repeat":"repeat","background-position":"center center","background-size":"auto","background-attachment":"scroll","background-type":"","background-media":"","overlay-type":"","overlay-color":"","overlay-opacity":"","overlay-gradient":""}},"ast-content-background-meta":{"desktop":{"background-color":"var(--ast-global-color-5)","background-image":"","background-repeat":"repeat","background-position":"center center","background-size":"auto","background-attachment":"scroll","background-type":"","background-media":"","overlay-type":"","overlay-color":"","overlay-opacity":"","overlay-gradient":""},"tablet":{"background-color":"var(--ast-global-color-5)","background-image":"","background-repeat":"repeat","background-position":"center center","background-size":"auto","background-attachment":"scroll","background-type":"","background-media":"","overlay-type":"","overlay-color":"","overlay-opacity":"","overlay-gradient":""},"mobile":{"background-color":"var(--ast-global-color-5)","background-image":"","background-repeat":"repeat","background-position":"center center","background-size":"auto","background-attachment":"scroll","background-type":"","background-media":"","overlay-type":"","overlay-color":"","overlay-opacity":"","overlay-gradient":""}},"footnotes":""},"class_list":["post-5425","page","type-page","status-publish","hentry"],"translation":{"provider":"WPGlobus","version":"3.0.2","language":"en","enabled_languages":["de","en"],"languages":{"de":{"title":true,"content":true,"excerpt":false},"en":{"title":false,"content":false,"excerpt":false}}},"featured_image_urls_v2":{"full":"","thumbnail":"","medium":"","medium_large":"","large":"","1536x1536":"","2048x2048":""},"post_excerpt_stackable_v2":"<p>Ein Kredit-ETF bietet dem Anleger die M\u00f6glichkeit, Kreditrisiken von Schuldnern, wie beispielsweise die von einzelnen Unternehmen, zu handeln. Ein Kredit-ETF bildet die Wertentwicklung der Absicherungskosten f\u00fcr Forderungen gegen\u00fcber den in dem ETF enthaltenen Unternehmen ab. Bei dem Index, welcher vom ETF abgebildet wird, kann es sich zum Beispiel um den iTraxx Europe handeln. Dieser misst die Ver\u00e4nderung und Entwicklung der Risikopr\u00e4mien auf bestimmte Schuldner. Um das Kreditrisiko handelbar zu machen, werden Credit Default Swaps eingesetzt. Ein Credit Default Swap ist ein Kreditderivat und Kreditversicherung, mit der sich der Gl\u00e4ubiger gegen eine m\u00f6gliche Zahlungsunf\u00e4higkeit des Schuldners absichern kann. Steigt nun der&hellip;<\/p>\n","category_list_v2":"","author_info_v2":{"name":"PrudentWater","url":"https:\/\/prudentwater.com\/en\/author\/niklas33\/"},"comments_num_v2":"0 comments","_links":{"self":[{"href":"https:\/\/prudentwater.com\/en\/wp-json\/wp\/v2\/pages\/5425","targetHints":{"allow":["GET"]}}],"collection":[{"href":"https:\/\/prudentwater.com\/en\/wp-json\/wp\/v2\/pages"}],"about":[{"href":"https:\/\/prudentwater.com\/en\/wp-json\/wp\/v2\/types\/page"}],"author":[{"embeddable":true,"href":"https:\/\/prudentwater.com\/en\/wp-json\/wp\/v2\/users\/1"}],"replies":[{"embeddable":true,"href":"https:\/\/prudentwater.com\/en\/wp-json\/wp\/v2\/comments?post=5425"}],"version-history":[{"count":0,"href":"https:\/\/prudentwater.com\/en\/wp-json\/wp\/v2\/pages\/5425\/revisions"}],"wp:attachment":[{"href":"https:\/\/prudentwater.com\/en\/wp-json\/wp\/v2\/media?parent=5425"}],"curies":[{"name":"wp","href":"https:\/\/api.w.org\/{rel}","templated":true}]}}