{"id":5436,"date":"2015-12-10T20:16:04","date_gmt":"2015-12-10T20:16:04","guid":{"rendered":"http:\/\/www.kunnskap.de\/?page_id=5436"},"modified":"2021-06-25T12:50:11","modified_gmt":"2021-06-25T10:50:11","slug":"short-etf","status":"publish","type":"page","link":"https:\/\/prudentwater.com\/en\/short-etf\/","title":{"rendered":"Short-ETF"},"content":{"rendered":"<p>Ein Short-ETF entwickelt sich entgegen dem zugrunde liegenden Index. Der Anleger kann somit mit einem Short-ETF auf fallende Kurse beim Referenzindex spekulieren. Auf Tagesbasis wird dadurch erreicht, dass der Anleger beinahe 1:1 von fallenden Kursen des Index profitiert. \u00dcber einen mittel- bis langfristigen Zeitraum spiegelt der Short-ETF jedoch nicht die entgegengesetzte Rendite des Index wider. Grund f\u00fcr die Abweichung ist die sogenannte Pfadabh\u00e4ngigkeit. Diese verursacht, dass der Anleger mit einem Short-ETF nicht 1:1 von fallenden Kursen profitiert. Bei der Berechnung der Performance des Short-ETFs wird nicht die absolute Wertentwicklung in Punkten herangezogen, sondern &#8220;nur&#8221; die relative prozentuale Entwicklung. Durch diese Methode findet die Berechnung prozentual und jeden Tag neu statt und es wird nicht der Punktestand des Index ber\u00fccksichtigt.<br \/>\nBei einem Short-ETF erh\u00e4lt der Anleger jedoch noch den doppelten Tagesgeldzinssatz. F\u00fcr den Euroraum ist dies in der Regel der EONIA. Diese Zinsen resultieren bei einem Short-ETF aus dem Anlageverm\u00f6gen (eingezahltes Geld der Anleger f\u00fcr Ausgabe der ETF-Anteile) und das durch den Leerverkauf zus\u00e4tzlich erhaltene Geldverm\u00f6gen. Diese Zinsen werden dem Kurs des ETFs gutgeschrieben und nicht direkt ausbezahlt.<\/p>\n","protected":false},"excerpt":{"rendered":"<p>Ein Short-ETF entwickelt sich entgegen dem zugrunde liegenden Index. Der Anleger kann somit mit einem Short-ETF auf fallende Kurse beim Referenzindex spekulieren. Auf Tagesbasis wird dadurch erreicht, dass der Anleger beinahe 1:1 von fallenden Kursen des Index profitiert. \u00dcber einen mittel- bis langfristigen Zeitraum spiegelt der Short-ETF jedoch nicht die entgegengesetzte Rendite des Index wider. [&hellip;]<\/p>\n","protected":false},"author":1,"featured_media":0,"parent":0,"menu_order":0,"comment_status":"closed","ping_status":"closed","template":"","meta":{"site-sidebar-layout":"default","site-content-layout":"","ast-site-content-layout":"","site-content-style":"default","site-sidebar-style":"default","ast-global-header-display":"","ast-banner-title-visibility":"","ast-main-header-display":"","ast-hfb-above-header-display":"","ast-hfb-below-header-display":"","ast-hfb-mobile-header-display":"","site-post-title":"","ast-breadcrumbs-content":"","ast-featured-img":"","footer-sml-layout":"","theme-transparent-header-meta":"","adv-header-id-meta":"","stick-header-meta":"","header-above-stick-meta":"","header-main-stick-meta":"","header-below-stick-meta":"","astra-migrate-meta-layouts":"default","ast-page-background-enabled":"default","ast-page-background-meta":{"desktop":{"background-color":"","background-image":"","background-repeat":"repeat","background-position":"center center","background-size":"auto","background-attachment":"scroll","background-type":"","background-media":"","overlay-type":"","overlay-color":"","overlay-opacity":"","overlay-gradient":""},"tablet":{"background-color":"","background-image":"","background-repeat":"repeat","background-position":"center center","background-size":"auto","background-attachment":"scroll","background-type":"","background-media":"","overlay-type":"","overlay-color":"","overlay-opacity":"","overlay-gradient":""},"mobile":{"background-color":"","background-image":"","background-repeat":"repeat","background-position":"center center","background-size":"auto","background-attachment":"scroll","background-type":"","background-media":"","overlay-type":"","overlay-color":"","overlay-opacity":"","overlay-gradient":""}},"ast-content-background-meta":{"desktop":{"background-color":"var(--ast-global-color-5)","background-image":"","background-repeat":"repeat","background-position":"center center","background-size":"auto","background-attachment":"scroll","background-type":"","background-media":"","overlay-type":"","overlay-color":"","overlay-opacity":"","overlay-gradient":""},"tablet":{"background-color":"var(--ast-global-color-5)","background-image":"","background-repeat":"repeat","background-position":"center center","background-size":"auto","background-attachment":"scroll","background-type":"","background-media":"","overlay-type":"","overlay-color":"","overlay-opacity":"","overlay-gradient":""},"mobile":{"background-color":"var(--ast-global-color-5)","background-image":"","background-repeat":"repeat","background-position":"center center","background-size":"auto","background-attachment":"scroll","background-type":"","background-media":"","overlay-type":"","overlay-color":"","overlay-opacity":"","overlay-gradient":""}},"footnotes":""},"class_list":["post-5436","page","type-page","status-publish","hentry"],"translation":{"provider":"WPGlobus","version":"3.0.2","language":"en","enabled_languages":["de","en"],"languages":{"de":{"title":true,"content":true,"excerpt":false},"en":{"title":false,"content":false,"excerpt":false}}},"featured_image_urls_v2":{"full":"","thumbnail":"","medium":"","medium_large":"","large":"","1536x1536":"","2048x2048":""},"post_excerpt_stackable_v2":"<p>Ein Short-ETF entwickelt sich entgegen dem zugrunde liegenden Index. Der Anleger kann somit mit einem Short-ETF auf fallende Kurse beim Referenzindex spekulieren. Auf Tagesbasis wird dadurch erreicht, dass der Anleger beinahe 1:1 von fallenden Kursen des Index profitiert. \u00dcber einen mittel- bis langfristigen Zeitraum spiegelt der Short-ETF jedoch nicht die entgegengesetzte Rendite des Index wider. Grund f\u00fcr die Abweichung ist die sogenannte Pfadabh\u00e4ngigkeit. Diese verursacht, dass der Anleger mit einem Short-ETF nicht 1:1 von fallenden Kursen profitiert. Bei der Berechnung der Performance des Short-ETFs wird nicht die absolute Wertentwicklung in Punkten herangezogen, sondern &#8220;nur&#8221; die relative prozentuale Entwicklung. Durch diese&hellip;<\/p>\n","category_list_v2":"","author_info_v2":{"name":"PrudentWater","url":"https:\/\/prudentwater.com\/en\/author\/niklas33\/"},"comments_num_v2":"0 comments","_links":{"self":[{"href":"https:\/\/prudentwater.com\/en\/wp-json\/wp\/v2\/pages\/5436","targetHints":{"allow":["GET"]}}],"collection":[{"href":"https:\/\/prudentwater.com\/en\/wp-json\/wp\/v2\/pages"}],"about":[{"href":"https:\/\/prudentwater.com\/en\/wp-json\/wp\/v2\/types\/page"}],"author":[{"embeddable":true,"href":"https:\/\/prudentwater.com\/en\/wp-json\/wp\/v2\/users\/1"}],"replies":[{"embeddable":true,"href":"https:\/\/prudentwater.com\/en\/wp-json\/wp\/v2\/comments?post=5436"}],"version-history":[{"count":0,"href":"https:\/\/prudentwater.com\/en\/wp-json\/wp\/v2\/pages\/5436\/revisions"}],"wp:attachment":[{"href":"https:\/\/prudentwater.com\/en\/wp-json\/wp\/v2\/media?parent=5436"}],"curies":[{"name":"wp","href":"https:\/\/api.w.org\/{rel}","templated":true}]}}