{"id":544,"date":"2014-09-01T08:30:54","date_gmt":"2014-09-01T08:30:54","guid":{"rendered":"http:\/\/www.kunnskap.de\/?page_id=544"},"modified":"2021-08-13T20:15:06","modified_gmt":"2021-08-13T18:15:06","slug":"deflation","status":"publish","type":"page","link":"https:\/\/prudentwater.com\/en\/deflation\/","title":{"rendered":"Deflation"},"content":{"rendered":"<p>Auch <strong>Negative Inflation<\/strong><\/p>\n<p>Deflation liegt vor, wenn die Preise f\u00fcr Waren und Dienstleistungen \u00fcber einen mittel- bis langfristigen Zeitraum fallen und somit r\u00fcckl\u00e4ufig sind. In der Theorie ist in einer Deflation das Angebot an G\u00fctern und Dienstleistungen gr\u00f6\u00dfer als die Nachfrage und dies dr\u00fcckt somit die Preise. In einer Deflation findet somit eine Kaufkraftsteigerung des Geldes statt. Der Wert des Geldes steigt w\u00e4hrend einer Deflation &#8211; f\u00fcr eine Geldeinheit kann der Konsument durchschnittlich mehr G\u00fcter kaufen. Werden Waren nach und nach billiger, verschieben Verbraucher ihre K\u00e4ufe in die Zukunft, da sie glauben, dass die Preise noch weiter sinken. Ebenso verschieben Unternehmen ihre Investitionen in die Zukunft. Dies belastet die Wirtschaft, da es den Unternehmen so schwerer f\u00e4llt, ihre Produkte zu verkaufen. Dies wiederum f\u00fchrt zu Lohnsenkungen, Arbeitslosigkeit und Kurzarbeit, was den Konsum und die Investitionen weiter bremst. So entsteht eine sogenannte Deflationsspirale, die sich jedoch nur bei st\u00e4rkeren Deflationen von mindestens 2 % entwickeln kann.<br \/>\n<div class=\"perfect-pullquote vcard pullquote-align-full pullquote-border-placement-left\" style=\"border-color:#9cd3db !important;font-size:21px !important;\"><blockquote><p style=\"font-size:21px !important;\">Ursachen der Deflation sind oftmals eine steigende Arbeitslosenquote, ein geringes Wachstum der L\u00f6hne und Geh\u00e4lter, sowie eine verst\u00e4rkte Neigung der B\u00fcrger hin zum vorsoglichen Sparen.<\/p><\/blockquote><\/div><\/p>\n<p style=\"margin-bottom: 44px\">\n<h5>Auswirkungen der Deflation auf Schuldner, Gl\u00e4ubiger und Aktion\u00e4re<\/h5>\n<p>Eine Deflation hat negative Auswirkungen f\u00fcr Schuldner und ist gleichzeitig vorteilhaft f\u00fcr Gl\u00e4ubiger. W\u00e4hrend die Inflation den Schuldner grunds\u00e4tzlich entlastet, da der Wert der Schulden durch die Geldentwertung sinkt, erh\u00f6ht sich bei einer Deflation die Schuldenlast real umso st\u00e4rker. F\u00fcr den Sparer kann sich eine geringe Deflation positiv auf das Gesparte auswirken. Liegt die Deflation beispielsweise bei 2 Prozent und erh\u00e4lt der Sparer einen Zins von 1,5 Prozent f\u00fcr sein angelegtes Geld auf seinem  Tagesgeldkonto, so wird die Geldsumme real mit 3,5 % p.a. verzinst. In einer Deflation sinkt in der Regel jedoch auch das allgemeine Zinsniveau, sprich, der Marktzins f\u00e4llt und auch Banken bieten ihren Kunden geringere Zinsen auf ihre Einlagen an, wodurch so der Vorteil wieder ausgeglichen wird.<br \/>\nEine anhaltende Deflation wirkt sich oftmals auch negativ auf Aktien und den gesamten Aktienmarkt aus. Dieser hat in der Vergangenheit in mehreren Beispielen auf eine anhaltende Deflation mit sinkenden Aktienkursen reagiert. Der Grund daf\u00fcr liegt darin, dass in einer Deflation die Unternehmen weniger Gewinne erwirtschaften, da schlicht die Preise f\u00fcr ihre angebotenen Waren und Dienstleistungen fallen, die Kosten jedoch nicht im gleichen Ma\u00dfe und Tempo angepasst werden k\u00f6nnen.<\/p>\n","protected":false},"excerpt":{"rendered":"<p>Auch Negative Inflation Deflation liegt vor, wenn die Preise f\u00fcr Waren und Dienstleistungen \u00fcber einen mittel- bis langfristigen Zeitraum fallen und somit r\u00fcckl\u00e4ufig sind. In der Theorie ist in einer Deflation das Angebot an G\u00fctern und Dienstleistungen gr\u00f6\u00dfer als die Nachfrage und dies dr\u00fcckt somit die Preise. In einer Deflation findet somit eine Kaufkraftsteigerung des [&hellip;]<\/p>\n","protected":false},"author":1,"featured_media":0,"parent":0,"menu_order":0,"comment_status":"closed","ping_status":"closed","template":"","meta":{"site-sidebar-layout":"default","site-content-layout":"default","ast-site-content-layout":"","site-content-style":"default","site-sidebar-style":"default","ast-global-header-display":"","ast-banner-title-visibility":"","ast-main-header-display":"","ast-hfb-above-header-display":"","ast-hfb-below-header-display":"","ast-hfb-mobile-header-display":"","site-post-title":"","ast-breadcrumbs-content":"","ast-featured-img":"","footer-sml-layout":"","theme-transparent-header-meta":"default","adv-header-id-meta":"","stick-header-meta":"","header-above-stick-meta":"","header-main-stick-meta":"","header-below-stick-meta":"","astra-migrate-meta-layouts":"default","ast-page-background-enabled":"default","ast-page-background-meta":{"desktop":{"background-color":"","background-image":"","background-repeat":"repeat","background-position":"center center","background-size":"auto","background-attachment":"scroll","background-type":"","background-media":"","overlay-type":"","overlay-color":"","overlay-opacity":"","overlay-gradient":""},"tablet":{"background-color":"","background-image":"","background-repeat":"repeat","background-position":"center center","background-size":"auto","background-attachment":"scroll","background-type":"","background-media":"","overlay-type":"","overlay-color":"","overlay-opacity":"","overlay-gradient":""},"mobile":{"background-color":"","background-image":"","background-repeat":"repeat","background-position":"center center","background-size":"auto","background-attachment":"scroll","background-type":"","background-media":"","overlay-type":"","overlay-color":"","overlay-opacity":"","overlay-gradient":""}},"ast-content-background-meta":{"desktop":{"background-color":"var(--ast-global-color-5)","background-image":"","background-repeat":"repeat","background-position":"center center","background-size":"auto","background-attachment":"scroll","background-type":"","background-media":"","overlay-type":"","overlay-color":"","overlay-opacity":"","overlay-gradient":""},"tablet":{"background-color":"var(--ast-global-color-5)","background-image":"","background-repeat":"repeat","background-position":"center center","background-size":"auto","background-attachment":"scroll","background-type":"","background-media":"","overlay-type":"","overlay-color":"","overlay-opacity":"","overlay-gradient":""},"mobile":{"background-color":"var(--ast-global-color-5)","background-image":"","background-repeat":"repeat","background-position":"center center","background-size":"auto","background-attachment":"scroll","background-type":"","background-media":"","overlay-type":"","overlay-color":"","overlay-opacity":"","overlay-gradient":""}},"footnotes":""},"class_list":["post-544","page","type-page","status-publish","hentry"],"translation":{"provider":"WPGlobus","version":"3.0.2","language":"en","enabled_languages":["de","en"],"languages":{"de":{"title":true,"content":true,"excerpt":false},"en":{"title":false,"content":false,"excerpt":false}}},"featured_image_urls_v2":{"full":"","thumbnail":"","medium":"","medium_large":"","large":"","1536x1536":"","2048x2048":""},"post_excerpt_stackable_v2":"<p>Auch Negative Inflation Deflation liegt vor, wenn die Preise f\u00fcr Waren und Dienstleistungen \u00fcber einen mittel- bis langfristigen Zeitraum fallen und somit r\u00fcckl\u00e4ufig sind. In der Theorie ist in einer Deflation das Angebot an G\u00fctern und Dienstleistungen gr\u00f6\u00dfer als die Nachfrage und dies dr\u00fcckt somit die Preise. In einer Deflation findet somit eine Kaufkraftsteigerung des Geldes statt. Der Wert des Geldes steigt w\u00e4hrend einer Deflation &#8211; f\u00fcr eine Geldeinheit kann der Konsument durchschnittlich mehr G\u00fcter kaufen. Werden Waren nach und nach billiger, verschieben Verbraucher ihre K\u00e4ufe in die Zukunft, da sie glauben, dass die Preise noch weiter sinken. Ebenso verschieben&hellip;<\/p>\n","category_list_v2":"","author_info_v2":{"name":"PrudentWater","url":"https:\/\/prudentwater.com\/en\/author\/niklas33\/"},"comments_num_v2":"0 comments","_links":{"self":[{"href":"https:\/\/prudentwater.com\/en\/wp-json\/wp\/v2\/pages\/544","targetHints":{"allow":["GET"]}}],"collection":[{"href":"https:\/\/prudentwater.com\/en\/wp-json\/wp\/v2\/pages"}],"about":[{"href":"https:\/\/prudentwater.com\/en\/wp-json\/wp\/v2\/types\/page"}],"author":[{"embeddable":true,"href":"https:\/\/prudentwater.com\/en\/wp-json\/wp\/v2\/users\/1"}],"replies":[{"embeddable":true,"href":"https:\/\/prudentwater.com\/en\/wp-json\/wp\/v2\/comments?post=544"}],"version-history":[{"count":0,"href":"https:\/\/prudentwater.com\/en\/wp-json\/wp\/v2\/pages\/544\/revisions"}],"wp:attachment":[{"href":"https:\/\/prudentwater.com\/en\/wp-json\/wp\/v2\/media?parent=544"}],"curies":[{"name":"wp","href":"https:\/\/api.w.org\/{rel}","templated":true}]}}