{"id":54462,"date":"2020-06-03T20:49:02","date_gmt":"2020-06-03T18:49:02","guid":{"rendered":"https:\/\/prudentwater.com\/?page_id=54462"},"modified":"2021-06-25T12:50:15","modified_gmt":"2021-06-25T10:50:15","slug":"umsatzkostenverfahren","status":"publish","type":"page","link":"https:\/\/prudentwater.com\/en\/umsatzkostenverfahren\/","title":{"rendered":"Umsatzkostenverfahren"},"content":{"rendered":"<p>Auch <strong>Absatzerfolgsrechnung<\/strong><\/p>\n<p>Das Umsatzkostenverfahren ist eine umsatzbezogene Berechnungsmethode der Gewinn- und Verlustrechnung. Bei dem Umsatzkostenverfahren werden die betriblichen Ertr\u00e4ge einer Berichtsperiode ausschlie\u00dflich den Aufwendungen f\u00fcr tats\u00e4chlich verkaufte Produkte und Dienstleistungen gegen\u00fcbergestellt. Im Gegensatz zu dem Gesamtkostenverfahren erfasst das Umsatzkostenverfahren somit nicht die gesamten Aufwendungen einer Berichtsperiode, sondern nur die Kostenaufwendungen mit denen auch Umsatz durch verkaufte G\u00fcter und Dienstleistungen generiert wurde. Der Aufwand f\u00fcr hergestellte, jedoch nicht verkaufte G\u00fcter und Dienstleistungen wird beim Umsatzkostenverfahren nicht ber\u00fccksichtigt, beim Gesamtkostenverfahren hingegen schon. Beide Verfahren erzielen unter dem Strich jedoch das gleiche Ergebnis.<\/p>\n","protected":false},"excerpt":{"rendered":"<p>Auch Absatzerfolgsrechnung Das Umsatzkostenverfahren ist eine umsatzbezogene Berechnungsmethode der Gewinn- und Verlustrechnung. Bei dem Umsatzkostenverfahren werden die betriblichen Ertr\u00e4ge einer Berichtsperiode ausschlie\u00dflich den Aufwendungen f\u00fcr tats\u00e4chlich verkaufte Produkte und Dienstleistungen gegen\u00fcbergestellt. Im Gegensatz zu dem Gesamtkostenverfahren erfasst das Umsatzkostenverfahren somit nicht die gesamten Aufwendungen einer Berichtsperiode, sondern nur die Kostenaufwendungen mit denen auch Umsatz durch [&hellip;]<\/p>\n","protected":false},"author":1,"featured_media":0,"parent":0,"menu_order":0,"comment_status":"closed","ping_status":"closed","template":"","meta":{"site-sidebar-layout":"default","site-content-layout":"","ast-site-content-layout":"","site-content-style":"default","site-sidebar-style":"default","ast-global-header-display":"","ast-banner-title-visibility":"","ast-main-header-display":"","ast-hfb-above-header-display":"","ast-hfb-below-header-display":"","ast-hfb-mobile-header-display":"","site-post-title":"","ast-breadcrumbs-content":"","ast-featured-img":"","footer-sml-layout":"","theme-transparent-header-meta":"","adv-header-id-meta":"","stick-header-meta":"","header-above-stick-meta":"","header-main-stick-meta":"","header-below-stick-meta":"","astra-migrate-meta-layouts":"default","ast-page-background-enabled":"default","ast-page-background-meta":{"desktop":{"background-color":"","background-image":"","background-repeat":"repeat","background-position":"center center","background-size":"auto","background-attachment":"scroll","background-type":"","background-media":"","overlay-type":"","overlay-color":"","overlay-opacity":"","overlay-gradient":""},"tablet":{"background-color":"","background-image":"","background-repeat":"repeat","background-position":"center center","background-size":"auto","background-attachment":"scroll","background-type":"","background-media":"","overlay-type":"","overlay-color":"","overlay-opacity":"","overlay-gradient":""},"mobile":{"background-color":"","background-image":"","background-repeat":"repeat","background-position":"center center","background-size":"auto","background-attachment":"scroll","background-type":"","background-media":"","overlay-type":"","overlay-color":"","overlay-opacity":"","overlay-gradient":""}},"ast-content-background-meta":{"desktop":{"background-color":"var(--ast-global-color-5)","background-image":"","background-repeat":"repeat","background-position":"center center","background-size":"auto","background-attachment":"scroll","background-type":"","background-media":"","overlay-type":"","overlay-color":"","overlay-opacity":"","overlay-gradient":""},"tablet":{"background-color":"var(--ast-global-color-5)","background-image":"","background-repeat":"repeat","background-position":"center center","background-size":"auto","background-attachment":"scroll","background-type":"","background-media":"","overlay-type":"","overlay-color":"","overlay-opacity":"","overlay-gradient":""},"mobile":{"background-color":"var(--ast-global-color-5)","background-image":"","background-repeat":"repeat","background-position":"center center","background-size":"auto","background-attachment":"scroll","background-type":"","background-media":"","overlay-type":"","overlay-color":"","overlay-opacity":"","overlay-gradient":""}},"footnotes":""},"class_list":["post-54462","page","type-page","status-publish","hentry"],"translation":{"provider":"WPGlobus","version":"3.0.2","language":"en","enabled_languages":["de","en"],"languages":{"de":{"title":true,"content":true,"excerpt":false},"en":{"title":false,"content":false,"excerpt":false}}},"featured_image_urls_v2":{"full":"","thumbnail":"","medium":"","medium_large":"","large":"","1536x1536":"","2048x2048":""},"post_excerpt_stackable_v2":"<p>Auch Absatzerfolgsrechnung Das Umsatzkostenverfahren ist eine umsatzbezogene Berechnungsmethode der Gewinn- und Verlustrechnung. Bei dem Umsatzkostenverfahren werden die betriblichen Ertr\u00e4ge einer Berichtsperiode ausschlie\u00dflich den Aufwendungen f\u00fcr tats\u00e4chlich verkaufte Produkte und Dienstleistungen gegen\u00fcbergestellt. Im Gegensatz zu dem Gesamtkostenverfahren erfasst das Umsatzkostenverfahren somit nicht die gesamten Aufwendungen einer Berichtsperiode, sondern nur die Kostenaufwendungen mit denen auch Umsatz durch verkaufte G\u00fcter und Dienstleistungen generiert wurde. Der Aufwand f\u00fcr hergestellte, jedoch nicht verkaufte G\u00fcter und Dienstleistungen wird beim Umsatzkostenverfahren nicht ber\u00fccksichtigt, beim Gesamtkostenverfahren hingegen schon. Beide Verfahren erzielen unter dem Strich jedoch das gleiche Ergebnis.<\/p>\n","category_list_v2":"","author_info_v2":{"name":"PrudentWater","url":"https:\/\/prudentwater.com\/en\/author\/niklas33\/"},"comments_num_v2":"0 comments","_links":{"self":[{"href":"https:\/\/prudentwater.com\/en\/wp-json\/wp\/v2\/pages\/54462","targetHints":{"allow":["GET"]}}],"collection":[{"href":"https:\/\/prudentwater.com\/en\/wp-json\/wp\/v2\/pages"}],"about":[{"href":"https:\/\/prudentwater.com\/en\/wp-json\/wp\/v2\/types\/page"}],"author":[{"embeddable":true,"href":"https:\/\/prudentwater.com\/en\/wp-json\/wp\/v2\/users\/1"}],"replies":[{"embeddable":true,"href":"https:\/\/prudentwater.com\/en\/wp-json\/wp\/v2\/comments?post=54462"}],"version-history":[{"count":0,"href":"https:\/\/prudentwater.com\/en\/wp-json\/wp\/v2\/pages\/54462\/revisions"}],"wp:attachment":[{"href":"https:\/\/prudentwater.com\/en\/wp-json\/wp\/v2\/media?parent=54462"}],"curies":[{"name":"wp","href":"https:\/\/api.w.org\/{rel}","templated":true}]}}