{"id":5453,"date":"2015-12-13T07:48:06","date_gmt":"2015-12-13T07:48:06","guid":{"rendered":"http:\/\/www.kunnskap.de\/?page_id=5453"},"modified":"2021-06-25T12:48:59","modified_gmt":"2021-06-25T10:48:59","slug":"etn","status":"publish","type":"page","link":"https:\/\/prudentwater.com\/en\/etn\/","title":{"rendered":"ETN"},"content":{"rendered":"<p><strong>Enhanced Traded Note<\/strong><\/p>\n<p>Bei einem ETN handelt es sich um ein b\u00f6rsengehandeltes Wertpapier in Form einer Schuldverschreibung, welches im Unterschied zu einem ETF komplexe und schwer nachzubildene Anlageklassen abbilden kann, in die interessierte Anleger mittels eines ETNs investieren k\u00f6nnen. So kann ein ETN einen Volatilit\u00e4tsindex wie den VSTOXX abbilden oder bestimmte W\u00e4hrungsindizes nachbilden. Ein ETN hat in der Regel einen Tracking Error von Null, da die emittierende Bank lediglich verspricht, die Rendite der Benchmark (jedoch abz\u00fcglich der Geb\u00fchren) bei F\u00e4lligkeit zu liefern.<br \/>\nETNs k\u00f6nnen in Form von besicherten und unbesicherten Schuldverschreibungen von einer Bank herausgegeben werden. Letzteres bedeutet neben dem \u00fcblichen Marktrisiko auch ein Kreditrisiko, welches der K\u00e4ufer in diesem Falle eingeht. <\/p>\n","protected":false},"excerpt":{"rendered":"<p>Enhanced Traded Note Bei einem ETN handelt es sich um ein b\u00f6rsengehandeltes Wertpapier in Form einer Schuldverschreibung, welches im Unterschied zu einem ETF komplexe und schwer nachzubildene Anlageklassen abbilden kann, in die interessierte Anleger mittels eines ETNs investieren k\u00f6nnen. So kann ein ETN einen Volatilit\u00e4tsindex wie den VSTOXX abbilden oder bestimmte W\u00e4hrungsindizes nachbilden. Ein ETN [&hellip;]<\/p>\n","protected":false},"author":1,"featured_media":0,"parent":0,"menu_order":0,"comment_status":"closed","ping_status":"closed","template":"","meta":{"site-sidebar-layout":"default","site-content-layout":"","ast-site-content-layout":"","site-content-style":"default","site-sidebar-style":"default","ast-global-header-display":"","ast-banner-title-visibility":"","ast-main-header-display":"","ast-hfb-above-header-display":"","ast-hfb-below-header-display":"","ast-hfb-mobile-header-display":"","site-post-title":"","ast-breadcrumbs-content":"","ast-featured-img":"","footer-sml-layout":"","theme-transparent-header-meta":"","adv-header-id-meta":"","stick-header-meta":"","header-above-stick-meta":"","header-main-stick-meta":"","header-below-stick-meta":"","astra-migrate-meta-layouts":"default","ast-page-background-enabled":"default","ast-page-background-meta":{"desktop":{"background-color":"","background-image":"","background-repeat":"repeat","background-position":"center center","background-size":"auto","background-attachment":"scroll","background-type":"","background-media":"","overlay-type":"","overlay-color":"","overlay-opacity":"","overlay-gradient":""},"tablet":{"background-color":"","background-image":"","background-repeat":"repeat","background-position":"center center","background-size":"auto","background-attachment":"scroll","background-type":"","background-media":"","overlay-type":"","overlay-color":"","overlay-opacity":"","overlay-gradient":""},"mobile":{"background-color":"","background-image":"","background-repeat":"repeat","background-position":"center center","background-size":"auto","background-attachment":"scroll","background-type":"","background-media":"","overlay-type":"","overlay-color":"","overlay-opacity":"","overlay-gradient":""}},"ast-content-background-meta":{"desktop":{"background-color":"var(--ast-global-color-5)","background-image":"","background-repeat":"repeat","background-position":"center center","background-size":"auto","background-attachment":"scroll","background-type":"","background-media":"","overlay-type":"","overlay-color":"","overlay-opacity":"","overlay-gradient":""},"tablet":{"background-color":"var(--ast-global-color-5)","background-image":"","background-repeat":"repeat","background-position":"center center","background-size":"auto","background-attachment":"scroll","background-type":"","background-media":"","overlay-type":"","overlay-color":"","overlay-opacity":"","overlay-gradient":""},"mobile":{"background-color":"var(--ast-global-color-5)","background-image":"","background-repeat":"repeat","background-position":"center center","background-size":"auto","background-attachment":"scroll","background-type":"","background-media":"","overlay-type":"","overlay-color":"","overlay-opacity":"","overlay-gradient":""}},"footnotes":""},"class_list":["post-5453","page","type-page","status-publish","hentry"],"translation":{"provider":"WPGlobus","version":"3.0.2","language":"en","enabled_languages":["de","en"],"languages":{"de":{"title":true,"content":true,"excerpt":false},"en":{"title":false,"content":false,"excerpt":false}}},"featured_image_urls_v2":{"full":"","thumbnail":"","medium":"","medium_large":"","large":"","1536x1536":"","2048x2048":""},"post_excerpt_stackable_v2":"<p>Enhanced Traded Note Bei einem ETN handelt es sich um ein b\u00f6rsengehandeltes Wertpapier in Form einer Schuldverschreibung, welches im Unterschied zu einem ETF komplexe und schwer nachzubildene Anlageklassen abbilden kann, in die interessierte Anleger mittels eines ETNs investieren k\u00f6nnen. So kann ein ETN einen Volatilit\u00e4tsindex wie den VSTOXX abbilden oder bestimmte W\u00e4hrungsindizes nachbilden. Ein ETN hat in der Regel einen Tracking Error von Null, da die emittierende Bank lediglich verspricht, die Rendite der Benchmark (jedoch abz\u00fcglich der Geb\u00fchren) bei F\u00e4lligkeit zu liefern. ETNs k\u00f6nnen in Form von besicherten und unbesicherten Schuldverschreibungen von einer Bank herausgegeben werden. Letzteres bedeutet neben dem&hellip;<\/p>\n","category_list_v2":"","author_info_v2":{"name":"PrudentWater","url":"https:\/\/prudentwater.com\/en\/author\/niklas33\/"},"comments_num_v2":"0 comments","_links":{"self":[{"href":"https:\/\/prudentwater.com\/en\/wp-json\/wp\/v2\/pages\/5453","targetHints":{"allow":["GET"]}}],"collection":[{"href":"https:\/\/prudentwater.com\/en\/wp-json\/wp\/v2\/pages"}],"about":[{"href":"https:\/\/prudentwater.com\/en\/wp-json\/wp\/v2\/types\/page"}],"author":[{"embeddable":true,"href":"https:\/\/prudentwater.com\/en\/wp-json\/wp\/v2\/users\/1"}],"replies":[{"embeddable":true,"href":"https:\/\/prudentwater.com\/en\/wp-json\/wp\/v2\/comments?post=5453"}],"version-history":[{"count":0,"href":"https:\/\/prudentwater.com\/en\/wp-json\/wp\/v2\/pages\/5453\/revisions"}],"wp:attachment":[{"href":"https:\/\/prudentwater.com\/en\/wp-json\/wp\/v2\/media?parent=5453"}],"curies":[{"name":"wp","href":"https:\/\/api.w.org\/{rel}","templated":true}]}}