{"id":5475,"date":"2015-12-15T07:20:37","date_gmt":"2015-12-15T07:20:37","guid":{"rendered":"http:\/\/www.kunnskap.de\/?page_id=5475"},"modified":"2021-06-25T12:50:13","modified_gmt":"2021-06-25T10:50:13","slug":"systematisches-risiko","status":"publish","type":"page","link":"https:\/\/prudentwater.com\/en\/systematisches-risiko\/","title":{"rendered":"Systematisches Risiko"},"content":{"rendered":"<p>Auch <strong>Marktrisiko<\/strong><\/p>\n<p>Das systematische Risiko ist jenes Risiko, welches jeder Anleger zwangsl\u00e4ufig ausgesetzt ist und wirtschaftliche und politische Ereignisse, Inflation und Deflation sowie Kriege und Wahlen beinhaltet. Im Gegensatz zum unsystematischen Risiko l\u00e4sst sich das systematische Risiko f\u00fcr den Anleger nicht durch Diversifikation des Portfolios reduzieren, da auch Zins\u00e4nderungsrisiko und Wechselkursrisiko zum systematischen Risiko z\u00e4hlen. Der Anleger ist somit dem systematischen Risiko ausgesetzt, wenn er sein Geld am Kapitalmarkt anlegt. \u00dcber den Beta Faktor kann jedoch das systematische Risiko eines Aktieninvestments bewertet werden, da der Beta Faktor misst, wie stark oder aber wie schwach die Schwankungen des jeweiligen Aktienkurses im Verh\u00e4ltnis zu den Schwankungen des Gesamtmarktes oder des Index ausfallen.<\/p>\n","protected":false},"excerpt":{"rendered":"<p>Auch Marktrisiko Das systematische Risiko ist jenes Risiko, welches jeder Anleger zwangsl\u00e4ufig ausgesetzt ist und wirtschaftliche und politische Ereignisse, Inflation und Deflation sowie Kriege und Wahlen beinhaltet. Im Gegensatz zum unsystematischen Risiko l\u00e4sst sich das systematische Risiko f\u00fcr den Anleger nicht durch Diversifikation des Portfolios reduzieren, da auch Zins\u00e4nderungsrisiko und Wechselkursrisiko zum systematischen Risiko z\u00e4hlen. [&hellip;]<\/p>\n","protected":false},"author":1,"featured_media":0,"parent":0,"menu_order":0,"comment_status":"closed","ping_status":"closed","template":"","meta":{"site-sidebar-layout":"default","site-content-layout":"","ast-site-content-layout":"","site-content-style":"default","site-sidebar-style":"default","ast-global-header-display":"","ast-banner-title-visibility":"","ast-main-header-display":"","ast-hfb-above-header-display":"","ast-hfb-below-header-display":"","ast-hfb-mobile-header-display":"","site-post-title":"","ast-breadcrumbs-content":"","ast-featured-img":"","footer-sml-layout":"","theme-transparent-header-meta":"","adv-header-id-meta":"","stick-header-meta":"","header-above-stick-meta":"","header-main-stick-meta":"","header-below-stick-meta":"","astra-migrate-meta-layouts":"default","ast-page-background-enabled":"default","ast-page-background-meta":{"desktop":{"background-color":"","background-image":"","background-repeat":"repeat","background-position":"center center","background-size":"auto","background-attachment":"scroll","background-type":"","background-media":"","overlay-type":"","overlay-color":"","overlay-opacity":"","overlay-gradient":""},"tablet":{"background-color":"","background-image":"","background-repeat":"repeat","background-position":"center center","background-size":"auto","background-attachment":"scroll","background-type":"","background-media":"","overlay-type":"","overlay-color":"","overlay-opacity":"","overlay-gradient":""},"mobile":{"background-color":"","background-image":"","background-repeat":"repeat","background-position":"center center","background-size":"auto","background-attachment":"scroll","background-type":"","background-media":"","overlay-type":"","overlay-color":"","overlay-opacity":"","overlay-gradient":""}},"ast-content-background-meta":{"desktop":{"background-color":"var(--ast-global-color-5)","background-image":"","background-repeat":"repeat","background-position":"center center","background-size":"auto","background-attachment":"scroll","background-type":"","background-media":"","overlay-type":"","overlay-color":"","overlay-opacity":"","overlay-gradient":""},"tablet":{"background-color":"var(--ast-global-color-5)","background-image":"","background-repeat":"repeat","background-position":"center center","background-size":"auto","background-attachment":"scroll","background-type":"","background-media":"","overlay-type":"","overlay-color":"","overlay-opacity":"","overlay-gradient":""},"mobile":{"background-color":"var(--ast-global-color-5)","background-image":"","background-repeat":"repeat","background-position":"center center","background-size":"auto","background-attachment":"scroll","background-type":"","background-media":"","overlay-type":"","overlay-color":"","overlay-opacity":"","overlay-gradient":""}},"footnotes":""},"class_list":["post-5475","page","type-page","status-publish","hentry"],"translation":{"provider":"WPGlobus","version":"3.0.2","language":"en","enabled_languages":["de","en"],"languages":{"de":{"title":true,"content":true,"excerpt":false},"en":{"title":false,"content":false,"excerpt":false}}},"featured_image_urls_v2":{"full":"","thumbnail":"","medium":"","medium_large":"","large":"","1536x1536":"","2048x2048":""},"post_excerpt_stackable_v2":"<p>Auch Marktrisiko Das systematische Risiko ist jenes Risiko, welches jeder Anleger zwangsl\u00e4ufig ausgesetzt ist und wirtschaftliche und politische Ereignisse, Inflation und Deflation sowie Kriege und Wahlen beinhaltet. Im Gegensatz zum unsystematischen Risiko l\u00e4sst sich das systematische Risiko f\u00fcr den Anleger nicht durch Diversifikation des Portfolios reduzieren, da auch Zins\u00e4nderungsrisiko und Wechselkursrisiko zum systematischen Risiko z\u00e4hlen. Der Anleger ist somit dem systematischen Risiko ausgesetzt, wenn er sein Geld am Kapitalmarkt anlegt. \u00dcber den Beta Faktor kann jedoch das systematische Risiko eines Aktieninvestments bewertet werden, da der Beta Faktor misst, wie stark oder aber wie schwach die Schwankungen des jeweiligen Aktienkurses im&hellip;<\/p>\n","category_list_v2":"","author_info_v2":{"name":"PrudentWater","url":"https:\/\/prudentwater.com\/en\/author\/niklas33\/"},"comments_num_v2":"0 comments","_links":{"self":[{"href":"https:\/\/prudentwater.com\/en\/wp-json\/wp\/v2\/pages\/5475","targetHints":{"allow":["GET"]}}],"collection":[{"href":"https:\/\/prudentwater.com\/en\/wp-json\/wp\/v2\/pages"}],"about":[{"href":"https:\/\/prudentwater.com\/en\/wp-json\/wp\/v2\/types\/page"}],"author":[{"embeddable":true,"href":"https:\/\/prudentwater.com\/en\/wp-json\/wp\/v2\/users\/1"}],"replies":[{"embeddable":true,"href":"https:\/\/prudentwater.com\/en\/wp-json\/wp\/v2\/comments?post=5475"}],"version-history":[{"count":0,"href":"https:\/\/prudentwater.com\/en\/wp-json\/wp\/v2\/pages\/5475\/revisions"}],"wp:attachment":[{"href":"https:\/\/prudentwater.com\/en\/wp-json\/wp\/v2\/media?parent=5475"}],"curies":[{"name":"wp","href":"https:\/\/api.w.org\/{rel}","templated":true}]}}