{"id":5479,"date":"2015-12-16T11:21:00","date_gmt":"2015-12-16T11:21:00","guid":{"rendered":"http:\/\/www.kunnskap.de\/?page_id=5479"},"modified":"2021-06-25T12:49:35","modified_gmt":"2021-06-25T10:49:35","slug":"marktrisiko","status":"publish","type":"page","link":"https:\/\/prudentwater.com\/en\/marktrisiko\/","title":{"rendered":"Marktrisiko"},"content":{"rendered":"<p>engl. <strong>Market Risk<\/strong><\/p>\n<p>Das Marktrisiko beschreibt die Gefahr f\u00fcr den Anleger, dass sich seine im Depot befindlichen Wertpapiere aufgrund von verschiedenen \u00e4u\u00dferlichen Einflussfaktoren negativ entwickeln. Dazu geh\u00f6ren finanzielle Faktoren wie das Zins\u00e4nderungsrisiko oder auch das Wechselkursrisiko. Aber auch politische Entwicklungen oder neue Regierungen in dem entsprechenden Land k\u00f6nnen zu Verlusten im Depot des Anlegers f\u00fchren. Wird beispielsweise in einen bestimmten Rohstoff investiert, so besteht das Marktrisiko darin, dass die Weltnachfrage nach diesem Rohstoff abnimmt oder das die F\u00f6rdermengen erh\u00f6ht werden. Durch Diversifikation kann das Marktrisiko reduziert, jedoch nicht ausgeschlossen werden. Der Anleger ist immer einem bestimmten Marktrisiko ausgesetzt, da es von Faktoren beeinflusst wird, welche er selbst nicht unter Kontrolle hat.<\/p>\n","protected":false},"excerpt":{"rendered":"<p>engl. Market Risk Das Marktrisiko beschreibt die Gefahr f\u00fcr den Anleger, dass sich seine im Depot befindlichen Wertpapiere aufgrund von verschiedenen \u00e4u\u00dferlichen Einflussfaktoren negativ entwickeln. Dazu geh\u00f6ren finanzielle Faktoren wie das Zins\u00e4nderungsrisiko oder auch das Wechselkursrisiko. Aber auch politische Entwicklungen oder neue Regierungen in dem entsprechenden Land k\u00f6nnen zu Verlusten im Depot des Anlegers f\u00fchren. [&hellip;]<\/p>\n","protected":false},"author":1,"featured_media":0,"parent":0,"menu_order":0,"comment_status":"closed","ping_status":"closed","template":"","meta":{"site-sidebar-layout":"default","site-content-layout":"","ast-site-content-layout":"","site-content-style":"default","site-sidebar-style":"default","ast-global-header-display":"","ast-banner-title-visibility":"","ast-main-header-display":"","ast-hfb-above-header-display":"","ast-hfb-below-header-display":"","ast-hfb-mobile-header-display":"","site-post-title":"","ast-breadcrumbs-content":"","ast-featured-img":"","footer-sml-layout":"","theme-transparent-header-meta":"","adv-header-id-meta":"","stick-header-meta":"","header-above-stick-meta":"","header-main-stick-meta":"","header-below-stick-meta":"","astra-migrate-meta-layouts":"default","ast-page-background-enabled":"default","ast-page-background-meta":{"desktop":{"background-color":"","background-image":"","background-repeat":"repeat","background-position":"center center","background-size":"auto","background-attachment":"scroll","background-type":"","background-media":"","overlay-type":"","overlay-color":"","overlay-opacity":"","overlay-gradient":""},"tablet":{"background-color":"","background-image":"","background-repeat":"repeat","background-position":"center center","background-size":"auto","background-attachment":"scroll","background-type":"","background-media":"","overlay-type":"","overlay-color":"","overlay-opacity":"","overlay-gradient":""},"mobile":{"background-color":"","background-image":"","background-repeat":"repeat","background-position":"center center","background-size":"auto","background-attachment":"scroll","background-type":"","background-media":"","overlay-type":"","overlay-color":"","overlay-opacity":"","overlay-gradient":""}},"ast-content-background-meta":{"desktop":{"background-color":"var(--ast-global-color-5)","background-image":"","background-repeat":"repeat","background-position":"center center","background-size":"auto","background-attachment":"scroll","background-type":"","background-media":"","overlay-type":"","overlay-color":"","overlay-opacity":"","overlay-gradient":""},"tablet":{"background-color":"var(--ast-global-color-5)","background-image":"","background-repeat":"repeat","background-position":"center center","background-size":"auto","background-attachment":"scroll","background-type":"","background-media":"","overlay-type":"","overlay-color":"","overlay-opacity":"","overlay-gradient":""},"mobile":{"background-color":"var(--ast-global-color-5)","background-image":"","background-repeat":"repeat","background-position":"center center","background-size":"auto","background-attachment":"scroll","background-type":"","background-media":"","overlay-type":"","overlay-color":"","overlay-opacity":"","overlay-gradient":""}},"footnotes":""},"class_list":["post-5479","page","type-page","status-publish","hentry"],"translation":{"provider":"WPGlobus","version":"3.0.2","language":"en","enabled_languages":["de","en"],"languages":{"de":{"title":true,"content":true,"excerpt":false},"en":{"title":false,"content":false,"excerpt":false}}},"featured_image_urls_v2":{"full":"","thumbnail":"","medium":"","medium_large":"","large":"","1536x1536":"","2048x2048":""},"post_excerpt_stackable_v2":"<p>engl. Market Risk Das Marktrisiko beschreibt die Gefahr f\u00fcr den Anleger, dass sich seine im Depot befindlichen Wertpapiere aufgrund von verschiedenen \u00e4u\u00dferlichen Einflussfaktoren negativ entwickeln. Dazu geh\u00f6ren finanzielle Faktoren wie das Zins\u00e4nderungsrisiko oder auch das Wechselkursrisiko. Aber auch politische Entwicklungen oder neue Regierungen in dem entsprechenden Land k\u00f6nnen zu Verlusten im Depot des Anlegers f\u00fchren. Wird beispielsweise in einen bestimmten Rohstoff investiert, so besteht das Marktrisiko darin, dass die Weltnachfrage nach diesem Rohstoff abnimmt oder das die F\u00f6rdermengen erh\u00f6ht werden. Durch Diversifikation kann das Marktrisiko reduziert, jedoch nicht ausgeschlossen werden. Der Anleger ist immer einem bestimmten Marktrisiko ausgesetzt, da es&hellip;<\/p>\n","category_list_v2":"","author_info_v2":{"name":"PrudentWater","url":"https:\/\/prudentwater.com\/en\/author\/niklas33\/"},"comments_num_v2":"0 comments","_links":{"self":[{"href":"https:\/\/prudentwater.com\/en\/wp-json\/wp\/v2\/pages\/5479","targetHints":{"allow":["GET"]}}],"collection":[{"href":"https:\/\/prudentwater.com\/en\/wp-json\/wp\/v2\/pages"}],"about":[{"href":"https:\/\/prudentwater.com\/en\/wp-json\/wp\/v2\/types\/page"}],"author":[{"embeddable":true,"href":"https:\/\/prudentwater.com\/en\/wp-json\/wp\/v2\/users\/1"}],"replies":[{"embeddable":true,"href":"https:\/\/prudentwater.com\/en\/wp-json\/wp\/v2\/comments?post=5479"}],"version-history":[{"count":0,"href":"https:\/\/prudentwater.com\/en\/wp-json\/wp\/v2\/pages\/5479\/revisions"}],"wp:attachment":[{"href":"https:\/\/prudentwater.com\/en\/wp-json\/wp\/v2\/media?parent=5479"}],"curies":[{"name":"wp","href":"https:\/\/api.w.org\/{rel}","templated":true}]}}