{"id":5502,"date":"2015-12-18T07:58:43","date_gmt":"2015-12-18T07:58:43","guid":{"rendered":"http:\/\/www.kunnskap.de\/?page_id=5502"},"modified":"2021-06-25T12:48:25","modified_gmt":"2021-06-25T10:48:25","slug":"die-schliesung-eines-etfs","status":"publish","type":"page","link":"https:\/\/prudentwater.com\/en\/die-schliesung-eines-etfs\/","title":{"rendered":"Die Schlie\u00dfung eines ETFs"},"content":{"rendered":"<p>Bei einem ETF besteht immer die M\u00f6glichkeit, dass er von der Investmentgesellschaft, welche den ETF aufgelegt hat und verwaltet, nach einiger Zeit wieder geschlossen wird. Ein Grund der Schlie\u00dfung k\u00f6nnten die erh\u00f6hten Kosten sein, die nicht mehr ausreichend durch die Verwaltungsgeb\u00fchr gedeckt werden. Der ETF ist somit nicht mehr (ausreichend) profitabel f\u00fcr die Gesellschaft. Ebenso kann der ETF schlicht auf eine zu geringe Nachfrage sto\u00dfen, da er einen Markt bzw. einen Index abbildet, welcher bei den Anlegern zu der Zeit nicht nachgefragt wird. Ein ETF braucht aktuell ungef\u00e4hr ein Fondsverm\u00f6gen von ca. 75 Mio. USD, damit die Kosten der Investmentgesellschaft gedeckt sind und der ETF &#8216;lebensf\u00e4hig&#8217; ist.<br \/>\nKommt es nun zu einer Schlie\u00dfung, so werden in der Regel von der Investmentgesellschaft die ausstehenden ETF-Anteile zum aktuellen Nettoinventarwert zur\u00fcckgekauft. Der aktuelle Nettoinventarwert entspricht dem Wert, zu dem jeder ETF-Anteil aktuell an der B\u00f6rse gehandelt wird. Dem Anleger wird somit der aktuelle Wert seiner ETF-Anteile \u00fcberwiesen, im Gegenzug werden alle ETF-Anteile von der Investmentgesellschaft eingezogen. Diese kann dem Anleger jedoch auch anbieten, dann oftmals kostenlos, in einen anderen ETF derselben Investmentgesellschaft zu wechseln. Dies ist jedoch keine Verpflichtung seitens des Anlegers. <\/p>\n","protected":false},"excerpt":{"rendered":"<p>Bei einem ETF besteht immer die M\u00f6glichkeit, dass er von der Investmentgesellschaft, welche den ETF aufgelegt hat und verwaltet, nach einiger Zeit wieder geschlossen wird. Ein Grund der Schlie\u00dfung k\u00f6nnten die erh\u00f6hten Kosten sein, die nicht mehr ausreichend durch die Verwaltungsgeb\u00fchr gedeckt werden. Der ETF ist somit nicht mehr (ausreichend) profitabel f\u00fcr die Gesellschaft. Ebenso [&hellip;]<\/p>\n","protected":false},"author":1,"featured_media":0,"parent":0,"menu_order":0,"comment_status":"closed","ping_status":"closed","template":"","meta":{"site-sidebar-layout":"default","site-content-layout":"","ast-site-content-layout":"","site-content-style":"default","site-sidebar-style":"default","ast-global-header-display":"","ast-banner-title-visibility":"","ast-main-header-display":"","ast-hfb-above-header-display":"","ast-hfb-below-header-display":"","ast-hfb-mobile-header-display":"","site-post-title":"","ast-breadcrumbs-content":"","ast-featured-img":"","footer-sml-layout":"","theme-transparent-header-meta":"","adv-header-id-meta":"","stick-header-meta":"","header-above-stick-meta":"","header-main-stick-meta":"","header-below-stick-meta":"","astra-migrate-meta-layouts":"default","ast-page-background-enabled":"default","ast-page-background-meta":{"desktop":{"background-color":"","background-image":"","background-repeat":"repeat","background-position":"center center","background-size":"auto","background-attachment":"scroll","background-type":"","background-media":"","overlay-type":"","overlay-color":"","overlay-opacity":"","overlay-gradient":""},"tablet":{"background-color":"","background-image":"","background-repeat":"repeat","background-position":"center center","background-size":"auto","background-attachment":"scroll","background-type":"","background-media":"","overlay-type":"","overlay-color":"","overlay-opacity":"","overlay-gradient":""},"mobile":{"background-color":"","background-image":"","background-repeat":"repeat","background-position":"center center","background-size":"auto","background-attachment":"scroll","background-type":"","background-media":"","overlay-type":"","overlay-color":"","overlay-opacity":"","overlay-gradient":""}},"ast-content-background-meta":{"desktop":{"background-color":"var(--ast-global-color-5)","background-image":"","background-repeat":"repeat","background-position":"center center","background-size":"auto","background-attachment":"scroll","background-type":"","background-media":"","overlay-type":"","overlay-color":"","overlay-opacity":"","overlay-gradient":""},"tablet":{"background-color":"var(--ast-global-color-5)","background-image":"","background-repeat":"repeat","background-position":"center center","background-size":"auto","background-attachment":"scroll","background-type":"","background-media":"","overlay-type":"","overlay-color":"","overlay-opacity":"","overlay-gradient":""},"mobile":{"background-color":"var(--ast-global-color-5)","background-image":"","background-repeat":"repeat","background-position":"center center","background-size":"auto","background-attachment":"scroll","background-type":"","background-media":"","overlay-type":"","overlay-color":"","overlay-opacity":"","overlay-gradient":""}},"footnotes":""},"class_list":["post-5502","page","type-page","status-publish","hentry"],"translation":{"provider":"WPGlobus","version":"3.0.2","language":"en","enabled_languages":["de","en"],"languages":{"de":{"title":true,"content":true,"excerpt":false},"en":{"title":false,"content":false,"excerpt":false}}},"featured_image_urls_v2":{"full":"","thumbnail":"","medium":"","medium_large":"","large":"","1536x1536":"","2048x2048":""},"post_excerpt_stackable_v2":"<p>Bei einem ETF besteht immer die M\u00f6glichkeit, dass er von der Investmentgesellschaft, welche den ETF aufgelegt hat und verwaltet, nach einiger Zeit wieder geschlossen wird. Ein Grund der Schlie\u00dfung k\u00f6nnten die erh\u00f6hten Kosten sein, die nicht mehr ausreichend durch die Verwaltungsgeb\u00fchr gedeckt werden. Der ETF ist somit nicht mehr (ausreichend) profitabel f\u00fcr die Gesellschaft. Ebenso kann der ETF schlicht auf eine zu geringe Nachfrage sto\u00dfen, da er einen Markt bzw. einen Index abbildet, welcher bei den Anlegern zu der Zeit nicht nachgefragt wird. Ein ETF braucht aktuell ungef\u00e4hr ein Fondsverm\u00f6gen von ca. 75 Mio. USD, damit die Kosten der Investmentgesellschaft&hellip;<\/p>\n","category_list_v2":"","author_info_v2":{"name":"PrudentWater","url":"https:\/\/prudentwater.com\/en\/author\/niklas33\/"},"comments_num_v2":"0 comments","_links":{"self":[{"href":"https:\/\/prudentwater.com\/en\/wp-json\/wp\/v2\/pages\/5502","targetHints":{"allow":["GET"]}}],"collection":[{"href":"https:\/\/prudentwater.com\/en\/wp-json\/wp\/v2\/pages"}],"about":[{"href":"https:\/\/prudentwater.com\/en\/wp-json\/wp\/v2\/types\/page"}],"author":[{"embeddable":true,"href":"https:\/\/prudentwater.com\/en\/wp-json\/wp\/v2\/users\/1"}],"replies":[{"embeddable":true,"href":"https:\/\/prudentwater.com\/en\/wp-json\/wp\/v2\/comments?post=5502"}],"version-history":[{"count":0,"href":"https:\/\/prudentwater.com\/en\/wp-json\/wp\/v2\/pages\/5502\/revisions"}],"wp:attachment":[{"href":"https:\/\/prudentwater.com\/en\/wp-json\/wp\/v2\/media?parent=5502"}],"curies":[{"name":"wp","href":"https:\/\/api.w.org\/{rel}","templated":true}]}}