{"id":5509,"date":"2015-12-19T09:10:55","date_gmt":"2015-12-19T09:10:55","guid":{"rendered":"http:\/\/www.kunnskap.de\/?page_id=5509"},"modified":"2021-06-25T12:50:41","modified_gmt":"2021-06-25T10:50:41","slug":"zusammenlegung-von-etfs","status":"publish","type":"page","link":"https:\/\/prudentwater.com\/en\/zusammenlegung-von-etfs\/","title":{"rendered":"Zusammenlegung von ETFs"},"content":{"rendered":"<p>Zwei oder mehrere ETFs k\u00f6nnen von der herausgebenden Investmentgesellschaft unter einer vorherigen Ank\u00fcndigung zusammengelegt werden. Ebenso kann die Investmentgesellschaft den zugrunde liegenden Index wechseln, das Anlagethema des ETFs dabei jedoch beibehalten. Beispielsweise kann der ETF-Anbieter den Indexanbieter wechseln, da er dadurch Lizenzgeb\u00fchren einsparen kann. Um das Risiko einer Zusammenlegung oder Schlie\u00dfung von ETFs zu vermeiden, sollten Anleger ETFs mit einem gro\u00dfen Anlageverm\u00f6gen w\u00e4hlen, da bei diesen die Wahrscheinlichkeit geringer ist, dass es zu einer Schlie\u00dfung oder Zusammenlegung kommt. ETFs mit einem kleinen Anlageverm\u00f6gen tendieren hingegen eher dazu, dass sie von der Investmentgesellschaft geschlossen oder mit anderen ETFs zusammengelegt werden, da sie schlicht nicht profitabel f\u00fcr die Gesellschaft sind. <\/p>\n","protected":false},"excerpt":{"rendered":"<p>Zwei oder mehrere ETFs k\u00f6nnen von der herausgebenden Investmentgesellschaft unter einer vorherigen Ank\u00fcndigung zusammengelegt werden. Ebenso kann die Investmentgesellschaft den zugrunde liegenden Index wechseln, das Anlagethema des ETFs dabei jedoch beibehalten. Beispielsweise kann der ETF-Anbieter den Indexanbieter wechseln, da er dadurch Lizenzgeb\u00fchren einsparen kann. Um das Risiko einer Zusammenlegung oder Schlie\u00dfung von ETFs zu vermeiden, [&hellip;]<\/p>\n","protected":false},"author":1,"featured_media":0,"parent":0,"menu_order":0,"comment_status":"closed","ping_status":"closed","template":"","meta":{"site-sidebar-layout":"default","site-content-layout":"","ast-site-content-layout":"","site-content-style":"default","site-sidebar-style":"default","ast-global-header-display":"","ast-banner-title-visibility":"","ast-main-header-display":"","ast-hfb-above-header-display":"","ast-hfb-below-header-display":"","ast-hfb-mobile-header-display":"","site-post-title":"","ast-breadcrumbs-content":"","ast-featured-img":"","footer-sml-layout":"","theme-transparent-header-meta":"","adv-header-id-meta":"","stick-header-meta":"","header-above-stick-meta":"","header-main-stick-meta":"","header-below-stick-meta":"","astra-migrate-meta-layouts":"default","ast-page-background-enabled":"default","ast-page-background-meta":{"desktop":{"background-color":"","background-image":"","background-repeat":"repeat","background-position":"center center","background-size":"auto","background-attachment":"scroll","background-type":"","background-media":"","overlay-type":"","overlay-color":"","overlay-opacity":"","overlay-gradient":""},"tablet":{"background-color":"","background-image":"","background-repeat":"repeat","background-position":"center center","background-size":"auto","background-attachment":"scroll","background-type":"","background-media":"","overlay-type":"","overlay-color":"","overlay-opacity":"","overlay-gradient":""},"mobile":{"background-color":"","background-image":"","background-repeat":"repeat","background-position":"center center","background-size":"auto","background-attachment":"scroll","background-type":"","background-media":"","overlay-type":"","overlay-color":"","overlay-opacity":"","overlay-gradient":""}},"ast-content-background-meta":{"desktop":{"background-color":"var(--ast-global-color-5)","background-image":"","background-repeat":"repeat","background-position":"center center","background-size":"auto","background-attachment":"scroll","background-type":"","background-media":"","overlay-type":"","overlay-color":"","overlay-opacity":"","overlay-gradient":""},"tablet":{"background-color":"var(--ast-global-color-5)","background-image":"","background-repeat":"repeat","background-position":"center center","background-size":"auto","background-attachment":"scroll","background-type":"","background-media":"","overlay-type":"","overlay-color":"","overlay-opacity":"","overlay-gradient":""},"mobile":{"background-color":"var(--ast-global-color-5)","background-image":"","background-repeat":"repeat","background-position":"center center","background-size":"auto","background-attachment":"scroll","background-type":"","background-media":"","overlay-type":"","overlay-color":"","overlay-opacity":"","overlay-gradient":""}},"footnotes":""},"class_list":["post-5509","page","type-page","status-publish","hentry"],"translation":{"provider":"WPGlobus","version":"3.0.2","language":"en","enabled_languages":["de","en"],"languages":{"de":{"title":true,"content":true,"excerpt":false},"en":{"title":false,"content":false,"excerpt":false}}},"featured_image_urls_v2":{"full":"","thumbnail":"","medium":"","medium_large":"","large":"","1536x1536":"","2048x2048":""},"post_excerpt_stackable_v2":"<p>Zwei oder mehrere ETFs k\u00f6nnen von der herausgebenden Investmentgesellschaft unter einer vorherigen Ank\u00fcndigung zusammengelegt werden. Ebenso kann die Investmentgesellschaft den zugrunde liegenden Index wechseln, das Anlagethema des ETFs dabei jedoch beibehalten. Beispielsweise kann der ETF-Anbieter den Indexanbieter wechseln, da er dadurch Lizenzgeb\u00fchren einsparen kann. Um das Risiko einer Zusammenlegung oder Schlie\u00dfung von ETFs zu vermeiden, sollten Anleger ETFs mit einem gro\u00dfen Anlageverm\u00f6gen w\u00e4hlen, da bei diesen die Wahrscheinlichkeit geringer ist, dass es zu einer Schlie\u00dfung oder Zusammenlegung kommt. ETFs mit einem kleinen Anlageverm\u00f6gen tendieren hingegen eher dazu, dass sie von der Investmentgesellschaft geschlossen oder mit anderen ETFs zusammengelegt werden, da&hellip;<\/p>\n","category_list_v2":"","author_info_v2":{"name":"PrudentWater","url":"https:\/\/prudentwater.com\/en\/author\/niklas33\/"},"comments_num_v2":"0 comments","_links":{"self":[{"href":"https:\/\/prudentwater.com\/en\/wp-json\/wp\/v2\/pages\/5509","targetHints":{"allow":["GET"]}}],"collection":[{"href":"https:\/\/prudentwater.com\/en\/wp-json\/wp\/v2\/pages"}],"about":[{"href":"https:\/\/prudentwater.com\/en\/wp-json\/wp\/v2\/types\/page"}],"author":[{"embeddable":true,"href":"https:\/\/prudentwater.com\/en\/wp-json\/wp\/v2\/users\/1"}],"replies":[{"embeddable":true,"href":"https:\/\/prudentwater.com\/en\/wp-json\/wp\/v2\/comments?post=5509"}],"version-history":[{"count":0,"href":"https:\/\/prudentwater.com\/en\/wp-json\/wp\/v2\/pages\/5509\/revisions"}],"wp:attachment":[{"href":"https:\/\/prudentwater.com\/en\/wp-json\/wp\/v2\/media?parent=5509"}],"curies":[{"name":"wp","href":"https:\/\/api.w.org\/{rel}","templated":true}]}}