{"id":5529,"date":"2015-12-20T11:00:15","date_gmt":"2015-12-20T11:00:15","guid":{"rendered":"http:\/\/www.kunnskap.de\/?page_id=5529"},"modified":"2021-06-25T12:50:10","modified_gmt":"2021-06-25T10:50:10","slug":"schuldverschreibung","status":"publish","type":"page","link":"https:\/\/prudentwater.com\/en\/schuldverschreibung\/","title":{"rendered":"Schuldverschreibung"},"content":{"rendered":"<p>Bei einer Schuldverschreibung handelt es sich um ein Wertpapier, welches das Recht auf eine Forderung verk\u00f6rpert. Dieses Wertpapier ist in der Regel mit einer bestimmten Laufzeit und einem Zinssatz ausgestattet. Die Anleihe ist die bekannteste Form der Schuldverschreibung. Der Gl\u00e4ubiger leiht dem Schuldner einen bestimmten Geldbetrag und hat somit das Recht auf einen j\u00e4hrlichen Zinssatz sowie auf die R\u00fcckzahlung des Geldbetrags bei F\u00e4lligkeit. Als Emittenten von Schuldverschreibungen k\u00f6nnen Staaten, \u00f6ffentliche Einrichtungen oder Unternehmen auftreten. Im Gegensatz zum Erwerb der Aktie erwirbt der Gl\u00e4ubiger jedoch mit dem Kauf der Schuldverschreibung kein Mitspracherecht am Unternehmen.<\/p>\n","protected":false},"excerpt":{"rendered":"<p>Bei einer Schuldverschreibung handelt es sich um ein Wertpapier, welches das Recht auf eine Forderung verk\u00f6rpert. Dieses Wertpapier ist in der Regel mit einer bestimmten Laufzeit und einem Zinssatz ausgestattet. Die Anleihe ist die bekannteste Form der Schuldverschreibung. Der Gl\u00e4ubiger leiht dem Schuldner einen bestimmten Geldbetrag und hat somit das Recht auf einen j\u00e4hrlichen Zinssatz [&hellip;]<\/p>\n","protected":false},"author":1,"featured_media":0,"parent":0,"menu_order":0,"comment_status":"closed","ping_status":"closed","template":"","meta":{"site-sidebar-layout":"default","site-content-layout":"","ast-site-content-layout":"","site-content-style":"default","site-sidebar-style":"default","ast-global-header-display":"","ast-banner-title-visibility":"","ast-main-header-display":"","ast-hfb-above-header-display":"","ast-hfb-below-header-display":"","ast-hfb-mobile-header-display":"","site-post-title":"","ast-breadcrumbs-content":"","ast-featured-img":"","footer-sml-layout":"","theme-transparent-header-meta":"","adv-header-id-meta":"","stick-header-meta":"","header-above-stick-meta":"","header-main-stick-meta":"","header-below-stick-meta":"","astra-migrate-meta-layouts":"default","ast-page-background-enabled":"default","ast-page-background-meta":{"desktop":{"background-color":"","background-image":"","background-repeat":"repeat","background-position":"center center","background-size":"auto","background-attachment":"scroll","background-type":"","background-media":"","overlay-type":"","overlay-color":"","overlay-opacity":"","overlay-gradient":""},"tablet":{"background-color":"","background-image":"","background-repeat":"repeat","background-position":"center center","background-size":"auto","background-attachment":"scroll","background-type":"","background-media":"","overlay-type":"","overlay-color":"","overlay-opacity":"","overlay-gradient":""},"mobile":{"background-color":"","background-image":"","background-repeat":"repeat","background-position":"center center","background-size":"auto","background-attachment":"scroll","background-type":"","background-media":"","overlay-type":"","overlay-color":"","overlay-opacity":"","overlay-gradient":""}},"ast-content-background-meta":{"desktop":{"background-color":"var(--ast-global-color-5)","background-image":"","background-repeat":"repeat","background-position":"center center","background-size":"auto","background-attachment":"scroll","background-type":"","background-media":"","overlay-type":"","overlay-color":"","overlay-opacity":"","overlay-gradient":""},"tablet":{"background-color":"var(--ast-global-color-5)","background-image":"","background-repeat":"repeat","background-position":"center center","background-size":"auto","background-attachment":"scroll","background-type":"","background-media":"","overlay-type":"","overlay-color":"","overlay-opacity":"","overlay-gradient":""},"mobile":{"background-color":"var(--ast-global-color-5)","background-image":"","background-repeat":"repeat","background-position":"center center","background-size":"auto","background-attachment":"scroll","background-type":"","background-media":"","overlay-type":"","overlay-color":"","overlay-opacity":"","overlay-gradient":""}},"footnotes":""},"class_list":["post-5529","page","type-page","status-publish","hentry"],"translation":{"provider":"WPGlobus","version":"3.0.2","language":"en","enabled_languages":["de","en"],"languages":{"de":{"title":true,"content":true,"excerpt":false},"en":{"title":false,"content":false,"excerpt":false}}},"featured_image_urls_v2":{"full":"","thumbnail":"","medium":"","medium_large":"","large":"","1536x1536":"","2048x2048":""},"post_excerpt_stackable_v2":"<p>Bei einer Schuldverschreibung handelt es sich um ein Wertpapier, welches das Recht auf eine Forderung verk\u00f6rpert. Dieses Wertpapier ist in der Regel mit einer bestimmten Laufzeit und einem Zinssatz ausgestattet. Die Anleihe ist die bekannteste Form der Schuldverschreibung. Der Gl\u00e4ubiger leiht dem Schuldner einen bestimmten Geldbetrag und hat somit das Recht auf einen j\u00e4hrlichen Zinssatz sowie auf die R\u00fcckzahlung des Geldbetrags bei F\u00e4lligkeit. Als Emittenten von Schuldverschreibungen k\u00f6nnen Staaten, \u00f6ffentliche Einrichtungen oder Unternehmen auftreten. Im Gegensatz zum Erwerb der Aktie erwirbt der Gl\u00e4ubiger jedoch mit dem Kauf der Schuldverschreibung kein Mitspracherecht am Unternehmen.<\/p>\n","category_list_v2":"","author_info_v2":{"name":"PrudentWater","url":"https:\/\/prudentwater.com\/en\/author\/niklas33\/"},"comments_num_v2":"0 comments","_links":{"self":[{"href":"https:\/\/prudentwater.com\/en\/wp-json\/wp\/v2\/pages\/5529","targetHints":{"allow":["GET"]}}],"collection":[{"href":"https:\/\/prudentwater.com\/en\/wp-json\/wp\/v2\/pages"}],"about":[{"href":"https:\/\/prudentwater.com\/en\/wp-json\/wp\/v2\/types\/page"}],"author":[{"embeddable":true,"href":"https:\/\/prudentwater.com\/en\/wp-json\/wp\/v2\/users\/1"}],"replies":[{"embeddable":true,"href":"https:\/\/prudentwater.com\/en\/wp-json\/wp\/v2\/comments?post=5529"}],"version-history":[{"count":0,"href":"https:\/\/prudentwater.com\/en\/wp-json\/wp\/v2\/pages\/5529\/revisions"}],"wp:attachment":[{"href":"https:\/\/prudentwater.com\/en\/wp-json\/wp\/v2\/media?parent=5529"}],"curies":[{"name":"wp","href":"https:\/\/api.w.org\/{rel}","templated":true}]}}