{"id":553,"date":"2014-09-01T15:31:49","date_gmt":"2014-09-01T15:31:49","guid":{"rendered":"http:\/\/www.kunnskap.de\/?page_id=553"},"modified":"2021-06-25T12:49:33","modified_gmt":"2021-06-25T10:49:33","slug":"kupon","status":"publish","type":"page","link":"https:\/\/prudentwater.com\/en\/kupon\/","title":{"rendered":"Kupon"},"content":{"rendered":"<p>Auch <strong>Coupon<\/strong><\/p>\n<p>Der Begriff Kupon bezeichnet die Nominalverzinsung einer Anleihe und entspricht dem j\u00e4hrlichen Zinsertrag.<br \/>\nIst eine Anleihe mit einem Kupon in H\u00f6he von 4 Prozent ausgestattet, werden zum Zinstermin zeitanteilig 4 Prozent des Nominalwertes an Zinsen gezahlt. Der Kupon muss f\u00fcr den Anleger jedoch nicht dem Effektivzins entsprechen. Wird die Anleihe \u00fcber dem Nominalwert (100 %) gekauft, so liegt der Kupon \u00fcber dem Effektivzins. Wird die Anleihe hingegen unter dem Nominalwert gekauft, so liegt der Kupon unter dem Effektivzins. Der Effektivzins setzt sich zusammen aus Zinseinnahmen und Kursgewinnen bzw. -verlusten und entspricht dem tats\u00e4chlich j\u00e4hrlichen Ertrag, den ein Anleger mit einer Anleihe erzielt.<br \/>\nZeitanteilig bedeutet in diesem Falle, dass es davon abh\u00e4ngig ist, seit wann die Anleihe bereits vom Investor gehalten wurde. Verzinst wird nur von dem Tag an, an dem die Anleihe \u00fcber die B\u00f6rse gekauft wurde. Der Investor erh\u00e4lt also nur Zinsen f\u00fcr die Tage, an denen er die Anleihe im Depot h\u00e4lt. Wird eine Anleihe am Tag des Zinstermines vom Investor seit 150 Tagen gehalten, erh\u00e4lt er f\u00fcr die 150 Tage Zinsen auf den Nominalwert der Anleihe. H\u00e4tte der Investor die Anleihe 365 Tage gehalten, w\u00fcrde er bei einem Nominalwert von 1000 Euro und einen Kupon von 4 % genau 40 Euro an Zinsen erhalten. H\u00e4lt er die Anleihe jedoch nur f\u00fcr 150 Tage, so erh\u00e4lt der Investor 16,43 Euro an Zinsen. Der Kupon ist also stets der j\u00e4hrliche Zinsertrag, den ein K\u00e4ufer mit der Anleihe erzielen kann. <\/p>\n","protected":false},"excerpt":{"rendered":"<p>Auch Coupon Der Begriff Kupon bezeichnet die Nominalverzinsung einer Anleihe und entspricht dem j\u00e4hrlichen Zinsertrag. Ist eine Anleihe mit einem Kupon in H\u00f6he von 4 Prozent ausgestattet, werden zum Zinstermin zeitanteilig 4 Prozent des Nominalwertes an Zinsen gezahlt. Der Kupon muss f\u00fcr den Anleger jedoch nicht dem Effektivzins entsprechen. Wird die Anleihe \u00fcber dem Nominalwert [&hellip;]<\/p>\n","protected":false},"author":1,"featured_media":0,"parent":0,"menu_order":0,"comment_status":"closed","ping_status":"closed","template":"","meta":{"site-sidebar-layout":"default","site-content-layout":"","ast-site-content-layout":"","site-content-style":"default","site-sidebar-style":"default","ast-global-header-display":"","ast-banner-title-visibility":"","ast-main-header-display":"","ast-hfb-above-header-display":"","ast-hfb-below-header-display":"","ast-hfb-mobile-header-display":"","site-post-title":"","ast-breadcrumbs-content":"","ast-featured-img":"","footer-sml-layout":"","theme-transparent-header-meta":"","adv-header-id-meta":"","stick-header-meta":"","header-above-stick-meta":"","header-main-stick-meta":"","header-below-stick-meta":"","astra-migrate-meta-layouts":"default","ast-page-background-enabled":"default","ast-page-background-meta":{"desktop":{"background-color":"","background-image":"","background-repeat":"repeat","background-position":"center center","background-size":"auto","background-attachment":"scroll","background-type":"","background-media":"","overlay-type":"","overlay-color":"","overlay-opacity":"","overlay-gradient":""},"tablet":{"background-color":"","background-image":"","background-repeat":"repeat","background-position":"center center","background-size":"auto","background-attachment":"scroll","background-type":"","background-media":"","overlay-type":"","overlay-color":"","overlay-opacity":"","overlay-gradient":""},"mobile":{"background-color":"","background-image":"","background-repeat":"repeat","background-position":"center center","background-size":"auto","background-attachment":"scroll","background-type":"","background-media":"","overlay-type":"","overlay-color":"","overlay-opacity":"","overlay-gradient":""}},"ast-content-background-meta":{"desktop":{"background-color":"var(--ast-global-color-5)","background-image":"","background-repeat":"repeat","background-position":"center center","background-size":"auto","background-attachment":"scroll","background-type":"","background-media":"","overlay-type":"","overlay-color":"","overlay-opacity":"","overlay-gradient":""},"tablet":{"background-color":"var(--ast-global-color-5)","background-image":"","background-repeat":"repeat","background-position":"center center","background-size":"auto","background-attachment":"scroll","background-type":"","background-media":"","overlay-type":"","overlay-color":"","overlay-opacity":"","overlay-gradient":""},"mobile":{"background-color":"var(--ast-global-color-5)","background-image":"","background-repeat":"repeat","background-position":"center center","background-size":"auto","background-attachment":"scroll","background-type":"","background-media":"","overlay-type":"","overlay-color":"","overlay-opacity":"","overlay-gradient":""}},"footnotes":""},"class_list":["post-553","page","type-page","status-publish","hentry"],"translation":{"provider":"WPGlobus","version":"3.0.2","language":"en","enabled_languages":["de","en"],"languages":{"de":{"title":true,"content":true,"excerpt":false},"en":{"title":false,"content":false,"excerpt":false}}},"featured_image_urls_v2":{"full":"","thumbnail":"","medium":"","medium_large":"","large":"","1536x1536":"","2048x2048":""},"post_excerpt_stackable_v2":"<p>Auch Coupon Der Begriff Kupon bezeichnet die Nominalverzinsung einer Anleihe und entspricht dem j\u00e4hrlichen Zinsertrag. Ist eine Anleihe mit einem Kupon in H\u00f6he von 4 Prozent ausgestattet, werden zum Zinstermin zeitanteilig 4 Prozent des Nominalwertes an Zinsen gezahlt. Der Kupon muss f\u00fcr den Anleger jedoch nicht dem Effektivzins entsprechen. Wird die Anleihe \u00fcber dem Nominalwert (100 %) gekauft, so liegt der Kupon \u00fcber dem Effektivzins. Wird die Anleihe hingegen unter dem Nominalwert gekauft, so liegt der Kupon unter dem Effektivzins. Der Effektivzins setzt sich zusammen aus Zinseinnahmen und Kursgewinnen bzw. -verlusten und entspricht dem tats\u00e4chlich j\u00e4hrlichen Ertrag, den ein Anleger&hellip;<\/p>\n","category_list_v2":"","author_info_v2":{"name":"PrudentWater","url":"https:\/\/prudentwater.com\/en\/author\/niklas33\/"},"comments_num_v2":"0 comments","_links":{"self":[{"href":"https:\/\/prudentwater.com\/en\/wp-json\/wp\/v2\/pages\/553","targetHints":{"allow":["GET"]}}],"collection":[{"href":"https:\/\/prudentwater.com\/en\/wp-json\/wp\/v2\/pages"}],"about":[{"href":"https:\/\/prudentwater.com\/en\/wp-json\/wp\/v2\/types\/page"}],"author":[{"embeddable":true,"href":"https:\/\/prudentwater.com\/en\/wp-json\/wp\/v2\/users\/1"}],"replies":[{"embeddable":true,"href":"https:\/\/prudentwater.com\/en\/wp-json\/wp\/v2\/comments?post=553"}],"version-history":[{"count":0,"href":"https:\/\/prudentwater.com\/en\/wp-json\/wp\/v2\/pages\/553\/revisions"}],"wp:attachment":[{"href":"https:\/\/prudentwater.com\/en\/wp-json\/wp\/v2\/media?parent=553"}],"curies":[{"name":"wp","href":"https:\/\/api.w.org\/{rel}","templated":true}]}}