{"id":5549,"date":"2015-12-22T10:49:54","date_gmt":"2015-12-22T10:49:54","guid":{"rendered":"http:\/\/www.kunnskap.de\/?page_id=5549"},"modified":"2022-02-05T16:24:49","modified_gmt":"2022-02-05T15:24:49","slug":"market-impact-kosten","status":"publish","type":"page","link":"https:\/\/prudentwater.com\/en\/market-impact-kosten\/","title":{"rendered":"Market Impact-Kosten"},"content":{"rendered":"<p>engl. <strong>Market Impact Costs<\/strong><\/p>\n<p>Die Market Impact-Kosten geben Aufschluss \u00fcber die Liquidit\u00e4t eines Wertpapieres und sind dar\u00fcber hinaus Kosten, die der H\u00e4ndler indirekt aufgrund seines hohen Ordervolumens zahlen muss. Die Liquidit\u00e4t eines Wertpapieres kann anhand des Handelsvolumens und des Spread zwischen Geldkurs und Briefkurs bewertet werden, jedoch auch anhand der Market Impact-Kosten. Verkauft beispielsweise ein Investmentfonds eine gro\u00dfe Menge einer bestimmten Aktienposition, so kann es durchaus passieren, dass nicht sofort alle Aktien vom Markt aufgenommen werden k\u00f6nnen, sprich, es finden sich momentan nicht gen\u00fcgend K\u00e4ufer f\u00fcr alle Aktien. Dies f\u00fchrt dann dazu, dass der Preis des Aktienkurses sinkt und zwar so lange, bis ausreichend Nachfrage nach der hohen Menge entsteht und schlie\u00dflich alle Aktien verkauft worden sind. Da die einzelnen Verkaufspreise dann jedoch unter dem urspr\u00fcnglichen Marktpreis liegen, also jener Preis, den der Investmentfonds kurz vor dem Verkauf der Aktien an der B\u00f6rse angeboten bekommen hat, entstehen dem Fonds zus\u00e4tzliche Kosten aufgrund seiner zu hohen Verkaufsorder, die nicht auf genug Nachfrage zu dem gew\u00fcnschten Kurs getroffen hat. Diese Kosten werden Market Impact-Kosten genannt, lassen sich jedoch durch eine sogenannte Iceberg Order gr\u00f6\u00dftenteils vermeiden.<\/p>\n","protected":false},"excerpt":{"rendered":"<p>engl. Market Impact Costs Die Market Impact-Kosten geben Aufschluss \u00fcber die Liquidit\u00e4t eines Wertpapieres und sind dar\u00fcber hinaus Kosten, die der H\u00e4ndler indirekt aufgrund seines hohen Ordervolumens zahlen muss. Die Liquidit\u00e4t eines Wertpapieres kann anhand des Handelsvolumens und des Spread zwischen Geldkurs und Briefkurs bewertet werden, jedoch auch anhand der Market Impact-Kosten. Verkauft beispielsweise ein [&hellip;]<\/p>\n","protected":false},"author":1,"featured_media":0,"parent":0,"menu_order":0,"comment_status":"closed","ping_status":"closed","template":"","meta":{"site-sidebar-layout":"default","site-content-layout":"","ast-site-content-layout":"","site-content-style":"default","site-sidebar-style":"default","ast-global-header-display":"","ast-banner-title-visibility":"","ast-main-header-display":"","ast-hfb-above-header-display":"","ast-hfb-below-header-display":"","ast-hfb-mobile-header-display":"","site-post-title":"","ast-breadcrumbs-content":"","ast-featured-img":"","footer-sml-layout":"","theme-transparent-header-meta":"","adv-header-id-meta":"","stick-header-meta":"","header-above-stick-meta":"","header-main-stick-meta":"","header-below-stick-meta":"","astra-migrate-meta-layouts":"default","ast-page-background-enabled":"default","ast-page-background-meta":{"desktop":{"background-color":"","background-image":"","background-repeat":"repeat","background-position":"center center","background-size":"auto","background-attachment":"scroll","background-type":"","background-media":"","overlay-type":"","overlay-color":"","overlay-opacity":"","overlay-gradient":""},"tablet":{"background-color":"","background-image":"","background-repeat":"repeat","background-position":"center center","background-size":"auto","background-attachment":"scroll","background-type":"","background-media":"","overlay-type":"","overlay-color":"","overlay-opacity":"","overlay-gradient":""},"mobile":{"background-color":"","background-image":"","background-repeat":"repeat","background-position":"center center","background-size":"auto","background-attachment":"scroll","background-type":"","background-media":"","overlay-type":"","overlay-color":"","overlay-opacity":"","overlay-gradient":""}},"ast-content-background-meta":{"desktop":{"background-color":"var(--ast-global-color-5)","background-image":"","background-repeat":"repeat","background-position":"center center","background-size":"auto","background-attachment":"scroll","background-type":"","background-media":"","overlay-type":"","overlay-color":"","overlay-opacity":"","overlay-gradient":""},"tablet":{"background-color":"var(--ast-global-color-5)","background-image":"","background-repeat":"repeat","background-position":"center center","background-size":"auto","background-attachment":"scroll","background-type":"","background-media":"","overlay-type":"","overlay-color":"","overlay-opacity":"","overlay-gradient":""},"mobile":{"background-color":"var(--ast-global-color-5)","background-image":"","background-repeat":"repeat","background-position":"center center","background-size":"auto","background-attachment":"scroll","background-type":"","background-media":"","overlay-type":"","overlay-color":"","overlay-opacity":"","overlay-gradient":""}},"footnotes":""},"class_list":["post-5549","page","type-page","status-publish","hentry"],"translation":{"provider":"WPGlobus","version":"3.0.2","language":"en","enabled_languages":["de","en"],"languages":{"de":{"title":true,"content":true,"excerpt":false},"en":{"title":false,"content":false,"excerpt":false}}},"featured_image_urls_v2":{"full":"","thumbnail":"","medium":"","medium_large":"","large":"","1536x1536":"","2048x2048":""},"post_excerpt_stackable_v2":"<p>engl. Market Impact Costs Die Market Impact-Kosten geben Aufschluss \u00fcber die Liquidit\u00e4t eines Wertpapieres und sind dar\u00fcber hinaus Kosten, die der H\u00e4ndler indirekt aufgrund seines hohen Ordervolumens zahlen muss. Die Liquidit\u00e4t eines Wertpapieres kann anhand des Handelsvolumens und des Spread zwischen Geldkurs und Briefkurs bewertet werden, jedoch auch anhand der Market Impact-Kosten. Verkauft beispielsweise ein Investmentfonds eine gro\u00dfe Menge einer bestimmten Aktienposition, so kann es durchaus passieren, dass nicht sofort alle Aktien vom Markt aufgenommen werden k\u00f6nnen, sprich, es finden sich momentan nicht gen\u00fcgend K\u00e4ufer f\u00fcr alle Aktien. Dies f\u00fchrt dann dazu, dass der Preis des Aktienkurses sinkt und zwar&hellip;<\/p>\n","category_list_v2":"","author_info_v2":{"name":"PrudentWater","url":"https:\/\/prudentwater.com\/en\/author\/niklas33\/"},"comments_num_v2":"0 comments","_links":{"self":[{"href":"https:\/\/prudentwater.com\/en\/wp-json\/wp\/v2\/pages\/5549","targetHints":{"allow":["GET"]}}],"collection":[{"href":"https:\/\/prudentwater.com\/en\/wp-json\/wp\/v2\/pages"}],"about":[{"href":"https:\/\/prudentwater.com\/en\/wp-json\/wp\/v2\/types\/page"}],"author":[{"embeddable":true,"href":"https:\/\/prudentwater.com\/en\/wp-json\/wp\/v2\/users\/1"}],"replies":[{"embeddable":true,"href":"https:\/\/prudentwater.com\/en\/wp-json\/wp\/v2\/comments?post=5549"}],"version-history":[{"count":0,"href":"https:\/\/prudentwater.com\/en\/wp-json\/wp\/v2\/pages\/5549\/revisions"}],"wp:attachment":[{"href":"https:\/\/prudentwater.com\/en\/wp-json\/wp\/v2\/media?parent=5549"}],"curies":[{"name":"wp","href":"https:\/\/api.w.org\/{rel}","templated":true}]}}