{"id":557,"date":"2014-09-01T17:31:21","date_gmt":"2014-09-01T17:31:21","guid":{"rendered":"http:\/\/www.kunnskap.de\/?page_id=557"},"modified":"2023-02-17T20:52:30","modified_gmt":"2023-02-17T19:52:30","slug":"nominalwert","status":"publish","type":"page","link":"https:\/\/prudentwater.com\/en\/nominalwert\/","title":{"rendered":"Nominalwert"},"content":{"rendered":"<p>Auch <b>Nennwert<\/b> oder <b>Nennbetrag<\/b><br \/>\nengl. <b>Par Value<\/b><\/p>\n<hr>\n<h3>Nominalwert bei Aktien<\/h3>\n<p>Der Nominalwert einer Aktie ist ein fester und gesetzlich vorgeschriebener Wert, mit dem das Wertpapier am Grundkapital einer Aktiengesellschaft beteiligt ist. In Deutschland muss der Nominalwert pro Aktie mindestens 1 Euro betragen. Der Nominalwert weicht meistens deutlich von dem aktuellen Kurs der Aktie ab, da es auch keinen Zusammenhang zwischen Nominalwert und Kursentwicklung gibt. Die Kursentwicklung ist v\u00f6llig losgel\u00f6st vom Nominalwert einer Aktie.<\/p>\n<h3>Nominalwert bei Anleihen<\/h3>\n<p>Bei einer Anleihe ist der Nominalwert jener Geldbetrag, welcher der Emittent der Anleihe dem Gl\u00e4ubiger pro Anleihest\u00fcck schuldet. Am Ende der Laufzeit der Anleihe muss der Emittent den Nominalwert der Anleihe zur\u00fcckzahlen. F\u00fcr die laufenden Zinszahlungen ist bei einer Anleihe der Nominalwert ma\u00dfgeblich. Dieser entspricht in der Regel 100 %, die Anleihe wird bei F\u00e4lligkeit somit auch immer zu 100 % zur\u00fcckgenommen. Der Nominalwert kann sich im Gegensatz zum Kurswert nicht \u00e4ndern. Der aktuelle Kurswert der Anleihe \u00e4ndert sich hingegen t\u00e4glich. Wenn beispielsweise der Emittent einer Anleihe  eine St\u00fcckelung von 1.000 Euro festlegt, ist es nicht m\u00f6glich f\u00fcr einen Nominalwert von nur 500 Euro oder 700 Euro in die Anleihe zu investieren. Der Nominalwert des Investments muss dann stets durch 1.000 teilbar sein, also 1.000 Euro, 2.000 Euro, 3.000 Euro usw.<\/p>\n","protected":false},"excerpt":{"rendered":"<p>Auch Nennwert oder Nennbetrag engl. Par Value Nominalwert bei Aktien Der Nominalwert einer Aktie ist ein fester und gesetzlich vorgeschriebener Wert, mit dem das Wertpapier am Grundkapital einer Aktiengesellschaft beteiligt ist. In Deutschland muss der Nominalwert pro Aktie mindestens 1 Euro betragen. Der Nominalwert weicht meistens deutlich von dem aktuellen Kurs der Aktie ab, da [&hellip;]<\/p>\n","protected":false},"author":1,"featured_media":0,"parent":0,"menu_order":0,"comment_status":"closed","ping_status":"closed","template":"","meta":{"site-sidebar-layout":"default","site-content-layout":"","ast-site-content-layout":"","site-content-style":"default","site-sidebar-style":"default","ast-global-header-display":"","ast-banner-title-visibility":"","ast-main-header-display":"","ast-hfb-above-header-display":"","ast-hfb-below-header-display":"","ast-hfb-mobile-header-display":"","site-post-title":"","ast-breadcrumbs-content":"","ast-featured-img":"","footer-sml-layout":"","theme-transparent-header-meta":"","adv-header-id-meta":"","stick-header-meta":"","header-above-stick-meta":"","header-main-stick-meta":"","header-below-stick-meta":"","astra-migrate-meta-layouts":"default","ast-page-background-enabled":"default","ast-page-background-meta":{"desktop":{"background-color":"","background-image":"","background-repeat":"repeat","background-position":"center center","background-size":"auto","background-attachment":"scroll","background-type":"","background-media":"","overlay-type":"","overlay-color":"","overlay-opacity":"","overlay-gradient":""},"tablet":{"background-color":"","background-image":"","background-repeat":"repeat","background-position":"center center","background-size":"auto","background-attachment":"scroll","background-type":"","background-media":"","overlay-type":"","overlay-color":"","overlay-opacity":"","overlay-gradient":""},"mobile":{"background-color":"","background-image":"","background-repeat":"repeat","background-position":"center center","background-size":"auto","background-attachment":"scroll","background-type":"","background-media":"","overlay-type":"","overlay-color":"","overlay-opacity":"","overlay-gradient":""}},"ast-content-background-meta":{"desktop":{"background-color":"var(--ast-global-color-5)","background-image":"","background-repeat":"repeat","background-position":"center center","background-size":"auto","background-attachment":"scroll","background-type":"","background-media":"","overlay-type":"","overlay-color":"","overlay-opacity":"","overlay-gradient":""},"tablet":{"background-color":"var(--ast-global-color-5)","background-image":"","background-repeat":"repeat","background-position":"center center","background-size":"auto","background-attachment":"scroll","background-type":"","background-media":"","overlay-type":"","overlay-color":"","overlay-opacity":"","overlay-gradient":""},"mobile":{"background-color":"var(--ast-global-color-5)","background-image":"","background-repeat":"repeat","background-position":"center center","background-size":"auto","background-attachment":"scroll","background-type":"","background-media":"","overlay-type":"","overlay-color":"","overlay-opacity":"","overlay-gradient":""}},"footnotes":""},"class_list":["post-557","page","type-page","status-publish","hentry"],"translation":{"provider":"WPGlobus","version":"3.0.2","language":"en","enabled_languages":["de","en"],"languages":{"de":{"title":true,"content":true,"excerpt":false},"en":{"title":false,"content":false,"excerpt":false}}},"featured_image_urls_v2":{"full":"","thumbnail":"","medium":"","medium_large":"","large":"","1536x1536":"","2048x2048":""},"post_excerpt_stackable_v2":"<p>Auch Nennwert oder Nennbetrag engl. Par Value Nominalwert bei Aktien Der Nominalwert einer Aktie ist ein fester und gesetzlich vorgeschriebener Wert, mit dem das Wertpapier am Grundkapital einer Aktiengesellschaft beteiligt ist. In Deutschland muss der Nominalwert pro Aktie mindestens 1 Euro betragen. Der Nominalwert weicht meistens deutlich von dem aktuellen Kurs der Aktie ab, da es auch keinen Zusammenhang zwischen Nominalwert und Kursentwicklung gibt. Die Kursentwicklung ist v\u00f6llig losgel\u00f6st vom Nominalwert einer Aktie. Nominalwert bei Anleihen Bei einer Anleihe ist der Nominalwert jener Geldbetrag, welcher der Emittent der Anleihe dem Gl\u00e4ubiger pro Anleihest\u00fcck schuldet. Am Ende der Laufzeit der Anleihe&hellip;<\/p>\n","category_list_v2":"","author_info_v2":{"name":"PrudentWater","url":"https:\/\/prudentwater.com\/en\/author\/niklas33\/"},"comments_num_v2":"0 comments","_links":{"self":[{"href":"https:\/\/prudentwater.com\/en\/wp-json\/wp\/v2\/pages\/557","targetHints":{"allow":["GET"]}}],"collection":[{"href":"https:\/\/prudentwater.com\/en\/wp-json\/wp\/v2\/pages"}],"about":[{"href":"https:\/\/prudentwater.com\/en\/wp-json\/wp\/v2\/types\/page"}],"author":[{"embeddable":true,"href":"https:\/\/prudentwater.com\/en\/wp-json\/wp\/v2\/users\/1"}],"replies":[{"embeddable":true,"href":"https:\/\/prudentwater.com\/en\/wp-json\/wp\/v2\/comments?post=557"}],"version-history":[{"count":0,"href":"https:\/\/prudentwater.com\/en\/wp-json\/wp\/v2\/pages\/557\/revisions"}],"wp:attachment":[{"href":"https:\/\/prudentwater.com\/en\/wp-json\/wp\/v2\/media?parent=557"}],"curies":[{"name":"wp","href":"https:\/\/api.w.org\/{rel}","templated":true}]}}