{"id":559,"date":"2014-09-01T22:09:46","date_gmt":"2014-09-01T22:09:46","guid":{"rendered":"http:\/\/www.kunnskap.de\/?page_id=559"},"modified":"2022-08-23T20:28:54","modified_gmt":"2022-08-23T18:28:54","slug":"nominalzins","status":"publish","type":"page","link":"https:\/\/prudentwater.com\/en\/nominalzins\/","title":{"rendered":"Nominalzins"},"content":{"rendered":"<p>engl. <strong>Nominal Interest Rate<\/strong><\/p>\n<h3>Nominalzins einer Anleihe<\/h3>\n<p>Der Nominalzins einer Anleihe ist der Zins auf den Nominalwert und wird auch Kupon genannt. Der Nominalwert einer Anleihe wiederum liegt bei 100 %. Der Nominalzins muss nicht der tats\u00e4chlichen Rendite entsprechen. Die tats\u00e4chliche Rendite eines Wertpapieres spiegelt der Effektivzins wider und ber\u00fccksichtigt Kursgewinne oder Kursverluste.<br \/>\nWird eine Anleihe \u00fcber 100 % gekauft, ist der Nominalzins h\u00f6her als der Effektivzins. Wird eine Anleihe unter 100 % gekauft, ist der Nominalzins kleiner als der Effektivzins. Gebildet wird der Nominalzins einer Anleihe durch Angebot und Nachfrage am Prim\u00e4rmarkt. Der Nominalzins einer Anleihe ist fest und ver\u00e4ndert sich w\u00e4hrend der gesamten Laufzeit nicht.<\/p>\n<h3>Nominalzins bei Krediten<\/h3>\n<p>Bei Krediten sind im Nominalzins weitere Kosten wie Bearbeitungs- oder Vermittlungsgeb\u00fchren nicht mitber\u00fccksichtigt. Der Effektivzins bei Krediten enth\u00e4lt hingegen alle Bearbeitungs- und Vermittlungsgeb\u00fchren.<\/p>\n<h3>Nominalzins und Effektivzins<\/h3>\n<p>F\u00fcr den K\u00e4ufer einer Anleihe ist der Effektivzins ausschlaggebend und gibt an, wie hoch seine j\u00e4hrliche Rendite ist, wenn er die Anleihe bis zur F\u00e4lligkeit h\u00e4lt. Im Effektivzins sind auch Kursgewinne oder Kursverluste enthalten, der Nominalzins hingegen dr\u00fcckt ausschlie\u00dflich die prozentuale H\u00f6he der j\u00e4hrlichen Zinszahlung auf den Nominalwert (100 %) aus. Kauft der Anleger jedoch eine Anleihe zu einem Kurs von 95 %, so liegt der Effektivzins \u00fcber dem Nominalzins, da der Anleger dann noch einen zus\u00e4tzlichen Kursgewinn erzielt, da die Anleihe bei F\u00e4lligkeit zu einem h\u00f6heren Kurs (100 %) vom Emittenten getilgt wird. Liegt der Kaufkurs der Anleihe hingegen \u00fcber 100 %, so liegt der Effektivzins unter dem Nominalzins.<\/p>\n","protected":false},"excerpt":{"rendered":"<p>engl. Nominal Interest Rate Nominalzins einer Anleihe Der Nominalzins einer Anleihe ist der Zins auf den Nominalwert und wird auch Kupon genannt. Der Nominalwert einer Anleihe wiederum liegt bei 100 %. Der Nominalzins muss nicht der tats\u00e4chlichen Rendite entsprechen. Die tats\u00e4chliche Rendite eines Wertpapieres spiegelt der Effektivzins wider und ber\u00fccksichtigt Kursgewinne oder Kursverluste. Wird eine [&hellip;]<\/p>\n","protected":false},"author":1,"featured_media":0,"parent":0,"menu_order":0,"comment_status":"closed","ping_status":"closed","template":"","meta":{"site-sidebar-layout":"default","site-content-layout":"","ast-site-content-layout":"","site-content-style":"default","site-sidebar-style":"default","ast-global-header-display":"","ast-banner-title-visibility":"","ast-main-header-display":"","ast-hfb-above-header-display":"","ast-hfb-below-header-display":"","ast-hfb-mobile-header-display":"","site-post-title":"","ast-breadcrumbs-content":"","ast-featured-img":"","footer-sml-layout":"","theme-transparent-header-meta":"","adv-header-id-meta":"","stick-header-meta":"","header-above-stick-meta":"","header-main-stick-meta":"","header-below-stick-meta":"","astra-migrate-meta-layouts":"default","ast-page-background-enabled":"default","ast-page-background-meta":{"desktop":{"background-color":"","background-image":"","background-repeat":"repeat","background-position":"center center","background-size":"auto","background-attachment":"scroll","background-type":"","background-media":"","overlay-type":"","overlay-color":"","overlay-opacity":"","overlay-gradient":""},"tablet":{"background-color":"","background-image":"","background-repeat":"repeat","background-position":"center center","background-size":"auto","background-attachment":"scroll","background-type":"","background-media":"","overlay-type":"","overlay-color":"","overlay-opacity":"","overlay-gradient":""},"mobile":{"background-color":"","background-image":"","background-repeat":"repeat","background-position":"center center","background-size":"auto","background-attachment":"scroll","background-type":"","background-media":"","overlay-type":"","overlay-color":"","overlay-opacity":"","overlay-gradient":""}},"ast-content-background-meta":{"desktop":{"background-color":"var(--ast-global-color-5)","background-image":"","background-repeat":"repeat","background-position":"center center","background-size":"auto","background-attachment":"scroll","background-type":"","background-media":"","overlay-type":"","overlay-color":"","overlay-opacity":"","overlay-gradient":""},"tablet":{"background-color":"var(--ast-global-color-5)","background-image":"","background-repeat":"repeat","background-position":"center center","background-size":"auto","background-attachment":"scroll","background-type":"","background-media":"","overlay-type":"","overlay-color":"","overlay-opacity":"","overlay-gradient":""},"mobile":{"background-color":"var(--ast-global-color-5)","background-image":"","background-repeat":"repeat","background-position":"center center","background-size":"auto","background-attachment":"scroll","background-type":"","background-media":"","overlay-type":"","overlay-color":"","overlay-opacity":"","overlay-gradient":""}},"footnotes":""},"class_list":["post-559","page","type-page","status-publish","hentry"],"translation":{"provider":"WPGlobus","version":"3.0.2","language":"en","enabled_languages":["de","en"],"languages":{"de":{"title":true,"content":true,"excerpt":false},"en":{"title":false,"content":false,"excerpt":false}}},"featured_image_urls_v2":{"full":"","thumbnail":"","medium":"","medium_large":"","large":"","1536x1536":"","2048x2048":""},"post_excerpt_stackable_v2":"<p>engl. Nominal Interest Rate Nominalzins einer Anleihe Der Nominalzins einer Anleihe ist der Zins auf den Nominalwert und wird auch Kupon genannt. Der Nominalwert einer Anleihe wiederum liegt bei 100 %. Der Nominalzins muss nicht der tats\u00e4chlichen Rendite entsprechen. Die tats\u00e4chliche Rendite eines Wertpapieres spiegelt der Effektivzins wider und ber\u00fccksichtigt Kursgewinne oder Kursverluste. Wird eine Anleihe \u00fcber 100 % gekauft, ist der Nominalzins h\u00f6her als der Effektivzins. Wird eine Anleihe unter 100 % gekauft, ist der Nominalzins kleiner als der Effektivzins. Gebildet wird der Nominalzins einer Anleihe durch Angebot und Nachfrage am Prim\u00e4rmarkt. Der Nominalzins einer Anleihe ist fest und&hellip;<\/p>\n","category_list_v2":"","author_info_v2":{"name":"PrudentWater","url":"https:\/\/prudentwater.com\/en\/author\/niklas33\/"},"comments_num_v2":"0 comments","_links":{"self":[{"href":"https:\/\/prudentwater.com\/en\/wp-json\/wp\/v2\/pages\/559","targetHints":{"allow":["GET"]}}],"collection":[{"href":"https:\/\/prudentwater.com\/en\/wp-json\/wp\/v2\/pages"}],"about":[{"href":"https:\/\/prudentwater.com\/en\/wp-json\/wp\/v2\/types\/page"}],"author":[{"embeddable":true,"href":"https:\/\/prudentwater.com\/en\/wp-json\/wp\/v2\/users\/1"}],"replies":[{"embeddable":true,"href":"https:\/\/prudentwater.com\/en\/wp-json\/wp\/v2\/comments?post=559"}],"version-history":[{"count":0,"href":"https:\/\/prudentwater.com\/en\/wp-json\/wp\/v2\/pages\/559\/revisions"}],"wp:attachment":[{"href":"https:\/\/prudentwater.com\/en\/wp-json\/wp\/v2\/media?parent=559"}],"curies":[{"name":"wp","href":"https:\/\/api.w.org\/{rel}","templated":true}]}}