{"id":5608,"date":"2015-12-29T08:42:54","date_gmt":"2015-12-29T08:42:54","guid":{"rendered":"http:\/\/www.kunnskap.de\/?page_id=5608"},"modified":"2021-06-25T12:48:22","modified_gmt":"2021-06-25T10:48:22","slug":"call-option","status":"publish","type":"page","link":"https:\/\/prudentwater.com\/en\/call-option\/","title":{"rendered":"Call Option"},"content":{"rendered":"<p>Auch <strong>Kaufoption<\/strong><\/p>\n<p>Mit einer Call Option hat der K\u00e4ufer das Recht &#8211; jedoch nicht die Pflicht &#8211; den zugrunde liegenden Basiswert innerhalb eines bestimmten Zeitraumes zu einem fest definierten Preis (Basispreis) und in einer bestimmten Menge zu erwerben. F\u00fcr dieses Recht muss er dem Verk\u00e4ufer der Option einen Preis in Form der Optionspr\u00e4mie bezahlen. Diesen Geldbetrag darf der Verk\u00e4ufer auf jeden Fall behalten, unabh\u00e4ngig davon, ob die Option vom K\u00e4ufer ausgef\u00fchrt wird oder wertlos verf\u00e4llt. Als Ausgleich f\u00fcr den Optionspreis muss der Verk\u00e4ufer (Stillhalter) jedoch nun den Basiswert liefen, falls der K\u00e4ufer die Option innerhalb der Laufzeit aus\u00fcben m\u00f6chte. \u00dcbt er das Recht nicht aus, verf\u00e4llt die Option bei F\u00e4lligkeit wertlos. Zur Berechnung des Preises einer Call Option wird der innere Wert mit dem Zeitwert addiert. Der K\u00e4ufer der Call Option spekuliert auf steigende Kurse des Basiswertes, wohingegen der Verk\u00e4ufer der Call Option auf fallende oder zumindest konstante Kurse spekuliert.<\/p>\n","protected":false},"excerpt":{"rendered":"<p>Auch Kaufoption Mit einer Call Option hat der K\u00e4ufer das Recht &#8211; jedoch nicht die Pflicht &#8211; den zugrunde liegenden Basiswert innerhalb eines bestimmten Zeitraumes zu einem fest definierten Preis (Basispreis) und in einer bestimmten Menge zu erwerben. F\u00fcr dieses Recht muss er dem Verk\u00e4ufer der Option einen Preis in Form der Optionspr\u00e4mie bezahlen. Diesen [&hellip;]<\/p>\n","protected":false},"author":1,"featured_media":0,"parent":0,"menu_order":0,"comment_status":"closed","ping_status":"closed","template":"","meta":{"site-sidebar-layout":"default","site-content-layout":"","ast-site-content-layout":"","site-content-style":"default","site-sidebar-style":"default","ast-global-header-display":"","ast-banner-title-visibility":"","ast-main-header-display":"","ast-hfb-above-header-display":"","ast-hfb-below-header-display":"","ast-hfb-mobile-header-display":"","site-post-title":"","ast-breadcrumbs-content":"","ast-featured-img":"","footer-sml-layout":"","theme-transparent-header-meta":"","adv-header-id-meta":"","stick-header-meta":"","header-above-stick-meta":"","header-main-stick-meta":"","header-below-stick-meta":"","astra-migrate-meta-layouts":"default","ast-page-background-enabled":"default","ast-page-background-meta":{"desktop":{"background-color":"","background-image":"","background-repeat":"repeat","background-position":"center center","background-size":"auto","background-attachment":"scroll","background-type":"","background-media":"","overlay-type":"","overlay-color":"","overlay-opacity":"","overlay-gradient":""},"tablet":{"background-color":"","background-image":"","background-repeat":"repeat","background-position":"center center","background-size":"auto","background-attachment":"scroll","background-type":"","background-media":"","overlay-type":"","overlay-color":"","overlay-opacity":"","overlay-gradient":""},"mobile":{"background-color":"","background-image":"","background-repeat":"repeat","background-position":"center center","background-size":"auto","background-attachment":"scroll","background-type":"","background-media":"","overlay-type":"","overlay-color":"","overlay-opacity":"","overlay-gradient":""}},"ast-content-background-meta":{"desktop":{"background-color":"var(--ast-global-color-5)","background-image":"","background-repeat":"repeat","background-position":"center center","background-size":"auto","background-attachment":"scroll","background-type":"","background-media":"","overlay-type":"","overlay-color":"","overlay-opacity":"","overlay-gradient":""},"tablet":{"background-color":"var(--ast-global-color-5)","background-image":"","background-repeat":"repeat","background-position":"center center","background-size":"auto","background-attachment":"scroll","background-type":"","background-media":"","overlay-type":"","overlay-color":"","overlay-opacity":"","overlay-gradient":""},"mobile":{"background-color":"var(--ast-global-color-5)","background-image":"","background-repeat":"repeat","background-position":"center center","background-size":"auto","background-attachment":"scroll","background-type":"","background-media":"","overlay-type":"","overlay-color":"","overlay-opacity":"","overlay-gradient":""}},"footnotes":""},"class_list":["post-5608","page","type-page","status-publish","hentry"],"translation":{"provider":"WPGlobus","version":"3.0.2","language":"en","enabled_languages":["de","en"],"languages":{"de":{"title":true,"content":true,"excerpt":false},"en":{"title":false,"content":false,"excerpt":false}}},"featured_image_urls_v2":{"full":"","thumbnail":"","medium":"","medium_large":"","large":"","1536x1536":"","2048x2048":""},"post_excerpt_stackable_v2":"<p>Auch Kaufoption Mit einer Call Option hat der K\u00e4ufer das Recht &#8211; jedoch nicht die Pflicht &#8211; den zugrunde liegenden Basiswert innerhalb eines bestimmten Zeitraumes zu einem fest definierten Preis (Basispreis) und in einer bestimmten Menge zu erwerben. F\u00fcr dieses Recht muss er dem Verk\u00e4ufer der Option einen Preis in Form der Optionspr\u00e4mie bezahlen. Diesen Geldbetrag darf der Verk\u00e4ufer auf jeden Fall behalten, unabh\u00e4ngig davon, ob die Option vom K\u00e4ufer ausgef\u00fchrt wird oder wertlos verf\u00e4llt. Als Ausgleich f\u00fcr den Optionspreis muss der Verk\u00e4ufer (Stillhalter) jedoch nun den Basiswert liefen, falls der K\u00e4ufer die Option innerhalb der Laufzeit aus\u00fcben m\u00f6chte. \u00dcbt&hellip;<\/p>\n","category_list_v2":"","author_info_v2":{"name":"PrudentWater","url":"https:\/\/prudentwater.com\/en\/author\/niklas33\/"},"comments_num_v2":"0 comments","_links":{"self":[{"href":"https:\/\/prudentwater.com\/en\/wp-json\/wp\/v2\/pages\/5608","targetHints":{"allow":["GET"]}}],"collection":[{"href":"https:\/\/prudentwater.com\/en\/wp-json\/wp\/v2\/pages"}],"about":[{"href":"https:\/\/prudentwater.com\/en\/wp-json\/wp\/v2\/types\/page"}],"author":[{"embeddable":true,"href":"https:\/\/prudentwater.com\/en\/wp-json\/wp\/v2\/users\/1"}],"replies":[{"embeddable":true,"href":"https:\/\/prudentwater.com\/en\/wp-json\/wp\/v2\/comments?post=5608"}],"version-history":[{"count":0,"href":"https:\/\/prudentwater.com\/en\/wp-json\/wp\/v2\/pages\/5608\/revisions"}],"wp:attachment":[{"href":"https:\/\/prudentwater.com\/en\/wp-json\/wp\/v2\/media?parent=5608"}],"curies":[{"name":"wp","href":"https:\/\/api.w.org\/{rel}","templated":true}]}}