{"id":5631,"date":"2015-12-29T19:14:00","date_gmt":"2015-12-29T19:14:00","guid":{"rendered":"http:\/\/www.kunnskap.de\/?page_id=5631"},"modified":"2021-06-25T12:50:08","modified_gmt":"2021-06-25T10:50:08","slug":"put-option","status":"publish","type":"page","link":"https:\/\/prudentwater.com\/en\/put-option\/","title":{"rendered":"Put Option"},"content":{"rendered":"<p>Auch <strong>Verkaufsoption<\/strong><\/p>\n<p>Mit einer Put Option hat der K\u00e4ufer das Recht, jedoch nicht die Pflicht, eine bestimmte Menge des zugrunde liegenden Basiswertes innerhalb eines bestimmten Zeitraumes zu einem fest definierten Preis (Basispreis) zu verkaufen. F\u00fcr dieses Recht muss er dem Verk\u00e4ufer der Option einen Preis in Form der Optionspr\u00e4mie bezahlen. Diesen Geldbetrag darf der Verk\u00e4ufer auf jeden Fall behalten, unabh\u00e4ngig davon, ob die Option vom K\u00e4ufer ausgef\u00fchrt wird oder wertlos verf\u00e4llt. Als Ausgleich f\u00fcr den Optionspreis muss der Verk\u00e4ufer (Stillhalter) jedoch nun den Basiswert abkaufen, falls der K\u00e4ufer die Option innerhalb der Laufzeit aus\u00fcben m\u00f6chte. \u00dcbt er das Recht nicht aus, verf\u00e4llt die Option bei F\u00e4lligkeit wertlos und der Verk\u00e4ufer kann die Optionspr\u00e4mie komplett als Gewinn einstreichen. Der K\u00e4ufer der Put-Option spekuliert auf fallende Kurse des Basiswertes, der Verk\u00e4ufer der Put Option hingegen auf steigende Kurse oder auf zumindest konstante Kurse des Basiswertes. <\/p>\n","protected":false},"excerpt":{"rendered":"<p>Auch Verkaufsoption Mit einer Put Option hat der K\u00e4ufer das Recht, jedoch nicht die Pflicht, eine bestimmte Menge des zugrunde liegenden Basiswertes innerhalb eines bestimmten Zeitraumes zu einem fest definierten Preis (Basispreis) zu verkaufen. F\u00fcr dieses Recht muss er dem Verk\u00e4ufer der Option einen Preis in Form der Optionspr\u00e4mie bezahlen. Diesen Geldbetrag darf der Verk\u00e4ufer [&hellip;]<\/p>\n","protected":false},"author":1,"featured_media":0,"parent":0,"menu_order":0,"comment_status":"closed","ping_status":"closed","template":"","meta":{"site-sidebar-layout":"default","site-content-layout":"","ast-site-content-layout":"","site-content-style":"default","site-sidebar-style":"default","ast-global-header-display":"","ast-banner-title-visibility":"","ast-main-header-display":"","ast-hfb-above-header-display":"","ast-hfb-below-header-display":"","ast-hfb-mobile-header-display":"","site-post-title":"","ast-breadcrumbs-content":"","ast-featured-img":"","footer-sml-layout":"","theme-transparent-header-meta":"","adv-header-id-meta":"","stick-header-meta":"","header-above-stick-meta":"","header-main-stick-meta":"","header-below-stick-meta":"","astra-migrate-meta-layouts":"default","ast-page-background-enabled":"default","ast-page-background-meta":{"desktop":{"background-color":"","background-image":"","background-repeat":"repeat","background-position":"center center","background-size":"auto","background-attachment":"scroll","background-type":"","background-media":"","overlay-type":"","overlay-color":"","overlay-opacity":"","overlay-gradient":""},"tablet":{"background-color":"","background-image":"","background-repeat":"repeat","background-position":"center center","background-size":"auto","background-attachment":"scroll","background-type":"","background-media":"","overlay-type":"","overlay-color":"","overlay-opacity":"","overlay-gradient":""},"mobile":{"background-color":"","background-image":"","background-repeat":"repeat","background-position":"center center","background-size":"auto","background-attachment":"scroll","background-type":"","background-media":"","overlay-type":"","overlay-color":"","overlay-opacity":"","overlay-gradient":""}},"ast-content-background-meta":{"desktop":{"background-color":"var(--ast-global-color-5)","background-image":"","background-repeat":"repeat","background-position":"center center","background-size":"auto","background-attachment":"scroll","background-type":"","background-media":"","overlay-type":"","overlay-color":"","overlay-opacity":"","overlay-gradient":""},"tablet":{"background-color":"var(--ast-global-color-5)","background-image":"","background-repeat":"repeat","background-position":"center center","background-size":"auto","background-attachment":"scroll","background-type":"","background-media":"","overlay-type":"","overlay-color":"","overlay-opacity":"","overlay-gradient":""},"mobile":{"background-color":"var(--ast-global-color-5)","background-image":"","background-repeat":"repeat","background-position":"center center","background-size":"auto","background-attachment":"scroll","background-type":"","background-media":"","overlay-type":"","overlay-color":"","overlay-opacity":"","overlay-gradient":""}},"footnotes":""},"class_list":["post-5631","page","type-page","status-publish","hentry"],"translation":{"provider":"WPGlobus","version":"3.0.2","language":"en","enabled_languages":["de","en"],"languages":{"de":{"title":true,"content":true,"excerpt":false},"en":{"title":false,"content":false,"excerpt":false}}},"featured_image_urls_v2":{"full":"","thumbnail":"","medium":"","medium_large":"","large":"","1536x1536":"","2048x2048":""},"post_excerpt_stackable_v2":"<p>Auch Verkaufsoption Mit einer Put Option hat der K\u00e4ufer das Recht, jedoch nicht die Pflicht, eine bestimmte Menge des zugrunde liegenden Basiswertes innerhalb eines bestimmten Zeitraumes zu einem fest definierten Preis (Basispreis) zu verkaufen. F\u00fcr dieses Recht muss er dem Verk\u00e4ufer der Option einen Preis in Form der Optionspr\u00e4mie bezahlen. Diesen Geldbetrag darf der Verk\u00e4ufer auf jeden Fall behalten, unabh\u00e4ngig davon, ob die Option vom K\u00e4ufer ausgef\u00fchrt wird oder wertlos verf\u00e4llt. Als Ausgleich f\u00fcr den Optionspreis muss der Verk\u00e4ufer (Stillhalter) jedoch nun den Basiswert abkaufen, falls der K\u00e4ufer die Option innerhalb der Laufzeit aus\u00fcben m\u00f6chte. \u00dcbt er das Recht nicht&hellip;<\/p>\n","category_list_v2":"","author_info_v2":{"name":"PrudentWater","url":"https:\/\/prudentwater.com\/en\/author\/niklas33\/"},"comments_num_v2":"0 comments","_links":{"self":[{"href":"https:\/\/prudentwater.com\/en\/wp-json\/wp\/v2\/pages\/5631","targetHints":{"allow":["GET"]}}],"collection":[{"href":"https:\/\/prudentwater.com\/en\/wp-json\/wp\/v2\/pages"}],"about":[{"href":"https:\/\/prudentwater.com\/en\/wp-json\/wp\/v2\/types\/page"}],"author":[{"embeddable":true,"href":"https:\/\/prudentwater.com\/en\/wp-json\/wp\/v2\/users\/1"}],"replies":[{"embeddable":true,"href":"https:\/\/prudentwater.com\/en\/wp-json\/wp\/v2\/comments?post=5631"}],"version-history":[{"count":0,"href":"https:\/\/prudentwater.com\/en\/wp-json\/wp\/v2\/pages\/5631\/revisions"}],"wp:attachment":[{"href":"https:\/\/prudentwater.com\/en\/wp-json\/wp\/v2\/media?parent=5631"}],"curies":[{"name":"wp","href":"https:\/\/api.w.org\/{rel}","templated":true}]}}