{"id":5642,"date":"2015-12-30T07:18:19","date_gmt":"2015-12-30T07:18:19","guid":{"rendered":"http:\/\/www.kunnskap.de\/?page_id=5642"},"modified":"2022-12-31T13:53:15","modified_gmt":"2022-12-31T12:53:15","slug":"wahrungsgewinn","status":"publish","type":"page","link":"https:\/\/prudentwater.com\/en\/wahrungsgewinn\/","title":{"rendered":"W\u00e4hrungsgewinn"},"content":{"rendered":"<p>Auch <strong>Wechselkursgewinn<\/strong><\/p>\n\n\n<div class=\"wp-block-stackable-notification stk-block-notification stk-block stk-b3a7798 is-style-plain\" data-block-id=\"b3a7798\"><style>.stk-b3a7798{box-shadow:0px 2px 20px rgba(153,153,153,0.2) !important}.stk-b3a7798-container{border-radius:20px !important;overflow:hidden !important;box-shadow:0px 10px 60px rgba(0,0,0,0.1) !important}.stk-b3a7798 .stk-block-notification__content{padding-top:32px !important;padding-right:32px !important;padding-bottom:32px !important;padding-left:32px !important}<\/style><div class=\"stk-block-notification__content stk-content-align stk-b3a7798-column stk-container stk-b3a7798-container stk--no-background stk--no-padding\"><div class=\"stk-block-content stk-inner-blocks\">\n<div class=\"wp-block-stackable-heading stk-block-heading stk-block stk-40c06f9\" id=\"strong-zentrale-kernaussagen-strong\" data-block-id=\"40c06f9\"><style>.stk-40c06f9{margin-bottom:15px !important}.stk-40c06f9 .stk-block-heading__text{font-size:16px !important;margin:0 !important;color:#da8611 !important;font-weight:400 !important;letter-spacing:1px !important}@media screen and (max-width:1023px){.stk-40c06f9 .stk-block-heading__text{font-size:17px !important}}<\/style><h2 class=\"stk-block-heading__text has-text-color\"><b>ZENTRALE KERNAUSSAGEN<\/b><\/h2><\/div>\n\n\n\n<ul class=\"has-ast-global-color-8-color has-text-color wp-block-list\" style=\"font-size:16px;font-style:normal;font-weight:500;line-height:2\">\n<li>W\u00e4hrungsgewinne werden dann erzielt, wenn Wertpapiere, Bankguthaben oder Cashbest\u00e4nde in einer aus der Sicht des Anlegers fremden W\u00e4hrung notieren und diese Fremdw\u00e4hrung gegen\u00fcber der Heimatw\u00e4hrung im Wert steigt.<\/li>\n\n\n\n<li>W\u00e4hrungsgewinne werden jedoch erst dann realisiert, wenn das Wertpapier verkauft wird oder das Bankguthaben zur\u00fcck in die Heimatw\u00e4hrung gewechselt wird.<\/li>\n\n\n\n<li>W\u00e4hrungsgewinne m\u00fcssen als Eink\u00fcnfte aus dem Kapitalverm\u00f6gen versteuert werden.<\/li>\n<\/ul>\n<\/div><\/div><\/div>\n\n\n<p>Erzielt der Anleger einen W\u00e4hrungsgewinn, so bedeutet dies auch immer gleichzeitig, dass er mit seinem Investment einem Wechselkursrisiko ausgesetzt war. Somit besteht auch immer die Gefahr mit dem zugrunde liegenden Investment einen W\u00e4hrungsverlust zu erleiden. Das W\u00e4hrungsrisiko besteht nun genau dann, wenn ausl\u00e4ndische Aktien an einer deutschen B\u00f6rse in der W\u00e4hrung Euro gekauft werden. Die in Deutschland in Euro angegebenen Aktienkurse sind lediglich die in der entsprechenden Fremdw\u00e4hrung quotierten Kurse der ausl\u00e4ndischen Heimatb\u00f6rse geteilt durch den aktuellen Wechselkurs. \u00c4ndert sich der Wechselkurs, so steigt oder f\u00e4llt der Aktienpreis in Deutschland, auch dann, wenn sich der Aktienkurs an der Heimatb\u00f6rse nicht \u00e4ndert. Ebenso besteht die M\u00f6glichkeit eines W\u00e4hrungsgewinnes bei Anleihen, in diesem Fall dann vor allem mittels Fremdw\u00e4hrungsanleihen.<\/p>\n<h3>W\u00e4hrungsgewinne bei Aktien<\/h3>\n<p>Kauft der Anleger nun Aktien eines US-amerikanischen Unternehmens in Deutschland, so erzielt er einen W\u00e4hrungsgewinn, wenn der US-Dollar gegen\u00fcber dem Euro aufwertet, da nun der Wert der Aktie in US-Dollar umgerechnet einem h\u00f6heren Wert in Euro entspricht. Kauft der Anleger in Deutschland eine Aktie eines US-amerikanischen Unternehmens zu einem Kurs von 1000 Euro je Aktie und einem Wechselkurs von EUR\/USD 1,20, so entspricht der Wert der Aktie in den USA $1200. Wertet nun der USD bis beispielsweise EUR\/USD 1,093 (entspricht USD\/EUR 0,915) auf und liegt der Kurs der Aktie in den USA weiterhin bei $1200, so erzielt der Anleger einen W\u00e4hrungsgewinn, wenn er die Aktien nun verkauft. Der Kurs der Aktie hat ich in den USA nicht ge\u00e4ndert, in Deutschland notiert die Aktie nun jedoch aufgrund der Aufwertung des USD bei 1098 Euro.<\/p>\n<h3>W\u00e4hrungsgewinne bei Anleihen<\/h3>\n<p>Eine Fremdw\u00e4hrungsanleihe notiert immer in einer aus der Sicht des Anlegers fremden W\u00e4hrung, somit ist er auch hier einem Wechselkursrisiko ausgesetzt. Mit dem Kauf einer Fremdw\u00e4hrungsanleihe wird dieses Risiko jedoch bewusst eingegangen in der Hoffnung auf m\u00f6gliche W\u00e4hrungsgewinne. Diese werden erzielt, wenn zwischen Kauf- und Verkaufszeitpunkt der Anleihe die Fremdw\u00e4hrung gegen\u00fcber der heimischen W\u00e4hrung aufgewertet hat.<\/p>","protected":false},"excerpt":{"rendered":"<p>Auch Wechselkursgewinn ZENTRALE KERNAUSSAGEN Erzielt der Anleger einen W\u00e4hrungsgewinn, so bedeutet dies auch immer gleichzeitig, dass er mit seinem Investment einem Wechselkursrisiko ausgesetzt war. Somit besteht auch immer die Gefahr mit dem zugrunde liegenden Investment einen W\u00e4hrungsverlust zu erleiden. Das W\u00e4hrungsrisiko besteht nun genau dann, wenn ausl\u00e4ndische Aktien an einer deutschen B\u00f6rse in der W\u00e4hrung [&hellip;]<\/p>\n","protected":false},"author":1,"featured_media":0,"parent":0,"menu_order":0,"comment_status":"closed","ping_status":"closed","template":"","meta":{"site-sidebar-layout":"default","site-content-layout":"","ast-site-content-layout":"","site-content-style":"default","site-sidebar-style":"default","ast-global-header-display":"","ast-banner-title-visibility":"","ast-main-header-display":"","ast-hfb-above-header-display":"","ast-hfb-below-header-display":"","ast-hfb-mobile-header-display":"","site-post-title":"","ast-breadcrumbs-content":"","ast-featured-img":"","footer-sml-layout":"","theme-transparent-header-meta":"","adv-header-id-meta":"","stick-header-meta":"","header-above-stick-meta":"","header-main-stick-meta":"","header-below-stick-meta":"","astra-migrate-meta-layouts":"default","ast-page-background-enabled":"default","ast-page-background-meta":{"desktop":{"background-color":"","background-image":"","background-repeat":"repeat","background-position":"center center","background-size":"auto","background-attachment":"scroll","background-type":"","background-media":"","overlay-type":"","overlay-color":"","overlay-opacity":"","overlay-gradient":""},"tablet":{"background-color":"","background-image":"","background-repeat":"repeat","background-position":"center center","background-size":"auto","background-attachment":"scroll","background-type":"","background-media":"","overlay-type":"","overlay-color":"","overlay-opacity":"","overlay-gradient":""},"mobile":{"background-color":"","background-image":"","background-repeat":"repeat","background-position":"center center","background-size":"auto","background-attachment":"scroll","background-type":"","background-media":"","overlay-type":"","overlay-color":"","overlay-opacity":"","overlay-gradient":""}},"ast-content-background-meta":{"desktop":{"background-color":"var(--ast-global-color-5)","background-image":"","background-repeat":"repeat","background-position":"center center","background-size":"auto","background-attachment":"scroll","background-type":"","background-media":"","overlay-type":"","overlay-color":"","overlay-opacity":"","overlay-gradient":""},"tablet":{"background-color":"var(--ast-global-color-5)","background-image":"","background-repeat":"repeat","background-position":"center center","background-size":"auto","background-attachment":"scroll","background-type":"","background-media":"","overlay-type":"","overlay-color":"","overlay-opacity":"","overlay-gradient":""},"mobile":{"background-color":"var(--ast-global-color-5)","background-image":"","background-repeat":"repeat","background-position":"center center","background-size":"auto","background-attachment":"scroll","background-type":"","background-media":"","overlay-type":"","overlay-color":"","overlay-opacity":"","overlay-gradient":""}},"footnotes":""},"class_list":["post-5642","page","type-page","status-publish","hentry"],"translation":{"provider":"WPGlobus","version":"3.0.2","language":"en","enabled_languages":["de","en"],"languages":{"de":{"title":true,"content":true,"excerpt":false},"en":{"title":false,"content":false,"excerpt":false}}},"featured_image_urls_v2":{"full":"","thumbnail":"","medium":"","medium_large":"","large":"","1536x1536":"","2048x2048":""},"post_excerpt_stackable_v2":"<p>Auch Wechselkursgewinn ZENTRALE KERNAUSSAGEN W\u00e4hrungsgewinne werden dann erzielt, wenn Wertpapiere, Bankguthaben oder Cashbest\u00e4nde in einer aus der Sicht des Anlegers fremden W\u00e4hrung notieren und diese Fremdw\u00e4hrung gegen\u00fcber der Heimatw\u00e4hrung im Wert steigt. W\u00e4hrungsgewinne werden jedoch erst dann realisiert, wenn das Wertpapier verkauft wird oder das Bankguthaben zur\u00fcck in die Heimatw\u00e4hrung gewechselt wird. W\u00e4hrungsgewinne m\u00fcssen als Eink\u00fcnfte aus dem Kapitalverm\u00f6gen versteuert werden. Erzielt der Anleger einen W\u00e4hrungsgewinn, so bedeutet dies auch immer gleichzeitig, dass er mit seinem Investment einem Wechselkursrisiko ausgesetzt war. Somit besteht auch immer die Gefahr mit dem zugrunde liegenden Investment einen W\u00e4hrungsverlust zu erleiden. Das W\u00e4hrungsrisiko besteht nun&hellip;<\/p>\n","category_list_v2":"","author_info_v2":{"name":"PrudentWater","url":"https:\/\/prudentwater.com\/en\/author\/niklas33\/"},"comments_num_v2":"0 comments","_links":{"self":[{"href":"https:\/\/prudentwater.com\/en\/wp-json\/wp\/v2\/pages\/5642","targetHints":{"allow":["GET"]}}],"collection":[{"href":"https:\/\/prudentwater.com\/en\/wp-json\/wp\/v2\/pages"}],"about":[{"href":"https:\/\/prudentwater.com\/en\/wp-json\/wp\/v2\/types\/page"}],"author":[{"embeddable":true,"href":"https:\/\/prudentwater.com\/en\/wp-json\/wp\/v2\/users\/1"}],"replies":[{"embeddable":true,"href":"https:\/\/prudentwater.com\/en\/wp-json\/wp\/v2\/comments?post=5642"}],"version-history":[{"count":0,"href":"https:\/\/prudentwater.com\/en\/wp-json\/wp\/v2\/pages\/5642\/revisions"}],"wp:attachment":[{"href":"https:\/\/prudentwater.com\/en\/wp-json\/wp\/v2\/media?parent=5642"}],"curies":[{"name":"wp","href":"https:\/\/api.w.org\/{rel}","templated":true}]}}