{"id":5646,"date":"2015-12-30T07:26:38","date_gmt":"2015-12-30T07:26:38","guid":{"rendered":"http:\/\/www.kunnskap.de\/?page_id=5646"},"modified":"2021-06-25T12:50:16","modified_gmt":"2021-06-25T10:50:16","slug":"wahrungsverlust","status":"publish","type":"page","link":"https:\/\/prudentwater.com\/en\/wahrungsverlust\/","title":{"rendered":"W\u00e4hrungsverlust"},"content":{"rendered":"<p>Auch <strong>Wechselkursverlust<\/strong><\/p>\n<p>Erleidet der Anleger ein W\u00e4hrungsverlust, so liegt dies daran, dass er mit seinem Investment einem Wechselkursrisiko ausgesetzt war. Das W\u00e4hrungsrisiko besteht dann, wenn ausl\u00e4ndische Aktien an einer deutschen B\u00f6rse in der W\u00e4hrung Euro gekauft werden. Die in Deutschland in Euro angegebenen Aktienkurse sind lediglich die in der entsprechenden Fremdw\u00e4hrung quotierten Kurse der ausl\u00e4ndischen Heimatb\u00f6rse geteilt durch den aktuellen Wechselkurs. \u00c4ndert sich der Wechselkurs, so steigt oder f\u00e4llt der Aktienpreis in Deutschland, auch dann, wenn sich der Aktienkurs an der Heimatb\u00f6rse nicht \u00e4ndert.<\/p>\n<h4>W\u00e4hrungsverlust bei Aktien<\/h4>\n<p>Kauft der Anleger nun Aktien eines US-amerikanischen Unternehmens in Deutschland, so erleidet er einen W\u00e4hrungsverlust, wenn der US-Dollar gegen\u00fcber dem Euro abwertet, da nun der Wert der Aktie in USD umgerechnet einen niedrigeren Wert in Euro entspricht. Kauft der Anleger in Deutschland eine Aktie eines US-amerikanischen Unternehmens zu einem Kurs von 1000 Euro je Aktie und einem Wechselkurs von EUR\/USD 1,00, so entspricht der Wert der Aktie in den USA 1000 USD. Wertet nun der USD bis beispielsweise EUR\/USD 1,093 (entspricht USD\/EUR 0,915) ab und liegt der Kurs der Aktie in den USA immer noch bei 1000 USD, so erleidet der Anleger einen W\u00e4hrungsverlust, wenn er die Aktien nun verkaufen w\u00fcrde. Der Kurs der Aktie hat ich in den USA nicht ge\u00e4ndert, in Deutschland notiert die Aktie nun jedoch aufgrund der Abwertung des USD bei 915 Euro.<\/p>\n<h4>W\u00e4hrungsverlust bei Anleihen<\/h4>\n<p>Bei einer Fremdw\u00e4hrungsanleihe erleidet der Investor dann einen W\u00e4hrungsverlust, wenn die W\u00e4hrung, in der die Anleihe notiert, gegen\u00fcber der heimischen W\u00e4hrung abwertet. \u00dcber zwischenzeitlich erhaltene Kuponzahlungen kann der W\u00e4hrungsverlust allerdings wieder ausgeglichen werden. Eine Fremdw\u00e4hrungsanleihe notiert immer in einer aus der Sicht des Anlegers fremden W\u00e4hrung, somit ist er auch hier einem Wechselkursrisiko ausgesetzt. Mit dem Kauf einer Fremdw\u00e4hrungsanleihe wird dieses Risiko jedoch bewusst eingegangen in der Hoffnung auf m\u00f6gliche W\u00e4hrungsgewinne. Wie weit die Fremdw\u00e4hrung gegen\u00fcber der heimischen W\u00e4hrung an Wert verlieren darf, bis die h\u00f6heren Kuponzahlungen durch die Abwertung der Fremdw\u00e4hrung eliminiert sind, gibt der Breakeven-Wechselkurs an.<\/p>\n","protected":false},"excerpt":{"rendered":"<p>Auch Wechselkursverlust Erleidet der Anleger ein W\u00e4hrungsverlust, so liegt dies daran, dass er mit seinem Investment einem Wechselkursrisiko ausgesetzt war. Das W\u00e4hrungsrisiko besteht dann, wenn ausl\u00e4ndische Aktien an einer deutschen B\u00f6rse in der W\u00e4hrung Euro gekauft werden. Die in Deutschland in Euro angegebenen Aktienkurse sind lediglich die in der entsprechenden Fremdw\u00e4hrung quotierten Kurse der ausl\u00e4ndischen [&hellip;]<\/p>\n","protected":false},"author":1,"featured_media":0,"parent":0,"menu_order":0,"comment_status":"closed","ping_status":"closed","template":"","meta":{"site-sidebar-layout":"default","site-content-layout":"","ast-site-content-layout":"","site-content-style":"default","site-sidebar-style":"default","ast-global-header-display":"","ast-banner-title-visibility":"","ast-main-header-display":"","ast-hfb-above-header-display":"","ast-hfb-below-header-display":"","ast-hfb-mobile-header-display":"","site-post-title":"","ast-breadcrumbs-content":"","ast-featured-img":"","footer-sml-layout":"","theme-transparent-header-meta":"","adv-header-id-meta":"","stick-header-meta":"","header-above-stick-meta":"","header-main-stick-meta":"","header-below-stick-meta":"","astra-migrate-meta-layouts":"default","ast-page-background-enabled":"default","ast-page-background-meta":{"desktop":{"background-color":"","background-image":"","background-repeat":"repeat","background-position":"center center","background-size":"auto","background-attachment":"scroll","background-type":"","background-media":"","overlay-type":"","overlay-color":"","overlay-opacity":"","overlay-gradient":""},"tablet":{"background-color":"","background-image":"","background-repeat":"repeat","background-position":"center center","background-size":"auto","background-attachment":"scroll","background-type":"","background-media":"","overlay-type":"","overlay-color":"","overlay-opacity":"","overlay-gradient":""},"mobile":{"background-color":"","background-image":"","background-repeat":"repeat","background-position":"center center","background-size":"auto","background-attachment":"scroll","background-type":"","background-media":"","overlay-type":"","overlay-color":"","overlay-opacity":"","overlay-gradient":""}},"ast-content-background-meta":{"desktop":{"background-color":"var(--ast-global-color-5)","background-image":"","background-repeat":"repeat","background-position":"center center","background-size":"auto","background-attachment":"scroll","background-type":"","background-media":"","overlay-type":"","overlay-color":"","overlay-opacity":"","overlay-gradient":""},"tablet":{"background-color":"var(--ast-global-color-5)","background-image":"","background-repeat":"repeat","background-position":"center center","background-size":"auto","background-attachment":"scroll","background-type":"","background-media":"","overlay-type":"","overlay-color":"","overlay-opacity":"","overlay-gradient":""},"mobile":{"background-color":"var(--ast-global-color-5)","background-image":"","background-repeat":"repeat","background-position":"center center","background-size":"auto","background-attachment":"scroll","background-type":"","background-media":"","overlay-type":"","overlay-color":"","overlay-opacity":"","overlay-gradient":""}},"footnotes":""},"class_list":["post-5646","page","type-page","status-publish","hentry"],"translation":{"provider":"WPGlobus","version":"3.0.2","language":"en","enabled_languages":["de","en"],"languages":{"de":{"title":true,"content":true,"excerpt":false},"en":{"title":false,"content":false,"excerpt":false}}},"featured_image_urls_v2":{"full":"","thumbnail":"","medium":"","medium_large":"","large":"","1536x1536":"","2048x2048":""},"post_excerpt_stackable_v2":"<p>Auch Wechselkursverlust Erleidet der Anleger ein W\u00e4hrungsverlust, so liegt dies daran, dass er mit seinem Investment einem Wechselkursrisiko ausgesetzt war. Das W\u00e4hrungsrisiko besteht dann, wenn ausl\u00e4ndische Aktien an einer deutschen B\u00f6rse in der W\u00e4hrung Euro gekauft werden. Die in Deutschland in Euro angegebenen Aktienkurse sind lediglich die in der entsprechenden Fremdw\u00e4hrung quotierten Kurse der ausl\u00e4ndischen Heimatb\u00f6rse geteilt durch den aktuellen Wechselkurs. \u00c4ndert sich der Wechselkurs, so steigt oder f\u00e4llt der Aktienpreis in Deutschland, auch dann, wenn sich der Aktienkurs an der Heimatb\u00f6rse nicht \u00e4ndert. W\u00e4hrungsverlust bei Aktien Kauft der Anleger nun Aktien eines US-amerikanischen Unternehmens in Deutschland, so erleidet er&hellip;<\/p>\n","category_list_v2":"","author_info_v2":{"name":"PrudentWater","url":"https:\/\/prudentwater.com\/en\/author\/niklas33\/"},"comments_num_v2":"0 comments","_links":{"self":[{"href":"https:\/\/prudentwater.com\/en\/wp-json\/wp\/v2\/pages\/5646","targetHints":{"allow":["GET"]}}],"collection":[{"href":"https:\/\/prudentwater.com\/en\/wp-json\/wp\/v2\/pages"}],"about":[{"href":"https:\/\/prudentwater.com\/en\/wp-json\/wp\/v2\/types\/page"}],"author":[{"embeddable":true,"href":"https:\/\/prudentwater.com\/en\/wp-json\/wp\/v2\/users\/1"}],"replies":[{"embeddable":true,"href":"https:\/\/prudentwater.com\/en\/wp-json\/wp\/v2\/comments?post=5646"}],"version-history":[{"count":0,"href":"https:\/\/prudentwater.com\/en\/wp-json\/wp\/v2\/pages\/5646\/revisions"}],"wp:attachment":[{"href":"https:\/\/prudentwater.com\/en\/wp-json\/wp\/v2\/media?parent=5646"}],"curies":[{"name":"wp","href":"https:\/\/api.w.org\/{rel}","templated":true}]}}