{"id":565,"date":"2014-09-01T22:16:41","date_gmt":"2014-09-01T22:16:41","guid":{"rendered":"http:\/\/www.kunnskap.de\/?page_id=565"},"modified":"2021-06-25T12:48:58","modified_gmt":"2021-06-25T10:48:58","slug":"effektivzins","status":"publish","type":"page","link":"https:\/\/prudentwater.com\/en\/effektivzins\/","title":{"rendered":"Effektivzins"},"content":{"rendered":"<p>Auch <strong>Rendite auf Verfall<\/strong><br \/>\nengl. <strong>Effective Interest Rate<\/strong><\/p>\n<hr>\n<h4>Effektivzins bei Anleihen<\/h4>\n<p>Der Effektivzins einer Anleihe ist die tats\u00e4chlich erzielte Rendite, ausgedr\u00fcckt in Prozent und pro Jahr.<\/p>\n<h6>Beispiel<\/h6>\n<p>Kauft der Anleger eine Anleihe zu einem Kurs von 107,43 Prozent, so ist der Effektivzins geringer als der Nominalzins. Da die Anleihe bei F\u00e4lligkeit zu 100 % getilgt wird, erh\u00e4lt der Anleger einen geringeren R\u00fcckzahlungsbetrag als jener Geldbetrag, zu dem er die Anleihe gekauft hat. Dieser Kursverlust wird vom Effektivzins ber\u00fccksichtigt. Andersherum w\u00fcrde der Effektivzins \u00fcber dem Nominalzins liegen, wenn der Kaufkurs der Anleihe unter dem Nominalwert von 100 % liegen w\u00fcrde. In diesem Fall w\u00fcrden n\u00e4mlich neben den Zinszahlungen noch Kursgewinne entstehen, welche ebenfalls im Effektivzins ber\u00fccksichtigt werden.<\/p>\n<h4>Effektivzins bei einem Kredit<\/h4>\n<p>Bei einem Kredit gibt die Effektivverzinsung die tats\u00e4chlichen Kosten des Kredites an. Zinsen und s\u00e4mtliche Nebenkosten ergeben die sogenannte Effektivverzinsung. Somit lassen sich unterschiedliche Kreditangebote miteinander besser vergleichen.<\/p>\n","protected":false},"excerpt":{"rendered":"<p>Auch Rendite auf Verfall engl. Effective Interest Rate Effektivzins bei Anleihen Der Effektivzins einer Anleihe ist die tats\u00e4chlich erzielte Rendite, ausgedr\u00fcckt in Prozent und pro Jahr. Beispiel Kauft der Anleger eine Anleihe zu einem Kurs von 107,43 Prozent, so ist der Effektivzins geringer als der Nominalzins. Da die Anleihe bei F\u00e4lligkeit zu 100 % getilgt [&hellip;]<\/p>\n","protected":false},"author":1,"featured_media":0,"parent":0,"menu_order":0,"comment_status":"closed","ping_status":"closed","template":"","meta":{"site-sidebar-layout":"default","site-content-layout":"","ast-site-content-layout":"","site-content-style":"default","site-sidebar-style":"default","ast-global-header-display":"","ast-banner-title-visibility":"","ast-main-header-display":"","ast-hfb-above-header-display":"","ast-hfb-below-header-display":"","ast-hfb-mobile-header-display":"","site-post-title":"","ast-breadcrumbs-content":"","ast-featured-img":"","footer-sml-layout":"","theme-transparent-header-meta":"","adv-header-id-meta":"","stick-header-meta":"","header-above-stick-meta":"","header-main-stick-meta":"","header-below-stick-meta":"","astra-migrate-meta-layouts":"default","ast-page-background-enabled":"default","ast-page-background-meta":{"desktop":{"background-color":"","background-image":"","background-repeat":"repeat","background-position":"center center","background-size":"auto","background-attachment":"scroll","background-type":"","background-media":"","overlay-type":"","overlay-color":"","overlay-opacity":"","overlay-gradient":""},"tablet":{"background-color":"","background-image":"","background-repeat":"repeat","background-position":"center center","background-size":"auto","background-attachment":"scroll","background-type":"","background-media":"","overlay-type":"","overlay-color":"","overlay-opacity":"","overlay-gradient":""},"mobile":{"background-color":"","background-image":"","background-repeat":"repeat","background-position":"center center","background-size":"auto","background-attachment":"scroll","background-type":"","background-media":"","overlay-type":"","overlay-color":"","overlay-opacity":"","overlay-gradient":""}},"ast-content-background-meta":{"desktop":{"background-color":"var(--ast-global-color-5)","background-image":"","background-repeat":"repeat","background-position":"center center","background-size":"auto","background-attachment":"scroll","background-type":"","background-media":"","overlay-type":"","overlay-color":"","overlay-opacity":"","overlay-gradient":""},"tablet":{"background-color":"var(--ast-global-color-5)","background-image":"","background-repeat":"repeat","background-position":"center center","background-size":"auto","background-attachment":"scroll","background-type":"","background-media":"","overlay-type":"","overlay-color":"","overlay-opacity":"","overlay-gradient":""},"mobile":{"background-color":"var(--ast-global-color-5)","background-image":"","background-repeat":"repeat","background-position":"center center","background-size":"auto","background-attachment":"scroll","background-type":"","background-media":"","overlay-type":"","overlay-color":"","overlay-opacity":"","overlay-gradient":""}},"footnotes":""},"class_list":["post-565","page","type-page","status-publish","hentry"],"translation":{"provider":"WPGlobus","version":"3.0.2","language":"en","enabled_languages":["de","en"],"languages":{"de":{"title":true,"content":true,"excerpt":false},"en":{"title":false,"content":false,"excerpt":false}}},"featured_image_urls_v2":{"full":"","thumbnail":"","medium":"","medium_large":"","large":"","1536x1536":"","2048x2048":""},"post_excerpt_stackable_v2":"<p>Auch Rendite auf Verfall engl. Effective Interest Rate Effektivzins bei Anleihen Der Effektivzins einer Anleihe ist die tats\u00e4chlich erzielte Rendite, ausgedr\u00fcckt in Prozent und pro Jahr. Beispiel Kauft der Anleger eine Anleihe zu einem Kurs von 107,43 Prozent, so ist der Effektivzins geringer als der Nominalzins. Da die Anleihe bei F\u00e4lligkeit zu 100 % getilgt wird, erh\u00e4lt der Anleger einen geringeren R\u00fcckzahlungsbetrag als jener Geldbetrag, zu dem er die Anleihe gekauft hat. Dieser Kursverlust wird vom Effektivzins ber\u00fccksichtigt. Andersherum w\u00fcrde der Effektivzins \u00fcber dem Nominalzins liegen, wenn der Kaufkurs der Anleihe unter dem Nominalwert von 100 % liegen w\u00fcrde. In&hellip;<\/p>\n","category_list_v2":"","author_info_v2":{"name":"PrudentWater","url":"https:\/\/prudentwater.com\/en\/author\/niklas33\/"},"comments_num_v2":"0 comments","_links":{"self":[{"href":"https:\/\/prudentwater.com\/en\/wp-json\/wp\/v2\/pages\/565","targetHints":{"allow":["GET"]}}],"collection":[{"href":"https:\/\/prudentwater.com\/en\/wp-json\/wp\/v2\/pages"}],"about":[{"href":"https:\/\/prudentwater.com\/en\/wp-json\/wp\/v2\/types\/page"}],"author":[{"embeddable":true,"href":"https:\/\/prudentwater.com\/en\/wp-json\/wp\/v2\/users\/1"}],"replies":[{"embeddable":true,"href":"https:\/\/prudentwater.com\/en\/wp-json\/wp\/v2\/comments?post=565"}],"version-history":[{"count":0,"href":"https:\/\/prudentwater.com\/en\/wp-json\/wp\/v2\/pages\/565\/revisions"}],"wp:attachment":[{"href":"https:\/\/prudentwater.com\/en\/wp-json\/wp\/v2\/media?parent=565"}],"curies":[{"name":"wp","href":"https:\/\/api.w.org\/{rel}","templated":true}]}}