{"id":5682,"date":"2016-01-03T12:17:13","date_gmt":"2016-01-03T12:17:13","guid":{"rendered":"http:\/\/www.kunnskap.de\/?page_id=5682"},"modified":"2021-06-25T12:49:38","modified_gmt":"2021-06-25T10:49:38","slug":"offenmarktgeschaft","status":"publish","type":"page","link":"https:\/\/prudentwater.com\/en\/offenmarktgeschaft\/","title":{"rendered":"Offenmarktgesch\u00e4ft"},"content":{"rendered":"<p>Das Offenmarktgesch\u00e4ft ist ein geldpolitisches Instrument der Europ\u00e4ischen Zentralbank, um die Liquidit\u00e4t der Kreditinstitute sowie die Zinss\u00e4tze am Geldmarkt zu steuern. Mittels des Offenmarktgesch\u00e4ftes kann die Geldmenge gesteuert werden, indem Wertpapiere an Banken verkauft werden (Geldentzug) oder aber Wertpapiere von Banken gekauft werden (Geldzufluss).<br \/>\nAllgemein bezeichnet das Offenmarktgesch\u00e4ft den Kauf oder Verkauf von Wertpapieren am offenen Markt, also an einem Markt, der f\u00fcr alle Teilnehmer zug\u00e4nglich ist, wie zum Beispiel an einer B\u00f6rse. Da eine Zentralbank in erster Linie die Liquidit\u00e4t am Markt steuern und beeinflussen m\u00f6chte, sobald sie aktiv durch K\u00e4ufe oder Verk\u00e4ufe von Wertpapieren agiert, bietet ein offener Markt dazu die beste M\u00f6glichkeit, um einen gr\u00f6\u00dftm\u00f6glichen Effekt zu erzielen. <\/p>\n","protected":false},"excerpt":{"rendered":"<p>Das Offenmarktgesch\u00e4ft ist ein geldpolitisches Instrument der Europ\u00e4ischen Zentralbank, um die Liquidit\u00e4t der Kreditinstitute sowie die Zinss\u00e4tze am Geldmarkt zu steuern. Mittels des Offenmarktgesch\u00e4ftes kann die Geldmenge gesteuert werden, indem Wertpapiere an Banken verkauft werden (Geldentzug) oder aber Wertpapiere von Banken gekauft werden (Geldzufluss). Allgemein bezeichnet das Offenmarktgesch\u00e4ft den Kauf oder Verkauf von Wertpapieren am [&hellip;]<\/p>\n","protected":false},"author":1,"featured_media":0,"parent":0,"menu_order":0,"comment_status":"closed","ping_status":"closed","template":"","meta":{"site-sidebar-layout":"default","site-content-layout":"","ast-site-content-layout":"","site-content-style":"default","site-sidebar-style":"default","ast-global-header-display":"","ast-banner-title-visibility":"","ast-main-header-display":"","ast-hfb-above-header-display":"","ast-hfb-below-header-display":"","ast-hfb-mobile-header-display":"","site-post-title":"","ast-breadcrumbs-content":"","ast-featured-img":"","footer-sml-layout":"","theme-transparent-header-meta":"","adv-header-id-meta":"","stick-header-meta":"","header-above-stick-meta":"","header-main-stick-meta":"","header-below-stick-meta":"","astra-migrate-meta-layouts":"default","ast-page-background-enabled":"default","ast-page-background-meta":{"desktop":{"background-color":"","background-image":"","background-repeat":"repeat","background-position":"center center","background-size":"auto","background-attachment":"scroll","background-type":"","background-media":"","overlay-type":"","overlay-color":"","overlay-opacity":"","overlay-gradient":""},"tablet":{"background-color":"","background-image":"","background-repeat":"repeat","background-position":"center center","background-size":"auto","background-attachment":"scroll","background-type":"","background-media":"","overlay-type":"","overlay-color":"","overlay-opacity":"","overlay-gradient":""},"mobile":{"background-color":"","background-image":"","background-repeat":"repeat","background-position":"center center","background-size":"auto","background-attachment":"scroll","background-type":"","background-media":"","overlay-type":"","overlay-color":"","overlay-opacity":"","overlay-gradient":""}},"ast-content-background-meta":{"desktop":{"background-color":"var(--ast-global-color-5)","background-image":"","background-repeat":"repeat","background-position":"center center","background-size":"auto","background-attachment":"scroll","background-type":"","background-media":"","overlay-type":"","overlay-color":"","overlay-opacity":"","overlay-gradient":""},"tablet":{"background-color":"var(--ast-global-color-5)","background-image":"","background-repeat":"repeat","background-position":"center center","background-size":"auto","background-attachment":"scroll","background-type":"","background-media":"","overlay-type":"","overlay-color":"","overlay-opacity":"","overlay-gradient":""},"mobile":{"background-color":"var(--ast-global-color-5)","background-image":"","background-repeat":"repeat","background-position":"center center","background-size":"auto","background-attachment":"scroll","background-type":"","background-media":"","overlay-type":"","overlay-color":"","overlay-opacity":"","overlay-gradient":""}},"footnotes":""},"class_list":["post-5682","page","type-page","status-publish","hentry"],"translation":{"provider":"WPGlobus","version":"3.0.2","language":"en","enabled_languages":["de","en"],"languages":{"de":{"title":true,"content":true,"excerpt":false},"en":{"title":false,"content":false,"excerpt":false}}},"featured_image_urls_v2":{"full":"","thumbnail":"","medium":"","medium_large":"","large":"","1536x1536":"","2048x2048":""},"post_excerpt_stackable_v2":"<p>Das Offenmarktgesch\u00e4ft ist ein geldpolitisches Instrument der Europ\u00e4ischen Zentralbank, um die Liquidit\u00e4t der Kreditinstitute sowie die Zinss\u00e4tze am Geldmarkt zu steuern. Mittels des Offenmarktgesch\u00e4ftes kann die Geldmenge gesteuert werden, indem Wertpapiere an Banken verkauft werden (Geldentzug) oder aber Wertpapiere von Banken gekauft werden (Geldzufluss). Allgemein bezeichnet das Offenmarktgesch\u00e4ft den Kauf oder Verkauf von Wertpapieren am offenen Markt, also an einem Markt, der f\u00fcr alle Teilnehmer zug\u00e4nglich ist, wie zum Beispiel an einer B\u00f6rse. Da eine Zentralbank in erster Linie die Liquidit\u00e4t am Markt steuern und beeinflussen m\u00f6chte, sobald sie aktiv durch K\u00e4ufe oder Verk\u00e4ufe von Wertpapieren agiert, bietet ein offener&hellip;<\/p>\n","category_list_v2":"","author_info_v2":{"name":"PrudentWater","url":"https:\/\/prudentwater.com\/en\/author\/niklas33\/"},"comments_num_v2":"0 comments","_links":{"self":[{"href":"https:\/\/prudentwater.com\/en\/wp-json\/wp\/v2\/pages\/5682","targetHints":{"allow":["GET"]}}],"collection":[{"href":"https:\/\/prudentwater.com\/en\/wp-json\/wp\/v2\/pages"}],"about":[{"href":"https:\/\/prudentwater.com\/en\/wp-json\/wp\/v2\/types\/page"}],"author":[{"embeddable":true,"href":"https:\/\/prudentwater.com\/en\/wp-json\/wp\/v2\/users\/1"}],"replies":[{"embeddable":true,"href":"https:\/\/prudentwater.com\/en\/wp-json\/wp\/v2\/comments?post=5682"}],"version-history":[{"count":0,"href":"https:\/\/prudentwater.com\/en\/wp-json\/wp\/v2\/pages\/5682\/revisions"}],"wp:attachment":[{"href":"https:\/\/prudentwater.com\/en\/wp-json\/wp\/v2\/media?parent=5682"}],"curies":[{"name":"wp","href":"https:\/\/api.w.org\/{rel}","templated":true}]}}