{"id":5710,"date":"2016-01-07T13:16:42","date_gmt":"2016-01-07T13:16:42","guid":{"rendered":"http:\/\/www.kunnskap.de\/?page_id=5710"},"modified":"2021-06-25T12:49:05","modified_gmt":"2021-06-25T10:49:05","slug":"index-ratio","status":"publish","type":"page","link":"https:\/\/prudentwater.com\/en\/index-ratio\/","title":{"rendered":"Index Ratio"},"content":{"rendered":"<p>Auch <strong>Indexverh\u00e4ltniszahl<\/strong><\/p>\n<p>Die Index Ratio wird zur Berechnung der einzelnen inflationsgesch\u00fctzten Kuponzahlungen bzw. des Tilgungsbetrages einer inflationsindexierten Anleihe genutzt. Zur Berechnung wird der aktuelle Wert des Referenzindex dividiert durch den Wert des Referenzindex bei der Emission der Anleihe. Um die inflationsgesch\u00fctzten Kuponzahlungen zu erhalten, wird dieser Wert mit dem Nominalzins der Anleihe multipliziert. Um den inflationsgesch\u00fctzten Tilgungsbetrag bei F\u00e4lligkeit der Anleihe zu berechnen, wird die Index Ratio mit dem Nominalwert der Anleihe bei Emission (100 %) multipliziert.<\/p>\n","protected":false},"excerpt":{"rendered":"<p>Auch Indexverh\u00e4ltniszahl Die Index Ratio wird zur Berechnung der einzelnen inflationsgesch\u00fctzten Kuponzahlungen bzw. des Tilgungsbetrages einer inflationsindexierten Anleihe genutzt. Zur Berechnung wird der aktuelle Wert des Referenzindex dividiert durch den Wert des Referenzindex bei der Emission der Anleihe. Um die inflationsgesch\u00fctzten Kuponzahlungen zu erhalten, wird dieser Wert mit dem Nominalzins der Anleihe multipliziert. Um den [&hellip;]<\/p>\n","protected":false},"author":1,"featured_media":0,"parent":0,"menu_order":0,"comment_status":"closed","ping_status":"closed","template":"","meta":{"site-sidebar-layout":"default","site-content-layout":"","ast-site-content-layout":"","site-content-style":"default","site-sidebar-style":"default","ast-global-header-display":"","ast-banner-title-visibility":"","ast-main-header-display":"","ast-hfb-above-header-display":"","ast-hfb-below-header-display":"","ast-hfb-mobile-header-display":"","site-post-title":"","ast-breadcrumbs-content":"","ast-featured-img":"","footer-sml-layout":"","theme-transparent-header-meta":"","adv-header-id-meta":"","stick-header-meta":"","header-above-stick-meta":"","header-main-stick-meta":"","header-below-stick-meta":"","astra-migrate-meta-layouts":"default","ast-page-background-enabled":"default","ast-page-background-meta":{"desktop":{"background-color":"","background-image":"","background-repeat":"repeat","background-position":"center center","background-size":"auto","background-attachment":"scroll","background-type":"","background-media":"","overlay-type":"","overlay-color":"","overlay-opacity":"","overlay-gradient":""},"tablet":{"background-color":"","background-image":"","background-repeat":"repeat","background-position":"center center","background-size":"auto","background-attachment":"scroll","background-type":"","background-media":"","overlay-type":"","overlay-color":"","overlay-opacity":"","overlay-gradient":""},"mobile":{"background-color":"","background-image":"","background-repeat":"repeat","background-position":"center center","background-size":"auto","background-attachment":"scroll","background-type":"","background-media":"","overlay-type":"","overlay-color":"","overlay-opacity":"","overlay-gradient":""}},"ast-content-background-meta":{"desktop":{"background-color":"var(--ast-global-color-5)","background-image":"","background-repeat":"repeat","background-position":"center center","background-size":"auto","background-attachment":"scroll","background-type":"","background-media":"","overlay-type":"","overlay-color":"","overlay-opacity":"","overlay-gradient":""},"tablet":{"background-color":"var(--ast-global-color-5)","background-image":"","background-repeat":"repeat","background-position":"center center","background-size":"auto","background-attachment":"scroll","background-type":"","background-media":"","overlay-type":"","overlay-color":"","overlay-opacity":"","overlay-gradient":""},"mobile":{"background-color":"var(--ast-global-color-5)","background-image":"","background-repeat":"repeat","background-position":"center center","background-size":"auto","background-attachment":"scroll","background-type":"","background-media":"","overlay-type":"","overlay-color":"","overlay-opacity":"","overlay-gradient":""}},"footnotes":""},"class_list":["post-5710","page","type-page","status-publish","hentry"],"translation":{"provider":"WPGlobus","version":"3.0.2","language":"en","enabled_languages":["de","en"],"languages":{"de":{"title":true,"content":true,"excerpt":false},"en":{"title":false,"content":false,"excerpt":false}}},"featured_image_urls_v2":{"full":"","thumbnail":"","medium":"","medium_large":"","large":"","1536x1536":"","2048x2048":""},"post_excerpt_stackable_v2":"<p>Auch Indexverh\u00e4ltniszahl Die Index Ratio wird zur Berechnung der einzelnen inflationsgesch\u00fctzten Kuponzahlungen bzw. des Tilgungsbetrages einer inflationsindexierten Anleihe genutzt. Zur Berechnung wird der aktuelle Wert des Referenzindex dividiert durch den Wert des Referenzindex bei der Emission der Anleihe. Um die inflationsgesch\u00fctzten Kuponzahlungen zu erhalten, wird dieser Wert mit dem Nominalzins der Anleihe multipliziert. Um den inflationsgesch\u00fctzten Tilgungsbetrag bei F\u00e4lligkeit der Anleihe zu berechnen, wird die Index Ratio mit dem Nominalwert der Anleihe bei Emission (100 %) multipliziert.<\/p>\n","category_list_v2":"","author_info_v2":{"name":"PrudentWater","url":"https:\/\/prudentwater.com\/en\/author\/niklas33\/"},"comments_num_v2":"0 comments","_links":{"self":[{"href":"https:\/\/prudentwater.com\/en\/wp-json\/wp\/v2\/pages\/5710","targetHints":{"allow":["GET"]}}],"collection":[{"href":"https:\/\/prudentwater.com\/en\/wp-json\/wp\/v2\/pages"}],"about":[{"href":"https:\/\/prudentwater.com\/en\/wp-json\/wp\/v2\/types\/page"}],"author":[{"embeddable":true,"href":"https:\/\/prudentwater.com\/en\/wp-json\/wp\/v2\/users\/1"}],"replies":[{"embeddable":true,"href":"https:\/\/prudentwater.com\/en\/wp-json\/wp\/v2\/comments?post=5710"}],"version-history":[{"count":0,"href":"https:\/\/prudentwater.com\/en\/wp-json\/wp\/v2\/pages\/5710\/revisions"}],"wp:attachment":[{"href":"https:\/\/prudentwater.com\/en\/wp-json\/wp\/v2\/media?parent=5710"}],"curies":[{"name":"wp","href":"https:\/\/api.w.org\/{rel}","templated":true}]}}