{"id":5716,"date":"2016-01-08T15:12:07","date_gmt":"2016-01-08T15:12:07","guid":{"rendered":"http:\/\/www.kunnskap.de\/?page_id=5716"},"modified":"2021-06-25T12:49:05","modified_gmt":"2021-06-25T10:49:05","slug":"inflationserwartung","status":"publish","type":"page","link":"https:\/\/prudentwater.com\/en\/inflationserwartung\/","title":{"rendered":"Inflationserwartung"},"content":{"rendered":"<p>Die Inflationserwartung ist die von dem Markt angenommene Inflationsentwicklung f\u00fcr einen bestimmten Zeitraum. Oftmals werden dazu Volkswirte in dem jeweiligen W\u00e4hrungsraum \u00fcber ihre Prognosen zu der zuk\u00fcnftigen Inflationsentwicklung befragt. Im Euroraum zum Beispiel werden Analysten \u00fcber ihre Meinung zur Entwicklung des harmonisierten Verbraucherpreisindex befragt. Diese m\u00fcssen dazu ihre Einsch\u00e4tzung zu der Preisentwicklung im Euroraum f\u00fcr die n\u00e4chsten f\u00fcnf Jahre abgeben.<br \/>\nEbenso kann die Breakeven-Inflationsrate f\u00fcr inflationsindexierte Anleihen als Ma\u00dfstab f\u00fcr die m\u00f6gliche zuk\u00fcnftige Inflationsentwicklung genommen werden. Zur Ermittlung der Breakeven-Inflationsrate vergleicht man die Rendite einer klassischen Staatsanleihe mit der Rendite einer inflationsindexierten Staatsanleihe. Rentiert eine klassische deutsche Staatsanleihe (Laufzeit 5 Jahre) bei 3 % und eine deutsche inflationsindexierte Staatsanleihe mit gleicher Laufzeit bei 1 %, so liegt die Breakeven-Inflationsrate bei 2 %. Dies ist nun die Inflationsrate, die zu diesem Zeitpunkt vom Markt pro Jahr f\u00fcr die n\u00e4chsten 5 Jahre erwartet wird.<\/p>\n","protected":false},"excerpt":{"rendered":"<p>Die Inflationserwartung ist die von dem Markt angenommene Inflationsentwicklung f\u00fcr einen bestimmten Zeitraum. Oftmals werden dazu Volkswirte in dem jeweiligen W\u00e4hrungsraum \u00fcber ihre Prognosen zu der zuk\u00fcnftigen Inflationsentwicklung befragt. Im Euroraum zum Beispiel werden Analysten \u00fcber ihre Meinung zur Entwicklung des harmonisierten Verbraucherpreisindex befragt. Diese m\u00fcssen dazu ihre Einsch\u00e4tzung zu der Preisentwicklung im Euroraum f\u00fcr [&hellip;]<\/p>\n","protected":false},"author":1,"featured_media":0,"parent":0,"menu_order":0,"comment_status":"closed","ping_status":"closed","template":"","meta":{"site-sidebar-layout":"default","site-content-layout":"","ast-site-content-layout":"","site-content-style":"default","site-sidebar-style":"default","ast-global-header-display":"","ast-banner-title-visibility":"","ast-main-header-display":"","ast-hfb-above-header-display":"","ast-hfb-below-header-display":"","ast-hfb-mobile-header-display":"","site-post-title":"","ast-breadcrumbs-content":"","ast-featured-img":"","footer-sml-layout":"","theme-transparent-header-meta":"","adv-header-id-meta":"","stick-header-meta":"","header-above-stick-meta":"","header-main-stick-meta":"","header-below-stick-meta":"","astra-migrate-meta-layouts":"default","ast-page-background-enabled":"default","ast-page-background-meta":{"desktop":{"background-color":"","background-image":"","background-repeat":"repeat","background-position":"center center","background-size":"auto","background-attachment":"scroll","background-type":"","background-media":"","overlay-type":"","overlay-color":"","overlay-opacity":"","overlay-gradient":""},"tablet":{"background-color":"","background-image":"","background-repeat":"repeat","background-position":"center center","background-size":"auto","background-attachment":"scroll","background-type":"","background-media":"","overlay-type":"","overlay-color":"","overlay-opacity":"","overlay-gradient":""},"mobile":{"background-color":"","background-image":"","background-repeat":"repeat","background-position":"center center","background-size":"auto","background-attachment":"scroll","background-type":"","background-media":"","overlay-type":"","overlay-color":"","overlay-opacity":"","overlay-gradient":""}},"ast-content-background-meta":{"desktop":{"background-color":"var(--ast-global-color-5)","background-image":"","background-repeat":"repeat","background-position":"center center","background-size":"auto","background-attachment":"scroll","background-type":"","background-media":"","overlay-type":"","overlay-color":"","overlay-opacity":"","overlay-gradient":""},"tablet":{"background-color":"var(--ast-global-color-5)","background-image":"","background-repeat":"repeat","background-position":"center center","background-size":"auto","background-attachment":"scroll","background-type":"","background-media":"","overlay-type":"","overlay-color":"","overlay-opacity":"","overlay-gradient":""},"mobile":{"background-color":"var(--ast-global-color-5)","background-image":"","background-repeat":"repeat","background-position":"center center","background-size":"auto","background-attachment":"scroll","background-type":"","background-media":"","overlay-type":"","overlay-color":"","overlay-opacity":"","overlay-gradient":""}},"footnotes":""},"class_list":["post-5716","page","type-page","status-publish","hentry"],"translation":{"provider":"WPGlobus","version":"3.0.2","language":"en","enabled_languages":["de","en"],"languages":{"de":{"title":true,"content":true,"excerpt":false},"en":{"title":false,"content":false,"excerpt":false}}},"featured_image_urls_v2":{"full":"","thumbnail":"","medium":"","medium_large":"","large":"","1536x1536":"","2048x2048":""},"post_excerpt_stackable_v2":"<p>Die Inflationserwartung ist die von dem Markt angenommene Inflationsentwicklung f\u00fcr einen bestimmten Zeitraum. Oftmals werden dazu Volkswirte in dem jeweiligen W\u00e4hrungsraum \u00fcber ihre Prognosen zu der zuk\u00fcnftigen Inflationsentwicklung befragt. Im Euroraum zum Beispiel werden Analysten \u00fcber ihre Meinung zur Entwicklung des harmonisierten Verbraucherpreisindex befragt. Diese m\u00fcssen dazu ihre Einsch\u00e4tzung zu der Preisentwicklung im Euroraum f\u00fcr die n\u00e4chsten f\u00fcnf Jahre abgeben. Ebenso kann die Breakeven-Inflationsrate f\u00fcr inflationsindexierte Anleihen als Ma\u00dfstab f\u00fcr die m\u00f6gliche zuk\u00fcnftige Inflationsentwicklung genommen werden. Zur Ermittlung der Breakeven-Inflationsrate vergleicht man die Rendite einer klassischen Staatsanleihe mit der Rendite einer inflationsindexierten Staatsanleihe. Rentiert eine klassische deutsche Staatsanleihe (Laufzeit 5&hellip;<\/p>\n","category_list_v2":"","author_info_v2":{"name":"PrudentWater","url":"https:\/\/prudentwater.com\/en\/author\/niklas33\/"},"comments_num_v2":"0 comments","_links":{"self":[{"href":"https:\/\/prudentwater.com\/en\/wp-json\/wp\/v2\/pages\/5716","targetHints":{"allow":["GET"]}}],"collection":[{"href":"https:\/\/prudentwater.com\/en\/wp-json\/wp\/v2\/pages"}],"about":[{"href":"https:\/\/prudentwater.com\/en\/wp-json\/wp\/v2\/types\/page"}],"author":[{"embeddable":true,"href":"https:\/\/prudentwater.com\/en\/wp-json\/wp\/v2\/users\/1"}],"replies":[{"embeddable":true,"href":"https:\/\/prudentwater.com\/en\/wp-json\/wp\/v2\/comments?post=5716"}],"version-history":[{"count":0,"href":"https:\/\/prudentwater.com\/en\/wp-json\/wp\/v2\/pages\/5716\/revisions"}],"wp:attachment":[{"href":"https:\/\/prudentwater.com\/en\/wp-json\/wp\/v2\/media?parent=5716"}],"curies":[{"name":"wp","href":"https:\/\/api.w.org\/{rel}","templated":true}]}}