{"id":5731,"date":"2016-01-13T09:32:55","date_gmt":"2016-01-13T09:32:55","guid":{"rendered":"http:\/\/www.kunnskap.de\/?page_id=5731"},"modified":"2021-06-25T12:49:05","modified_gmt":"2021-06-25T10:49:05","slug":"inflationsrisikopramie","status":"publish","type":"page","link":"https:\/\/prudentwater.com\/en\/inflationsrisikopramie\/","title":{"rendered":"Inflationsrisikopr\u00e4mie"},"content":{"rendered":"<p>Die Inflationsrisikopr\u00e4mie ist als eine Art Risikoaufschlag f\u00fcr konventionelle Anleihen zu verstehen, da diese der Gefahr einer ansteigenden Inflation komplett ausgesetzt sind. Steigt die Inflation unerwartet stark an, so mindert sich der Realzins von herk\u00f6mmlichen Anleihen. Um den Investor f\u00fcr dieses Inflationsrisiko zu entsch\u00e4digen, m\u00fcsste deshalb die konventionelle Anleihe eine Inflationsrisikopr\u00e4mie in Form eines h\u00f6heren Kupons (Zinssatzes) bieten. Die inflationsindexierte Anleihe hingegen ist gegen eine steigende Inflation abgesichert, da bei ihr die einzelnen Kuponzahlungen sowie der R\u00fcckzahlungsbetrag an einem Verbraucherpreisindex gekoppelt sind und dadurch der Nominalzins der Inflationsrate angepasst wird. Je l\u00e4nger die Laufzeit der konventionellen Anleihe, desto h\u00f6her sollte auch die Inflationsrisikopr\u00e4mie sein. Dies schon aufgrund der Tatsache, dass es schwieriger ist, f\u00fcr l\u00e4ngerfristige Zeitr\u00e4ume akkurate Inflationserwartungen festzustellen und der Anleger somit ein h\u00f6heres Risiko eingeht.<br \/>\nBerechnet wird die Inflationsrisikopr\u00e4mie als Differenz zwischen Breakeven-Inflationsrate und erwartetet Inflation vom Markt f\u00fcr eine bestimmte Laufzeit. Um Kenntnisse \u00fcber \u00fcber erwartete Inflationsraten zu erhalten, werden in der Regel Prognosen der jeweiligen Zentralbank eingeholt. <\/p>\n","protected":false},"excerpt":{"rendered":"<p>Die Inflationsrisikopr\u00e4mie ist als eine Art Risikoaufschlag f\u00fcr konventionelle Anleihen zu verstehen, da diese der Gefahr einer ansteigenden Inflation komplett ausgesetzt sind. Steigt die Inflation unerwartet stark an, so mindert sich der Realzins von herk\u00f6mmlichen Anleihen. Um den Investor f\u00fcr dieses Inflationsrisiko zu entsch\u00e4digen, m\u00fcsste deshalb die konventionelle Anleihe eine Inflationsrisikopr\u00e4mie in Form eines h\u00f6heren [&hellip;]<\/p>\n","protected":false},"author":1,"featured_media":0,"parent":0,"menu_order":0,"comment_status":"closed","ping_status":"closed","template":"","meta":{"site-sidebar-layout":"default","site-content-layout":"","ast-site-content-layout":"","site-content-style":"default","site-sidebar-style":"default","ast-global-header-display":"","ast-banner-title-visibility":"","ast-main-header-display":"","ast-hfb-above-header-display":"","ast-hfb-below-header-display":"","ast-hfb-mobile-header-display":"","site-post-title":"","ast-breadcrumbs-content":"","ast-featured-img":"","footer-sml-layout":"","theme-transparent-header-meta":"","adv-header-id-meta":"","stick-header-meta":"","header-above-stick-meta":"","header-main-stick-meta":"","header-below-stick-meta":"","astra-migrate-meta-layouts":"default","ast-page-background-enabled":"default","ast-page-background-meta":{"desktop":{"background-color":"","background-image":"","background-repeat":"repeat","background-position":"center center","background-size":"auto","background-attachment":"scroll","background-type":"","background-media":"","overlay-type":"","overlay-color":"","overlay-opacity":"","overlay-gradient":""},"tablet":{"background-color":"","background-image":"","background-repeat":"repeat","background-position":"center center","background-size":"auto","background-attachment":"scroll","background-type":"","background-media":"","overlay-type":"","overlay-color":"","overlay-opacity":"","overlay-gradient":""},"mobile":{"background-color":"","background-image":"","background-repeat":"repeat","background-position":"center center","background-size":"auto","background-attachment":"scroll","background-type":"","background-media":"","overlay-type":"","overlay-color":"","overlay-opacity":"","overlay-gradient":""}},"ast-content-background-meta":{"desktop":{"background-color":"var(--ast-global-color-5)","background-image":"","background-repeat":"repeat","background-position":"center center","background-size":"auto","background-attachment":"scroll","background-type":"","background-media":"","overlay-type":"","overlay-color":"","overlay-opacity":"","overlay-gradient":""},"tablet":{"background-color":"var(--ast-global-color-5)","background-image":"","background-repeat":"repeat","background-position":"center center","background-size":"auto","background-attachment":"scroll","background-type":"","background-media":"","overlay-type":"","overlay-color":"","overlay-opacity":"","overlay-gradient":""},"mobile":{"background-color":"var(--ast-global-color-5)","background-image":"","background-repeat":"repeat","background-position":"center center","background-size":"auto","background-attachment":"scroll","background-type":"","background-media":"","overlay-type":"","overlay-color":"","overlay-opacity":"","overlay-gradient":""}},"footnotes":""},"class_list":["post-5731","page","type-page","status-publish","hentry"],"translation":{"provider":"WPGlobus","version":"3.0.2","language":"en","enabled_languages":["de","en"],"languages":{"de":{"title":true,"content":true,"excerpt":false},"en":{"title":false,"content":false,"excerpt":false}}},"featured_image_urls_v2":{"full":"","thumbnail":"","medium":"","medium_large":"","large":"","1536x1536":"","2048x2048":""},"post_excerpt_stackable_v2":"<p>Die Inflationsrisikopr\u00e4mie ist als eine Art Risikoaufschlag f\u00fcr konventionelle Anleihen zu verstehen, da diese der Gefahr einer ansteigenden Inflation komplett ausgesetzt sind. Steigt die Inflation unerwartet stark an, so mindert sich der Realzins von herk\u00f6mmlichen Anleihen. Um den Investor f\u00fcr dieses Inflationsrisiko zu entsch\u00e4digen, m\u00fcsste deshalb die konventionelle Anleihe eine Inflationsrisikopr\u00e4mie in Form eines h\u00f6heren Kupons (Zinssatzes) bieten. Die inflationsindexierte Anleihe hingegen ist gegen eine steigende Inflation abgesichert, da bei ihr die einzelnen Kuponzahlungen sowie der R\u00fcckzahlungsbetrag an einem Verbraucherpreisindex gekoppelt sind und dadurch der Nominalzins der Inflationsrate angepasst wird. Je l\u00e4nger die Laufzeit der konventionellen Anleihe, desto h\u00f6her sollte&hellip;<\/p>\n","category_list_v2":"","author_info_v2":{"name":"PrudentWater","url":"https:\/\/prudentwater.com\/en\/author\/niklas33\/"},"comments_num_v2":"0 comments","_links":{"self":[{"href":"https:\/\/prudentwater.com\/en\/wp-json\/wp\/v2\/pages\/5731","targetHints":{"allow":["GET"]}}],"collection":[{"href":"https:\/\/prudentwater.com\/en\/wp-json\/wp\/v2\/pages"}],"about":[{"href":"https:\/\/prudentwater.com\/en\/wp-json\/wp\/v2\/types\/page"}],"author":[{"embeddable":true,"href":"https:\/\/prudentwater.com\/en\/wp-json\/wp\/v2\/users\/1"}],"replies":[{"embeddable":true,"href":"https:\/\/prudentwater.com\/en\/wp-json\/wp\/v2\/comments?post=5731"}],"version-history":[{"count":0,"href":"https:\/\/prudentwater.com\/en\/wp-json\/wp\/v2\/pages\/5731\/revisions"}],"wp:attachment":[{"href":"https:\/\/prudentwater.com\/en\/wp-json\/wp\/v2\/media?parent=5731"}],"curies":[{"name":"wp","href":"https:\/\/api.w.org\/{rel}","templated":true}]}}